{"id":79,"date":"2017-01-02T00:01:25","date_gmt":"2017-01-01T23:01:25","guid":{"rendered":"https:\/\/internet-telefon-fernsehen.de\/?page_id=79"},"modified":"2022-09-02T19:27:45","modified_gmt":"2022-09-02T17:27:45","slug":"impressum","status":"publish","type":"page","link":"https:\/\/aktionen-tarife.de\/1und1\/impressum","title":{"rendered":"Impressum"},"content":{"rendered":"<p><img decoding=\"async\" class=\"alignright size-full wp-image-370\" src=\"https:\/\/aktionen-tarife.de\/1und1\/inhalte\/2015\/08\/impressum1.jpg\" alt=\"Impressum und Haftungsausschluss Aktionen-Tarife.de\/1und1\" width=\"150\" height=\"100\" srcset=\"https:\/\/aktionen-tarife.de\/1und1\/inhalte\/2015\/08\/impressum1.jpg 150w, https:\/\/aktionen-tarife.de\/1und1\/inhalte\/2015\/08\/impressum1-80x53.jpg 80w\" sizes=\"(max-width: 150px) 100vw, 150px\" \/>telekommunikation-online Gutsch &amp; Co. OHG<br \/>\n(Offene Handelsgesellschaft)<br \/>\n<strong>Autorisierter <a href=\"https:\/\/aktionen-tarife.de\/1und1\/\">1&amp;1<\/a> Partner<\/strong> seit 2001<br \/>\nG\u00fcnter-Klapproth-Weg 20<br \/>\n38259 Salzgitter<\/p>\n<p><strong>Vertretungsberechtige Gesellschafter:<\/strong> Christian Gutsch (Gesch\u00e4ftsf\u00fchrer) und Ralf Reymann<\/p>\n<hr \/>\n<p><strong>Telefon:<\/strong> 0 53 41 \/ 85 90 42 (Tarifberatung unter <strong><a href=\"tel:+4939434099911\" onclick=\"ga('send', 'event', 'hotline', 'hotline-content', 'hotline-content-ohne-zeit');\">0 39 43 \/ 40 999 11<\/a><\/strong>)<br \/>\n<strong>Fax:<\/strong> 0 53 41 \/ 85 90 43<br \/>\n<strong>E-Mail:<\/strong> impressum [at] aktionen-tarife.de<br \/>\n<em><strong><a title=\"Kontakt: Beratung und Bestellung von 1&amp;1 Tarifen\" href=\"https:\/\/aktionen-tarife.de\/1und1\/kontakt\">Kontaktdaten f\u00fcr Tarifberatung hier<\/a><\/strong>: <a title=\"Callback \/ R\u00fcckruf: telefonische Beratung zu 1&amp;1 Tarifen\" href=\"https:\/\/aktionen-tarife.de\/1und1\/kontakt\/telefonische-beratung\">R\u00fcckruf-Service<\/a> \/ <a title=\"Kontaktformular: schriftliche Anfrage zu 1&amp;1 Tarifen\" href=\"https:\/\/aktionen-tarife.de\/1und1\/kontakt\/schriftliche-anfrage\">Kontaktformular<\/a> \/ <a title=\"1&amp;1 Kundenservice: Hotline, Kontaktformular und Hilfe\" href=\"https:\/\/aktionen-tarife.de\/1und1\/kontakt\/kundenservice\">Kundenservice<\/a><\/em><\/p>\n<hr \/>\n<p><strong>Registergericht:<\/strong> Amtsgericht Braunschweig<br \/>\n<strong>Registernummer:<\/strong> HRA 14027<br \/>\n<strong>Umsatzsteuer-Identifikationsnummer<\/strong> gem. \u00a7 27a UStG: DE 221259598<br \/>\n<strong>Inhaltlich Verantwortlicher<\/strong> gem. \u00a7 55 II RStV: Christian Gutsch (Anschrift s.o.)<\/p>\n<hr \/>\n<p><strong>Bildnachweis:<\/strong> alle Fotos dieser Internetseite sind selbst erstellt, Pressebilder von 1&amp;1 oder \u00fcber eine Online-Bildagentur unterlizensiert (<a title=\"Dezidierter Bildnachweis Fotolia f\u00fcr Bilder in Portalen der telekommunikation-online Gutsch &amp; Co. OHG\" href=\"https:\/\/kabel-internet-telefon.de\/dezidierter-bildnachweis-fotolia-telekommunikation-online.pdf\" target=\"_blank\" rel=\"noopener\">dezidierter Bildnachweis Fotolia.com<\/a>).<\/p>\n<hr \/>\n<p><strong>Rechtlicher Hinweis:<\/strong> Sollten Sie der Ansicht sein, dass wir mit unserem Informationsportal zu <a href=\"https:\/\/aktionen-tarife.de\/1und1\/infos\/angebote\">1&amp;1 Angeboten<\/a> in Ihre Rechte eingreifen bzw. diese verletzen, so bitten wir Sie direkt mit Herrn Gutsch Kontakt aufzunehmen (E-Mail: impressum [at] aktionen-tarife.de \/ Fax 05341-859043 \/ Postanschrift wie oben). Wir werden Ihr Anliegen sehr ernst nehmen und bei rechtm\u00e4\u00dfigen Beanstandungen so schnell wie m\u00f6glich handeln.<\/p>\n<hr \/>\n<p><strong>Die Vertr\u00e4ge \u00fcber die auf dieser Webseite beworbenen Tarife kommen mit der <a href=\"https:\/\/aktionen-tarife.de\/1und1\/internet-www-1und1-de\">1&amp;1 Internet SE<\/a> zustande.<\/strong> Wir als 1&amp;1 Partner treten lediglich als Vermittler auf: mit uns gehen Sie keinen Vertrag ein und wir erhalten im Rahmen Ihres Auftrags nur Zugriff auf die Daten, die f\u00fcr den 1&amp;1 Auftrag n\u00f6tig sind. Die von uns in den Inhalten verlinkte Internetseite <a title=\"1und1.de\" href=\"https:\/\/aktionen-tarife.de\/1und1\/zum-anbieter\/allgemein\/1und1-allgemein\" target=\"_blank\" rel=\"noopener\"><strong>www.1und1.de<\/strong><\/a> wird nicht durch uns als 1&amp;1 Vertriebspartner betrieben, sondern direkt durch den Anbieter 1&amp;1.<\/p>\n<hr \/>\n<h2><span class=\"farbig\"><a id=\"haftungsausschluss\"><\/a>Haftungsausschluss<\/span> von Aktionen-Tarife.de\/1und1<\/h2>\n<p>Unsere Firma telekommunikation-online Gutsch &amp; Co. OHG betreibt das 1&amp;1 Portal Aktionen-Tarife.de\/1und1 in Abstimmung mit 1&amp;1 (Internetvertrieb). Wir sind autorisierter 1&amp;1 Partner f\u00fcr den Vertrieb von <a title=\"1&amp;1 Festnetz Tarife: DSL \/ VDSL, Telefonanschluss und TV\" href=\"https:\/\/aktionen-tarife.de\/1und1\/festnetz\">Festnetz<\/a>, <a title=\"1&amp;1 Mobilfunk Tarife f\u00fcr Smartphone, Tablet und Notebook\" href=\"https:\/\/aktionen-tarife.de\/1und1\/mobilfunk\">Mobilfunk<\/a> und <a title=\"1&amp;1 Hosting: Domains, Webhosting, Server, Mail und eShops\" href=\"https:\/\/aktionen-tarife.de\/1und1\/hosting\">Hosting<\/a> Tarifen von 1und1. Unser Internet-Portal enth\u00e4lt Informationen zu Tarifen und Angeboten von 1&amp;1. Alle Angaben zu Preisen von Tarifen und Ger\u00e4ten enthalten, insofern nicht anders angegeben, die gesetzliche deutsche Mehrwertsteuer (MwSt). Alle Preisangaben auf unserer Internetseite sind unverbindlich.<\/p>\n<hr \/>\n<p>Irrt\u00fcmer bei unseren Inhalten sind vorbehalten. Wenn Sie einen Fehler bei den Inhalten auf unserer 1&amp;1 Internetseite sehen sollten, nehmen wir Ihre Meldung gern \u00fcber unser <a title=\"Kontaktformular: schriftliche Anfrage zu 1&amp;1 Tarifen\" href=\"https:\/\/aktionen-tarife.de\/1und1\/kontakt\/schriftliche-anfrage\">Kontaktformular<\/a> entgegen, um diese dann zeitnah zu beheben. Mit unseren Informationen zu den 1&amp;1 Tarifen \u00fcbernehmen wir keine Gew\u00e4hr f\u00fcr die Aktualit\u00e4t, Qualit\u00e4t, Korrektheit und Vollst\u00e4ndigkeit der ver\u00f6ffentlichten Infos. Alle Anspr\u00fcche, welche sich auf Sch\u00e4den ideeller oder materieller Art beziehen, die durch die Nutzung oder Nichtnutzung der Inhalte unserer Internet-Seite bzw. durch die Nutzung fehlerhafter und unvollst\u00e4ndiger Infos verursacht wurden, sind grunds\u00e4tzlich ausgeschlossen, insofern kein nachweislich vors\u00e4tzliches oder grob fahrl\u00e4ssiges Verschulden vorlag. F\u00fcr Sie als Kunde ma\u00dfgeblich sind die w\u00e4hrend der 1&amp;1 <a title=\"1&amp;1 Onlineshop: Onlinebestellung Zuhause, Mobilfunk, Hosting\" href=\"https:\/\/aktionen-tarife.de\/1und1\/onlinebestellung\">Onlinebestellung<\/a> angezeigten Preise und Kosten im 1&amp;1 Onlineshop auf <a title=\"1und1.de\" href=\"https:\/\/aktionen-tarife.de\/1und1\/zum-anbieter\/allgemein\/1und1-allgemein\" target=\"_blank\" rel=\"noopener\">1und1.de<\/a> sowie die Angaben in der sp\u00e4ter folgenden schriftlichen Auftragsbest\u00e4tigung von 1&amp;1.<\/p>\n<hr \/>\n<p>Wenn innerhalb unseres 1&amp;1 Portals Ihre pers\u00f6nlichen Daten abgefragt werden (z.B. im Rahmen unseres <a title=\"Callback \/ R\u00fcckruf: telefonische Beratung zu 1&amp;1 Tarifen\" href=\"https:\/\/aktionen-tarife.de\/1und1\/kontakt\/telefonische-beratung\">Beratungs-Service am Telefon<\/a>), so erfolgt die Angabe auf freiwilliger Basis. Ihre Daten werden NICHT zu Werbezwecken an fremde Dritte weitergegeben und dienen jeweils nur f\u00fcr den einmaligen Kontakt und seri\u00f6sen Beratung durch uns als langj\u00e4hrigen autorisierten 1&amp;1 Partner f\u00fcr Festnetz, Mobilfunk und Webhosting Tarife. Bereits seit dem Jahr 2001 ist unser Unternehmen im Bereich der Vermittlung von Telekommunikations-Tarifen t\u00e4tig. Vertrauen Sie auf unsere Erfahrung mit Internetportalen inklusive pers\u00f6nlicher Kundenberatung (z.B. per Telefon) zu Tarifen rund ums Telefonieren, Surfen und Fernsehen!<\/p>\n<hr \/>\n<p>S\u00e4mtliche Rechte an den Inhalten und Texten dieses 1&amp;1 Portals liegen bei der telekommunikation-online Gutsch &amp; Co. OHG. Die Ver\u00f6ffentlichung dieser Inhalte auf anderen Internetseiten bzw. Medien (Zeitung etc.), auch auszugsweise, Bedarf unserer Zustimmung (<a title=\"Kontaktformular: Anfrage zu Internet, Telefon und TV Tarifen\" href=\"https:\/\/aktionen-tarife.de\/1und1\/kontakt\/schriftliche-anfrage\">Anfrageformular<\/a>). Einzige Ausnahme: wenn Sie nur wenige S\u00e4tze einer Seite von uns \u00fcbernehmen und dabei einen Link auf unsere Internetseite setzen.<\/p>\n<hr \/>\n<p>Wir erkl\u00e4ren, dass alle Seiten au\u00dferhalb unseres 1&amp;1 Portals, die per externem Link erreichbar sind, zum Zeitpunkt der Verlinkung frei von illegalen Inhalten waren. Da wir keinen Einfluss auf k\u00fcnftigen Inhalte dieser fremden Internetseiten haben, distanzieren wir uns hiermit von deren zuk\u00fcnftigen Inhalten, insofern diese rechtswidrig sind. Hinweise zu fehlerhaften Links oder zu rechtswidrigen Seiten k\u00f6nnen Sie gern bei uns <a title=\"Kontaktformular: schriftliche Anfrage zu 1&amp;1 Tarifen\" href=\"https:\/\/aktionen-tarife.de\/1und1\/kontakt\/schriftliche-anfrage\">melden<\/a>.<\/p>\n","protected":false},"excerpt":{"rendered":"<p>telekommunikation-online Gutsch &amp; Co. OHG (Offene Handelsgesellschaft) Autorisierter 1&amp;1 Partner seit 2001 G\u00fcnter-Klapproth-Weg 20 38259 Salzgitter Vertretungsberechtige Gesellschafter: Christian Gutsch (Gesch\u00e4ftsf\u00fchrer) und Ralf Reymann Telefon: 0 53 41 \/ 85 90 42 (Tarifberatung unter ) Fax: 0 53 41 \/ 85 90 43 E-Mail: impressum [at] aktionen-tarife.de Kontaktdaten f\u00fcr Tarifberatung hier: R\u00fcckruf-Service \/ Kontaktformular \/ &hellip; <a href=\"https:\/\/aktionen-tarife.de\/1und1\/impressum\" class=\"more-link\"><span class=\"screen-reader-text\">Impressum<\/span> weiterlesen <span class=\"meta-nav\">&rarr;<\/span><\/a><\/p>\n","protected":false},"author":30,"featured_media":0,"parent":0,"menu_order":9999994,"comment_status":"closed","ping_status":"closed","template":"","meta":{"footnotes":""},"class_list":["post-79","page","type-page","status-publish","hentry"],"_links":{"self":[{"href":"https:\/\/aktionen-tarife.de\/1und1\/wp-json\/wp\/v2\/pages\/79","targetHints":{"allow":["GET"]}}],"collection":[{"href":"https:\/\/aktionen-tarife.de\/1und1\/wp-json\/wp\/v2\/pages"}],"about":[{"href":"https:\/\/aktionen-tarife.de\/1und1\/wp-json\/wp\/v2\/types\/page"}],"author":[{"embeddable":true,"href":"https:\/\/aktionen-tarife.de\/1und1\/wp-json\/wp\/v2\/users\/30"}],"replies":[{"embeddable":true,"href":"https:\/\/aktionen-tarife.de\/1und1\/wp-json\/wp\/v2\/comments?post=79"}],"version-history":[{"count":2,"href":"https:\/\/aktionen-tarife.de\/1und1\/wp-json\/wp\/v2\/pages\/79\/revisions"}],"predecessor-version":[{"id":9070,"href":"https:\/\/aktionen-tarife.de\/1und1\/wp-json\/wp\/v2\/pages\/79\/revisions\/9070"}],"wp:attachment":[{"href":"https:\/\/aktionen-tarife.de\/1und1\/wp-json\/wp\/v2\/media?parent=79"}],"curies":[{"name":"wp","href":"https:\/\/api.w.org\/{rel}","templated":true}]}}