{"id":784,"date":"2017-07-02T00:01:56","date_gmt":"2017-07-01T22:01:56","guid":{"rendered":"https:\/\/aktionen-tarife.de\/1und1\/?page_id=784"},"modified":"2025-09-07T23:35:19","modified_gmt":"2025-09-07T21:35:19","slug":"xxl","status":"publish","type":"page","link":"https:\/\/aktionen-tarife.de\/1und1\/notebook-flat\/xxl","title":{"rendered":"1&#038;1 Notebook-Flat XXL \u2013 auch mit Surf-Stick \/ WLAN Router"},"content":{"rendered":"<p><a title=\"1&amp;1 Notebook-Flat Tarife online bestellen\" href=\"https:\/\/aktionen-tarife.de\/1und1\/zum-anbieter\/datentarife\/1und1-datentarife-allgemein\" target=\"_blank\" rel=\"noopener\"><img decoding=\"async\" class=\"alignright size-full wp-image-552\" src=\"https:\/\/aktionen-tarife.de\/1und1\/inhalte\/2015\/09\/1und1-onlinebestellung.png\" alt=\"1&amp;1 Onlinebestellung\" width=\"150\" height=\"30\" srcset=\"https:\/\/aktionen-tarife.de\/1und1\/inhalte\/2015\/09\/1und1-onlinebestellung.png 150w, https:\/\/aktionen-tarife.de\/1und1\/inhalte\/2015\/09\/1und1-onlinebestellung-80x16.png 80w\" sizes=\"(max-width: 150px) 100vw, 150px\" \/><\/a>Der Tarif <span class=\"farbig\">1&amp;1 Notebook-Flat XXL<\/span> \u00fcberzeugt mit mobilem Internet (8 GB je Monat mit <a href=\"https:\/\/aktionen-tarife.de\/1und1\/lte-4g\">LTE<\/a> Speed) f\u00fcr unterwegs z.B. f\u00fcr Laptop oder Tablet. Die <a title=\"1&amp;1 Notebook-Flat Tarife \u2013 optional mit Surf-Stick \/ Router\" href=\"https:\/\/aktionen-tarife.de\/1und1\/notebook-flat\">1&amp;1 Notebook-Flat<\/a> XXL kostet faire <span class=\"farbig\">24,99 \u20ac im Monat<\/span>. Zur Nutzung dieses 1&amp;1 Datentarifs k\u00f6nnen Sie zwischen einem <strong><a title=\"Mobile WLAN Router bei 1&amp;1\" href=\"https:\/\/aktionen-tarife.de\/1und1\/infos\/mobile-wlan-router\">mobilen WLAN-Router<\/a><\/strong> oder <strong><a title=\"SurfSticks bei 1&amp;1\" href=\"https:\/\/aktionen-tarife.de\/1und1\/infos\/surf-sticks\">SurfStick<\/a><\/strong> w\u00e4hlen.<\/p>\n<hr \/>\n<h2><span class=\"desktop-tablet\">Preisvorteile f\u00fcr Tarif 1&amp;1 Notebook-Flat XXL im <span style=\"color: #ff0000;\">April 2026<\/span> <\/span><span class=\"smartphone\"><span style=\"color: #ff0000;\">Preisvorteile im April 2026<\/span><\/span><\/h2>\n<p>Bei Bestellung der 1&amp;1 Notebook Flat XXL <span style=\"color: #ff0000;\">bis zum [Datum-Notebook-Flat]<\/span> sparen Sie:<\/p>\n<ul>\n<li>Entscheiden Sie: Notebook-Flat XXL im E-Plus Netz (inkl. <a title=\"o2 Tarife und Angebote\" href=\"https:\/\/o2.surfen-telefonieren.de\/\" target=\"_blank\" rel=\"noopener\">o2<\/a> Netz und LTE) mit 12 Monaten je 5 \u20ac Rabatt (<span class=\"farbig\">60 \u20ac sparen<\/span>) oder Freischaltung im <a title=\"Vodafone Tarife und Angebote\" href=\"https:\/\/tarife-aktionen.de\/vodafone\/\" target=\"_blank\" rel=\"noopener\">Vodafone<\/a> D2 Mobilfunk-Netz.<\/li>\n<li>Optional g\u00fcnstig ein <a title=\"SurfSticks und mobile WLAN Router bei 1&amp;1\" href=\"https:\/\/aktionen-tarife.de\/1und1\/aktuelles\/datengeraete\"><strong>Datenger\u00e4t<\/strong><\/a> mitbestellen (Surfstick oder mobilen WLAN-Router).<\/li>\n<li>Bei Notebookflat XXL mit 24 Monaten Laufzeit Startgeschenk inklusive: <span class=\"farbig\">60 \u20ac Startguthaben<\/span> ODER mehr Datenvolumen f\u00fcr die Vertragslaufzeit (<span class=\"farbig\">10 GB statt 8 GB monatlich<\/span>).<\/li>\n<li>Bei Tarifen mit Laufzeit von 24 Monaten: <strong>100 GB Online-Speicher<\/strong> (Cloud) inklusive.<\/li>\n<\/ul>\n<hr \/>\n<h2><span class=\"desktop-tablet\"><span class=\"farbig\">Tarifdetails<\/span> der 1&amp;1 Notebook-Flat XXL &#8211; g\u00fcnstiger mobiler Datentarif <\/span><span class=\"smartphone\"><span class=\"farbig\">Tarifdetails<\/span> 1&amp;1 Notebook-Flat XXL<\/span><\/h2>\n<ul>\n<li><span class=\"farbig\">Internetflat<\/span>: unterwegs im o2-Netz mit LTE Geschwindigkeit oder im Vodafone Netz mit bis 42,2 MBit\/s surfen mit monatlich <strong>8 GB<\/strong> Datenvolumen (dann Drosselung auf 64 kBit\/s).\n<ul>\n<li><em>Upgrade Volumen (monatlich k\u00fcndbar): z.B. 500 MB f\u00fcr 2,99 \u20ac oder 2.000 MB f\u00fcr 9,99 \u20ac mtl.<\/em><\/li>\n<\/ul>\n<\/li>\n<li><span class=\"farbig\">Service:<\/span> 1&amp;1 Notebook-Flat XXL mit Premium-Service nach dem <strong>1&amp;1 Prinzip:<\/strong> z.B. XXL Tarif jetzt <strong>1 Monat ohne Risiko testen<\/strong>, kostenfreier <strong>Vor-Ort-Austausch<\/strong> von defekten Datenger\u00e4ten (innerhalb der Garantiezeit) und kostenlose Hotline (24 Stunden erreichbar).<\/li>\n<li><span class=\"farbig\">Roaming (Ausland):<\/span> u.a. 7 Tage in diversen L\u00e4ndern Europas 150 MB f\u00fcr 4,99 \u20ac.<\/li>\n<li><span class=\"farbig\">Extras<\/span>:<strong> 100 GB Onlinespeicher<\/strong> (bei Vertrag mit Laufzeit gratis sonst optional 4,99 \u20ac mtl.).<\/li>\n<li>Mindestvertragslaufzeit Notebook-Flat XXL 24 Monate (K\u00fcndigungsfrist 3 Monate). Der Laptop Flat XXL Tarif ist auch <strong>ohne Mindestvertragslaufzeit<\/strong> erh\u00e4ltlich (K\u00fcndigungsfrist: 14 Tage zum Monatsende \/ im E-Netz keine Preisverg\u00fcnstigung \/ kein Startgeschenk).<\/li>\n<li><span class=\"farbig\">Preis:<\/span> 24,99 \u20ac monatlich. Kostenlose Bereitstellung (statt 29,90 \u20ac). Premium Versand gratis.<\/li>\n<\/ul>\n<hr \/>\n<p><span class=\"rot\">Verg\u00fcnstigt mit 1&amp;1 Notebook Flat XXL:<\/span> <strong><a href=\"https:\/\/aktionen-tarife.de\/1und1\/infos\/surf-sticks\">Surfstick<\/a> oder <a href=\"https:\/\/aktionen-tarife.de\/1und1\/infos\/mobile-wlan-router\">Mobiler WLAN Router<\/a><\/strong><\/p>\n<hr \/>\n<h2><span class=\"desktop-tablet\"><span class=\"farbig\">Bestellung <\/span>1&amp;1 Notebook Flat XXL und optional Surf-Stick \/ WLAN Router <\/span><span class=\"smartphone\"><span class=\"farbig\">Bestellung <\/span>1&amp;1 Notebook Flat XXL<\/span><\/h2>\n<p><a title=\"1&amp;1 Notebook-Flat Tarife online bestellen\" href=\"https:\/\/aktionen-tarife.de\/1und1\/zum-anbieter\/datentarife\/1und1-datentarife-allgemein\" target=\"_blank\" rel=\"noopener\"><img decoding=\"async\" class=\"alignright size-full wp-image-552\" src=\"https:\/\/aktionen-tarife.de\/1und1\/inhalte\/2015\/09\/1und1-onlinebestellung.png\" alt=\"1&amp;1 Onlinebestellung\" width=\"150\" height=\"30\" srcset=\"https:\/\/aktionen-tarife.de\/1und1\/inhalte\/2015\/09\/1und1-onlinebestellung.png 150w, https:\/\/aktionen-tarife.de\/1und1\/inhalte\/2015\/09\/1und1-onlinebestellung-80x16.png 80w\" sizes=\"(max-width: 150px) 100vw, 150px\" \/><\/a><span class=\"desktop-tablet\">Die 1&amp;1 Notebook Flat XXL (auf Wunsch mit Datenger\u00e4t) k\u00f6nnen Sie als Neukunde direkt <a title=\"1&amp;1 Notebook-Flat L Tarif online bestellen\" href=\"https:\/\/aktionen-tarife.de\/1und1\/zum-anbieter\/datentarife\/1und1-datentarife-allgemein\" target=\"_blank\" rel=\"noopener\"><strong>online bestellen<\/strong><\/a>. F\u00fcr eine Vertragsverl\u00e4ngerung bzw. einen Tarifwechsel wenden sich Bestandskunden an den <a title=\"1&amp;1 Kundenservice: Hotline, Kontaktformular und Hilfe\" href=\"https:\/\/aktionen-tarife.de\/1und1\/kontakt\/kundenservice\">1&amp;1 Kundenservice<\/a>. <\/span><span class=\"smartphone\">1&amp;1 Notebook Flat XXL Tarif direkt im <strong><a title=\"1&amp;1 Notebook-Flat L Tarif online bestellen\" href=\"https:\/\/aktionen-tarife.de\/1und1\/zum-anbieter\/datentarife\/1und1-datentarife-allgemein\" target=\"_blank\" rel=\"noopener\">1&amp;1 Onlineshop<\/a><\/strong> bestellen.<\/span><\/p>\n<p><a title=\"Callback \/ R\u00fcckruf: telefonische Bestellung 1&amp;1 Notebook-Flat Tarife\" href=\"https:\/\/aktionen-tarife.de\/1und1\/kontakt\/telefonische-beratung\"><img decoding=\"async\" class=\"alignright size-full wp-image-553\" src=\"https:\/\/aktionen-tarife.de\/1und1\/inhalte\/2015\/09\/1und1-telefonisch-bestellen.png\" alt=\"1&amp;1 telefonisch bestellen\" width=\"150\" height=\"30\" srcset=\"https:\/\/aktionen-tarife.de\/1und1\/inhalte\/2015\/09\/1und1-telefonisch-bestellen.png 150w, https:\/\/aktionen-tarife.de\/1und1\/inhalte\/2015\/09\/1und1-telefonisch-bestellen-80x16.png 80w\" sizes=\"(max-width: 150px) 100vw, 150px\" \/><\/a><span class=\"desktop-tablet\">Die Bestellung einer 1&amp;1 Notebook Flat XXL (nicht Tarifwechsel) nehmen wir auch gern telefonisch unter <strong><a href=\"tel:+4939434099911\" onclick=\"ga('send', 'event', 'hotline', 'hotline-content', 'hotline-content-ohne-zeit');\">0 39 43 \/ 40 999 11<\/a><\/strong> entgegen. Alternativ k\u00f6nnen Sie auch unseren <a title=\"Callback \/ R\u00fcckruf: telefonische Bestellung 1&amp;1 Notebook-Flat\" href=\"https:\/\/aktionen-tarife.de\/1und1\/kontakt\/telefonische-beratung\">R\u00fcckruf-Service<\/a> nutzen. <\/span><span class=\"smartphone\">Die Bestellung eines 1&amp;1 Notebook Flat XXL Neuvertrags nehmen wir gern unter <strong><a href=\"tel:+4939434099911\" onclick=\"ga('send', 'event', 'hotline', 'hotline-content', 'hotline-content-ohne-zeit');\">0 39 43 \/ 40 999 11<\/a><\/strong> telefonisch entgegen (<a title=\"Callback \/ R\u00fcckruf: telefonische Bestellung 1&amp;1 Notebook-Flat\" href=\"https:\/\/aktionen-tarife.de\/1und1\/kontakt\/telefonische-beratung\">R\u00fcckruf-Service hier<\/a>).<\/span><\/p>\n<p><a title=\"1&amp;1 Tablet-Flat Tarife Bestellformular (PDF)\" href=\"https:\/\/aktionen-tarife.de\/1und1\/onlinebestellung\" target=\"_blank\" rel=\"noopener\"><img decoding=\"async\" class=\"alignright size-full wp-image-554\" src=\"https:\/\/aktionen-tarife.de\/1und1\/inhalte\/2015\/09\/1und1-bestellformular-pdf.png\" alt=\"1&amp;1 Bestellformular (PDF)\" width=\"150\" height=\"30\" srcset=\"https:\/\/aktionen-tarife.de\/1und1\/inhalte\/2015\/09\/1und1-bestellformular-pdf.png 150w, https:\/\/aktionen-tarife.de\/1und1\/inhalte\/2015\/09\/1und1-bestellformular-pdf-80x16.png 80w\" sizes=\"(max-width: 150px) 100vw, 150px\" \/><\/a><span class=\"desktop-tablet\">F\u00fcr 1&amp;1 Datentarif Neukunden: die Beauftragung der Notebook Flat XXL ist auch schriftlich mit unserem <strong><a title=\"1&amp;1 Bestellformular (PDF) f\u00fcr 1&amp;1 Notebook-Flat L Tarif\" href=\"https:\/\/aktionen-tarife.de\/1und1\/onlinebestellung\" target=\"_blank\" rel=\"noopener\">PDF Bestellformular<\/a><\/strong> m\u00f6glich. Wir senden Ihnen auch gern Informationen (u.a. Auftragsformular) <a title=\"Bestellformulare \/ Flyer f\u00fcr 1&amp;1 Tarife per Post \/ eMail\" href=\"https:\/\/aktionen-tarife.de\/1und1\/kontakt\/unterlagen-zusenden\">per Post zu<\/a>. <\/span><span class=\"smartphone\">F\u00fcr 1&amp;1 Datentarif Neukunden: <strong><a title=\"1&amp;1 Bestellformular (PDF) f\u00fcr 1&amp;1 Notebook-Flat L Tarif\" href=\"https:\/\/aktionen-tarife.de\/1und1\/onlinebestellung\" target=\"_blank\" rel=\"noopener\">PDF Bestellformular<\/a><\/strong> herunterladen oder Unterlagen <strong><a title=\"Bestellformulare \/ Flyer f\u00fcr 1&amp;1 Tarife per Post \/ eMail\" href=\"https:\/\/aktionen-tarife.de\/1und1\/kontakt\/unterlagen-zusenden\">hier zusenden lassen<\/a><\/strong>.<\/span><\/p>\n<hr \/>\n<h2><span class=\"desktop-tablet\"><span class=\"farbig\">Netzabdeckung (E-Plus \/ Vodafone)<\/span> f\u00fcr 1&amp;1 Notebook Flat XXL <\/span><span class=\"smartphone\"><span class=\"farbig\">Netzabdeckung (E-Plus \/ Vodafone)<\/span><\/span><\/h2>\n<p>Bei 1&amp;1 entscheiden Sie als Kunde selbst: entweder Sie lassen die 1&amp;1 Notebook Flat XXL im <a href=\"https:\/\/tarife-aktionen.de\/vodafone\/netzabdeckung\" target=\"_blank\" rel=\"noopener\">Vodafone Netz<\/a> oder im <a href=\"https:\/\/o2.surfen-telefonieren.de\/o2-netzabdeckung\" target=\"_blank\" rel=\"noopener\">E-Plus Netz \/ E-Netz<\/a> freischalten. Anl\u00e4sslich der Vereinigung von E-Plus und o2 \/ Telef\u00f3nica k\u00f6nnen Sie bei einer Freischaltung der 1&amp;1 Notebook-Flat XXL im E-Netz das o2 Netz ebenfalls nutzen. Der XXL-Tarif im <strong>E-Netz<\/strong> \u00fcberzeugt mit g\u00fcnstigen Aktionen und der Nutzung von LTE. Als Alternative wird die Notebook Flat XXL im <strong>Vodafone D2 Netz<\/strong> (ohne Nutzung von <a title=\"Vodafone LTE\" href=\"https:\/\/tarife-aktionen.de\/vodafone\/lte\" target=\"_blank\" rel=\"noopener\">Vodafone LTE<\/a>) angeboten, beispielsweise f\u00fcr Kunden in l\u00e4ndlichen Regionen, in denen die E-Plus Netzabdeckung nicht vollst\u00e4ndig gegeben ist.<\/p>\n<hr \/>\n<h2><span class=\"desktop-tablet\"><span class=\"farbig\">Tarif\u00fcbersicht<\/span> 1&amp;1 Notebookflat Tarife zum g\u00fcnstigen Preis <\/span><span class=\"smartphone\"><span class=\"farbig\">Tarif\u00fcbersicht<\/span> 1&amp;1 Notebookflats<\/span><\/h2>\n<ul>\r\n \t<li><a href=\"https:\/\/aktionen-tarife.de\/1und1\/notebook-flat\/special\"><strong>1&1 Notebook-Flat Special<\/a><\/strong>: 1 GB Highspeed Surfen bis 21,6 MBit\/s<\/li>\r\n \t<li><a href=\"https:\/\/aktionen-tarife.de\/1und1\/notebook-flat\/l\"><strong>1&1 Notebook-Flat L<\/strong><\/a>: 2 GB Highspeed Surfen mit <a href=\"https:\/\/aktionen-tarife.de\/1und1\/lte-4g\">LTE<\/a> Geschwindigkeit<\/li>\r\n \t<li><a href=\"https:\/\/aktionen-tarife.de\/1und1\/notebook-flat\/xl\"><strong>1&1 Notebook-Flat XL<\/strong><\/a>: 4 GB Highspeed Surfen mit <a href=\"https:\/\/aktionen-tarife.de\/1und1\/lte-4g\">LTE<\/a> Speed<\/li>\r\n \t<li><a href=\"https:\/\/aktionen-tarife.de\/1und1\/notebook-flat\/xxl\"><strong>1&1 Notebook-Flat XXL<\/strong><\/a>: 8 GB Highspeed Surfen mit <a href=\"https:\/\/aktionen-tarife.de\/1und1\/lte-4g\">LTE<\/a> Speed<\/li>\r\n \t<li><em>Tarife L, XL und XXL mit Premium Surf-Sticks oder mobilen WLAN Routern und weitere Extras.<\/em><\/li>\r\n<\/ul>\n<hr \/>\n<h2><span class=\"desktop-tablet\"><span class=\"farbig\">Bestellung <\/span>1&amp;1 Notebook-Flat XXL und optional neuer Surf Stick \/ Router <\/span><span class=\"smartphone\"><span class=\"farbig\">Bestellung <\/span>1&amp;1 Notebook-Flat XXL<\/span><\/h2>\n<p><a title=\"1&amp;1 Notebook-Flat Tarife online bestellen\" href=\"https:\/\/aktionen-tarife.de\/1und1\/zum-anbieter\/datentarife\/1und1-datentarife-allgemein\" target=\"_blank\" rel=\"noopener\"><img decoding=\"async\" class=\"alignright size-full wp-image-552\" src=\"https:\/\/aktionen-tarife.de\/1und1\/inhalte\/2015\/09\/1und1-onlinebestellung.png\" alt=\"1&amp;1 Onlinebestellung\" width=\"150\" height=\"30\" srcset=\"https:\/\/aktionen-tarife.de\/1und1\/inhalte\/2015\/09\/1und1-onlinebestellung.png 150w, https:\/\/aktionen-tarife.de\/1und1\/inhalte\/2015\/09\/1und1-onlinebestellung-80x16.png 80w\" sizes=\"(max-width: 150px) 100vw, 150px\" \/><\/a>Den 1&amp;1 Notebook-Flat XXL Tarif (auch mit Datenger\u00e4t erh\u00e4ltlich) k\u00f6nnen Sie direkt im <a title=\"1&amp;1 Notebook-Flat L online bestellen\" href=\"https:\/\/aktionen-tarife.de\/1und1\/zum-anbieter\/datentarife\/1und1-datentarife-allgemein\" target=\"_blank\" rel=\"noopener\"><strong>1&amp;1 Onlineshop<\/strong><\/a> oder <a title=\"Callback \/ R\u00fcckruf: telefonische Beratung zu 1&amp;1 Tarifen\" href=\"https:\/\/aktionen-tarife.de\/1und1\/kontakt\/telefonische-beratung\">telefonisch<\/a> beauftragen.<\/p>\n<hr \/>\n<p><span style=\"color: #999999;\">* Weitere Tarifdetails und Vertragsbedingungen finden Sie im <a title=\"1&amp;1 Onlineshop\" href=\"https:\/\/aktionen-tarife.de\/1und1\/zum-anbieter\/datentarife\/1und1-datentarife-allgemein\" target=\"_blank\" rel=\"noopener\">1&amp;1 Mobilfunk Onlineshop<\/a>.<\/span><\/p>\n","protected":false},"excerpt":{"rendered":"<p>Der Tarif 1&amp;1 Notebook-Flat XXL \u00fcberzeugt mit mobilem Internet (8 GB je Monat mit LTE Speed) f\u00fcr unterwegs z.B. f\u00fcr Laptop oder Tablet. Die 1&amp;1 Notebook-Flat XXL kostet faire 24,99 \u20ac im Monat. Zur Nutzung dieses 1&amp;1 Datentarifs k\u00f6nnen Sie zwischen einem mobilen WLAN-Router oder SurfStick w\u00e4hlen. Preisvorteile f\u00fcr Tarif 1&amp;1 Notebook-Flat XXL im Preisvorteile &hellip; <a href=\"https:\/\/aktionen-tarife.de\/1und1\/notebook-flat\/xxl\" class=\"more-link\"><span class=\"screen-reader-text\">1&#038;1 Notebook-Flat XXL \u2013 auch mit Surf-Stick \/ WLAN Router<\/span> weiterlesen <span class=\"meta-nav\">&rarr;<\/span><\/a><\/p>\n","protected":false},"author":30,"featured_media":0,"parent":748,"menu_order":654000,"comment_status":"closed","ping_status":"closed","template":"","meta":{"footnotes":""},"class_list":["post-784","page","type-page","status-publish","hentry"],"_links":{"self":[{"href":"https:\/\/aktionen-tarife.de\/1und1\/wp-json\/wp\/v2\/pages\/784","targetHints":{"allow":["GET"]}}],"collection":[{"href":"https:\/\/aktionen-tarife.de\/1und1\/wp-json\/wp\/v2\/pages"}],"about":[{"href":"https:\/\/aktionen-tarife.de\/1und1\/wp-json\/wp\/v2\/types\/page"}],"author":[{"embeddable":true,"href":"https:\/\/aktionen-tarife.de\/1und1\/wp-json\/wp\/v2\/users\/30"}],"replies":[{"embeddable":true,"href":"https:\/\/aktionen-tarife.de\/1und1\/wp-json\/wp\/v2\/comments?post=784"}],"version-history":[{"count":4,"href":"https:\/\/aktionen-tarife.de\/1und1\/wp-json\/wp\/v2\/pages\/784\/revisions"}],"predecessor-version":[{"id":9812,"href":"https:\/\/aktionen-tarife.de\/1und1\/wp-json\/wp\/v2\/pages\/784\/revisions\/9812"}],"up":[{"embeddable":true,"href":"https:\/\/aktionen-tarife.de\/1und1\/wp-json\/wp\/v2\/pages\/748"}],"wp:attachment":[{"href":"https:\/\/aktionen-tarife.de\/1und1\/wp-json\/wp\/v2\/media?parent=784"}],"curies":[{"name":"wp","href":"https:\/\/api.w.org\/{rel}","templated":true}]}}