{"id":783,"date":"2017-07-02T00:01:55","date_gmt":"2017-07-01T22:01:55","guid":{"rendered":"https:\/\/aktionen-tarife.de\/1und1\/?page_id=783"},"modified":"2025-09-07T23:35:18","modified_gmt":"2025-09-07T21:35:18","slug":"xl","status":"publish","type":"page","link":"https:\/\/aktionen-tarife.de\/1und1\/notebook-flat\/xl","title":{"rendered":"1&#038;1 Notebook-Flat XL \u2013 auch mit Surf-Stick \/ mobilem Router"},"content":{"rendered":"<p><a title=\"1&amp;1 Notebook-Flat Tarife online bestellen\" href=\"https:\/\/aktionen-tarife.de\/1und1\/zum-anbieter\/datentarife\/1und1-datentarife-allgemein\" target=\"_blank\" rel=\"noopener\"><img decoding=\"async\" class=\"alignright size-full wp-image-552\" src=\"https:\/\/aktionen-tarife.de\/1und1\/inhalte\/2015\/09\/1und1-onlinebestellung.png\" alt=\"1&amp;1 Onlinebestellung\" width=\"150\" height=\"30\" srcset=\"https:\/\/aktionen-tarife.de\/1und1\/inhalte\/2015\/09\/1und1-onlinebestellung.png 150w, https:\/\/aktionen-tarife.de\/1und1\/inhalte\/2015\/09\/1und1-onlinebestellung-80x16.png 80w\" sizes=\"(max-width: 150px) 100vw, 150px\" \/><\/a>Der Tarif <span class=\"farbig\">1&amp;1 Notebook-Flat XL<\/span> enth\u00e4lt eine mobile Internet-Flat (4 GB je Monat mit <a href=\"https:\/\/aktionen-tarife.de\/1und1\/lte-4g\">LTE<\/a> Geschwindigkeit) z.B. f\u00fcr die Nutzung per Laptop oder Tablet. Die <a title=\"1&amp;1 Notebook-Flat Tarife \u2013 optional mit Surf-Stick \/ Router\" href=\"https:\/\/aktionen-tarife.de\/1und1\/notebook-flat\">1&amp;1 Notebook-Flat<\/a> XL kostet <span class=\"farbig\">14,99 \u20ac im Monat<\/span>. Zur Nutzung dieses 1&amp;1 Datentarifs k\u00f6nnen Sie einen <strong><a title=\"SurfSticks bei 1&amp;1\" href=\"https:\/\/aktionen-tarife.de\/1und1\/infos\/surf-sticks\">SurfStick<\/a><\/strong> oder einen <strong><a title=\"Mobile WLAN Router bei 1&amp;1\" href=\"https:\/\/aktionen-tarife.de\/1und1\/infos\/mobile-wlan-router\">mobilen WLAN-Router<\/a><\/strong> mitbestellen.<\/p>\n<hr \/>\n<h2><span class=\"desktop-tablet\">Aktionen f\u00fcr den Tarif 1&amp;1 Notebook-Flat XL im <span style=\"color: #ff0000;\">April 2026<\/span> <\/span><span class=\"smartphone\"><span style=\"color: #ff0000;\">Aktionen im April 2026<\/span><\/span><\/h2>\n<p>Jetzt viele Preisvorteil sichern bei Bestellung Notebook Flat XL <span style=\"color: #ff0000;\">bis zum [Datum-Notebook-Flat]<\/span>:<\/p>\n<ul>\n<li>Ihre Wahl: Notebook-Flat XL im E-Plus Netz (mit LTE Nutzung \/ inkl. <a title=\"o2 Tarife und Angebote\" href=\"https:\/\/o2.surfen-telefonieren.de\/\" target=\"_blank\" rel=\"noopener\">o2<\/a>) und 12 Monate lang je 5 \u20ac Rabatt sichern (<span class=\"farbig\">60 \u20ac sparen<\/span>) oder Bereitstellung im <a title=\"Vodafone Tarife und Angebote\" href=\"https:\/\/tarife-aktionen.de\/vodafone\/\" target=\"_blank\" rel=\"noopener\">Vodafone<\/a> D2 Mobilfunk-Netz.<\/li>\n<li><a title=\"SurfSticks und mobile WLAN Router bei 1&amp;1\" href=\"https:\/\/aktionen-tarife.de\/1und1\/aktuelles\/datengeraete\"><strong>Datenger\u00e4t<\/strong><\/a> (mobilen WLAN-Router oder SurfStick) kann g\u00fcnstig mitbestellt werden.<\/li>\n<li>Startgeschenk bei Notebookflat XL mit 24 Monaten Laufzeit w\u00e4hlen: <span class=\"farbig\">30 \u20ac Startguthaben<\/span> ODER mehr Datenvolumen f\u00fcr die Vertragslaufzeit (<span class=\"farbig\">6 GB statt 4 GB monatlich<\/span>).<\/li>\n<li>Bei XL Tarif mit 24 Monaten Laufzeit: <strong>100 GB Online-Speicher<\/strong> (Cloud) inklusive.<\/li>\n<\/ul>\n<hr \/>\n<h2><span class=\"desktop-tablet\"><span class=\"farbig\">Tarifdetails<\/span> der 1&amp;1 Notebook-Flat XL &#8211; preiswerter mobiler Datentarif <\/span><span class=\"smartphone\"><span class=\"farbig\">Tarifdetails<\/span> 1&amp;1 Notebook-Flat XL<\/span><\/h2>\n<ul>\n<li><span class=\"farbig\">Internetflat<\/span>: unterwegs mit LTE Speed (Tarif im o2 Netz) oder bis zu 42,2 MBit\/s (D2 Netz) surfen. Monatlich <strong>4 GB<\/strong> Highspeed Datenvolumen, danach Drosselung auf 64 kBit\/s.\n<ul>\n<li><em>Daten-Upgrade (k\u00fcndbar monatlich): z.B. 500 MB f\u00fcr 2,99 \u20ac oder 2.000 MB f\u00fcr 9,99 \u20ac mtl.<\/em><\/li>\n<li><em>Doppelt so viel Datenvolumen erhalten Sie im Tarif <a title=\"1&amp;1 Notebook-Flat XXL \u2013 auch mit Surf-Stick \/ WLAN Router\" href=\"https:\/\/aktionen-tarife.de\/1und1\/notebook-flat\/xxl\">Notebook-Flat XXL<\/a>.<\/em><\/li>\n<\/ul>\n<\/li>\n<li><span class=\"farbig\">Extras<\/span>:<strong> 100 GB Onlinespeicher<\/strong> (0 \u20ac bei Tarif mit Laufzeit \/ 4,99 \u20ac mtl. Tarif ohne Laufzeit).<\/li>\n<li><span class=\"farbig\">Roaming (Ausland):<\/span> z.B. 7 Tage in diversen europ\u00e4ischen L\u00e4ndern 150 MB f\u00fcr 4,99 \u20ac.<\/li>\n<li><span class=\"farbig\">Service:<\/span> der Tarif 1&amp;1 Notebook-Flat XL beinhaltet alle Premium-Services nach dem <strong>1&amp;1 Prinzip:<\/strong> u.a. Tarif 1&amp;1 Laptop Flat XL und SurfStick \/ Router <strong>1 Monat ohne Risiko testen<\/strong>, kostenfreie Kundenhotline (24 Stunden erreichbar), kostenloser <strong>Vor-Ort-Austausch<\/strong> von defekten Datenger\u00e4ten (innerhalb der Garantiezeit) und vieles mehr.<\/li>\n<li>Mindestvertragslaufzeit Notebook Flat XL 24 Monate (K\u00fcndigungsfrist 3 Monate). Der Tarif ist auch <strong>ohne Mindestvertragslaufzeit<\/strong> erh\u00e4ltlich (K\u00fcndigungsfrist: 14 Tage zum Monatsende \/ kein Startgeschenk \/ im E-Netz keine Preisverg\u00fcnstigung).<\/li>\n<li><span class=\"farbig\">Preis:<\/span> 14,99 \u20ac je Monat. Keine Bereitstellungsgeb\u00fchr. Kostenloser Premium Versand.<\/li>\n<\/ul>\n<hr \/>\n<p><span class=\"rot\">Verg\u00fcnstigt mit 1&amp;1 Notebook Flat XL:<\/span> <strong><a href=\"https:\/\/aktionen-tarife.de\/1und1\/infos\/surf-sticks\">Surfstick<\/a> oder <a href=\"https:\/\/aktionen-tarife.de\/1und1\/infos\/mobile-wlan-router\">Mobiler WLAN Router<\/a><\/strong><\/p>\n<hr \/>\n<h2><span class=\"desktop-tablet\"><span class=\"farbig\">Bestellung <\/span>1&amp;1 Notebook-Flat XL (optional WLAN Router \/ SurfStick) <\/span><span class=\"smartphone\"><span class=\"farbig\">Bestellung <\/span>1&amp;1 Notebook-Flat XL<\/span><\/h2>\n<p><a title=\"1&amp;1 Notebook-Flat Tarife online bestellen\" href=\"https:\/\/aktionen-tarife.de\/1und1\/zum-anbieter\/datentarife\/1und1-datentarife-allgemein\" target=\"_blank\" rel=\"noopener\"><img decoding=\"async\" class=\"alignright size-full wp-image-552\" src=\"https:\/\/aktionen-tarife.de\/1und1\/inhalte\/2015\/09\/1und1-onlinebestellung.png\" alt=\"1&amp;1 Onlinebestellung\" width=\"150\" height=\"30\" srcset=\"https:\/\/aktionen-tarife.de\/1und1\/inhalte\/2015\/09\/1und1-onlinebestellung.png 150w, https:\/\/aktionen-tarife.de\/1und1\/inhalte\/2015\/09\/1und1-onlinebestellung-80x16.png 80w\" sizes=\"(max-width: 150px) 100vw, 150px\" \/><\/a><span class=\"desktop-tablet\">Als 1&amp;1 Notebook-Flat Neukunde k\u00f6nnen Sie den XL-Tarif (auf Wunsch mit Datenger\u00e4t) direkt <a title=\"1&amp;1 Notebook-Flat L Tarif online bestellen\" href=\"https:\/\/aktionen-tarife.de\/1und1\/zum-anbieter\/datentarife\/1und1-datentarife-allgemein\" target=\"_blank\" rel=\"noopener\"><strong>online bestellen<\/strong><\/a>. F\u00fcr Tarifwechsel oder Vertragsverl\u00e4ngerungen wenden sich Bestandskunden an den <a title=\"1&amp;1 Kundenservice: Hotline, Kontaktformular und Hilfe\" href=\"https:\/\/aktionen-tarife.de\/1und1\/kontakt\/kundenservice\">1&amp;1 Kundenservice<\/a>. <\/span><span class=\"smartphone\">1&amp;1 Notebook-Flat XL Tarif direkt im <strong><a title=\"1&amp;1 Notebook-Flat L Tarif online bestellen\" href=\"https:\/\/aktionen-tarife.de\/1und1\/zum-anbieter\/datentarife\/1und1-datentarife-allgemein\" target=\"_blank\" rel=\"noopener\">1&amp;1 Onlineshop<\/a><\/strong> bestellen.<\/span><\/p>\n<p><a title=\"Callback \/ R\u00fcckruf: telefonische Bestellung 1&amp;1 Notebook-Flat Tarife\" href=\"https:\/\/aktionen-tarife.de\/1und1\/kontakt\/telefonische-beratung\"><img decoding=\"async\" class=\"alignright size-full wp-image-553\" src=\"https:\/\/aktionen-tarife.de\/1und1\/inhalte\/2015\/09\/1und1-telefonisch-bestellen.png\" alt=\"1&amp;1 telefonisch bestellen\" width=\"150\" height=\"30\" srcset=\"https:\/\/aktionen-tarife.de\/1und1\/inhalte\/2015\/09\/1und1-telefonisch-bestellen.png 150w, https:\/\/aktionen-tarife.de\/1und1\/inhalte\/2015\/09\/1und1-telefonisch-bestellen-80x16.png 80w\" sizes=\"(max-width: 150px) 100vw, 150px\" \/><\/a><span class=\"desktop-tablet\">Die Bestellung der 1&amp;1 Notebook-Flat XL (kein Tarifwechsel) ist auch telefonisch unter <strong><a href=\"tel:+4939434099911\" onclick=\"ga('send', 'event', 'hotline', 'hotline-content', 'hotline-content-ohne-zeit');\">0 39 43 \/ 40 999 11<\/a><\/strong> m\u00f6glich. Auf Wunsch k\u00f6nnen Sie unseren <a title=\"Callback \/ R\u00fcckruf: telefonische Bestellung 1&amp;1 Notebook-Flat\" href=\"https:\/\/aktionen-tarife.de\/1und1\/kontakt\/telefonische-beratung\">R\u00fcckruf-Service<\/a> nutzen. <\/span><span class=\"smartphone\">Einen Neuvertrag f\u00fcr die 1&amp;1 Notebook-Flat XL nehmen wir gern unter <strong><a href=\"tel:+4939434099911\" onclick=\"ga('send', 'event', 'hotline', 'hotline-content', 'hotline-content-ohne-zeit');\">0 39 43 \/ 40 999 11<\/a><\/strong> telefonisch entgegen (<a title=\"Callback \/ R\u00fcckruf: telefonische Bestellung 1&amp;1 Notebook-Flat\" href=\"https:\/\/aktionen-tarife.de\/1und1\/kontakt\/telefonische-beratung\">R\u00fcckruf-Service hier<\/a>).<\/span><\/p>\n<p><a title=\"1&amp;1 Tablet-Flat Tarife Bestellformular (PDF)\" href=\"https:\/\/aktionen-tarife.de\/1und1\/onlinebestellung\" target=\"_blank\" rel=\"noopener\"><img decoding=\"async\" class=\"alignright size-full wp-image-554\" src=\"https:\/\/aktionen-tarife.de\/1und1\/inhalte\/2015\/09\/1und1-bestellformular-pdf.png\" alt=\"1&amp;1 Bestellformular (PDF)\" width=\"150\" height=\"30\" srcset=\"https:\/\/aktionen-tarife.de\/1und1\/inhalte\/2015\/09\/1und1-bestellformular-pdf.png 150w, https:\/\/aktionen-tarife.de\/1und1\/inhalte\/2015\/09\/1und1-bestellformular-pdf-80x16.png 80w\" sizes=\"(max-width: 150px) 100vw, 150px\" \/><\/a><span class=\"desktop-tablet\">F\u00fcr 1&amp;1 Datentarif Neukunden: die Notebook-Flat XL k\u00f6nnen Sie wahlweise auch schriftlich mit unserem <strong><a title=\"1&amp;1 Bestellformular (PDF) f\u00fcr 1&amp;1 Notebook-Flat L Tarif\" href=\"https:\/\/aktionen-tarife.de\/1und1\/onlinebestellung\" target=\"_blank\" rel=\"noopener\">PDF Bestellformular<\/a><\/strong> beauftragen. Wir senden Ihnen bei Bedarf auch Flyer und ein Auftragsformular <a title=\"Bestellformulare \/ Flyer f\u00fcr 1&amp;1 Tarife per Post \/ eMail\" href=\"https:\/\/aktionen-tarife.de\/1und1\/kontakt\/unterlagen-zusenden\">per Post zu<\/a>. <\/span><span class=\"smartphone\">F\u00fcr 1&amp;1 Datentarif Neukunden: <strong><a title=\"1&amp;1 Bestellformular (PDF) f\u00fcr 1&amp;1 Notebook-Flat L Tarif\" href=\"https:\/\/aktionen-tarife.de\/1und1\/onlinebestellung\" target=\"_blank\" rel=\"noopener\">PDF Bestellformular<\/a><\/strong> herunterladen oder Unterlagen <strong><a title=\"Bestellformulare \/ Flyer f\u00fcr 1&amp;1 Tarife per Post \/ eMail\" href=\"https:\/\/aktionen-tarife.de\/1und1\/kontakt\/unterlagen-zusenden\">hier zusenden lassen<\/a><\/strong>.<\/span><\/p>\n<hr \/>\n<h2><span class=\"desktop-tablet\"><span class=\"farbig\">Netzabdeckung (E-Plus \/ Vodafone)<\/span> f\u00fcr 1&amp;1 Notebookflat XL <\/span><span class=\"smartphone\"><span class=\"farbig\">Netzabdeckung (E-Plus \/ Vodafone)<\/span><\/span><\/h2>\n<p>Bei 1&amp;1 k\u00f6nnen Sie selbst w\u00e4hlen: die 1&amp;1 Notebookflat XL erhalten Sie wahlweise im <a href=\"https:\/\/tarife-aktionen.de\/vodafone\/netzabdeckung\" target=\"_blank\" rel=\"noopener\">Vodafone D2 Netz<\/a> oder auch im <a href=\"https:\/\/o2.surfen-telefonieren.de\/o2-netzabdeckung\" target=\"_blank\" rel=\"noopener\">E-Plus Netz<\/a> (inkl. o2 Netz). Der Datentarif XL im <strong>E-Netz<\/strong> \u00fcberzeugt mit lukrativen Aktionen sowie der Nutzung von LTE. Die Notebook Flat XL im <strong>Vodafone D2 Netz<\/strong> (ohne Nutzung von <a title=\"Vodafone LTE\" href=\"https:\/\/tarife-aktionen.de\/vodafone\/lte\" target=\"_blank\" rel=\"noopener\">Vodafone LTE<\/a>) hingegen ist beispielsweise in l\u00e4ndlichen Regionen interessant, in denen die Netzabdeckung von E-Plus noch nicht zufriedenstellend gegeben ist.<\/p>\n<hr \/>\n<h2><span class=\"desktop-tablet\"><span class=\"farbig\">Tarif\u00fcbersicht<\/span> 1&amp;1 Notebook-Flat Tarife zum g\u00fcnstigen Preis <\/span><span class=\"smartphone\"><span class=\"farbig\">Tarif\u00fcbersicht<\/span> 1&amp;1 Notebook-Flats<\/span><\/h2>\n<ul>\r\n \t<li><a href=\"https:\/\/aktionen-tarife.de\/1und1\/notebook-flat\/special\"><strong>1&1 Notebook-Flat Special<\/a><\/strong>: 1 GB Highspeed Surfen bis 21,6 MBit\/s<\/li>\r\n \t<li><a href=\"https:\/\/aktionen-tarife.de\/1und1\/notebook-flat\/l\"><strong>1&1 Notebook-Flat L<\/strong><\/a>: 2 GB Highspeed Surfen mit <a href=\"https:\/\/aktionen-tarife.de\/1und1\/lte-4g\">LTE<\/a> Geschwindigkeit<\/li>\r\n \t<li><a href=\"https:\/\/aktionen-tarife.de\/1und1\/notebook-flat\/xl\"><strong>1&1 Notebook-Flat XL<\/strong><\/a>: 4 GB Highspeed Surfen mit <a href=\"https:\/\/aktionen-tarife.de\/1und1\/lte-4g\">LTE<\/a> Speed<\/li>\r\n \t<li><a href=\"https:\/\/aktionen-tarife.de\/1und1\/notebook-flat\/xxl\"><strong>1&1 Notebook-Flat XXL<\/strong><\/a>: 8 GB Highspeed Surfen mit <a href=\"https:\/\/aktionen-tarife.de\/1und1\/lte-4g\">LTE<\/a> Speed<\/li>\r\n \t<li><em>Tarife L, XL und XXL mit Premium Surf-Sticks oder mobilen WLAN Routern und weitere Extras.<\/em><\/li>\r\n<\/ul>\n<hr \/>\n<h2><span class=\"desktop-tablet\"><span class=\"farbig\">Bestellung <\/span>1&amp;1 Notebook-Flat XL und optional Datenger\u00e4t <\/span><span class=\"smartphone\"><span class=\"farbig\">Bestellung <\/span>1&amp;1 Notebook-Flat XL<\/span><\/h2>\n<p><a title=\"1&amp;1 Notebook-Flat Tarife online bestellen\" href=\"https:\/\/aktionen-tarife.de\/1und1\/zum-anbieter\/datentarife\/1und1-datentarife-allgemein\" target=\"_blank\" rel=\"noopener\"><img decoding=\"async\" class=\"alignright size-full wp-image-552\" src=\"https:\/\/aktionen-tarife.de\/1und1\/inhalte\/2015\/09\/1und1-onlinebestellung.png\" alt=\"1&amp;1 Onlinebestellung\" width=\"150\" height=\"30\" srcset=\"https:\/\/aktionen-tarife.de\/1und1\/inhalte\/2015\/09\/1und1-onlinebestellung.png 150w, https:\/\/aktionen-tarife.de\/1und1\/inhalte\/2015\/09\/1und1-onlinebestellung-80x16.png 80w\" sizes=\"(max-width: 150px) 100vw, 150px\" \/><\/a>Den 1&amp;1 Notebook-Flat XL Tarif (auf Wunsch mit Datenger\u00e4t) k\u00f6nnen Sie direkt im <a title=\"1&amp;1 Notebook-Flat L online bestellen\" href=\"https:\/\/aktionen-tarife.de\/1und1\/zum-anbieter\/datentarife\/1und1-datentarife-allgemein\" target=\"_blank\" rel=\"noopener\"><strong>1&amp;1 Onlineshop<\/strong><\/a> oder <a title=\"Callback \/ R\u00fcckruf: telefonische Beratung zu 1&amp;1 Tarifen\" href=\"https:\/\/aktionen-tarife.de\/1und1\/kontakt\/telefonische-beratung\">telefonisch<\/a> beauftragen.<\/p>\n<hr \/>\n<p><span style=\"color: #999999;\">* Weitere Tarifdetails und Vertragsbedingungen finden Sie im <a title=\"1&amp;1 Onlineshop\" href=\"https:\/\/aktionen-tarife.de\/1und1\/zum-anbieter\/datentarife\/1und1-datentarife-allgemein\" target=\"_blank\" rel=\"noopener\">1&amp;1 Mobilfunk Onlineshop<\/a>.<\/span><\/p>\n","protected":false},"excerpt":{"rendered":"<p>Der Tarif 1&amp;1 Notebook-Flat XL enth\u00e4lt eine mobile Internet-Flat (4 GB je Monat mit LTE Geschwindigkeit) z.B. f\u00fcr die Nutzung per Laptop oder Tablet. Die 1&amp;1 Notebook-Flat XL kostet 14,99 \u20ac im Monat. Zur Nutzung dieses 1&amp;1 Datentarifs k\u00f6nnen Sie einen SurfStick oder einen mobilen WLAN-Router mitbestellen. Aktionen f\u00fcr den Tarif 1&amp;1 Notebook-Flat XL im &hellip; <a href=\"https:\/\/aktionen-tarife.de\/1und1\/notebook-flat\/xl\" class=\"more-link\"><span class=\"screen-reader-text\">1&#038;1 Notebook-Flat XL \u2013 auch mit Surf-Stick \/ mobilem Router<\/span> weiterlesen <span class=\"meta-nav\">&rarr;<\/span><\/a><\/p>\n","protected":false},"author":30,"featured_media":0,"parent":748,"menu_order":653000,"comment_status":"closed","ping_status":"closed","template":"","meta":{"footnotes":""},"class_list":["post-783","page","type-page","status-publish","hentry"],"_links":{"self":[{"href":"https:\/\/aktionen-tarife.de\/1und1\/wp-json\/wp\/v2\/pages\/783","targetHints":{"allow":["GET"]}}],"collection":[{"href":"https:\/\/aktionen-tarife.de\/1und1\/wp-json\/wp\/v2\/pages"}],"about":[{"href":"https:\/\/aktionen-tarife.de\/1und1\/wp-json\/wp\/v2\/types\/page"}],"author":[{"embeddable":true,"href":"https:\/\/aktionen-tarife.de\/1und1\/wp-json\/wp\/v2\/users\/30"}],"replies":[{"embeddable":true,"href":"https:\/\/aktionen-tarife.de\/1und1\/wp-json\/wp\/v2\/comments?post=783"}],"version-history":[{"count":4,"href":"https:\/\/aktionen-tarife.de\/1und1\/wp-json\/wp\/v2\/pages\/783\/revisions"}],"predecessor-version":[{"id":9811,"href":"https:\/\/aktionen-tarife.de\/1und1\/wp-json\/wp\/v2\/pages\/783\/revisions\/9811"}],"up":[{"embeddable":true,"href":"https:\/\/aktionen-tarife.de\/1und1\/wp-json\/wp\/v2\/pages\/748"}],"wp:attachment":[{"href":"https:\/\/aktionen-tarife.de\/1und1\/wp-json\/wp\/v2\/media?parent=783"}],"curies":[{"name":"wp","href":"https:\/\/api.w.org\/{rel}","templated":true}]}}