{"id":763,"date":"2017-07-02T00:01:10","date_gmt":"2017-07-01T22:01:10","guid":{"rendered":"https:\/\/aktionen-tarife.de\/1und1\/?page_id=763"},"modified":"2025-09-07T23:35:17","modified_gmt":"2025-09-07T21:35:17","slug":"xl","status":"publish","type":"page","link":"https:\/\/aktionen-tarife.de\/1und1\/tablet-flat\/xl","title":{"rendered":"1&#038;1 Tablet-Flat XL \u2013 auf Wunsch mit Premium-Tablet"},"content":{"rendered":"<p><a title=\"1&amp;1 Tablet Flat Tarife online bestellen\" href=\"https:\/\/aktionen-tarife.de\/1und1\/zum-anbieter\/datentarife\/1und1-datentarife-allgemein\" target=\"_blank\" rel=\"noopener\"><img decoding=\"async\" class=\"alignright size-full wp-image-552\" src=\"https:\/\/aktionen-tarife.de\/1und1\/inhalte\/2015\/09\/1und1-onlinebestellung.png\" alt=\"1&amp;1 Onlinebestellung\" width=\"150\" height=\"30\" srcset=\"https:\/\/aktionen-tarife.de\/1und1\/inhalte\/2015\/09\/1und1-onlinebestellung.png 150w, https:\/\/aktionen-tarife.de\/1und1\/inhalte\/2015\/09\/1und1-onlinebestellung-80x16.png 80w\" sizes=\"(max-width: 150px) 100vw, 150px\" \/><\/a>Der Tarif <span class=\"farbig\">1&amp;1 Tablet-Flat XL<\/span> \u00fcberzeugt mit schnellem mobilen Internet (5 GB je Monat mit <a href=\"https:\/\/aktionen-tarife.de\/1und1\/lte-4g\">LTE<\/a> Speed) und einer g\u00fcnstigen Grundgeb\u00fchr von <span class=\"farbig\">19,99 \u20ac im Monat<\/span>. Sie haben noch kein <a href=\"https:\/\/aktionen-tarife.de\/1und1\/tablets\"><strong>Tablet<\/strong><\/a>? F\u00fcr einen monatlichen Aufpreis von nur 10 \u20ac (ggf. geringe Einmalzahlung) erhalten Sie ein neues <a href=\"https:\/\/aktionen-tarife.de\/1und1\/aktuelles\/top-tablets\"><strong>Premium-Tablet<\/strong><\/a> ab nur 0 \u20ac dazu.<\/p>\n<hr \/>\n<h2><span class=\"desktop-tablet\">Angebote f\u00fcr den Tarif 1&amp;1 Tablet-Flat XL im <span style=\"color: #ff0000;\">April 2026<\/span> <\/span><span class=\"smartphone\"><span style=\"color: #ff0000;\">Angebote im April 2026<\/span><\/span><\/h2>\n<p>Bei Bestellung der 1&amp;1 Tablet-Flat XL <span style=\"color: #ff0000;\">bis zum [Datum-Tablet-Flat]<\/span> gibt es diese Vorteile:<\/p>\n<ul>\n<li>Sie entscheiden: Tablet Flat XL im E-Plus Netz (inkl. <a title=\"o2 Tarife und Angebote\" href=\"https:\/\/o2.surfen-telefonieren.de\/\" target=\"_blank\" rel=\"noopener\">o2<\/a>) und 12 Monate lang je 5 \u20ac Rabatt sichern (<span class=\"farbig\">60 \u20ac sparen<\/span>) oder Freischaltung im <a title=\"Vodafone Tarife und Angebote\" href=\"https:\/\/tarife-aktionen.de\/vodafone\/\" target=\"_blank\" rel=\"noopener\">Vodafone<\/a> D2 Mobilfunk-Netz.<\/li>\n<li>Auf Wunsch neues <a title=\"Tablets g\u00fcnstig mit 1&amp;1 Tablet Flat\" href=\"https:\/\/aktionen-tarife.de\/1und1\/infos\/tablets\"><strong>Premium-Tablet<\/strong><\/a> <span class=\"farbig\">ab 0 \u20ac Einmalzahlung<\/span> (zzgl. 10 \u20ac monatlicher Aufpreis). Top-Aktuelle Ger\u00e4te, wie das <a title=\"Apple iPad g\u00fcnstig mit 1&amp;1 Tablet-Flat\" href=\"https:\/\/aktionen-tarife.de\/1und1\/aktuelles\/tablets-apple-ipad\">Apple iPad<\/a> oder <a title=\"Samsung Galaxy Tab mit 1&amp;1 Tablet Flat\" href=\"https:\/\/aktionen-tarife.de\/1und1\/aktuelles\/tablets-samsung\">Samsung Galaxy Tab<\/a>.<\/li>\n<li>Bei Tarifen mit 24 Monaten Laufzeit: <strong>100 GB Online-Speicher<\/strong> (Cloud) inklusive.<\/li>\n<li>Bei Buchung ohne neues Tablet und mit 24 Monaten Laufzeit Startgeschenk inklusive: <span class=\"farbig\">50 \u20ac Startguthaben<\/span> ODER <a href=\"https:\/\/aktionen-tarife.de\/1und1\/infos\/mobile-wlan-router\">1&amp;1 Mobile WLAN Router LTE<\/a> (SIM-Karte einlegen und vorhandenens WiFi Tablet \/ Notebook am mobilen WLAN Hotspot anmelden).<\/li>\n<li>Alternativ: Tablet Flat XL ohne Vertragslaufzeit: kein Tablet, Rabatte oder Startgeschenk.<\/li>\n<\/ul>\n<hr \/>\n<h2><span class=\"desktop-tablet\"><span class=\"farbig\">Tarifdetails<\/span> der 1&amp;1 Tablet Flat XL &#8211; schneller Datentarif <\/span><span class=\"smartphone\"><span class=\"farbig\">Tarifdetails<\/span> 1&amp;1 Tablet Flat XL<\/span><\/h2>\n<ul>\n<li><span class=\"farbig\">Mobile Internetflat<\/span>: per Tablet-PC mit LTE Geschwindigkeit (o2 Netz) bzw. mit bis zu 42,2 MBit\/s (D2 Netz) bis zu <strong>5 GB<\/strong> je Monat Highspeed surfen. Dann Drosselung auf 64 kBit\/s.\n<ul>\n<li><em>Daten-Upgrade (monatlich k\u00fcndbar): z.B. 500 MB f\u00fcr 2,99 \u20ac oder 2.000 MB f\u00fcr 9,99 \u20ac mtl.<\/em><\/li>\n<\/ul>\n<\/li>\n<li><span class=\"farbig\">Roaming (Ausland):<\/span> z.B. 7 Tage in diversen europ\u00e4ischen L\u00e4ndern 150 MB f\u00fcr 4,99 \u20ac.<\/li>\n<li><span class=\"farbig\">Extras<\/span>:<strong> 100 GB Onlinespeicher<\/strong> (mit Vertragslaufzeit 0 \u20ac, sonst optional 4,99 \u20ac mtl.).<\/li>\n<li><span class=\"farbig\">Service:<\/span> der 1&amp;1 Tarif Tablet Flat XL beinhaltet den Premium-Service nach <strong><a href=\"https:\/\/aktionen-tarife.de\/1und1\/tablet-flat\/1und1-prinzip-premium-service\">1&amp;1 Prinzip<\/a>:<\/strong> z.B. kostenloser <strong>Vor-Ort-Austausch<\/strong> von defekten Tablets (innerhalb der Garantie), XL Tarif und neues Tablet <strong>1 Monat ohne Risiko testen<\/strong> sowie kostenlose 24-Stunden-Hotline.<\/li>\n<li>1&amp;1 Tabletflat XL Mindestvertragslaufzeit 24 Monate (K\u00fcndigungsfrist 3 Monate). Ohne neues Tablet ist der Tarif auch <strong>ohne Mindestvertragslaufzeit<\/strong> erh\u00e4ltlich (K\u00fcndigungsfrist: 14 Tage zum Monatsende \/ kein Startgeschenk \/ im E-Netz keine Preisverg\u00fcnstigung).<\/li>\n<li><span class=\"farbig\">Preis:<\/span> 19,99 \u20ac monatlich oder mit Tablet-PC 29,99 \u20ac monatlich. Bereitstellung 29,90 \u20ac (mit Tablet) bzw. 0 \u20ac (ohne Tablet). Kostenfreier Premium Versand Overnight.<\/li>\n<\/ul>\n<hr \/>\n<p><strong><span class=\"rot\">Tablet \u00dcbersicht:<\/span> <a href=\"https:\/\/aktionen-tarife.de\/1und1\/infos\/tablets\">ALLE<\/a> &#8211; <a href=\"https:\/\/aktionen-tarife.de\/1und1\/aktuelles\/top-tablets\">Top-Tablets<\/a> &#8211; <a href=\"https:\/\/aktionen-tarife.de\/1und1\/aktuelles\/guenstige-tablets\">G\u00fcnstige Tablets<\/a> &#8211; <a href=\"https:\/\/aktionen-tarife.de\/1und1\/aktuelles\/grosse-tablets\">Gro\u00dfe Tablets<\/a> &#8211; <a href=\"https:\/\/aktionen-tarife.de\/1und1\/aktuelles\/kleine-tablets\">Kleine Tablets<\/a><\/strong><\/p>\n<hr \/>\n<h2><span class=\"desktop-tablet\"><span class=\"farbig\">Bestellung <\/span>1&amp;1 Tablet-Flat XL und neuer Tablet-PC (optional) <\/span><span class=\"smartphone\"><span class=\"farbig\">Bestellung <\/span>1&amp;1 Tablet-Flat XL<\/span><\/h2>\n<p><a title=\"1&amp;1 Tablet-Flat Tarife online bestellen\" href=\"https:\/\/aktionen-tarife.de\/1und1\/zum-anbieter\/datentarife\/1und1-datentarife-allgemein\" target=\"_blank\" rel=\"noopener\"><img decoding=\"async\" class=\"alignright size-full wp-image-552\" src=\"https:\/\/aktionen-tarife.de\/1und1\/inhalte\/2015\/09\/1und1-onlinebestellung.png\" alt=\"1&amp;1 Onlinebestellung\" width=\"150\" height=\"30\" srcset=\"https:\/\/aktionen-tarife.de\/1und1\/inhalte\/2015\/09\/1und1-onlinebestellung.png 150w, https:\/\/aktionen-tarife.de\/1und1\/inhalte\/2015\/09\/1und1-onlinebestellung-80x16.png 80w\" sizes=\"(max-width: 150px) 100vw, 150px\" \/><\/a><span class=\"desktop-tablet\">Als 1&amp;1 Tablet-Flat Neukunde k\u00f6nnen Sie den Tarif XL und auf Wunsch ein neues Tablet direkt <a title=\"1&amp;1 Tablet-Flat L Tarif online bestellen\" href=\"https:\/\/aktionen-tarife.de\/1und1\/zum-anbieter\/datentarife\/1und1-datentarife-allgemein\" target=\"_blank\" rel=\"noopener\"><strong>online bestellen<\/strong><\/a>. F\u00fcr Vertragsverl\u00e4ngerungen bzw. Tarifwechsel wenden sich Bestandskunden an den <a title=\"1&amp;1 Kundenservice: Hotline, Kontaktformular und Hilfe\" href=\"https:\/\/aktionen-tarife.de\/1und1\/kontakt\/kundenservice\">1&amp;1 Kundenservice<\/a>. <\/span><span class=\"smartphone\">1&amp;1 Tablet-Flat XL Tarif direkt im <strong><a title=\"1&amp;1 Tablet Flat L Tarif online bestellen\" href=\"https:\/\/aktionen-tarife.de\/1und1\/zum-anbieter\/datentarife\/1und1-datentarife-allgemein\" target=\"_blank\" rel=\"noopener\">1&amp;1 Onlineshop<\/a><\/strong> bestellen.<\/span><\/p>\n<p><a title=\"Callback \/ R\u00fcckruf: telefonische Bestellung 1&amp;1 Tablet-Flat Tarife\" href=\"https:\/\/aktionen-tarife.de\/1und1\/kontakt\/telefonische-beratung\"><img decoding=\"async\" class=\"alignright size-full wp-image-553\" src=\"https:\/\/aktionen-tarife.de\/1und1\/inhalte\/2015\/09\/1und1-telefonisch-bestellen.png\" alt=\"1&amp;1 telefonisch bestellen\" width=\"150\" height=\"30\" srcset=\"https:\/\/aktionen-tarife.de\/1und1\/inhalte\/2015\/09\/1und1-telefonisch-bestellen.png 150w, https:\/\/aktionen-tarife.de\/1und1\/inhalte\/2015\/09\/1und1-telefonisch-bestellen-80x16.png 80w\" sizes=\"(max-width: 150px) 100vw, 150px\" \/><\/a><span class=\"desktop-tablet\">Den Tarif 1&amp;1 Tablet Flat XL k\u00f6nnen Sie als Neuvertrag (kein Tarifwechsel) auch telefonisch unter <strong><a href=\"tel:+4939434099911\" onclick=\"ga('send', 'event', 'hotline', 'hotline-content', 'hotline-content-ohne-zeit');\">0 39 43 \/ 40 999 11<\/a><\/strong> bestellen. Wahlweise k\u00f6nnen Sie auch gern unseren <a title=\"Callback \/ R\u00fcckruf: telefonische Bestellung 1&amp;1 Tablet-Flat\" href=\"https:\/\/aktionen-tarife.de\/1und1\/kontakt\/telefonische-beratung\">R\u00fcckruf-Service<\/a> nutzen. <\/span><span class=\"smartphone\">Einen Neuvertrag f\u00fcr die 1&amp;1 Tablet-Flat XL nehmen wir auch gern telefonisch unter <strong><a href=\"tel:+4939434099911\" onclick=\"ga('send', 'event', 'hotline', 'hotline-content', 'hotline-content-ohne-zeit');\">0 39 43 \/ 40 999 11<\/a><\/strong> entgegen (<a title=\"Callback \/ R\u00fcckruf: telefonische Bestellung 1&amp;1 Tablet-Flat\" href=\"https:\/\/aktionen-tarife.de\/1und1\/kontakt\/telefonische-beratung\">R\u00fcckruf-Service hier<\/a>).<\/span><\/p>\n<p><a title=\"1&amp;1 Tablet-Flat Tarife Bestellformular (PDF)\" href=\"https:\/\/aktionen-tarife.de\/1und1\/onlinebestellung\" target=\"_blank\" rel=\"noopener\"><img decoding=\"async\" class=\"alignright size-full wp-image-554\" src=\"https:\/\/aktionen-tarife.de\/1und1\/inhalte\/2015\/09\/1und1-bestellformular-pdf.png\" alt=\"1&amp;1 Bestellformular (PDF)\" width=\"150\" height=\"30\" srcset=\"https:\/\/aktionen-tarife.de\/1und1\/inhalte\/2015\/09\/1und1-bestellformular-pdf.png 150w, https:\/\/aktionen-tarife.de\/1und1\/inhalte\/2015\/09\/1und1-bestellformular-pdf-80x16.png 80w\" sizes=\"(max-width: 150px) 100vw, 150px\" \/><\/a><span class=\"desktop-tablet\">F\u00fcr 1&amp;1 Tablet-Flat Neukunden: den XL-Tarif (optional mit neuem Tablet) k\u00f6nnen Sie schriftlich mit unserem <strong><a title=\"1&amp;1 Bestellformular (PDF) f\u00fcr 1&amp;1 Tablet-Flat L Tarif\" href=\"https:\/\/aktionen-tarife.de\/1und1\/onlinebestellung\" target=\"_blank\" rel=\"noopener\">PDF Bestellformular<\/a><\/strong> beauftragen. Wir senden Ihnen ebenso gern Flyer und ein Auftragsformular <a title=\"Bestellformulare \/ Flyer f\u00fcr 1&amp;1 Tarife per Post \/ eMail\" href=\"https:\/\/aktionen-tarife.de\/1und1\/kontakt\/unterlagen-zusenden\">per Post zu<\/a>. <\/span><span class=\"smartphone\">F\u00fcr 1&amp;1 Tablet-Flat Neukunden: <strong><a title=\"1&amp;1 Bestellformular (PDF) f\u00fcr 1&amp;1 Tablet-Flat L Tarif\" href=\"https:\/\/aktionen-tarife.de\/1und1\/onlinebestellung\" target=\"_blank\" rel=\"noopener\">PDF Bestellformular<\/a><\/strong> herunterladen oder Unterlagen <strong><a title=\"Bestellformulare \/ Flyer f\u00fcr 1&amp;1 Tarife per Post \/ eMail\" href=\"https:\/\/aktionen-tarife.de\/1und1\/kontakt\/unterlagen-zusenden\">hier zusenden lassen<\/a><\/strong>.<\/span><\/p>\n<hr \/>\n<h2><span class=\"desktop-tablet\"><span class=\"farbig\">Netzabdeckung (E-Plus \/ Vodafone)<\/span> f\u00fcr 1&amp;1 Tabletflat XL Tarif <\/span><span class=\"smartphone\"><span class=\"farbig\">Netzabdeckung (E-Plus \/ Vodafone)<\/span><\/span><\/h2>\n<p>Bei Bestellung des Tarifs 1&amp;1 Tabletflat XL haben Sie die Wahl: <a href=\"https:\/\/tarife-aktionen.de\/vodafone\/netzabdeckung\" target=\"_blank\" rel=\"noopener\">Vodafone D2 Netz<\/a> oder alternativ im <a href=\"https:\/\/o2.surfen-telefonieren.de\/o2-netzabdeckung\" target=\"_blank\" rel=\"noopener\">E-Plus Netz \/ E-Netz<\/a>. Seit dem Zusammenschluss von E-Plus und o2 \/ Telef\u00f3nica k\u00f6nnen Sie bei der 1&amp;1 Tablet-Flat XL im E-Netz auch zus\u00e4tzlich und kostenfrei das o2 Netz mitnutzen. Die 1&amp;1 Tabletflat XL im <strong>E-Netz<\/strong> \u00fcberzeugt mit besonders kosteng\u00fcnstigen Aktionen sowie der Nutzung von LTE. Die 1&amp;1 Tablet-Flat XL im <strong>Vodafone D2 Netz<\/strong> (ohne Nutzung von <a title=\"Vodafone LTE\" href=\"https:\/\/tarife-aktionen.de\/vodafone\/lte\" target=\"_blank\" rel=\"noopener\">Vodafone LTE<\/a>) hingegen eignet sich beispielsweise f\u00fcr Kunden in l\u00e4ndlicheren Regionen, insofern die E-Plus Netzabdeckung dort noch nicht oder nur m\u00e4\u00dfig gegeben sein sollte.<\/p>\n<hr \/>\n<h2><span class=\"desktop-tablet\"><span class=\"farbig\">Tablets \/ Tablet-PC<\/span> g\u00fcnstig mit 1&amp;1 Tablet-Flat XL Tarif <\/span><span class=\"smartphone\"><span class=\"farbig\">Tablets<\/span> zur 1&amp;1 Tablet-Flat XL<\/span><\/h2>\n<p>F\u00fcr lediglich 10 \u20ac Aufpreis im Monat erhalten Sie den 1&amp;1 Tablet-Flat XL Tarif auch mit einem aktuellen Tablet-PC ab 0 \u20ac einmaliger Anzahlung. Sogar Premium-Tablets bekannter Markenhersteller (z.B. <strong><a href=\"https:\/\/aktionen-tarife.de\/1und1\/aktuelles\/tablets-apple-ipad\">Apple iPad<\/a> &#8211; <a href=\"https:\/\/aktionen-tarife.de\/1und1\/aktuelles\/tablets-samsung\">Samsung<\/a> &#8211; <a href=\"https:\/\/aktionen-tarife.de\/1und1\/aktuelles\/tablets-huawei\">Huawei<\/a> &#8211; <a href=\"https:\/\/aktionen-tarife.de\/1und1\/smartphones\">Lenovo<\/a><\/strong>) erhalten Sie f\u00fcr einmalig 0 \u20ac oder f\u00fcr eine kleine Zuzahlung. Eine \u00dcbersicht aller Tablets bei 1&amp;1 finden Sie <a title=\"Tablets mit 1&amp;1 Tablet-Flat Tarifen\" href=\"https:\/\/aktionen-tarife.de\/1und1\/infos\/tablets\"><strong>HIER<\/strong><\/a>.<\/p>\n<hr \/>\n<h2><span class=\"desktop-tablet\"><span class=\"farbig\">Tarif\u00fcbersicht<\/span> 1&amp;1 Tablet-Flat Tarife zum g\u00fcnstigen Preis <\/span><span class=\"smartphone\"><span class=\"farbig\">Tarif\u00fcbersicht<\/span> 1&amp;1 Tablet-Flats<\/span><\/h2>\n<ul>\r\n \t<li><strong><a href=\"https:\/\/aktionen-tarife.de\/1und1\/tablet-flat\/l\">1&1 Tablet-Flat L<\/a><\/strong>: 2 GB Highspeed-Volumen mit <a href=\"https:\/\/aktionen-tarife.de\/1und1\/lte-4g\">LTE<\/a> Geschwindigkeit.\r\n<ul>\r\n \t<li><em>F\u00fcr monatlich 10 \u20ac Aufpreis mit <a href=\"https:\/\/aktionen-tarife.de\/1und1\/infos\/tablets\">Marken-Tablet<\/a> zum g\u00fcnstigen Preis.<\/em><\/li>\r\n<\/ul>\r\n<\/li>\r\n \t<li><strong><a href=\"https:\/\/aktionen-tarife.de\/1und1\/tablet-flat\/xl\">1&1 Tablet-Flat XL<\/a><\/strong>: 5 GB Highspeed Surfen mit <a href=\"https:\/\/aktionen-tarife.de\/1und1\/lte-4g\">LTE<\/a> Geschwindigkeit.\r\n<ul>\r\n \t<li><em>F\u00fcr monatlich 10 \u20ac Aufpreis mit <a href=\"https:\/\/aktionen-tarife.de\/1und1\/infos\/tablets\">Premium-Marken-Tablet<\/a> zum g\u00fcnstigen Preis.<\/em><\/li>\r\n<\/ul>\r\n<\/li>\r\n \t<li><a href=\"https:\/\/aktionen-tarife.de\/1und1\/tablet-flat\/special\"><strong>1&1 Tablet-Flat Special<\/strong><\/a>: 1 GB Highspeed surfen mit bis 21,6 MBit\/s.<\/li>\r\n \t<li><em>Alle 1&1 Tablet Flats mit <a href=\"https:\/\/aktionen-tarife.de\/1und1\/tablet-flat\/1und1-prinzip-premium-service\">1&1 Prinzip<\/a>: gratis Overnight-Lieferung und mehr.<\/em><\/li>\r\n \t<li><em>Alternativ bei 1&1: <a href=\"https:\/\/aktionen-tarife.de\/1und1\/notebook-flat\"><strong>Notebook-Flat Tarife<\/strong><\/a> mit Surf-Stick oder mobilem WLAN Router.<\/em><\/li>\r\n<\/ul>\n<hr \/>\n<h2><span class=\"desktop-tablet\"><span class=\"farbig\">Bestellung <\/span>1&amp;1 Tablet-Flat XL (auf Wunsch mit neuem Tablet-PC) <\/span><span class=\"smartphone\"><span class=\"farbig\">Bestellung <\/span>1&amp;1 Tablet-Flat XL<\/span><\/h2>\n<p><a title=\"1&amp;1 Tablet Flat Tarife online bestellen\" href=\"https:\/\/aktionen-tarife.de\/1und1\/zum-anbieter\/datentarife\/1und1-datentarife-allgemein\" target=\"_blank\" rel=\"noopener\"><img decoding=\"async\" class=\"alignright size-full wp-image-552\" src=\"https:\/\/aktionen-tarife.de\/1und1\/inhalte\/2015\/09\/1und1-onlinebestellung.png\" alt=\"1&amp;1 Onlinebestellung\" width=\"150\" height=\"30\" srcset=\"https:\/\/aktionen-tarife.de\/1und1\/inhalte\/2015\/09\/1und1-onlinebestellung.png 150w, https:\/\/aktionen-tarife.de\/1und1\/inhalte\/2015\/09\/1und1-onlinebestellung-80x16.png 80w\" sizes=\"(max-width: 150px) 100vw, 150px\" \/><\/a>Den Tarif 1&amp;1 Tablet Flat XL (optional mit neuem Tablet-PC) k\u00f6nnen Sie direkt im <a title=\"1&amp;1 Tablet-Flat L online bestellen\" href=\"https:\/\/aktionen-tarife.de\/1und1\/zum-anbieter\/datentarife\/1und1-datentarife-allgemein\" target=\"_blank\" rel=\"noopener\"><strong>1&amp;1 Onlineshop<\/strong><\/a> oder <a title=\"Callback \/ R\u00fcckruf: telefonische Beratung zu 1&amp;1 Tarifen\" href=\"https:\/\/aktionen-tarife.de\/1und1\/kontakt\/telefonische-beratung\">telefonisch<\/a> beauftragen.<\/p>\n<hr \/>\n<p><span style=\"color: #999999;\">* Weitere Tarifdetails und Vertragsbedingungen finden Sie im <a title=\"1&amp;1 Onlineshop\" href=\"https:\/\/aktionen-tarife.de\/1und1\/zum-anbieter\/datentarife\/1und1-datentarife-allgemein\" target=\"_blank\" rel=\"noopener\">1&amp;1 Mobilfunk Onlineshop<\/a>.<\/span><\/p>\n","protected":false},"excerpt":{"rendered":"<p>Der Tarif 1&amp;1 Tablet-Flat XL \u00fcberzeugt mit schnellem mobilen Internet (5 GB je Monat mit LTE Speed) und einer g\u00fcnstigen Grundgeb\u00fchr von 19,99 \u20ac im Monat. Sie haben noch kein Tablet? F\u00fcr einen monatlichen Aufpreis von nur 10 \u20ac (ggf. geringe Einmalzahlung) erhalten Sie ein neues Premium-Tablet ab nur 0 \u20ac dazu. Angebote f\u00fcr den &hellip; <a href=\"https:\/\/aktionen-tarife.de\/1und1\/tablet-flat\/xl\" class=\"more-link\"><span class=\"screen-reader-text\">1&#038;1 Tablet-Flat XL \u2013 auf Wunsch mit Premium-Tablet<\/span> weiterlesen <span class=\"meta-nav\">&rarr;<\/span><\/a><\/p>\n","protected":false},"author":30,"featured_media":0,"parent":720,"menu_order":613000,"comment_status":"closed","ping_status":"closed","template":"","meta":{"footnotes":""},"class_list":["post-763","page","type-page","status-publish","hentry"],"_links":{"self":[{"href":"https:\/\/aktionen-tarife.de\/1und1\/wp-json\/wp\/v2\/pages\/763","targetHints":{"allow":["GET"]}}],"collection":[{"href":"https:\/\/aktionen-tarife.de\/1und1\/wp-json\/wp\/v2\/pages"}],"about":[{"href":"https:\/\/aktionen-tarife.de\/1und1\/wp-json\/wp\/v2\/types\/page"}],"author":[{"embeddable":true,"href":"https:\/\/aktionen-tarife.de\/1und1\/wp-json\/wp\/v2\/users\/30"}],"replies":[{"embeddable":true,"href":"https:\/\/aktionen-tarife.de\/1und1\/wp-json\/wp\/v2\/comments?post=763"}],"version-history":[{"count":5,"href":"https:\/\/aktionen-tarife.de\/1und1\/wp-json\/wp\/v2\/pages\/763\/revisions"}],"predecessor-version":[{"id":9810,"href":"https:\/\/aktionen-tarife.de\/1und1\/wp-json\/wp\/v2\/pages\/763\/revisions\/9810"}],"up":[{"embeddable":true,"href":"https:\/\/aktionen-tarife.de\/1und1\/wp-json\/wp\/v2\/pages\/720"}],"wp:attachment":[{"href":"https:\/\/aktionen-tarife.de\/1und1\/wp-json\/wp\/v2\/media?parent=763"}],"curies":[{"name":"wp","href":"https:\/\/api.w.org\/{rel}","templated":true}]}}