{"id":733,"date":"2017-07-02T00:01:21","date_gmt":"2017-07-01T22:01:21","guid":{"rendered":"https:\/\/aktionen-tarife.de\/1und1\/?page_id=733"},"modified":"2025-09-07T23:35:09","modified_gmt":"2025-09-07T21:35:09","slug":"datentarife","status":"publish","type":"page","link":"https:\/\/aktionen-tarife.de\/1und1\/datentarife","title":{"rendered":"1&#038;1 Datentarife &#8211; unterwegs surfen per Tablet oder Laptop"},"content":{"rendered":"<p><img decoding=\"async\" class=\"alignright size-full wp-image-2883\" src=\"https:\/\/aktionen-tarife.de\/1und1\/inhalte\/2015\/10\/1und1-datentarife-unterwegs.jpg\" alt=\"1&amp;1 Datentarife - unterwegs surfen per Tablet oder Laptop\" width=\"150\" height=\"100\" srcset=\"https:\/\/aktionen-tarife.de\/1und1\/inhalte\/2015\/10\/1und1-datentarife-unterwegs.jpg 150w, https:\/\/aktionen-tarife.de\/1und1\/inhalte\/2015\/10\/1und1-datentarife-unterwegs-80x53.jpg 80w\" sizes=\"(max-width: 150px) 100vw, 150px\" \/>1&amp;1 bietet g\u00fcnstige <strong><span class=\"farbig\">Datentarife<\/span><\/strong> f\u00fcr Tablets (optional mit <a href=\"https:\/\/aktionen-tarife.de\/1und1\/tablets\"><strong>Tablet-PC<\/strong><\/a> zum Vorzugspreis) und Laptops \/ Notebooks (optional mit <a title=\"SurfSticks bei 1&amp;1\" href=\"https:\/\/aktionen-tarife.de\/1und1\/infos\/surf-sticks\">SurfStick<\/a> oder <a title=\"Mobile WLAN Router bei 1&amp;1\" href=\"https:\/\/aktionen-tarife.de\/1und1\/infos\/mobile-wlan-router\">mobilem WLAN Router<\/a>) an. Bei 1&amp;1 k\u00f6nnen Sie entscheiden, ob Sie Ihre <a title=\"1&amp;1 Tablet-Flat Tarife \u2013 auf Wunsch mit Tablet-PC\" href=\"https:\/\/aktionen-tarife.de\/1und1\/tablet-flat\"><strong>Tablet-Flat<\/strong><\/a> oder <a title=\"1&amp;1 Notebook-Flat Tarife \u2013 optional mit Surf-Stick \/ Router\" href=\"https:\/\/aktionen-tarife.de\/1und1\/notebook-flat\"><strong>Notebook-Flat<\/strong><\/a> im D-Netz oder E-Netz nutzen m\u00f6chten. F\u00fcr Neukunden gibt es Vorteilsangebote bei <a title=\"Onlinebestellung 1&amp;1 Datentarife\" href=\"https:\/\/aktionen-tarife.de\/1und1\/zum-anbieter\/datentarife\/1und1-datentarife-allgemein\" target=\"_blank\" rel=\"noopener\"><strong>Onlinebestellung<\/strong><\/a>.<\/p>\n<hr \/>\n<h2><span class=\"farbig\">1&amp;1 Tablet Flat Tarife<\/span> &#8211; auf Wunsch mit g\u00fcnstigem Tablet (z.B. iPad)<\/h2>\n<ul>\r\n \t<li><strong><a href=\"https:\/\/aktionen-tarife.de\/1und1\/tablet-flat\/l\">1&1 Tablet-Flat L<\/a><\/strong>: 2 GB Highspeed-Volumen mit <a href=\"https:\/\/aktionen-tarife.de\/1und1\/lte-4g\">LTE<\/a> Geschwindigkeit.\r\n<ul>\r\n \t<li><em>F\u00fcr monatlich 10 \u20ac Aufpreis mit <a href=\"https:\/\/aktionen-tarife.de\/1und1\/infos\/tablets\">Marken-Tablet<\/a> zum g\u00fcnstigen Preis.<\/em><\/li>\r\n<\/ul>\r\n<\/li>\r\n \t<li><strong><a href=\"https:\/\/aktionen-tarife.de\/1und1\/tablet-flat\/xl\">1&1 Tablet-Flat XL<\/a><\/strong>: 5 GB Highspeed Surfen mit <a href=\"https:\/\/aktionen-tarife.de\/1und1\/lte-4g\">LTE<\/a> Geschwindigkeit.\r\n<ul>\r\n \t<li><em>F\u00fcr monatlich 10 \u20ac Aufpreis mit <a href=\"https:\/\/aktionen-tarife.de\/1und1\/infos\/tablets\">Premium-Marken-Tablet<\/a> zum g\u00fcnstigen Preis.<\/em><\/li>\r\n<\/ul>\r\n<\/li>\r\n \t<li><a href=\"https:\/\/aktionen-tarife.de\/1und1\/tablet-flat\/special\"><strong>1&1 Tablet-Flat Special<\/strong><\/a>: 1 GB Highspeed surfen mit bis 21,6 MBit\/s.<\/li>\r\n \t<li><em>Alle 1&1 Tablet Flats mit <a href=\"https:\/\/aktionen-tarife.de\/1und1\/tablet-flat\/1und1-prinzip-premium-service\">1&1 Prinzip<\/a>: gratis Overnight-Lieferung und mehr.<\/em><\/li>\r\n \t<li><em>Alternativ bei 1&1: <a href=\"https:\/\/aktionen-tarife.de\/1und1\/notebook-flat\"><strong>Notebook-Flat Tarife<\/strong><\/a> mit Surf-Stick oder mobilem WLAN Router.<\/em><\/li>\r\n<\/ul>\n<p><strong><span class=\"rot\">Tablet \u00dcbersicht:<\/span> <a href=\"https:\/\/aktionen-tarife.de\/1und1\/infos\/tablets\">ALLE<\/a> &#8211; <a href=\"https:\/\/aktionen-tarife.de\/1und1\/aktuelles\/top-tablets\">Top-Tablets<\/a> &#8211; <a href=\"https:\/\/aktionen-tarife.de\/1und1\/aktuelles\/guenstige-tablets\">G\u00fcnstige Tablets<\/a> &#8211; <a href=\"https:\/\/aktionen-tarife.de\/1und1\/aktuelles\/grosse-tablets\">Gro\u00dfe Tablets<\/a> &#8211; <a href=\"https:\/\/aktionen-tarife.de\/1und1\/aktuelles\/kleine-tablets\">Kleine Tablets<\/a><\/strong><\/p>\n<hr \/>\n<h2><span class=\"farbig\">1&amp;1 Notebook Flat Tarife<\/span> &#8211; auf Wunsch mit SurfStick \/ WLAN Router<\/h2>\n<ul>\r\n \t<li><a href=\"https:\/\/aktionen-tarife.de\/1und1\/notebook-flat\/special\"><strong>1&1 Notebook-Flat Special<\/a><\/strong>: 1 GB Highspeed Surfen bis 21,6 MBit\/s<\/li>\r\n \t<li><a href=\"https:\/\/aktionen-tarife.de\/1und1\/notebook-flat\/l\"><strong>1&1 Notebook-Flat L<\/strong><\/a>: 2 GB Highspeed Surfen mit <a href=\"https:\/\/aktionen-tarife.de\/1und1\/lte-4g\">LTE<\/a> Geschwindigkeit<\/li>\r\n \t<li><a href=\"https:\/\/aktionen-tarife.de\/1und1\/notebook-flat\/xl\"><strong>1&1 Notebook-Flat XL<\/strong><\/a>: 4 GB Highspeed Surfen mit <a href=\"https:\/\/aktionen-tarife.de\/1und1\/lte-4g\">LTE<\/a> Speed<\/li>\r\n \t<li><a href=\"https:\/\/aktionen-tarife.de\/1und1\/notebook-flat\/xxl\"><strong>1&1 Notebook-Flat XXL<\/strong><\/a>: 8 GB Highspeed Surfen mit <a href=\"https:\/\/aktionen-tarife.de\/1und1\/lte-4g\">LTE<\/a> Speed<\/li>\r\n \t<li><em>Tarife L, XL und XXL mit Premium Surf-Sticks oder mobilen WLAN Routern und weitere Extras.<\/em><\/li>\r\n<\/ul>\n<p><span class=\"rot\">Datenger\u00e4te mit Notebook-Flat:<\/span> <strong><a href=\"https:\/\/aktionen-tarife.de\/1und1\/infos\/surf-sticks\">Surfstick<\/a> oder <a href=\"https:\/\/aktionen-tarife.de\/1und1\/infos\/mobile-wlan-router\">Mobiler WLAN Router<\/a><\/strong><\/p>\n<hr \/>\n<h2><span class=\"desktop-tablet\"><span class=\"farbig\">D-Netz oder E-Plus \/ o2 Netz<\/span> &#8211; freie Netzwahl f\u00fcr 1&amp;1 Datentarife <\/span><span class=\"smartphone\"><span class=\"farbig\">D-Netz oder E-Plus \/ o2 Netz<\/span><br \/>\n<\/span><\/h2>\n<p>Bei den mobilen 1&amp;1 Datentarifen treffen Sie die Entscheidung zwischen dem <a href=\"https:\/\/tarife-aktionen.de\/vodafone\/netzabdeckung\" target=\"_blank\" rel=\"noopener\">Vodafone D2-Netz<\/a> (ohne <a href=\"https:\/\/tarife-aktionen.de\/vodafone\/lte\" target=\"_blank\" rel=\"noopener\">Vodafone LTE<\/a>) oder dem <a href=\"https:\/\/o2.surfen-telefonieren.de\/o2-netzabdeckung\" target=\"_blank\" rel=\"noopener\">E-Netz<\/a> (mit Nutzung von <a href=\"https:\/\/aktionen-tarife.de\/1und1\/lte-4g\">LTE<\/a> und Mitnutzung des o2 Netzes). Die 1&amp;1 Daten-Tarife kosten die gleiche monatliche Grundgeb\u00fchr &#8211; es gibt nur kleine Unterschiede z.B. bei Auslandsnutzung sowie bei den Angeboten f\u00fcr Neukunden (z.B. bei den E-Netz Datentarifen in den ersten Monaten weniger zahlen).<\/p>\n<hr \/>\n<h2><span class=\"desktop-tablet\"><span class=\"farbig\">Bestellung<\/span> 1&amp;1 Datentarife zum unterwegs Surfen <\/span><span class=\"smartphone\"><span class=\"farbig\">Bestellung<\/span> 1&amp;1 Datentarife<\/span><\/h2>\n<p><span class=\"desktop-tablet\"><a title=\"1&amp;1 Onlinebestellung: Datentarife zum unterwegs Surfen\" href=\"https:\/\/aktionen-tarife.de\/1und1\/zum-anbieter\/datentarife\/1und1-datentarife-allgemein\" target=\"_blank\" rel=\"noopener\"><img decoding=\"async\" class=\"alignright size-full wp-image-552\" src=\"https:\/\/aktionen-tarife.de\/1und1\/inhalte\/2015\/09\/1und1-onlinebestellung.png\" alt=\"1&amp;1 Onlinebestellung\" width=\"150\" height=\"30\" srcset=\"https:\/\/aktionen-tarife.de\/1und1\/inhalte\/2015\/09\/1und1-onlinebestellung.png 150w, https:\/\/aktionen-tarife.de\/1und1\/inhalte\/2015\/09\/1und1-onlinebestellung-80x16.png 80w\" sizes=\"(max-width: 150px) 100vw, 150px\" \/><\/a>Die 1&amp;1 Datentarife (Tablet Flat oder Notebook Flat) k\u00f6nnen 1&amp;1 Mobilfunk Neukunden im <a title=\"1&amp;1 Onlinebestellung: Datentarife zum unterwegs Surfen\" href=\"https:\/\/aktionen-tarife.de\/1und1\/zum-anbieter\/datentarife\/1und1-datentarife-allgemein\" target=\"_blank\" rel=\"noopener\"><strong>Onlineshop<\/strong><\/a> bestellen. Bestandskunden (Vertragsverl\u00e4ngerung) bitte an <a title=\"1&amp;1 Kundenservice: Hotline, Kontaktformular und Hilfe\" href=\"https:\/\/aktionen-tarife.de\/1und1\/kontakt\/kundenservice\">Kundenservice<\/a> wenden. <\/span><span class=\"smartphone\">1&amp;1 Datentarife (Tablet Flat \/ Notebook Flat) im <strong><a title=\"1&amp;1 Onlinebestellung: Datentarife zum unterwegs Surfen\" href=\"https:\/\/aktionen-tarife.de\/1und1\/zum-anbieter\/datentarife\/1und1-datentarife-allgemein\" target=\"_blank\" rel=\"noopener\">1&amp;1 Onlineshop<\/a><\/strong> bestellen.<\/span><\/p>\n<p><a title=\"Callback \/ R\u00fcckruf: telefonische Bestellung Datentarife\" href=\"https:\/\/aktionen-tarife.de\/1und1\/kontakt\/telefonische-beratung\"><img decoding=\"async\" class=\"alignright size-full wp-image-553\" src=\"https:\/\/aktionen-tarife.de\/1und1\/inhalte\/2015\/09\/1und1-telefonisch-bestellen.png\" alt=\"1&amp;1 telefonisch bestellen\" width=\"150\" height=\"30\" srcset=\"https:\/\/aktionen-tarife.de\/1und1\/inhalte\/2015\/09\/1und1-telefonisch-bestellen.png 150w, https:\/\/aktionen-tarife.de\/1und1\/inhalte\/2015\/09\/1und1-telefonisch-bestellen-80x16.png 80w\" sizes=\"(max-width: 150px) 100vw, 150px\" \/><\/a><span class=\"desktop-tablet\">F\u00fcr 1&amp;1 Datentarife <strong>Neukunden<\/strong> nehmen wir die Bestellung des Datenvertrags auch telefonisch unter <strong><a href=\"tel:+4939434099911\" onclick=\"ga('send', 'event', 'hotline', 'hotline-content', 'hotline-content-ohne-zeit');\">0 39 43 \/ 40 999 11<\/a><\/strong> auf oder Sie nutzen den kostenlosen und unverbindlichen <a title=\"Callback \/ R\u00fcckruf: telefonische Beratung zu 1&amp;1 Tarifen\" href=\"https:\/\/aktionen-tarife.de\/1und1\/kontakt\/telefonische-beratung\">R\u00fcckruf-Service<\/a>. <\/span><span class=\"smartphone\">1&amp;1 Datentarife <strong>Neukunden<\/strong> k\u00f6nnen unter <strong><a href=\"tel:+4939434099911\" onclick=\"ga('send', 'event', 'hotline', 'hotline-content', 'hotline-content-ohne-zeit');\">0 39 43 \/ 40 999 11<\/a><\/strong> telefonisch bestellen (<a title=\"Callback \/ R\u00fcckruf: telefonische Beratung zu 1&amp;1 Tarifen\" href=\"https:\/\/aktionen-tarife.de\/1und1\/kontakt\/telefonische-beratung\">R\u00fcckruf-Service hier<\/a>).<\/span><\/p>\n<p><a title=\"1&amp;1 Tablet Tarife Bestellformular (PDF)\" href=\"https:\/\/aktionen-tarife.de\/1und1\/onlinebestellung\" target=\"_blank\" rel=\"noopener\"><img decoding=\"async\" class=\"alignright size-full wp-image-554\" src=\"https:\/\/aktionen-tarife.de\/1und1\/inhalte\/2015\/09\/1und1-bestellformular-pdf.png\" alt=\"1&amp;1 Bestellformular (PDF)\" width=\"150\" height=\"30\" srcset=\"https:\/\/aktionen-tarife.de\/1und1\/inhalte\/2015\/09\/1und1-bestellformular-pdf.png 150w, https:\/\/aktionen-tarife.de\/1und1\/inhalte\/2015\/09\/1und1-bestellformular-pdf-80x16.png 80w\" sizes=\"(max-width: 150px) 100vw, 150px\" \/><\/a><span class=\"desktop-tablet\">F\u00fcr 1&amp;1 Datentarif Neukunden: Tarife und Endger\u00e4te k\u00f6nnen Sie schriftlich mit unserem <strong><a title=\"1&amp;1 Bestellformular (PDF) f\u00fcr Tablet-Flat Tarife\" href=\"https:\/\/aktionen-tarife.de\/1und1\/onlinebestellung\" target=\"_blank\" rel=\"noopener\">PDF Bestellformular<\/a><\/strong> beauftragen. Gern senden wir Ihnen auch Unterlagen zu den 1&amp;1 Datentarifen <a title=\"Bestellformulare \/ Flyer f\u00fcr 1&amp;1 Tarife per Post \/ eMail\" href=\"https:\/\/aktionen-tarife.de\/1und1\/kontakt\/unterlagen-zusenden\">per Post zu<\/a>. <\/span><span class=\"smartphone\">F\u00fcr 1&amp;1 Datentarif Neukunden: Tarife und Ger\u00e4te per <strong><a title=\"1&amp;1 Bestellformular (PDF) f\u00fcr Tablet-Flat Tarife\" href=\"https:\/\/aktionen-tarife.de\/1und1\/onlinebestellung\" target=\"_blank\" rel=\"noopener\">PDF Bestellformular<\/a><\/strong> beauftragen oder Unterlagen <strong><a title=\"Bestellformulare \/ Flyer f\u00fcr 1&amp;1 Tarife per Post \/ eMail\" href=\"https:\/\/aktionen-tarife.de\/1und1\/kontakt\/unterlagen-zusenden\">zusenden lassen<\/a><\/strong>.<\/span><\/p>\n<hr \/>\n<p><span style=\"color: #999999;\">*1&amp;1 Datentarife mit Aktionsvorteilen oder mit Endger\u00e4t haben im Regelfall eine regul\u00e4re Mindestvertragslaufzeit von 24 Monaten. Der 1&amp;1 Datenvertrag verl\u00e4ngert sich um je 12 Monate, wenn nicht 3 Monate vorher gek\u00fcndigt wird.<\/span><\/p>\n","protected":false},"excerpt":{"rendered":"<p>1&amp;1 bietet g\u00fcnstige Datentarife f\u00fcr Tablets (optional mit Tablet-PC zum Vorzugspreis) und Laptops \/ Notebooks (optional mit SurfStick oder mobilem WLAN Router) an. Bei 1&amp;1 k\u00f6nnen Sie entscheiden, ob Sie Ihre Tablet-Flat oder Notebook-Flat im D-Netz oder E-Netz nutzen m\u00f6chten. F\u00fcr Neukunden gibt es Vorteilsangebote bei Onlinebestellung. 1&amp;1 Tablet Flat Tarife &#8211; auf Wunsch mit &hellip; <a href=\"https:\/\/aktionen-tarife.de\/1und1\/datentarife\" class=\"more-link\"><span class=\"screen-reader-text\">1&#038;1 Datentarife &#8211; unterwegs surfen per Tablet oder Laptop<\/span> weiterlesen <span class=\"meta-nav\">&rarr;<\/span><\/a><\/p>\n","protected":false},"author":30,"featured_media":0,"parent":0,"menu_order":600000,"comment_status":"closed","ping_status":"closed","template":"","meta":{"footnotes":""},"class_list":["post-733","page","type-page","status-publish","hentry"],"_links":{"self":[{"href":"https:\/\/aktionen-tarife.de\/1und1\/wp-json\/wp\/v2\/pages\/733","targetHints":{"allow":["GET"]}}],"collection":[{"href":"https:\/\/aktionen-tarife.de\/1und1\/wp-json\/wp\/v2\/pages"}],"about":[{"href":"https:\/\/aktionen-tarife.de\/1und1\/wp-json\/wp\/v2\/types\/page"}],"author":[{"embeddable":true,"href":"https:\/\/aktionen-tarife.de\/1und1\/wp-json\/wp\/v2\/users\/30"}],"replies":[{"embeddable":true,"href":"https:\/\/aktionen-tarife.de\/1und1\/wp-json\/wp\/v2\/comments?post=733"}],"version-history":[{"count":4,"href":"https:\/\/aktionen-tarife.de\/1und1\/wp-json\/wp\/v2\/pages\/733\/revisions"}],"predecessor-version":[{"id":9806,"href":"https:\/\/aktionen-tarife.de\/1und1\/wp-json\/wp\/v2\/pages\/733\/revisions\/9806"}],"wp:attachment":[{"href":"https:\/\/aktionen-tarife.de\/1und1\/wp-json\/wp\/v2\/media?parent=733"}],"curies":[{"name":"wp","href":"https:\/\/api.w.org\/{rel}","templated":true}]}}