{"id":720,"date":"2017-07-02T00:01:18","date_gmt":"2017-07-01T22:01:18","guid":{"rendered":"https:\/\/aktionen-tarife.de\/1und1\/?page_id=720"},"modified":"2022-12-22T19:37:14","modified_gmt":"2022-12-22T18:37:14","slug":"tablet-flat","status":"publish","type":"page","link":"https:\/\/aktionen-tarife.de\/1und1\/tablet-flat","title":{"rendered":"1&#038;1 Tablet-Flat Tarife \u2013 auf Wunsch mit Tablet-PC"},"content":{"rendered":"<p><img decoding=\"async\" class=\"alignright size-full wp-image-4252\" src=\"https:\/\/aktionen-tarife.de\/1und1\/inhalte\/2016\/10\/1und1-tablet-flat.jpg\" alt=\"1&amp;1 Tablet-Flat Tarife \u2013 auf Wunsch mit Tablet-PC\" width=\"150\" height=\"100\" srcset=\"https:\/\/aktionen-tarife.de\/1und1\/inhalte\/2016\/10\/1und1-tablet-flat.jpg 150w, https:\/\/aktionen-tarife.de\/1und1\/inhalte\/2016\/10\/1und1-tablet-flat-80x53.jpg 80w\" sizes=\"(max-width: 150px) 100vw, 150px\" \/>Bei 1&amp;1 gibt es <strong><span class=\"farbig\">Tablet-Flat Tarife<\/span><\/strong> extra g\u00fcnstig. Gegen einen Aufpreis von 10 \u20ac kann bei den Tarifen L und XL auch ein Marken- oder Premium <a href=\"https:\/\/aktionen-tarife.de\/1und1\/tablets\"><strong>Tablet-PC<\/strong><\/a> mitbestellt werden, zum Beispiel Samsung Galaxy Tab oder Apple iPad. Alternativ zu den 1&amp;1 Tabletflats bietet 1&amp;1 auch <a title=\"1&amp;1 Notebook-Flat Tarife \u2013 optional mit Surf-Stick \/ Router\" href=\"https:\/\/aktionen-tarife.de\/1und1\/notebook-flat\"><strong>Notebook Flat<\/strong><\/a> Tarife inklusive Surf-Stick oder mobilem WLAN-Router an.<\/p>\n<hr \/>\n<p><strong><span class=\"rot\">Tablet \u00dcbersicht:<\/span> <a href=\"https:\/\/aktionen-tarife.de\/1und1\/infos\/tablets\">ALLE<\/a> &#8211; <a href=\"https:\/\/aktionen-tarife.de\/1und1\/aktuelles\/top-tablets\">Top-Tablets<\/a> &#8211; <a href=\"https:\/\/aktionen-tarife.de\/1und1\/aktuelles\/guenstige-tablets\">G\u00fcnstige Tablets<\/a> &#8211; <a href=\"https:\/\/aktionen-tarife.de\/1und1\/aktuelles\/grosse-tablets\">Gro\u00dfe Tablets<\/a> &#8211; <a href=\"https:\/\/aktionen-tarife.de\/1und1\/aktuelles\/kleine-tablets\">Kleine Tablets<\/a><\/strong><\/p>\n<hr \/>\n<h2><span class=\"farbig\">Tarif\u00fcbersicht<\/span> 1&amp;1 Tablet Flat Tarife &#8211; auf Wunsch mit Tablet<\/h2>\n<ul>\r\n \t<li><strong><a href=\"https:\/\/aktionen-tarife.de\/1und1\/tablet-flat\/l\">1&1 Tablet-Flat L<\/a><\/strong>: 2 GB Highspeed-Volumen mit <a href=\"https:\/\/aktionen-tarife.de\/1und1\/lte-4g\">LTE<\/a> Geschwindigkeit.\r\n<ul>\r\n \t<li><em>F\u00fcr monatlich 10 \u20ac Aufpreis mit <a href=\"https:\/\/aktionen-tarife.de\/1und1\/infos\/tablets\">Marken-Tablet<\/a> zum g\u00fcnstigen Preis.<\/em><\/li>\r\n<\/ul>\r\n<\/li>\r\n \t<li><strong><a href=\"https:\/\/aktionen-tarife.de\/1und1\/tablet-flat\/xl\">1&1 Tablet-Flat XL<\/a><\/strong>: 5 GB Highspeed Surfen mit <a href=\"https:\/\/aktionen-tarife.de\/1und1\/lte-4g\">LTE<\/a> Geschwindigkeit.\r\n<ul>\r\n \t<li><em>F\u00fcr monatlich 10 \u20ac Aufpreis mit <a href=\"https:\/\/aktionen-tarife.de\/1und1\/infos\/tablets\">Premium-Marken-Tablet<\/a> zum g\u00fcnstigen Preis.<\/em><\/li>\r\n<\/ul>\r\n<\/li>\r\n \t<li><a href=\"https:\/\/aktionen-tarife.de\/1und1\/tablet-flat\/special\"><strong>1&1 Tablet-Flat Special<\/strong><\/a>: 1 GB Highspeed surfen mit bis 21,6 MBit\/s.<\/li>\r\n \t<li><em>Alle 1&1 Tablet Flats mit <a href=\"https:\/\/aktionen-tarife.de\/1und1\/tablet-flat\/1und1-prinzip-premium-service\">1&1 Prinzip<\/a>: gratis Overnight-Lieferung und mehr.<\/em><\/li>\r\n \t<li><em>Alternativ bei 1&1: <a href=\"https:\/\/aktionen-tarife.de\/1und1\/notebook-flat\"><strong>Notebook-Flat Tarife<\/strong><\/a> mit Surf-Stick oder mobilem WLAN Router.<\/em><\/li>\r\n<\/ul>\n<hr \/>\n<h2><span class=\"farbig\">Angebote<\/span> f\u00fcr 1&amp;1 Tablet Flat Tarife <span class=\"rot\">im April 2026<\/span><\/h2>\n<ul>\n<li>Bei Tarifen im E-Plus Netz 12 Monate je 2 bis 5 \u20ac Preisvorteil (je nach Tarif bis <span class=\"farbig\">60 \u20ac sparen<\/span>).<\/li>\n<li>1&amp;1 Tablet Flat Tarife L und XL mit <span class=\"farbig\">verg\u00fcnstigtem Tablet ab 0 \u20ac<\/span> (monatlich 10 \u20ac). <a href=\"https:\/\/aktionen-tarife.de\/1und1\/tablets\">Auswahl<\/a><\/li>\n<li>Tarife L und XL statt mit neuem Tablet auch mit <span class=\"farbig\">Startgeschenk<\/span>: wahlweise 25 \u20ac (L) bzw. 50 \u20ac (XL) Startguthaben oder kostenloser <a href=\"https:\/\/aktionen-tarife.de\/1und1\/infos\/mobile-wlan-router\">mobiler LTE WLAN Router<\/a>.<\/li>\n<li>Premium Service ohne Mehrkosten (<a href=\"https:\/\/aktionen-tarife.de\/1und1\/tablet-flat\/1und1-prinzip-premium-service\">1&amp;1 Prinzip<\/a>), z.B. gratis Overnight Lieferung.<\/li>\n<\/ul>\n<hr \/>\n<h2><span class=\"desktop-tablet\"><span class=\"farbig\">D-Netz oder E-Plus \/ o2 Netz<\/span> &#8211; freie Netzwahl f\u00fcr 1&amp;1 Tablet-Flat <\/span><span class=\"smartphone\"><span class=\"farbig\">D-Netz oder E-Plus \/ o2 Netz<\/span><br \/>\n<\/span><\/h2>\n<p>Bei den 1&amp;1 Tablet Flat Tarifen haben Sie die Wahl zwischen dem <a href=\"https:\/\/tarife-aktionen.de\/vodafone\/netzabdeckung\" target=\"_blank\" rel=\"noopener\">Vodafone D2-Netz<\/a> (ohne <a href=\"https:\/\/tarife-aktionen.de\/vodafone\/lte\" target=\"_blank\" rel=\"noopener\">Vodafone LTE<\/a>) oder dem <a href=\"https:\/\/o2.surfen-telefonieren.de\/o2-netzabdeckung\" target=\"_blank\" rel=\"noopener\">E-Netz \/ o2 Netz<\/a> (inklusive <a href=\"https:\/\/aktionen-tarife.de\/1und1\/lte-4g\">LTE<\/a>). Die 1&amp;1 Tabletflat Tarife kosten in beiden Netzen die gleiche Monatsgeb\u00fchr. Es gibt nur kleine Unterschiede z.B. bei den Angeboten (z.B. bei den E-Plus Tablet Flat Tarifen in den ersten Monaten weniger zahlen).<\/p>\n<hr \/>\n<h2><span class=\"desktop-tablet\"><span class=\"farbig\">Tablets \/ Tablet-PC<\/span> g\u00fcnstig mit 1&amp;1 Tablet-Flat L Tarif <\/span><span class=\"smartphone\"><span class=\"farbig\">Tablets<\/span> zur 1&amp;1 Tablet-Flat L<\/span><\/h2>\n<p><img decoding=\"async\" class=\"alignright size-full wp-image-2885\" src=\"https:\/\/aktionen-tarife.de\/1und1\/inhalte\/2015\/10\/1und1-tablet-flat-tarife.jpg\" alt=\"1&amp;1 Tablet-Flat Tarife \u2013 auf Wunsch mit Tablet-PC\" width=\"150\" height=\"100\" srcset=\"https:\/\/aktionen-tarife.de\/1und1\/inhalte\/2015\/10\/1und1-tablet-flat-tarife.jpg 150w, https:\/\/aktionen-tarife.de\/1und1\/inhalte\/2015\/10\/1und1-tablet-flat-tarife-80x53.jpg 80w\" sizes=\"(max-width: 150px) 100vw, 150px\" \/>F\u00fcr nur 10 \u20ac monatlichen Aufpreis erhalten Sie die 1&amp;1 Tarife <a href=\"https:\/\/aktionen-tarife.de\/1und1\/tablet-flat\/l\">Tablet Flat L<\/a> und <a href=\"https:\/\/aktionen-tarife.de\/1und1\/tablet-flat\/xl\">Tablet Flat XL<\/a> mit einem aktuellem <a href=\"https:\/\/aktionen-tarife.de\/1und1\/tablets\"><strong>Tablet-PC<\/strong><\/a> ab 0 \u20ac einmaliger Zuzahlung. Selbst Top-Ger\u00e4te bekannter Markenhersteller erhalten Sie ab 0 \u20ac oder f\u00fcr wenig Geld. Das Ger\u00e4t geh\u00f6rt Ihnen, also auch wenn der 1&amp;1 Tablet Flat Vertrag nach 24 Monaten gek\u00fcndigt wird.<\/p>\n<p><span class=\"rot\">Tablets nach Hersteller:<\/span> <strong><a href=\"https:\/\/aktionen-tarife.de\/1und1\/aktuelles\/tablets-apple-ipad\">Apple (iPad)<\/a> &#8211; <a href=\"https:\/\/aktionen-tarife.de\/1und1\/aktuelles\/tablets-samsung\">Samsung<\/a> &#8211; <a href=\"https:\/\/aktionen-tarife.de\/1und1\/aktuelles\/tablets-huawei\">Huawei<\/a> &#8211; <a href=\"https:\/\/aktionen-tarife.de\/1und1\/smartphones\">Lenovo<\/a> &#8211; <a href=\"https:\/\/aktionen-tarife.de\/1und1\/tablets\">Weitere<\/a><\/strong><\/p>\n<p><span class=\"rot\">Nachfolgende eine Auswahl an Tablets<\/span> &#8211; <a href=\"https:\/\/aktionen-tarife.de\/1und1\/infos\/tablets\"><strong>alle Ger\u00e4te hier<\/strong><\/a><\/p>\n<div class=\"rssfp-items-wrapper\"><ul><!--via SimplePie with rssfp_import--><li><a href=\"https:\/\/aktionen-tarife.de\/1und1\/tablets\/apple-ipad-mini-4\" title=\"Apple iPad mini 4 g\u00fcnstig mit 1&amp;1 Tablet Flat Tarif\">Apple iPad mini 4 g\u00fcnstig mit 1&amp;1 Tablet Flat Tarif<\/a><\/li><\/ul>\n<div class=\"rssfp-items-wrapper\"><ul><!--via SimplePie with rssfp_import--><li><a href=\"https:\/\/aktionen-tarife.de\/1und1\/tablets\/samsung-galaxy-tab-s2-9-7\" title=\"Samsung Galaxy Tab S2 9.7 g\u00fcnstig mit 1&amp;1 Tablet Flat Tarif\">Samsung Galaxy Tab S2 9.7 g\u00fcnstig mit 1&amp;1 Tablet Flat Tarif<\/a><\/li><\/ul>\n<div class=\"rssfp-items-wrapper\"><p>No items, feed is empty.<\/p>\n<div class=\"rssfp-items-wrapper\"><p>No items, feed is empty.<\/p>\n<div class=\"rssfp-items-wrapper\"><p>No items, feed is empty.<\/p>\n<hr \/>\n<h2><span class=\"farbig\">Bestellung<\/span> 1&amp;1 Tablet Flat Tarife und optional Tablet-PC<\/h2>\n<p><span class=\"desktop-tablet\"><a title=\"1&amp;1 Onlinebestellung: Tablet-Flat und optional Tablet-PC\" href=\"https:\/\/aktionen-tarife.de\/1und1\/zum-anbieter\/datentarife\/1und1-datentarife-allgemein\" target=\"_blank\" rel=\"noopener\"><img decoding=\"async\" class=\"alignright size-full wp-image-552\" src=\"https:\/\/aktionen-tarife.de\/1und1\/inhalte\/2015\/09\/1und1-onlinebestellung.png\" alt=\"1&amp;1 Onlinebestellung\" width=\"150\" height=\"30\" srcset=\"https:\/\/aktionen-tarife.de\/1und1\/inhalte\/2015\/09\/1und1-onlinebestellung.png 150w, https:\/\/aktionen-tarife.de\/1und1\/inhalte\/2015\/09\/1und1-onlinebestellung-80x16.png 80w\" sizes=\"(max-width: 150px) 100vw, 150px\" \/><\/a>Die 1&amp;1 Tablet-Flat Tarife (auf Wunsch mit neuem Tablet-PC) k\u00f6nnen 1&amp;1 Neukunden im <a title=\"1&amp;1 Onlinebestellung: Tablet-Flat und optional Tablet-PC\" href=\"https:\/\/aktionen-tarife.de\/1und1\/zum-anbieter\/datentarife\/1und1-datentarife-allgemein\" target=\"_blank\" rel=\"noopener\"><strong>Onlineshop<\/strong><\/a> bestellen. F\u00fcr Bestandskunden (Vertragsverl\u00e4ngerung Tablet-Flat): <a title=\"1&amp;1 Kundenservice: Hotline, Kontaktformular und Hilfe\" href=\"https:\/\/aktionen-tarife.de\/1und1\/kontakt\/kundenservice\">Kundenservice<\/a>. <\/span><span class=\"smartphone\">1&amp;1 Tablet-Flat und Tablet-PCs im <strong><a title=\"1&amp;1 Onlinebestellung: Tablet-Flat und optional Tablet-PC\" href=\"https:\/\/aktionen-tarife.de\/1und1\/zum-anbieter\/datentarife\/1und1-datentarife-allgemein\" target=\"_blank\" rel=\"noopener\">1&amp;1 Onlineshop<\/a><\/strong> bestellen.<\/span><\/p>\n<p><a title=\"Callback \/ R\u00fcckruf: telefonische Bestellung Tablet Flat Tarife\" href=\"https:\/\/aktionen-tarife.de\/1und1\/kontakt\/telefonische-beratung\"><img decoding=\"async\" class=\"alignright size-full wp-image-553\" src=\"https:\/\/aktionen-tarife.de\/1und1\/inhalte\/2015\/09\/1und1-telefonisch-bestellen.png\" alt=\"1&amp;1 telefonisch bestellen\" width=\"150\" height=\"30\" srcset=\"https:\/\/aktionen-tarife.de\/1und1\/inhalte\/2015\/09\/1und1-telefonisch-bestellen.png 150w, https:\/\/aktionen-tarife.de\/1und1\/inhalte\/2015\/09\/1und1-telefonisch-bestellen-80x16.png 80w\" sizes=\"(max-width: 150px) 100vw, 150px\" \/><\/a><span class=\"desktop-tablet\">F\u00fcr 1&amp;1 Datentarif <strong>Neukunden<\/strong> nehmen wir die Tabletflat Bestellung auch telefonisch unter <strong><a href=\"tel:+4939434099911\" onclick=\"ga('send', 'event', 'hotline', 'hotline-content', 'hotline-content-ohne-zeit');\">0 39 43 \/ 40 999 11<\/a><\/strong> entgegen oder Sie nutzen den kostenlosen und unverbindlichen <a title=\"Callback \/ R\u00fcckruf: telefonische Beratung zu 1&amp;1 Tarifen\" href=\"https:\/\/aktionen-tarife.de\/1und1\/kontakt\/telefonische-beratung\">R\u00fcckruf-Service<\/a>. <\/span><span class=\"smartphone\">1&amp;1 Datentarif <strong>Neukunden<\/strong> k\u00f6nnen die Tabletflat unter <strong><a href=\"tel:+4939434099911\" onclick=\"ga('send', 'event', 'hotline', 'hotline-content', 'hotline-content-ohne-zeit');\">0 39 43 \/ 40 999 11<\/a><\/strong> telefonisch bestellen (<a title=\"Callback \/ R\u00fcckruf: telefonische Beratung zu 1&amp;1 Tarifen\" href=\"https:\/\/aktionen-tarife.de\/1und1\/kontakt\/telefonische-beratung\">R\u00fcckruf-Service hier<\/a>).<\/span><\/p>\n<p><img decoding=\"async\" class=\"alignright size-full wp-image-554\" src=\"https:\/\/aktionen-tarife.de\/1und1\/inhalte\/2015\/09\/1und1-bestellformular-pdf.png\" alt=\"1&amp;1 Bestellformular (PDF)\" width=\"150\" height=\"30\" srcset=\"https:\/\/aktionen-tarife.de\/1und1\/inhalte\/2015\/09\/1und1-bestellformular-pdf.png 150w, https:\/\/aktionen-tarife.de\/1und1\/inhalte\/2015\/09\/1und1-bestellformular-pdf-80x16.png 80w\" sizes=\"(max-width: 150px) 100vw, 150px\" \/><span class=\"desktop-tablet\">F\u00fcr 1&amp;1 Tabletflat Neukunden: Tarife und optional Tablet-PC k\u00f6nnen Sie schriftlich mit unserem <strong>PDF Bestellformular<\/strong> beauftragen. Gern senden wir Ihnen auch Unterlagen zur 1&amp;1 Tablet-Flat <a title=\"Bestellformulare \/ Flyer f\u00fcr 1&amp;1 Tarife per Post \/ eMail\" href=\"https:\/\/aktionen-tarife.de\/1und1\/kontakt\/unterlagen-zusenden\">per Post zu<\/a>. <\/span><span class=\"smartphone\">F\u00fcr 1&amp;1 Tablet-Flat Neukunden: Tarif und Tablet-PC per <strong>PDF Bestellformular<\/strong> beauftragen oder Unterlagen <strong><a title=\"Bestellformulare \/ Flyer f\u00fcr 1&amp;1 Tarife per Post \/ eMail\" href=\"https:\/\/aktionen-tarife.de\/1und1\/kontakt\/unterlagen-zusenden\">zusenden lassen<\/a><\/strong>.<\/span><\/p>\n<hr \/>\n<p><span style=\"color: #999999;\">*1&amp;1 Tablet-Flat Tarife mit Tablet-PC, der Special Tarif oder Tarife mit Nutzung von Preisvorteilen haben eine Mindestvertragslaufzeit von 24 Monaten. Der 1&amp;1 Tabletflat Vertrag verl\u00e4ngert sich um je 12 Monate, wenn nicht 3 Monate vorher gek\u00fcndigt wird.<\/span><\/p>\n","protected":false},"excerpt":{"rendered":"<p>Bei 1&amp;1 gibt es Tablet-Flat Tarife extra g\u00fcnstig. Gegen einen Aufpreis von 10 \u20ac kann bei den Tarifen L und XL auch ein Marken- oder Premium Tablet-PC mitbestellt werden, zum Beispiel Samsung Galaxy Tab oder Apple iPad. Alternativ zu den 1&amp;1 Tabletflats bietet 1&amp;1 auch Notebook Flat Tarife inklusive Surf-Stick oder mobilem WLAN-Router an. Tablet &hellip; <a href=\"https:\/\/aktionen-tarife.de\/1und1\/tablet-flat\" class=\"more-link\"><span class=\"screen-reader-text\">1&#038;1 Tablet-Flat Tarife \u2013 auf Wunsch mit Tablet-PC<\/span> weiterlesen <span class=\"meta-nav\">&rarr;<\/span><\/a><\/p>\n","protected":false},"author":30,"featured_media":0,"parent":0,"menu_order":610001,"comment_status":"closed","ping_status":"closed","template":"","meta":{"footnotes":""},"class_list":["post-720","page","type-page","status-publish","hentry"],"_links":{"self":[{"href":"https:\/\/aktionen-tarife.de\/1und1\/wp-json\/wp\/v2\/pages\/720","targetHints":{"allow":["GET"]}}],"collection":[{"href":"https:\/\/aktionen-tarife.de\/1und1\/wp-json\/wp\/v2\/pages"}],"about":[{"href":"https:\/\/aktionen-tarife.de\/1und1\/wp-json\/wp\/v2\/types\/page"}],"author":[{"embeddable":true,"href":"https:\/\/aktionen-tarife.de\/1und1\/wp-json\/wp\/v2\/users\/30"}],"replies":[{"embeddable":true,"href":"https:\/\/aktionen-tarife.de\/1und1\/wp-json\/wp\/v2\/comments?post=720"}],"version-history":[{"count":3,"href":"https:\/\/aktionen-tarife.de\/1und1\/wp-json\/wp\/v2\/pages\/720\/revisions"}],"predecessor-version":[{"id":9277,"href":"https:\/\/aktionen-tarife.de\/1und1\/wp-json\/wp\/v2\/pages\/720\/revisions\/9277"}],"wp:attachment":[{"href":"https:\/\/aktionen-tarife.de\/1und1\/wp-json\/wp\/v2\/media?parent=720"}],"curies":[{"name":"wp","href":"https:\/\/api.w.org\/{rel}","templated":true}]}}