{"id":712,"date":"2017-11-02T00:01:03","date_gmt":"2017-11-01T23:01:03","guid":{"rendered":"https:\/\/aktionen-tarife.de\/1und1\/?page_id=712"},"modified":"2022-12-22T19:35:18","modified_gmt":"2022-12-22T18:35:18","slug":"d-netz","status":"publish","type":"page","link":"https:\/\/aktionen-tarife.de\/1und1\/mobilfunk\/auslandstarife\/roaming\/d-netz","title":{"rendered":"1&#038;1 Roaming Tarife f\u00fcr Allnet Flat Kunden im D-Netz (Vodafone D2)"},"content":{"rendered":"<p>Wenn Sie einen 1&amp;1 <strong><a href=\"https:\/\/aktionen-tarife.de\/1und1\/all-net-flat\">All-Net Flat<\/a><\/strong>,<strong> <a href=\"https:\/\/aktionen-tarife.de\/1und1\/tablet-flat\">Tablet Flat<\/a><\/strong> oder <a href=\"https:\/\/aktionen-tarife.de\/1und1\/notebook-flat\"><strong>Notebook Flat<\/strong><\/a> Tarif im <span class=\"farbig\">Vodafone D2 Netz<\/span> haben, finden Sie hier die <span class=\"farbig\">Kosten im und ins Ausland<\/span>. Kosten k\u00f6nnen anfallen, wenn Sie sich im Ausland befinden (Roaming): im Ausland zahlen Sie f\u00fcr ankommende Gespr\u00e4che, f\u00fcr abgehende Gespr\u00e4che sowie f\u00fcr die Nutzung von mobilen Internet \u00fcber das Handynetz. Eine Ausnahme davon gibt es bei den 1&amp;1 Allnet-Flat Tarifen im Vodafone Netz mit <strong><a href=\"https:\/\/aktionen-tarife.de\/1und1\/mobilfunk\/auslandstarife\/eu-flat-surfen-telefonieren\">EU-Flat<\/a><\/strong>, denn hier fallen bei Nutzung Ihres 1&amp;1 Mobilfunk-Vertrags im EU-Ausland keine extra Kosten an! Kosten fallen auch f\u00fcr Telefonate von Deutschland ins Ausland an (<a href=\"https:\/\/aktionen-tarife.de\/1und1\/mobilfunk\/auslandstarife\">1&amp;1 Auslandstarife<\/a>).<\/p>\n<hr \/>\n<h2><span class=\"farbig\">Download<\/span> Preisliste ins Ausland und im Ausland (Roaming)<\/h2>\n<ul>\n<li><strong>Auslands-Preiseliste f\u00fcr Allnet Flat Kunden im D2-Netz (Vodafone Netz)<\/strong><\/li>\n<\/ul>\n<hr \/>\n<p><a href=\"https:\/\/aktionen-tarife.de\/1und1\/mobilfunk\/auslandstarife\/roaming\/telefonica\"><em>Roaming Kosten f\u00fcr Kunden mit Tarif im E-Plus Netz hier<\/em><\/a><\/p>\n","protected":false},"excerpt":{"rendered":"<p>Wenn Sie einen 1&amp;1 All-Net Flat, Tablet Flat oder Notebook Flat Tarif im Vodafone D2 Netz haben, finden Sie hier die Kosten im und ins Ausland. Kosten k\u00f6nnen anfallen, wenn Sie sich im Ausland befinden (Roaming): im Ausland zahlen Sie f\u00fcr ankommende Gespr\u00e4che, f\u00fcr abgehende Gespr\u00e4che sowie f\u00fcr die Nutzung von mobilen Internet \u00fcber das &hellip; <a href=\"https:\/\/aktionen-tarife.de\/1und1\/mobilfunk\/auslandstarife\/roaming\/d-netz\" class=\"more-link\"><span class=\"screen-reader-text\">1&#038;1 Roaming Tarife f\u00fcr Allnet Flat Kunden im D-Netz (Vodafone D2)<\/span> weiterlesen <span class=\"meta-nav\">&rarr;<\/span><\/a><\/p>\n","protected":false},"author":29,"featured_media":0,"parent":707,"menu_order":0,"comment_status":"closed","ping_status":"closed","template":"","meta":{"footnotes":""},"class_list":["post-712","page","type-page","status-publish","hentry"],"_links":{"self":[{"href":"https:\/\/aktionen-tarife.de\/1und1\/wp-json\/wp\/v2\/pages\/712","targetHints":{"allow":["GET"]}}],"collection":[{"href":"https:\/\/aktionen-tarife.de\/1und1\/wp-json\/wp\/v2\/pages"}],"about":[{"href":"https:\/\/aktionen-tarife.de\/1und1\/wp-json\/wp\/v2\/types\/page"}],"author":[{"embeddable":true,"href":"https:\/\/aktionen-tarife.de\/1und1\/wp-json\/wp\/v2\/users\/29"}],"replies":[{"embeddable":true,"href":"https:\/\/aktionen-tarife.de\/1und1\/wp-json\/wp\/v2\/comments?post=712"}],"version-history":[{"count":1,"href":"https:\/\/aktionen-tarife.de\/1und1\/wp-json\/wp\/v2\/pages\/712\/revisions"}],"predecessor-version":[{"id":9427,"href":"https:\/\/aktionen-tarife.de\/1und1\/wp-json\/wp\/v2\/pages\/712\/revisions\/9427"}],"up":[{"embeddable":true,"href":"https:\/\/aktionen-tarife.de\/1und1\/wp-json\/wp\/v2\/pages\/707"}],"wp:attachment":[{"href":"https:\/\/aktionen-tarife.de\/1und1\/wp-json\/wp\/v2\/media?parent=712"}],"curies":[{"name":"wp","href":"https:\/\/api.w.org\/{rel}","templated":true}]}}