{"id":711,"date":"2017-11-02T00:01:12","date_gmt":"2017-11-01T23:01:12","guid":{"rendered":"https:\/\/aktionen-tarife.de\/1und1\/?page_id=711"},"modified":"2022-12-22T19:35:14","modified_gmt":"2022-12-22T18:35:14","slug":"telefonica","status":"publish","type":"page","link":"https:\/\/aktionen-tarife.de\/1und1\/mobilfunk\/auslandstarife\/roaming\/telefonica","title":{"rendered":"1&#038;1 Roaming Tarife Allnet Flat Kunden im Telef\u00f3nica-Netz (o2 \/ E-Plus)"},"content":{"rendered":"<p>Wenn Sie einen 1&amp;1 <strong><a href=\"https:\/\/aktionen-tarife.de\/1und1\/all-net-flat\">All-Net Flat<\/a><\/strong>, <strong><a href=\"https:\/\/aktionen-tarife.de\/1und1\/notebook-flat\">Notebook Flat<\/a><\/strong> oder <strong><a href=\"https:\/\/aktionen-tarife.de\/1und1\/tablet-flat\">Tablet Flat<\/a><\/strong> Tarif <span class=\"farbig\">im Telef\u00f3nica-Netz<\/span> haben (E-Plus \/ o2-Netz), finden Sie hier die <span class=\"farbig\">Kosten im und ins Ausland<\/span>. Zus\u00e4tzliche Kosten fallen an f\u00fcr Telefonate von Deutschland ins Ausland, aber auch wenn Sie sich im Ausland befinden (Roaming). Im Ausland zahlen Sie f\u00fcr ankommende Gespr\u00e4che, f\u00fcr abgehende Gespr\u00e4che sowie f\u00fcr die Internetnutzung. Eine Ausnahme davon gibt es bei den 1&amp;1 Allnet-Flat Tarifen mit <strong><a href=\"https:\/\/aktionen-tarife.de\/1und1\/mobilfunk\/auslandstarife\/eu-flat-surfen-telefonieren\">EU-Flat<\/a><\/strong>, bei denen f\u00fcr die Nutzung Ihres Handyvertrags im EU-Ausland keine extra Kosten anfallen!<\/p>\n<hr \/>\n<h2><span class=\"farbig\">Download<\/span> Preisliste ins Ausland und im Ausland (Roaming)<\/h2>\n<ul>\n<li><strong>Auslands-Preiseliste f\u00fcr Allnet Flat Kunden im E-Netz (E-Plus Netz)<\/strong><\/li>\n<\/ul>\n<hr \/>\n<p><a href=\"https:\/\/aktionen-tarife.de\/1und1\/mobilfunk\/auslandstarife\/roaming\/d-netz\"><em>Roaming Kosten f\u00fcr Kunden mit Tarif im Vodafone D2 Netz hier<\/em><\/a><\/p>\n","protected":false},"excerpt":{"rendered":"<p>Wenn Sie einen 1&amp;1 All-Net Flat, Notebook Flat oder Tablet Flat Tarif im Telef\u00f3nica-Netz haben (E-Plus \/ o2-Netz), finden Sie hier die Kosten im und ins Ausland. Zus\u00e4tzliche Kosten fallen an f\u00fcr Telefonate von Deutschland ins Ausland, aber auch wenn Sie sich im Ausland befinden (Roaming). Im Ausland zahlen Sie f\u00fcr ankommende Gespr\u00e4che, f\u00fcr abgehende &hellip; <a href=\"https:\/\/aktionen-tarife.de\/1und1\/mobilfunk\/auslandstarife\/roaming\/telefonica\" class=\"more-link\"><span class=\"screen-reader-text\">1&#038;1 Roaming Tarife Allnet Flat Kunden im Telef\u00f3nica-Netz (o2 \/ E-Plus)<\/span> weiterlesen <span class=\"meta-nav\">&rarr;<\/span><\/a><\/p>\n","protected":false},"author":29,"featured_media":0,"parent":707,"menu_order":0,"comment_status":"closed","ping_status":"closed","template":"","meta":{"footnotes":""},"class_list":["post-711","page","type-page","status-publish","hentry"],"_links":{"self":[{"href":"https:\/\/aktionen-tarife.de\/1und1\/wp-json\/wp\/v2\/pages\/711","targetHints":{"allow":["GET"]}}],"collection":[{"href":"https:\/\/aktionen-tarife.de\/1und1\/wp-json\/wp\/v2\/pages"}],"about":[{"href":"https:\/\/aktionen-tarife.de\/1und1\/wp-json\/wp\/v2\/types\/page"}],"author":[{"embeddable":true,"href":"https:\/\/aktionen-tarife.de\/1und1\/wp-json\/wp\/v2\/users\/29"}],"replies":[{"embeddable":true,"href":"https:\/\/aktionen-tarife.de\/1und1\/wp-json\/wp\/v2\/comments?post=711"}],"version-history":[{"count":1,"href":"https:\/\/aktionen-tarife.de\/1und1\/wp-json\/wp\/v2\/pages\/711\/revisions"}],"predecessor-version":[{"id":9415,"href":"https:\/\/aktionen-tarife.de\/1und1\/wp-json\/wp\/v2\/pages\/711\/revisions\/9415"}],"up":[{"embeddable":true,"href":"https:\/\/aktionen-tarife.de\/1und1\/wp-json\/wp\/v2\/pages\/707"}],"wp:attachment":[{"href":"https:\/\/aktionen-tarife.de\/1und1\/wp-json\/wp\/v2\/media?parent=711"}],"curies":[{"name":"wp","href":"https:\/\/api.w.org\/{rel}","templated":true}]}}