{"id":707,"date":"2017-12-02T00:01:35","date_gmt":"2017-12-01T23:01:35","guid":{"rendered":"https:\/\/aktionen-tarife.de\/1und1\/?page_id=707"},"modified":"2022-12-22T19:35:18","modified_gmt":"2022-12-22T18:35:18","slug":"roaming","status":"publish","type":"page","link":"https:\/\/aktionen-tarife.de\/1und1\/mobilfunk\/auslandstarife\/roaming","title":{"rendered":"1&#038;1 Roaming Tarife &#8211; mit All-Net-Flat im Ausland surfen \/ telefonieren"},"content":{"rendered":"<p><img decoding=\"async\" class=\"alignright size-full wp-image-7065\" src=\"https:\/\/aktionen-tarife.de\/1und1\/inhalte\/2017\/12\/1und1-roaming-tarife.jpg\" alt=\"1&amp;1 Roaming Tarife - mit All-Net-Flat im Ausland surfen \/ telefonieren\" width=\"150\" height=\"100\" srcset=\"https:\/\/aktionen-tarife.de\/1und1\/inhalte\/2017\/12\/1und1-roaming-tarife.jpg 150w, https:\/\/aktionen-tarife.de\/1und1\/inhalte\/2017\/12\/1und1-roaming-tarife-80x53.jpg 80w\" sizes=\"(max-width: 150px) 100vw, 150px\" \/>Infos zu 1&amp;1 Roaming Kosten: wenn Sie im Ausland sind und Ihren <a href=\"https:\/\/aktionen-tarife.de\/1und1\/mobilfunk\"><strong>1&amp;1 Mobilfunk<\/strong><\/a> nutzen m\u00f6chten, fallen sogenannte <span class=\"farbig\">Roaming<\/span> Geb\u00fchren an.\u00a0 Die Kosten f\u00fcr 1&amp;1 Roaming richten sich nach dem gew\u00e4hlten Netz (<strong><a href=\"https:\/\/aktionen-tarife.de\/1und1\/mobilfunk\/auslandstarife\/roaming\/telefonica\">Telef\u00f3nica-Netz<\/a><\/strong> oder <strong><a href=\"https:\/\/aktionen-tarife.de\/1und1\/mobilfunk\/auslandstarife\/roaming\/d-netz\">D-Netz<\/a><\/strong>). <strong>Ausnahme<\/strong> davon bilden die <a href=\"https:\/\/aktionen-tarife.de\/1und1\/all-net-flat\"><strong>All-Net Flat<\/strong><\/a> \/ Smartphone Tarife, welche die <a href=\"https:\/\/aktionen-tarife.de\/1und1\/mobilfunk\/auslandstarife\/eu-flat-surfen-telefonieren\"><strong>EU-Flat<\/strong><\/a> beinhalten und damit in den EU-L\u00e4ndern keine Roaming Kosten anfallen.<\/p>\n<hr \/>\n<h2><span class=\"farbig\">Welche 1&amp;1 Roaming Kosten<\/span> k\u00f6nnen im Mobilfunk Vertrag anfallen?<\/h2>\n<p>Kosten f\u00fcr 1&amp;1 Roaming k\u00f6nnen anfallen, wenn Sie Ihren Tarif au\u00dferhalb Europas nutzen.<\/p>\n<ul>\n<li>Kosten f\u00fcr die <strong>Internet-Nutzung<\/strong> im Ausland (z.B. per Smartphone, Tablet oder Notebook).<\/li>\n<li><strong>Ankommende Gespr\u00e4che<\/strong> im Ausland (f\u00fcr die Weiterleitung des Gespr\u00e4chs ins Ausland).<\/li>\n<li><strong>Abgehende Gespr\u00e4che<\/strong> im Ausland (z.B. Anruf vom Urlaubsland nach Deutschland).<\/li>\n<\/ul>\n<hr \/>\n<h2><span class=\"farbig\">EU-Flat<\/span> f\u00fcr All-Net Flat &#8211; keine 1&amp;1 Roaming Kosten im EU-Ausland<\/h2>\n<p>Mit der <a href=\"https:\/\/aktionen-tarife.de\/1und1\/mobilfunk\/auslandstarife\/eu-flat-surfen-telefonieren\"><strong>EU-Flat<\/strong><\/a>, welche bei allen All-Net Flat Tarifen enthalten ist, k\u00f6nnen Sie kostenfrei im EU-Land nach Deutschland oder innerhalb des jeweiligen EU-Landes anrufen &#8211; es fallen hierbei also keine Roaming Kosten an. Auch ankommende Telefonate sind kostenlos (kein Roamingaufschlag). Selbst surfen per Smartphone ohne Roaming Kosten ist mit der <a href=\"https:\/\/aktionen-tarife.de\/1und1\/mobilfunk\/auslandstarife\/eu-flat-surfen-telefonieren\">EU-Flat<\/a> kein Problem (gleiches Highspeed Datenvolumen wie im Inland). Eine \u00dcbersicht aller L\u00e4nder Europas, in denen die EU-Flat gilt, finden Sie <a href=\"https:\/\/aktionen-tarife.de\/1und1\/mobilfunk\/auslandstarife\/eu-flat-surfen-telefonieren\"><strong>HIER<\/strong><\/a>.<\/p>\n<hr \/>\n<h2><span class=\"farbig\">1&amp;1 Roaming Kosten weltweit<\/span> f\u00fcr 1und1 Mobilfunk Tarife<\/h2>\n<p>Download Preisliste ins Ausland und im Ausland (Roaming) f\u00fcr 1&amp;1 Mobilfunk-Kunden:<\/p>\n<ul>\n<li><strong>Auslands-Preiseliste f\u00fcr Allnet Flat Kunden im E-Netz (E-Plus Netz)<\/strong><\/li>\n<li><strong>Auslands-Preiseliste f\u00fcr Allnet Flat Kunden im D2-Netz (Vodafone Netz)<\/strong><\/li>\n<\/ul>\n<hr \/>\n","protected":false},"excerpt":{"rendered":"<p>Infos zu 1&amp;1 Roaming Kosten: wenn Sie im Ausland sind und Ihren 1&amp;1 Mobilfunk nutzen m\u00f6chten, fallen sogenannte Roaming Geb\u00fchren an.\u00a0 Die Kosten f\u00fcr 1&amp;1 Roaming richten sich nach dem gew\u00e4hlten Netz (Telef\u00f3nica-Netz oder D-Netz). Ausnahme davon bilden die All-Net Flat \/ Smartphone Tarife, welche die EU-Flat beinhalten und damit in den EU-L\u00e4ndern keine Roaming &hellip; <a href=\"https:\/\/aktionen-tarife.de\/1und1\/mobilfunk\/auslandstarife\/roaming\" class=\"more-link\"><span class=\"screen-reader-text\">1&#038;1 Roaming Tarife &#8211; mit All-Net-Flat im Ausland surfen \/ telefonieren<\/span> weiterlesen <span class=\"meta-nav\">&rarr;<\/span><\/a><\/p>\n","protected":false},"author":30,"featured_media":7065,"parent":703,"menu_order":0,"comment_status":"closed","ping_status":"closed","template":"","meta":{"footnotes":""},"class_list":["post-707","page","type-page","status-publish","hentry","has-post-thumbnail"],"_links":{"self":[{"href":"https:\/\/aktionen-tarife.de\/1und1\/wp-json\/wp\/v2\/pages\/707","targetHints":{"allow":["GET"]}}],"collection":[{"href":"https:\/\/aktionen-tarife.de\/1und1\/wp-json\/wp\/v2\/pages"}],"about":[{"href":"https:\/\/aktionen-tarife.de\/1und1\/wp-json\/wp\/v2\/types\/page"}],"author":[{"embeddable":true,"href":"https:\/\/aktionen-tarife.de\/1und1\/wp-json\/wp\/v2\/users\/30"}],"replies":[{"embeddable":true,"href":"https:\/\/aktionen-tarife.de\/1und1\/wp-json\/wp\/v2\/comments?post=707"}],"version-history":[{"count":2,"href":"https:\/\/aktionen-tarife.de\/1und1\/wp-json\/wp\/v2\/pages\/707\/revisions"}],"predecessor-version":[{"id":9425,"href":"https:\/\/aktionen-tarife.de\/1und1\/wp-json\/wp\/v2\/pages\/707\/revisions\/9425"}],"up":[{"embeddable":true,"href":"https:\/\/aktionen-tarife.de\/1und1\/wp-json\/wp\/v2\/pages\/703"}],"wp:featuredmedia":[{"embeddable":true,"href":"https:\/\/aktionen-tarife.de\/1und1\/wp-json\/wp\/v2\/media\/7065"}],"wp:attachment":[{"href":"https:\/\/aktionen-tarife.de\/1und1\/wp-json\/wp\/v2\/media?parent=707"}],"curies":[{"name":"wp","href":"https:\/\/api.w.org\/{rel}","templated":true}]}}