{"id":6209,"date":"2017-12-05T00:01:45","date_gmt":"2017-12-04T23:01:45","guid":{"rendered":"https:\/\/aktionen-tarife.de\/1und1\/?page_id=6209"},"modified":"2022-12-22T19:34:36","modified_gmt":"2022-12-22T18:34:36","slug":"newphone-option","status":"publish","type":"page","link":"https:\/\/aktionen-tarife.de\/1und1\/smartphones\/newphone-option","title":{"rendered":"1&#038;1 NewPhone Option &#8211; alle 12 Monate ein neues Smartphone g\u00fcnstig"},"content":{"rendered":"<p><img decoding=\"async\" class=\"alignright size-full wp-image-7142\" src=\"https:\/\/aktionen-tarife.de\/1und1\/inhalte\/2017\/12\/1und1-newphone-option-all-net-flat.jpg\" alt=\"1&amp;1 NewPhone Option - alle 12 Monate ein neues Smartphone g\u00fcnstig\" width=\"150\" height=\"100\" srcset=\"https:\/\/aktionen-tarife.de\/1und1\/inhalte\/2017\/12\/1und1-newphone-option-all-net-flat.jpg 150w, https:\/\/aktionen-tarife.de\/1und1\/inhalte\/2017\/12\/1und1-newphone-option-all-net-flat-80x53.jpg 80w\" sizes=\"(max-width: 150px) 100vw, 150px\" \/>Mit der <span class=\"farbig\">1&amp;1 NewPhone<\/span> Option als Erg\u00e4nzung zu den <a href=\"https:\/\/aktionen-tarife.de\/1und1\/all-net-flat\"><strong>1&amp;1 All-Net-Flat<\/strong><\/a> Tarifen k\u00f6nnen Sie auf Wunsch alle 12 Monate ein neues Smartphone zum Vorzugspreis (wie Neukunden) bestellen. Das gebrauchte Handy geben Sie dann zur\u00fcck (wird weiter verwertet). Die 1&amp;1 NewPhone Option kostet <strong>4,99 \u20ac Aufpreis<\/strong> zum gew\u00e4hlten Allnet-Flat Tarif.<\/p>\n<hr \/>\n<p><span class=\"rot\">Smartphone \u00dcbersicht:<\/span> <strong><a href=\"https:\/\/aktionen-tarife.de\/1und1\/aktuelles\/top-smartphones\">Top-Smartphones<\/a> &#8211; <a href=\"https:\/\/aktionen-tarife.de\/1und1\/aktuelles\/guenstige-smartphones\">G\u00fcnstige Smartphones<\/a> &#8211; <a href=\"https:\/\/aktionen-tarife.de\/1und1\/aktuelles\/phablets\">Phablets (XL-Display)<\/a><\/strong><\/p>\n<hr \/>\n<p><span class=\"rot\">Smartphones nach Hersteller:<\/span> <strong><a href=\"https:\/\/aktionen-tarife.de\/1und1\/aktuelles\/smartphones-apple-iphone\">Apple (iPhone)<\/a> &#8211; <a href=\"https:\/\/aktionen-tarife.de\/1und1\/aktuelles\/smartphones-samsung\">Samsung<\/a> &#8211; <a href=\"https:\/\/aktionen-tarife.de\/1und1\/aktuelles\/smartphones-sony\">Sony<\/a> &#8211; <a href=\"https:\/\/aktionen-tarife.de\/1und1\/aktuelles\/smartphones-huawei\">Huawei<\/a> &#8211; <a href=\"https:\/\/aktionen-tarife.de\/1und1\/aktuelles\/smartphones-zte\">ZTE<\/a> &#8211; <a href=\"https:\/\/aktionen-tarife.de\/1und1\/aktuelles\/smartphones-htc\">HTC<\/a> &#8211; <a href=\"https:\/\/aktionen-tarife.de\/1und1\/aktuelles\/smartphones-lg\">LG<\/a><\/strong><\/p>\n<hr \/>\n<h2><span class=\"farbig\">So einfach funktioniert<\/span> die 1&amp;1 NewPhone Option f\u00fcr All-Net-Flat Kunden<\/h2>\n<p><a href=\"https:\/\/aktionen-tarife.de\/1und1\/zum-anbieter\/handytarife\/1und1-handytarife-allgemein\" target=\"_blank\" rel=\"noopener\"><img decoding=\"async\" class=\"alignright size-full wp-image-552\" src=\"https:\/\/aktionen-tarife.de\/1und1\/inhalte\/2015\/09\/1und1-onlinebestellung.png\" alt=\"1&amp;1 Onlinebestellung\" width=\"150\" height=\"30\" srcset=\"https:\/\/aktionen-tarife.de\/1und1\/inhalte\/2015\/09\/1und1-onlinebestellung.png 150w, https:\/\/aktionen-tarife.de\/1und1\/inhalte\/2015\/09\/1und1-onlinebestellung-80x16.png 80w\" sizes=\"(max-width: 150px) 100vw, 150px\" \/><\/a>Wenn Sie alle 12 Monate auf ein aktuelles <a href=\"https:\/\/aktionen-tarife.de\/1und1\/smartphones\"><strong>Smartphone<\/strong><\/a> wechseln m\u00f6chten, bestellen Sie Ihren neuen 1&amp;1 All-Net-Flat Vertrag <a href=\"https:\/\/aktionen-tarife.de\/1und1\/zum-anbieter\/handytarife\/1und1-handytarife-allgemein\" target=\"_blank\" rel=\"noopener\"><strong>direkt online<\/strong><\/a> und buchen die 1&amp;1 NewPhone Option dazu. 1&amp;1 Bestandskunden k\u00f6nnen die 1&amp;1 NewPhone Option im Rahmen eines Tarifwechsels im <a href=\"https:\/\/aktionen-tarife.de\/1und1\/zum-anbieter\/service\/1und1-service-login\" target=\"_blank\" rel=\"noopener\"><strong>Control-Center<\/strong><\/a> dazu buchen. 12 Monate nach der Lieferung Ihres neuen Smartphones k\u00f6nnen Sie sich wieder in das Control-Center einloggen und w\u00e4hlen dort den Kundenshop und anschlie\u00dfend ein neues Smartphone aus. Nachdem Sie dieses erhalten haben, senden Sie binnen 14 Tagen Ihr altes Ger\u00e4t zur\u00fcck.<\/p>\n<hr \/>\n<h2><span class=\"farbig\">Details<\/span> zur 1&amp;1 NewPhone Tarifoption f\u00fcr 1&amp;1 Allnet Flat Tarife<\/h2>\n<ul>\n<li>Sie zahlen f\u00fcr das neue Smarpthone den gleichen g\u00fcnstigen Vorzugspreis wie ein Neukunde mit dem gleichen <a href=\"https:\/\/aktionen-tarife.de\/1und1\/mobilfunk\"><strong>1&amp;1 Handytarif<\/strong><\/a>. Die H\u00f6he der Zuzahlung f\u00fcr das neue Ger\u00e4t (ab 0 \u20ac) ist abh\u00e4ngig vom gew\u00e4hlten Ger\u00e4t und 1&amp;1 Allnet Flat Tarif.<\/li>\n<li>Ab dem Datum des Einl\u00f6sens der 1&amp;1 NewPhone Option (also Bestellung eines neuen <a href=\"https:\/\/aktionen-tarife.de\/1und1\/infos\/smartphones\"><strong>Handys \/ Smartphones<\/strong><\/a> &#8211; fr\u00fchestens nach 12 Monaten) betr\u00e4gt die neue Mindestvertragslaufzeit f\u00fcr den 1&amp;1 Mobilfunk Tarif sowie f\u00fcr die New Phone Option wieder 24 Monate. Sollten Sie noch kein neues Smartphone \u00fcber die 1&amp;1 NewPhone Option erhalten haben, betr\u00e4gt die K\u00fcndigungsfrist f\u00fcr die Tarifoption jederzeit nur 14 Tage zum Monatsende.<\/li>\n<li>Ihr gebrauchtes altes Smartphone, welches Sie \u00fcber 1&amp;1 bei Vertragsabschluss bezogen haben, m\u00fcssen Sie binnen 14 Tagen <strong>an 1&amp;1 zur\u00fccksenden<\/strong>. Der daf\u00fcr ben\u00f6tigte R\u00fccksendeschein (Retourenschein) liegt Ihrem neuen Handy bei. Einfache Kratzer im Display oder Geh\u00e4use sind kein Problem (also normale Gebrauchsspuren). Das Display darf aber keine Risse haben, der Touchscreen und das Ger\u00e4t selbst m\u00fcssen funktionieren (kein Wasserschaden, kein Abst\u00fcrzen) und das Geh\u00e4use darf keine Risse oder starken Verbiegungen z.B. vom Metall haben. Vor dem R\u00fccksenden m\u00fcssen Sie das alte Ger\u00e4t auf Werkseinstellungen zur\u00fccksetzen und evtl. Aktivierungssperren (z.B. Mein iPhone suchen) deaktivieren.<\/li>\n<li>Die 1&amp;1 NewPhone Option kostet 4,99 \u20ac Aufpreis je Monat. Zus\u00e4tzlich beinhaltet die Tarifoption auch 100 GB Online-Speicher zur Sicherung von Daten o.\u00e4.<\/li>\n<li>Wenn Sie\u00a0 1&amp;1\u00a0NewPhone nicht mehr in Anspruch nehmen m\u00f6chten, k\u00f6nnen Sie diese Option bis zu 3 Monate vor Laufzeitende k\u00fcndigen.<\/li>\n<\/ul>\n<hr \/>\n<h2><span class=\"farbig\">Bestellung<\/span> All-Net-Flat Tarife inklusive 1&amp;1 NewPhone Option<\/h2>\n<p><span class=\"desktop-tablet\"><a href=\"https:\/\/aktionen-tarife.de\/1und1\/zum-anbieter\/handytarife\/1und1-handytarife-allgemein\" target=\"_blank\" rel=\"noopener\"><img decoding=\"async\" class=\"alignright size-full wp-image-552\" src=\"https:\/\/aktionen-tarife.de\/1und1\/inhalte\/2015\/09\/1und1-onlinebestellung.png\" alt=\"1&amp;1 Onlinebestellung\" width=\"150\" height=\"30\" srcset=\"https:\/\/aktionen-tarife.de\/1und1\/inhalte\/2015\/09\/1und1-onlinebestellung.png 150w, https:\/\/aktionen-tarife.de\/1und1\/inhalte\/2015\/09\/1und1-onlinebestellung-80x16.png 80w\" sizes=\"(max-width: 150px) 100vw, 150px\" \/><\/a>Die 1&amp;1 All-Net-Flat Tarife mit 1&amp;1 NewPhone Option k\u00f6nnen Neukunden im <a href=\"https:\/\/aktionen-tarife.de\/1und1\/zum-anbieter\/handytarife\/1und1-handytarife-allgemein\" target=\"_blank\" rel=\"noopener\"><strong>Onlineshop<\/strong><\/a> bestellen. F\u00fcr eine Vertragsverl\u00e4ngerung (bestehender 1&amp;1 Tarif): <a href=\"https:\/\/aktionen-tarife.de\/1und1\/kontakt\/kundenservice\">Kundenservice<\/a>. <\/span><span class=\"smartphone\">All-Net-Flat mit 1&amp;1 NewPhone Option im <strong><a href=\"https:\/\/aktionen-tarife.de\/1und1\/zum-anbieter\/handytarife\/1und1-handytarife-allgemein\" target=\"_blank\" rel=\"noopener\">1&amp;1 Onlineshop<\/a><\/strong> bestellen.<\/span><\/p>\n<p><a href=\"https:\/\/aktionen-tarife.de\/1und1\/kontakt\/telefonische-beratung\"><img decoding=\"async\" class=\"alignright size-full wp-image-553\" src=\"https:\/\/aktionen-tarife.de\/1und1\/inhalte\/2015\/09\/1und1-telefonisch-bestellen.png\" alt=\"1&amp;1 telefonisch bestellen\" width=\"150\" height=\"30\" srcset=\"https:\/\/aktionen-tarife.de\/1und1\/inhalte\/2015\/09\/1und1-telefonisch-bestellen.png 150w, https:\/\/aktionen-tarife.de\/1und1\/inhalte\/2015\/09\/1und1-telefonisch-bestellen-80x16.png 80w\" sizes=\"(max-width: 150px) 100vw, 150px\" \/><\/a><span class=\"desktop-tablet\">F\u00fcr\u00a01&amp;1 Mobilfunk <strong>Neukunden<\/strong> nehmen wir die Allnet Flat Bestellung auch telefonisch unter <strong><a href=\"tel:+4939434099911\" onclick=\"ga('send', 'event', 'hotline', 'hotline-content', 'hotline-content-ohne-zeit');\">0 39 43 \/ 40 999 11<\/a><\/strong> entgegen oder Sie nutzen den kostenlosen und unverbindlichen <a href=\"https:\/\/aktionen-tarife.de\/1und1\/kontakt\/telefonische-beratung\">R\u00fcckruf-Service<\/a>. <\/span><span class=\"smartphone\">1&amp;1 Mobilfunk <strong>Neukunden<\/strong> k\u00f6nnen die Allnetflat unter <strong><a href=\"tel:+4939434099911\" onclick=\"ga('send', 'event', 'hotline', 'hotline-content', 'hotline-content-ohne-zeit');\">0 39 43 \/ 40 999 11<\/a><\/strong> telefonisch bestellen (<a href=\"https:\/\/aktionen-tarife.de\/1und1\/kontakt\/telefonische-beratung\">R\u00fcckruf-Service hier<\/a>).<\/span><\/p>\n<p><img decoding=\"async\" class=\"alignright size-full wp-image-554\" src=\"https:\/\/aktionen-tarife.de\/1und1\/inhalte\/2015\/09\/1und1-bestellformular-pdf.png\" alt=\"1&amp;1 Bestellformular (PDF)\" width=\"150\" height=\"30\" srcset=\"https:\/\/aktionen-tarife.de\/1und1\/inhalte\/2015\/09\/1und1-bestellformular-pdf.png 150w, https:\/\/aktionen-tarife.de\/1und1\/inhalte\/2015\/09\/1und1-bestellformular-pdf-80x16.png 80w\" sizes=\"(max-width: 150px) 100vw, 150px\" \/><span class=\"desktop-tablet\">F\u00fcr Allnetflat Neukunden: die Tarif und 1&amp;1 NewPhone Option k\u00f6nnen Sie schriftlich mit unserem <strong>PDF Bestellformular<\/strong> beauftragen. Gern senden wir Ihnen auch Unterlagen zur 1&amp;1 All-Net-Flat <a href=\"https:\/\/aktionen-tarife.de\/1und1\/kontakt\/unterlagen-zusenden\">per Post zu<\/a>. <\/span><span class=\"smartphone\">F\u00fcr Allnet Neukunden: Tarif und 1&amp;1 NewPhone Option per <strong>PDF Bestellformular<\/strong> beauftragen oder Unterlagen <strong><a href=\"https:\/\/aktionen-tarife.de\/1und1\/kontakt\/unterlagen-zusenden\">zusenden lassen<\/a><\/strong>.<\/span><\/p>\n<hr \/>\n<h2><span class=\"farbig\">Tarife<\/span> (All-Net Flats) als Vorraussetzung f\u00fcr 1&amp;1 NewPhone Option<\/h2>\n<p>1und1 bietet viele Handytarife zum kleinen Preis &#8211; als Basis f\u00fcr die 1&amp;1 NewPhone Option:<\/p>\n<ul>\r\n \t<li><a href=\"https:\/\/aktionen-tarife.de\/1und1\/all-net-flat-lte\"><strong>1&1 All-Net-Flat LTE<\/strong><\/a> - Smartphone Tarife im <a href=\"https:\/\/aktionen-tarife.de\/1und1\/netzabdeckung\/telefonica-o2-e-plus\">Telef\u00f3nica Netz<\/a> (inkl. <a href=\"https:\/\/aktionen-tarife.de\/1und1\/lte-4g\">LTE<\/a> Nutzung)\r\n<ul>\r\n \t<li><em><a href=\"https:\/\/aktionen-tarife.de\/1und1\/all-net-flat-lte\/s\">Tarif S<\/a> (3 GB) - <a href=\"https:\/\/aktionen-tarife.de\/1und1\/all-net-flat-lte\/m\">Tarif M<\/a> (5 GB) - <a href=\"https:\/\/aktionen-tarife.de\/1und1\/all-net-flat-lte\/l\">Tarif L<\/a> (10 GB) - <a href=\"https:\/\/aktionen-tarife.de\/1und1\/all-net-flat-lte\/xl\">Tarif XL<\/a> (15 GB) - <a href=\"https:\/\/aktionen-tarife.de\/1und1\/all-net-flat-lte\/young-plus\">Tarif Young Plus<\/a><\/em><\/li>\r\n<\/ul>\r\n<\/li>\r\n \t<li><a href=\"https:\/\/aktionen-tarife.de\/1und1\/d-netz-all-net-flat\"><strong>1&1 All-Net-Flat<\/strong><\/a> - Smartphone Tarife im D-Netz (<a href=\"https:\/\/aktionen-tarife.de\/1und1\/netzabdeckung\/d-netz-d2-vodafone\">Vodafone D2-Netz<\/a> ohne LTE)\r\n<ul>\r\n \t<li><em><a href=\"https:\/\/aktionen-tarife.de\/1und1\/d-netz-all-net-flat\/s\">Tarif S<\/a> (3 GB) - <a href=\"https:\/\/aktionen-tarife.de\/1und1\/d-netz-all-net-flat\/m\">Tarif M<\/a> (5 GB) - <a href=\"https:\/\/aktionen-tarife.de\/1und1\/d-netz-all-net-flat\/l\">Tarif L<\/a> (10 GB) - <a href=\"https:\/\/aktionen-tarife.de\/1und1\/d-netz-all-net-flat\/xl\">Tarif XL<\/a> (15 GB) - <a href=\"https:\/\/aktionen-tarife.de\/1und1\/d-netz-all-net-flat\/young-plus\">Tarif Young Plus<\/a><\/em><\/li>\r\n<\/ul>\r\n<\/li>\r\n<\/ul>\n<hr \/>\n<p><span style=\"color: #999999;\">*Mindestvertragslaufzeit 1&amp;1 All-Net-Flat mit NewPhone Option 24 Monate.<\/span><\/p>\n","protected":false},"excerpt":{"rendered":"<p>Mit der 1&amp;1 NewPhone Option als Erg\u00e4nzung zu den 1&amp;1 All-Net-Flat Tarifen k\u00f6nnen Sie auf Wunsch alle 12 Monate ein neues Smartphone zum Vorzugspreis (wie Neukunden) bestellen. Das gebrauchte Handy geben Sie dann zur\u00fcck (wird weiter verwertet). Die 1&amp;1 NewPhone Option kostet 4,99 \u20ac Aufpreis zum gew\u00e4hlten Allnet-Flat Tarif. Smartphone \u00dcbersicht: Top-Smartphones &#8211; G\u00fcnstige Smartphones &hellip; <a href=\"https:\/\/aktionen-tarife.de\/1und1\/smartphones\/newphone-option\" class=\"more-link\"><span class=\"screen-reader-text\">1&#038;1 NewPhone Option &#8211; alle 12 Monate ein neues Smartphone g\u00fcnstig<\/span> weiterlesen <span class=\"meta-nav\">&rarr;<\/span><\/a><\/p>\n","protected":false},"author":30,"featured_media":7142,"parent":4027,"menu_order":0,"comment_status":"closed","ping_status":"closed","template":"","meta":{"footnotes":""},"class_list":["post-6209","page","type-page","status-publish","hentry","has-post-thumbnail"],"_links":{"self":[{"href":"https:\/\/aktionen-tarife.de\/1und1\/wp-json\/wp\/v2\/pages\/6209","targetHints":{"allow":["GET"]}}],"collection":[{"href":"https:\/\/aktionen-tarife.de\/1und1\/wp-json\/wp\/v2\/pages"}],"about":[{"href":"https:\/\/aktionen-tarife.de\/1und1\/wp-json\/wp\/v2\/types\/page"}],"author":[{"embeddable":true,"href":"https:\/\/aktionen-tarife.de\/1und1\/wp-json\/wp\/v2\/users\/30"}],"replies":[{"embeddable":true,"href":"https:\/\/aktionen-tarife.de\/1und1\/wp-json\/wp\/v2\/comments?post=6209"}],"version-history":[{"count":1,"href":"https:\/\/aktionen-tarife.de\/1und1\/wp-json\/wp\/v2\/pages\/6209\/revisions"}],"predecessor-version":[{"id":9323,"href":"https:\/\/aktionen-tarife.de\/1und1\/wp-json\/wp\/v2\/pages\/6209\/revisions\/9323"}],"up":[{"embeddable":true,"href":"https:\/\/aktionen-tarife.de\/1und1\/wp-json\/wp\/v2\/pages\/4027"}],"wp:featuredmedia":[{"embeddable":true,"href":"https:\/\/aktionen-tarife.de\/1und1\/wp-json\/wp\/v2\/media\/7142"}],"wp:attachment":[{"href":"https:\/\/aktionen-tarife.de\/1und1\/wp-json\/wp\/v2\/media?parent=6209"}],"curies":[{"name":"wp","href":"https:\/\/api.w.org\/{rel}","templated":true}]}}