{"id":6180,"date":"2017-12-11T00:01:30","date_gmt":"2017-12-10T23:01:30","guid":{"rendered":"https:\/\/aktionen-tarife.de\/1und1\/?page_id=6180"},"modified":"2017-12-13T10:39:53","modified_gmt":"2017-12-13T09:39:53","slug":"verfuegbarkeit","status":"publish","type":"page","link":"https:\/\/aktionen-tarife.de\/1und1\/verfuegbarkeit","title":{"rendered":"1&#038;1 Verf\u00fcgbarkeit pr\u00fcfen: 1&#038;1 DSL \/ VDSL und 1&#038;1 Mobilfunk Netz"},"content":{"rendered":"<p><img decoding=\"async\" class=\"alignright size-full wp-image-1678\" src=\"https:\/\/aktionen-tarife.de\/1und1\/inhalte\/2015\/12\/1und1-verfuegbarkeit-pruefen.png\" alt=\"1&amp;1 Verf\u00fcgbarkeit pr\u00fcfen (DSL \/ VDSL)\" width=\"150\" height=\"204\" srcset=\"https:\/\/aktionen-tarife.de\/1und1\/inhalte\/2015\/12\/1und1-verfuegbarkeit-pruefen.png 150w, https:\/\/aktionen-tarife.de\/1und1\/inhalte\/2015\/12\/1und1-verfuegbarkeit-pruefen-80x109.png 80w\" sizes=\"(max-width: 150px) 100vw, 150px\" \/>Bei 1&amp;1 erhalten Sie g\u00fcnstige Tarife f\u00fcr Zuhause (<a href=\"https:\/\/aktionen-tarife.de\/1und1\/festnetz\"><strong>Festnetz<\/strong><\/a>) und f\u00fcr unterwegs (<a href=\"https:\/\/aktionen-tarife.de\/1und1\/mobilfunk\"><strong>Mobilfunk<\/strong><\/a>). Die <span class=\"farbig\">1&amp;1 Verf\u00fcgbarkeit<\/span> ist in fast allen Regionen in Deutschland gegeben. Die 1&amp;1 DSL \/ VDSL Tarife im Festnetz haben eine \u00e4hnliche <a href=\"https:\/\/aktionen-tarife.de\/1und1\/festnetz\/verfuegbarkeit\"><strong>Verf\u00fcgbarkeit<\/strong><\/a>, wie die DSL Angebote anderer Anbieter (z.B. <a href=\"https:\/\/telekom.tarife-angebote.de\/\" target=\"_blank\" rel=\"noopener\">Telekom<\/a>, <a href=\"https:\/\/tarife-aktionen.de\/vodafone\/\" target=\"_blank\" rel=\"noopener\">Vodafone<\/a> oder <a href=\"https:\/\/o2.surfen-telefonieren.de\/\" target=\"_blank\" rel=\"noopener\">o2<\/a>). Die 1&amp;1 Mobilfunk Tarife hingegen k\u00f6nnen Sie wahlweise im <a href=\"https:\/\/aktionen-tarife.de\/1und1\/netzabdeckung\/telefonica-o2-e-plus\"><strong>Telef\u00f3nica Netz<\/strong><\/a> (Zusammenschluss von o2 \/ E-Plus) oder im <a href=\"https:\/\/aktionen-tarife.de\/1und1\/netzabdeckung\/d-netz-d2-vodafone\"><strong>D-Netz<\/strong><\/a> (zurzeit Vodafone D2 Netz) erhalten. Die 1&amp;1 Verf\u00fcgbarkeit bzw. den Netzausbau k\u00f6nnen Sie direkt online pr\u00fcfen, egal ob f\u00fcr Festnetz oder Mobilfunk Tarife. Alternativ k\u00f6nnen Sie uns auch anrufen und sich <strong><a href=\"https:\/\/aktionen-tarife.de\/1und1\/kontakt\/telefonische-beratung\">telefonisch beraten<\/a><\/strong> lassen.<\/p>\n<hr \/>\n<p style=\"text-align: center; font-size: 18px;\"><a href=\"https:\/\/aktionen-tarife.de\/1und1\/zum-anbieter\/festnetz\/1und1-festnetz-check\" target=\"_blank\"><strong>1&amp;1 (V)DSL Verf\u00fcgbarkeit<\/strong><\/a><\/p>\n<p style=\"text-align: center; font-size: 18px;\"><a href=\"https:\/\/aktionen-tarife.de\/1und1\/zum-anbieter\/netz\/1und1-netz-netzabdeckung\" target=\"_blank\"><strong>Telef\u00f3nica Netzkarte \u00f6ffnen<\/strong><\/a><\/p>\n<p style=\"text-align: center; font-size: 18px;\"><a href=\"https:\/\/aktionen-tarife.de\/1und1\/zum-anbieter\/netz\/1und1-netz-netzabdeckung\" target=\"_blank\"><strong>Vodafone Netzkarte \u00f6ffnen<\/strong><\/a><\/p>\n<hr \/>\n<h2><span class=\"farbig\">DSL \/ VDSL Tarife<\/span> sowie 1&amp;1 Verf\u00fcgbarkeit \/ Netzausbau<\/h2>\n<p>Zuhause schnell und g\u00fcnstig surfen k\u00f6nnen Sie mit <a href=\"https:\/\/aktionen-tarife.de\/1und1\/dsl\"><strong>1&amp;1 DSL<\/strong><\/a> oder noch schneller mit <a href=\"https:\/\/aktionen-tarife.de\/1und1\/vdsl\"><strong>1&amp;1 VDSL<\/strong><\/a>. Wenn die 1&amp;1 Verf\u00fcgbarkeit f\u00fcr <a href=\"https:\/\/aktionen-tarife.de\/1und1\/dsl\/verfuegbarkeit\"><strong>DSL<\/strong><\/a> oder <a href=\"https:\/\/aktionen-tarife.de\/1und1\/vdsl\/verfuegbarkeit\"><strong>VDSL<\/strong><\/a> gegeben ist, stehen Ihnen viele Tarife zur Wahl.<\/p>\n<ul>\r\n \t<li><a href=\"https:\/\/aktionen-tarife.de\/1und1\/dsl\/basic\"><strong>1&1 DSL Basic<\/strong><\/a>: Internet bis 16 MBit\/s (Drosselung ab 100 GB je Monat) und Telefonflat.<\/li>\r\n \t<li><a href=\"https:\/\/aktionen-tarife.de\/1und1\/dsl\/16-mbit\"><strong>1&1 DSL 16<\/strong><\/a>: Internetflat ohne Drosselung bis 16 MBit\/s, Telefonflat, optional Handy-Flat.<\/li>\r\n \t<li><a href=\"https:\/\/aktionen-tarife.de\/1und1\/vdsl\/50-mbit\"><strong>1&1 VDSL 50<\/strong><\/a>: Internetflat unbegrenzt (bis 50 MBit\/s), Telefonflat, optional TV & Handyflat.<\/li>\r\n \t<li><a href=\"https:\/\/aktionen-tarife.de\/1und1\/vdsl\/100-mbit\"><strong>1&1 VDSL 100<\/strong><\/a>: Highspeed Flat Surfen bis 100 MBit\/s, Telefonflat, optional TV & Handyflat.<\/li>\r\n \t<li><em>Die Tarife 16, 50 und 100 beinhalten viele Extras wie ISDN-Komfort. Wenn <a href=\"https:\/\/aktionen-tarife.de\/1und1\/bestellung\/1und1-festnetz\/breitband\/check.htm\" target=\"_blank\">verf\u00fcgbar<\/a>, empfehlen wir Ihnen den 1&1 VDSL 50 oder 100 Tarif f\u00fcr schnelles Surfen Zuhause ohne Limits.<\/em><\/li>\r\n<\/ul>\n<hr \/>\n<h2><span class=\"farbig\">Smartphone Tarife<\/span> sowie 1&amp;1 Verf\u00fcgbarkeit (Mobilfunk Netzausbau)<\/h2>\n<p>Bei 1&amp;1 erhalten Sie g\u00fcnstige Smartphone-Tarife &#8211; wahlweise im <a href=\"https:\/\/aktionen-tarife.de\/1und1\/netzabdeckung\/telefonica-o2-e-plus\"><strong>Telef\u00f3nica Netz<\/strong><\/a> oder im <a href=\"https:\/\/aktionen-tarife.de\/1und1\/netzabdeckung\/d-netz-d2-vodafone\"><strong>D-Netz (Vodafone D2)<\/strong><\/a>. Auf Wunsch k\u00f6nnen Sie mit einem <a href=\"https:\/\/aktionen-tarife.de\/1und1\/all-net-flat\"><strong>All-Net-Flat<\/strong><\/a> Vertrag ein g\u00fcnstiges <a href=\"https:\/\/aktionen-tarife.de\/1und1\/smartphones\"><strong>Smartphone<\/strong><\/a> mitbestellen, z.B. ein <a href=\"https:\/\/aktionen-tarife.de\/1und1\/aktuelles\/smartphones-apple-iphone\">Apple iPhone<\/a> oder ein <a href=\"https:\/\/aktionen-tarife.de\/1und1\/aktuelles\/smartphones-samsung\">Samsung Galaxy<\/a> Ger\u00e4t.<\/p>\n<ul>\r\n \t<li><a href=\"https:\/\/aktionen-tarife.de\/1und1\/d-netz-all-net-flat\/s\"><strong>1&1 All-Net-Flat S<\/strong><\/a>: Internetflat (<strong>3 GB im D-Netz<\/strong>) sowie Allnet Telefonflat<\/li>\r\n \t<li><a href=\"https:\/\/aktionen-tarife.de\/1und1\/d-netz-all-net-flat\/m\"><strong>1&1 All-Net-Flat M<\/strong><\/a>: Internetflat (<strong>5 GB im D-Netz<\/strong>) sowie Allnet Telefonflat\r\n<ul>\r\n \t<li><em><a href=\"https:\/\/aktionen-tarife.de\/1und1\/d-netz-all-net-flat\/young-plus\"><strong>1&1 All-Net-Flat Young Plus<\/strong><\/a>: wie Basic Tarif aber Vorteile f\u00fcr alle bis 28 Jahre<\/em><\/li>\r\n<\/ul>\r\n<\/li>\r\n \t<li><a href=\"https:\/\/aktionen-tarife.de\/1und1\/d-netz-all-net-flat\/l\"><strong>1&1 All-Net-Flat L<\/strong><\/a>: Internetflat (<strong>10 GB im D-Netz<\/strong>) und Allnet Telefon- \/ SMS-Flat<\/li>\r\n \t<li><a href=\"https:\/\/aktionen-tarife.de\/1und1\/d-netz-all-net-flat\/xl\"><strong>1&1 All-Net-Flat XL<\/strong><\/a>: Surfflat (<strong>15 GB im D-Netz<\/strong>), Allnet Telefon-\/SMS-Flat, Zusatz-SIM<\/li>\r\n<\/ul>\n<hr \/>\n<h2><span class=\"farbig\">Datentarife<\/span> sowie 1&amp;1 Verf\u00fcgbarkeit f\u00fcr mobiles Internet<\/h2>\n<p>Bei 1&amp;1 erhalten Sie auch g\u00fcnstige Tarife zum mobilen Surfen per Tablet oder Notebook. Neben den\u00a0 <a href=\"https:\/\/aktionen-tarife.de\/1und1\/datentarife\"><strong>Datentarifen<\/strong><\/a> selbst bietet 1und1 auch g\u00fcnstige <a href=\"https:\/\/aktionen-tarife.de\/1und1\/infos\/tablets\"><strong>Tablets<\/strong><\/a> und <a href=\"https:\/\/aktionen-tarife.de\/1und1\/infos\/surf-sticks\"><strong>SurfSticks<\/strong><\/a> \/ <a href=\"https:\/\/aktionen-tarife.de\/1und1\/infos\/mobile-wlan-router\"><strong>mobile Router<\/strong><\/a>.<\/p>\n<ul>\n<li><a href=\"https:\/\/aktionen-tarife.de\/1und1\/notebook-flat\"><strong>1&amp;1 Notebook-Flat Tarife<\/strong><\/a> &#8211; per Netbook oder Laptop unterwegs surfen<\/li>\n<li><a href=\"https:\/\/aktionen-tarife.de\/1und1\/tablet-flat\"><strong>1&amp;1 Tablet-Flat Tarife<\/strong><\/a> &#8211; auf Wunsch mit Apple iPad, Samsung Galaxy Tab o.\u00e4.<\/li>\n<\/ul>\n","protected":false},"excerpt":{"rendered":"<p>Bei 1&amp;1 erhalten Sie g\u00fcnstige Tarife f\u00fcr Zuhause (Festnetz) und f\u00fcr unterwegs (Mobilfunk). Die 1&amp;1 Verf\u00fcgbarkeit ist in fast allen Regionen in Deutschland gegeben. Die 1&amp;1 DSL \/ VDSL Tarife im Festnetz haben eine \u00e4hnliche Verf\u00fcgbarkeit, wie die DSL Angebote anderer Anbieter (z.B. Telekom, Vodafone oder o2). Die 1&amp;1 Mobilfunk Tarife hingegen k\u00f6nnen Sie wahlweise &hellip; <a href=\"https:\/\/aktionen-tarife.de\/1und1\/verfuegbarkeit\" class=\"more-link\"><span class=\"screen-reader-text\">1&#038;1 Verf\u00fcgbarkeit pr\u00fcfen: 1&#038;1 DSL \/ VDSL und 1&#038;1 Mobilfunk Netz<\/span> weiterlesen <span class=\"meta-nav\">&rarr;<\/span><\/a><\/p>\n","protected":false},"author":30,"featured_media":0,"parent":0,"menu_order":100,"comment_status":"closed","ping_status":"closed","template":"","meta":{"footnotes":""},"class_list":["post-6180","page","type-page","status-publish","hentry"],"_links":{"self":[{"href":"https:\/\/aktionen-tarife.de\/1und1\/wp-json\/wp\/v2\/pages\/6180","targetHints":{"allow":["GET"]}}],"collection":[{"href":"https:\/\/aktionen-tarife.de\/1und1\/wp-json\/wp\/v2\/pages"}],"about":[{"href":"https:\/\/aktionen-tarife.de\/1und1\/wp-json\/wp\/v2\/types\/page"}],"author":[{"embeddable":true,"href":"https:\/\/aktionen-tarife.de\/1und1\/wp-json\/wp\/v2\/users\/30"}],"replies":[{"embeddable":true,"href":"https:\/\/aktionen-tarife.de\/1und1\/wp-json\/wp\/v2\/comments?post=6180"}],"version-history":[{"count":0,"href":"https:\/\/aktionen-tarife.de\/1und1\/wp-json\/wp\/v2\/pages\/6180\/revisions"}],"wp:attachment":[{"href":"https:\/\/aktionen-tarife.de\/1und1\/wp-json\/wp\/v2\/media?parent=6180"}],"curies":[{"name":"wp","href":"https:\/\/api.w.org\/{rel}","templated":true}]}}