{"id":6177,"date":"2017-12-11T00:01:37","date_gmt":"2017-12-10T23:01:37","guid":{"rendered":"https:\/\/aktionen-tarife.de\/1und1\/?page_id=6177"},"modified":"2022-12-22T19:34:37","modified_gmt":"2022-12-22T18:34:37","slug":"telefonica-o2-e-plus","status":"publish","type":"page","link":"https:\/\/aktionen-tarife.de\/1und1\/netzabdeckung\/telefonica-o2-e-plus","title":{"rendered":"1&#038;1 Netzabdeckung &#8211; Tarife im Telef\u00f3nica-Netz (Verbund o2 und E-Plus)"},"content":{"rendered":"<p><a href=\"https:\/\/aktionen-tarife.de\/1und1\/zum-anbieter\/netz\/1und1-netz-netzabdeckung\" target=\"_blank\" rel=\"noopener\"><img decoding=\"async\" class=\"alignright size-full wp-image-7258\" src=\"https:\/\/aktionen-tarife.de\/1und1\/inhalte\/2017\/12\/telefonica-o2-e-plus-netz-mobilfunk-netzabdeckung.jpg\" alt=\"1&amp;1 Netzabdeckung - Tarife im Telef\u00f3nica-Netz (Verbund o2 und E-Plus)\" width=\"150\" height=\"200\" srcset=\"https:\/\/aktionen-tarife.de\/1und1\/inhalte\/2017\/12\/telefonica-o2-e-plus-netz-mobilfunk-netzabdeckung.jpg 150w, https:\/\/aktionen-tarife.de\/1und1\/inhalte\/2017\/12\/telefonica-o2-e-plus-netz-mobilfunk-netzabdeckung-80x107.jpg 80w\" sizes=\"(max-width: 150px) 100vw, 150px\" \/><\/a>Die 1&amp;1 <a href=\"https:\/\/aktionen-tarife.de\/1und1\/mobilfunk\"><strong>Mobilfunk Tarife<\/strong><\/a> (Allnet-Flat, Tablet-Flat und Notebook Flat) erhalten Sie wahlweise im <span class=\"farbig\">Telef\u00f3nica-Netz<\/span> (Zusammenschluss o2 \/ E-Plus Netz) oder im <a href=\"https:\/\/aktionen-tarife.de\/1und1\/netzabdeckung\/d-netz-d2-vodafone\"><strong>D-Netz<\/strong><\/a> (Schaltung im <a href=\"https:\/\/tarife-aktionen.de\/vodafone\/netzabdeckung\" target=\"_blank\" rel=\"noopener\"><strong>Vodafone D2-Netz<\/strong><\/a> ohne LTE). Das Telef\u00f3nica-Netz f\u00fcr die 1&amp;1 Tarife \u00fcberzeugt dank <a href=\"https:\/\/aktionen-tarife.de\/1und1\/lte-4g\"><strong>LTE<\/strong><\/a> Unterst\u00fctzung durch hohe Geschwindigkeiten (<a href=\"https:\/\/aktionen-tarife.de\/1und1\/lte-max\">LTEmax<\/a> bis zu 225 MBit\/s). Ob das Netz (o2 \/ E-Netz) dort ausgebaut ist, wo Sie es \u00fcberwiegend nutzen wollen (z.B. Ihre Arbeitsstelle, Ihr Zuhause oder in Ihrem Sportverein), k\u00f6nnen Sie direkt <a href=\"https:\/\/aktionen-tarife.de\/1und1\/zum-anbieter\/netz\/1und1-netz-netzabdeckung\" target=\"_blank\" rel=\"noopener\"><strong>online pr\u00fcfen<\/strong><\/a>. In der Telef\u00f3nica Netzkarte k\u00f6nnen Sie den Netzausbau pr\u00fcfen.<\/p>\n<hr \/>\n<p style=\"text-align: center; font-size: 18px;\"><a href=\"https:\/\/aktionen-tarife.de\/1und1\/zum-anbieter\/netz\/1und1-netz-netzabdeckung\" target=\"_blank\" rel=\"noopener\"><strong>Telef\u00f3nica Netzkarte \u00f6ffnen<\/strong><\/a><\/p>\n<hr \/>\n<h2>1&amp;1 Mobilfunk Tarife mit <span class=\"farbig\">Telef\u00f3nica Netz<\/span> &#8211; LTE \/ HSPA \/ UMTS \/ EDGE<\/h2>\n<p>Die 1&amp;1 Tarife f\u00fcr unterwegs (<a href=\"https:\/\/aktionen-tarife.de\/1und1\/d-netz-all-net-flat\"><strong>All-Net-Flat<\/strong><\/a>, <a href=\"https:\/\/aktionen-tarife.de\/1und1\/tablet-flat\"><strong>Tablet-Flat<\/strong><\/a> und <a href=\"https:\/\/aktionen-tarife.de\/1und1\/notebook-flat\"><strong>Notebook Flat<\/strong><\/a>) werden im Telef\u00f3nica Mobilfunk-Netz realisiert. Dabei k\u00f6nnen Sie via LTE (4G) mit bis zu 225 MBit\/s und mit HSPA \/ HSPA+ (3G \/ bis zu 42,2 MBit\/s) mobil surfen. Dort wo das schnelle <a href=\"https:\/\/telefonica.surfen-telefonieren.de\/netzausbau\" target=\"_blank\" rel=\"noopener\"><strong>Telef\u00f3nica Netz<\/strong><\/a> (<a href=\"https:\/\/o2.surfen-telefonieren.de\/o2-netzabdeckung\" target=\"_blank\" rel=\"noopener\"><strong>o2 Netz<\/strong><\/a> \/ E-Plus Netz) noch nicht ausgebaut ist, surfen Sie im Regelfall mit UMTS oder EDGE (2G) Geschwindigkeit. Wenn Sie Ihr mobiles Endger\u00e4t vorwiegend in l\u00e4ndlichen Regionen nutzen m\u00f6chten, wo das <a href=\"https:\/\/telefonica.surfen-telefonieren.de\/netzausbau\/mobilfunk-netzabdeckung-lte-4g-hspa-3g\" target=\"_blank\" rel=\"noopener\">Telef\u00f3nica Netz<\/a> ggf. noch nicht optimal ausgebaut ist, gibt es die 1&amp;1 Mobilfunk Tarife auf Wunsch auch im <a href=\"https:\/\/aktionen-tarife.de\/1und1\/netzabdeckung\/d-netz-d2-vodafone\"><strong>D-Netz<\/strong><\/a> (z.B. <a href=\"https:\/\/aktionen-tarife.de\/1und1\/d-netz-all-net-flat\">1&amp;1 All-Net-Flat D-Netz<\/a>).<\/p>\n<hr \/>\n<h2><span class=\"farbig\">Smartphone Tarife<\/span> im Telef\u00f3nica Netz &#8211; 1&amp;1 All-Net-Flats<\/h2>\n<p>Einen extra g\u00fcnstigen Handyvertrag im Netz von <a href=\"https:\/\/telefonica.surfen-telefonieren.de\/\" target=\"_blank\" rel=\"noopener\"><strong>Telef\u00f3nica<\/strong><\/a> (E-Plus \/ o2) erhalten Sie mit den <a href=\"https:\/\/aktionen-tarife.de\/1und1\/all-net-flat-lte\">1&amp;1 All-Net-Flat LTE<\/a> Tarifen. Auf Wunsch k\u00f6nnen Sie ein g\u00fcnstiges <a href=\"https:\/\/aktionen-tarife.de\/1und1\/smartphones\"><strong>Smartphone<\/strong><\/a> mitbestellen, z.B. ein aktuelles <a href=\"https:\/\/aktionen-tarife.de\/1und1\/aktuelles\/smartphones-apple-iphone\">Apple iPhone<\/a>, <a href=\"https:\/\/aktionen-tarife.de\/1und1\/aktuelles\/smartphones-samsung\">Samsung Galaxy<\/a> oder <a href=\"https:\/\/aktionen-tarife.de\/1und1\/aktuelles\/smartphones-sony\">Sony Xperia<\/a> Ger\u00e4t.<\/p>\n<ul>\r\n \t<li><a href=\"https:\/\/aktionen-tarife.de\/1und1\/all-net-flat-lte\/s\"><strong>1&1 All-Net-Flat LTE S<\/strong><\/a>: Internetflat (<strong>3 GB mit LTE<\/strong>) sowie Allnet Telefonflat<\/li>\r\n \t<li><a href=\"https:\/\/aktionen-tarife.de\/1und1\/all-net-flat-lte\/m\"><strong>1&1 All-Net-Flat LTE M<\/strong><\/a>: Internetflat (<strong>5 GB mit LTE<\/strong>) sowie Allnet Telefonflat\r\n<ul>\r\n \t<li><em><a href=\"https:\/\/aktionen-tarife.de\/1und1\/all-net-flat-lte\/young-plus\"><strong>1&1 All-Net-Flat LTE Young Plus<\/strong><\/a>: wie Basic Tarif aber Vorteile f\u00fcr alle bis 28 Jahre<\/em><\/li>\r\n<\/ul>\r\n<\/li>\r\n \t<li><a href=\"https:\/\/aktionen-tarife.de\/1und1\/all-net-flat-lte\/l\"><strong>1&1 All-Net-Flat LTE L<\/strong><\/a>: Internetflat (<strong>10 GB mit LTE<\/strong>) und Allnet Telefon- \/ SMS-Flat<\/li>\r\n \t<li><a href=\"https:\/\/aktionen-tarife.de\/1und1\/all-net-flat-lte\/xl\"><strong>1&1 All-Net-Flat LTE XL<\/strong><\/a>: Surfflat (<strong>15 GB mit LTE<\/strong>), Allnet Telefon-\/SMS-Flat, Zusatz-SIM<\/li>\r\n<\/ul>\n<hr \/>\n<h2><span class=\"farbig\">Datentarife<\/span> im Telef\u00f3nica-Netz: Tablet-Flat und Notebook Flat<\/h2>\n<p>Unterwegs surfen k\u00f6nnen Sie bei 1&amp;1 auch per Tablet oder Notebook. Daf\u00fcr bietet 1&amp;1 <a href=\"https:\/\/aktionen-tarife.de\/1und1\/datentarife\"><strong>Datentarife<\/strong><\/a> an, aber auch passend dazu g\u00fcnstige <a href=\"https:\/\/aktionen-tarife.de\/1und1\/infos\/tablets\"><strong>Tablets<\/strong><\/a> und <a href=\"https:\/\/aktionen-tarife.de\/1und1\/infos\/surf-sticks\"><strong>SurfSticks<\/strong><\/a> sowie <a href=\"https:\/\/aktionen-tarife.de\/1und1\/infos\/mobile-wlan-router\"><strong>mobile WLAN Router<\/strong><\/a> (gemeinsame Nutzung der SIM-Karte).<\/p>\n<ul>\n<li><a href=\"https:\/\/aktionen-tarife.de\/1und1\/tablet-flat\"><strong>1&amp;1 Tablet-Flat Tarife<\/strong><\/a> &#8211; auf Wunsch mit Apple iPad, Samsung Galaxy Tab o.\u00e4.<\/li>\n<li><a href=\"https:\/\/aktionen-tarife.de\/1und1\/notebook-flat\"><strong>1&amp;1 Notebook-Flat Tarife<\/strong><\/a> &#8211; per Notebook, Netbook oder Laptop mobil surfen<\/li>\n<\/ul>\n<hr \/>\n<p><span style=\"color: #999999;\">Die 1&amp;1 Mobilfunk Tarife (Allnet Flat, Tablet Flat und Notebook Flat) im Telef\u00f3nica Netz (o2-Netz \/ E-Netz) bieten schnelles Surfen via LTE, HSPA, UMTS und EDGE. Das Telef\u00f3nica LTE Netz ist erst in ausgew\u00e4hlten St\u00e4dten und Ballungsgebieten verf\u00fcgbar.<\/span><\/p>\n","protected":false},"excerpt":{"rendered":"<p>Die 1&amp;1 Mobilfunk Tarife (Allnet-Flat, Tablet-Flat und Notebook Flat) erhalten Sie wahlweise im Telef\u00f3nica-Netz (Zusammenschluss o2 \/ E-Plus Netz) oder im D-Netz (Schaltung im Vodafone D2-Netz ohne LTE). Das Telef\u00f3nica-Netz f\u00fcr die 1&amp;1 Tarife \u00fcberzeugt dank LTE Unterst\u00fctzung durch hohe Geschwindigkeiten (LTEmax bis zu 225 MBit\/s). Ob das Netz (o2 \/ E-Netz) dort ausgebaut ist, &hellip; <a href=\"https:\/\/aktionen-tarife.de\/1und1\/netzabdeckung\/telefonica-o2-e-plus\" class=\"more-link\"><span class=\"screen-reader-text\">1&#038;1 Netzabdeckung &#8211; Tarife im Telef\u00f3nica-Netz (Verbund o2 und E-Plus)<\/span> weiterlesen <span class=\"meta-nav\">&rarr;<\/span><\/a><\/p>\n","protected":false},"author":30,"featured_media":0,"parent":6171,"menu_order":120,"comment_status":"closed","ping_status":"closed","template":"","meta":{"footnotes":""},"class_list":["post-6177","page","type-page","status-publish","hentry"],"_links":{"self":[{"href":"https:\/\/aktionen-tarife.de\/1und1\/wp-json\/wp\/v2\/pages\/6177","targetHints":{"allow":["GET"]}}],"collection":[{"href":"https:\/\/aktionen-tarife.de\/1und1\/wp-json\/wp\/v2\/pages"}],"about":[{"href":"https:\/\/aktionen-tarife.de\/1und1\/wp-json\/wp\/v2\/types\/page"}],"author":[{"embeddable":true,"href":"https:\/\/aktionen-tarife.de\/1und1\/wp-json\/wp\/v2\/users\/30"}],"replies":[{"embeddable":true,"href":"https:\/\/aktionen-tarife.de\/1und1\/wp-json\/wp\/v2\/comments?post=6177"}],"version-history":[{"count":1,"href":"https:\/\/aktionen-tarife.de\/1und1\/wp-json\/wp\/v2\/pages\/6177\/revisions"}],"predecessor-version":[{"id":9330,"href":"https:\/\/aktionen-tarife.de\/1und1\/wp-json\/wp\/v2\/pages\/6177\/revisions\/9330"}],"up":[{"embeddable":true,"href":"https:\/\/aktionen-tarife.de\/1und1\/wp-json\/wp\/v2\/pages\/6171"}],"wp:attachment":[{"href":"https:\/\/aktionen-tarife.de\/1und1\/wp-json\/wp\/v2\/media?parent=6177"}],"curies":[{"name":"wp","href":"https:\/\/api.w.org\/{rel}","templated":true}]}}