{"id":6171,"date":"2017-12-11T00:01:09","date_gmt":"2017-12-10T23:01:09","guid":{"rendered":"https:\/\/aktionen-tarife.de\/1und1\/?page_id=6171"},"modified":"2017-12-13T10:43:40","modified_gmt":"2017-12-13T09:43:40","slug":"netzabdeckung","status":"publish","type":"page","link":"https:\/\/aktionen-tarife.de\/1und1\/netzabdeckung","title":{"rendered":"1&#038;1 Netzabdeckung &#8211; Mobilfunk Tarife im D-Netz und Telef\u00f3nica-Netz"},"content":{"rendered":"<p>Alle 1&amp;1 Mobilfunk Tarife (<a href=\"https:\/\/aktionen-tarife.de\/1und1\/all-net-flat\"><strong>All-Net-Flat<\/strong><\/a>, <a href=\"https:\/\/aktionen-tarife.de\/1und1\/tablet-flat\"><strong>Tablet-Flat<\/strong><\/a> und <a href=\"https:\/\/aktionen-tarife.de\/1und1\/notebook-flat\"><strong>Notebook Flat<\/strong><\/a>) erhalten Sie wahlweise im <a href=\"https:\/\/aktionen-tarife.de\/1und1\/netzabdeckung\/telefonica-o2-e-plus\"><strong>Telef\u00f3nica Netz<\/strong><\/a> (inkl. <a href=\"https:\/\/aktionen-tarife.de\/1und1\/lte-4g\">LTE<\/a> Highspeed) oder im <a href=\"https:\/\/aktionen-tarife.de\/1und1\/netzabdeckung\/d-netz-d2-vodafone\"><strong>D-Netz<\/strong><\/a> (zurzeit Vodafone D2-Netz). Bevor Sie einen 1&amp;1 Tarif bestellen, k\u00f6nnen Sie hier die <span class=\"farbig\">1&amp;1 Netzabdeckung<\/span> abh\u00e4ngig vom gew\u00e4hlten Mobilfunk-Betreiber pr\u00fcfen, also ob das Handynetz dort ausgebaut ist, wo Sie Ihr mobiles Endger\u00e4t \u00fcberwiegend nutzen m\u00f6chten (z.B. bei Freunden, auf der Arbeit o.\u00e4.).<\/p>\n<hr \/>\n<h2>Netzabdeckung 1&amp;1 im <span class=\"farbig\">Telef\u00f3nica Netz (o2 \/ E-Plus)<\/span> &#8211; Netzausbau pr\u00fcfen<\/h2>\n<p><a href=\"https:\/\/aktionen-tarife.de\/1und1\/zum-anbieter\/netz\/1und1-netz-netzabdeckung\" target=\"_blank\"><img decoding=\"async\" class=\"alignright size-full wp-image-7275\" src=\"https:\/\/aktionen-tarife.de\/1und1\/inhalte\/2017\/12\/telefonica-netzausbau-netzabdeckung-check-pruefen.png\" alt=\"Netzabdeckung 1&amp;1 im Telef\u00f3nica Netz (o2 \/ E-Plus) - Netzausbau pr\u00fcfen\" width=\"150\" height=\"30\" srcset=\"https:\/\/aktionen-tarife.de\/1und1\/inhalte\/2017\/12\/telefonica-netzausbau-netzabdeckung-check-pruefen.png 150w, https:\/\/aktionen-tarife.de\/1und1\/inhalte\/2017\/12\/telefonica-netzausbau-netzabdeckung-check-pruefen-80x16.png 80w\" sizes=\"(max-width: 150px) 100vw, 150px\" \/><\/a>Die meisten <a href=\"https:\/\/aktionen-tarife.de\/1und1\/aktuelles\/aktionen-mobilfunk\"><strong>Preisvorteile<\/strong><\/a> erhalten Sie bei den 1&amp;1 Tarifen im Telef\u00f3nica Netz mit LTE (Zusammenschluss o2-Netz \/ E-Netz). <a href=\"https:\/\/aktionen-tarife.de\/1und1\/zum-anbieter\/netz\/1und1-netz-netzabdeckung\" target=\"_blank\"><strong>Zur Netzkarte<\/strong><\/a><\/p>\n<hr \/>\n<h2>Netzabdeckung 1&amp;1 im <span class=\"farbig\">D-Netz (Vodafone D2)<\/span> &#8211; Netzausbau pr\u00fcfen<\/h2>\n<p><a href=\"https:\/\/aktionen-tarife.de\/1und1\/zum-anbieter\/netz\/1und1-netz-netzabdeckung\" target=\"_blank\"><img decoding=\"async\" class=\"alignright size-full wp-image-7276\" src=\"https:\/\/aktionen-tarife.de\/1und1\/inhalte\/2017\/12\/vodafone-netzausbau-netzabdeckung-check-pruefen.png\" alt=\"Netzabdeckung 1&amp;1 im D-Netz (Vodafone D2) - Netzausbau pr\u00fcfen\" width=\"150\" height=\"30\" srcset=\"https:\/\/aktionen-tarife.de\/1und1\/inhalte\/2017\/12\/vodafone-netzausbau-netzabdeckung-check-pruefen.png 150w, https:\/\/aktionen-tarife.de\/1und1\/inhalte\/2017\/12\/vodafone-netzausbau-netzabdeckung-check-pruefen-80x16.png 80w\" sizes=\"(max-width: 150px) 100vw, 150px\" \/><\/a>Wo das Telef\u00f3nica Netz nicht optimal ausgebaut ist, erhalten Sie die 1&amp;1 Tarife auf Wunsch im Vodafone Netz (ohne LTE). <a href=\"https:\/\/aktionen-tarife.de\/1und1\/zum-anbieter\/netz\/1und1-netz-netzabdeckung\" target=\"_blank\"><strong>Zur Netzkarte<\/strong><\/a><\/p>\n<hr \/>\n<h2><span class=\"farbig\">1&amp;1 Mobilfunk Tarife<\/span> mit bester Netzabdeckung dank Netzwahl<\/h2>\n<p>Bei 1&amp;1 erhalten Sie zahlreiche <a href=\"https:\/\/aktionen-tarife.de\/1und1\/mobilfunk\"><strong>Mobilfunk Tarife<\/strong><\/a> und erhalten dank Netzwahl (Telef\u00f3nica oder D-Netz) beste Netzabdeckung f\u00fcr Ihren Bedarf. Bei den 1&amp;1 Allnet Flat Tarifen k\u00f6nnen Sie auf Wunsch ein g\u00fcnstiges <a href=\"https:\/\/aktionen-tarife.de\/1und1\/smartphones\"><strong>Smartphone<\/strong><\/a> mitbestellen und bei den Tablet-Flats ein <a href=\"https:\/\/aktionen-tarife.de\/1und1\/tablets\"><strong>Tablet<\/strong><\/a>.<\/p>\n<ul>\n<li><a href=\"https:\/\/aktionen-tarife.de\/1und1\/all-net-flat-lte\"><strong>All-Net-Flat LTE<\/strong><\/a> \u2013 Smartphone Tarife im Telef\u00f3nica Netz (inkl. LTE Nutzung)<\/li>\n<li><a href=\"https:\/\/aktionen-tarife.de\/1und1\/d-netz-all-net-flat\"><strong>All-Net-Flat<\/strong><\/a> \u2013 Smartphone Tarife im D-Netz (Vodafone D2-Netz ohne LTE)<\/li>\n<li><strong><a href=\"https:\/\/aktionen-tarife.de\/1und1\/tablet-flat\">Tablet Flat Tarife<\/a><\/strong>: Mobilfunk wahlweise im Vodafone oder o2 \/ E-Plus Netz.<\/li>\n<li><a href=\"https:\/\/aktionen-tarife.de\/1und1\/notebook-flat\"><strong>Notebook Flat Tarife<\/strong><\/a>: mit Surfstick oder mobilem WLAN Router f\u00fcr den Laptop.<\/li>\n<\/ul>\n<hr \/>\n<h2><span class=\"farbig\">Telef\u00f3nica<\/span> Netzabdeckung \/ Netzausbau &#8211; 1&amp;1 Tarife inklusive LTE<\/h2>\n<p><a href=\"https:\/\/aktionen-tarife.de\/1und1\/zum-anbieter\/netz\/1und1-netz-netzabdeckung\" target=\"_blank\"><img decoding=\"async\" class=\"alignright size-full wp-image-7258\" src=\"https:\/\/aktionen-tarife.de\/1und1\/inhalte\/2017\/12\/telefonica-o2-e-plus-netz-mobilfunk-netzabdeckung.jpg\" alt=\"1&amp;1 Netzabdeckung - Tarife im Telef\u00f3nica-Netz (Verbund o2 und E-Plus)\" width=\"150\" height=\"200\" srcset=\"https:\/\/aktionen-tarife.de\/1und1\/inhalte\/2017\/12\/telefonica-o2-e-plus-netz-mobilfunk-netzabdeckung.jpg 150w, https:\/\/aktionen-tarife.de\/1und1\/inhalte\/2017\/12\/telefonica-o2-e-plus-netz-mobilfunk-netzabdeckung-80x107.jpg 80w\" sizes=\"(max-width: 150px) 100vw, 150px\" \/><\/a>Wenn Sie sich f\u00fcr einen 1&amp;1 Tarif im <span class=\"farbig\">Telef\u00f3nica Netz<\/span> entscheiden, sichern Sie sich die meisten <a href=\"https:\/\/aktionen-tarife.de\/1und1\/aktuelles\/aktionen-mobilfunk\"><strong>Preisvorteile<\/strong><\/a>, wenn Sie im April 2026 bestellen &#8211; wie z.B. Rabatt in den ersten Monaten. Die 1&amp;1 Mobilfunk Tarife im Telef\u00f3nica Netz haben zudem den Vorteil, dass diese auch bereits das schnelle Surfen via <a href=\"https:\/\/aktionen-tarife.de\/1und1\/lte-4g\"><strong>LTE \/ 4G<\/strong><\/a> unterst\u00fctzen &#8211; mit <a href=\"https:\/\/aktionen-tarife.de\/1und1\/lte-max\">LTEmax<\/a> mit bis zu 225 MBit\/s. Das Telef\u00f3nica Netz ist \u00fcberwiegend in St\u00e4dten und Ballungsgebieten ausgebaut. Ob das zusammengelegte o2-Netz \/ E-Plus Netz dort verf\u00fcgbar ist, wo Sie es \u00fcberwiegend nutzen wollen, k\u00f6nnen Sie direkt <a href=\"https:\/\/aktionen-tarife.de\/1und1\/zum-anbieter\/netz\/1und1-netz-netzabdeckung\" target=\"_blank\"><strong>in der Telef\u00f3nica Netzabdeckungskarte pr\u00fcfen<\/strong><\/a>.<\/p>\n<hr \/>\n<h2><span class=\"farbig\">Vodafone<\/span> Netzabdeckung \/ Netzausbau &#8211; 1&amp;1 Tarife ohne LTE<\/h2>\n<p><a href=\"https:\/\/aktionen-tarife.de\/1und1\/zum-anbieter\/netz\/1und1-netz-netzabdeckung\" target=\"_blank\"><img decoding=\"async\" class=\"alignright size-full wp-image-7252\" src=\"https:\/\/aktionen-tarife.de\/1und1\/inhalte\/2017\/12\/d-netz-vodafone-d2-netzabdeckung.png\" alt=\"1&amp;1 Netzabdeckung D-Netz - 1&amp;1 Tarife im Vodafone D2-Netz\" width=\"150\" height=\"200\" srcset=\"https:\/\/aktionen-tarife.de\/1und1\/inhalte\/2017\/12\/d-netz-vodafone-d2-netzabdeckung.png 150w, https:\/\/aktionen-tarife.de\/1und1\/inhalte\/2017\/12\/d-netz-vodafone-d2-netzabdeckung-80x107.png 80w\" sizes=\"(max-width: 150px) 100vw, 150px\" \/><\/a>Die 1&amp;1 Tarife im D-Netz werden aktuell im Vodafone <a href=\"https:\/\/tarife-aktionen.de\/vodafone\/netzabdeckung\" target=\"_blank\" rel=\"noopener\"><strong>D2-Netz<\/strong><\/a> geschaltet. Die Preise sind im Regelfall die gleichen, wie f\u00fcr die Tarife im Telef\u00f3nica Netz, aber es gibt weniger Preis-Verg\u00fcnstigungen. Die D-Netz Tarife unterst\u00fctzen zudem kein <a href=\"https:\/\/tarife-aktionen.de\/vodafone\/lte\" target=\"_blank\" rel=\"noopener\"><strong>Vodafone LTE<\/strong><\/a>. Daf\u00fcr ist das Vodafone Netz vor allem in den l\u00e4ndlichen Regionen sehr gut ausgebaut und \u00fcberzeugt auch dort mit hohen Geschwindigkeiten via HSPA+ \/ HSPA (bis zu 42,2 MBit\/s). Wenn Sie die Netzabdeckung online <a href=\"https:\/\/aktionen-tarife.de\/1und1\/zum-anbieter\/netz\/1und1-netz-netzabdeckung\" target=\"_blank\"><strong>hier in der Vodafone Netzabdeckungskarte pr\u00fcfen<\/strong><\/a>, deaktivieren Sie 4G \/ LTE, um zu sehen, wo Sie die 1&amp;1 Tarife im D-Netz nutzen k\u00f6nnen.<\/p>\n","protected":false},"excerpt":{"rendered":"<p>Alle 1&amp;1 Mobilfunk Tarife (All-Net-Flat, Tablet-Flat und Notebook Flat) erhalten Sie wahlweise im Telef\u00f3nica Netz (inkl. LTE Highspeed) oder im D-Netz (zurzeit Vodafone D2-Netz). Bevor Sie einen 1&amp;1 Tarif bestellen, k\u00f6nnen Sie hier die 1&amp;1 Netzabdeckung abh\u00e4ngig vom gew\u00e4hlten Mobilfunk-Betreiber pr\u00fcfen, also ob das Handynetz dort ausgebaut ist, wo Sie Ihr mobiles Endger\u00e4t \u00fcberwiegend nutzen &hellip; <a href=\"https:\/\/aktionen-tarife.de\/1und1\/netzabdeckung\" class=\"more-link\"><span class=\"screen-reader-text\">1&#038;1 Netzabdeckung &#8211; Mobilfunk Tarife im D-Netz und Telef\u00f3nica-Netz<\/span> weiterlesen <span class=\"meta-nav\">&rarr;<\/span><\/a><\/p>\n","protected":false},"author":30,"featured_media":0,"parent":0,"menu_order":105,"comment_status":"closed","ping_status":"closed","template":"","meta":{"footnotes":""},"class_list":["post-6171","page","type-page","status-publish","hentry"],"_links":{"self":[{"href":"https:\/\/aktionen-tarife.de\/1und1\/wp-json\/wp\/v2\/pages\/6171","targetHints":{"allow":["GET"]}}],"collection":[{"href":"https:\/\/aktionen-tarife.de\/1und1\/wp-json\/wp\/v2\/pages"}],"about":[{"href":"https:\/\/aktionen-tarife.de\/1und1\/wp-json\/wp\/v2\/types\/page"}],"author":[{"embeddable":true,"href":"https:\/\/aktionen-tarife.de\/1und1\/wp-json\/wp\/v2\/users\/30"}],"replies":[{"embeddable":true,"href":"https:\/\/aktionen-tarife.de\/1und1\/wp-json\/wp\/v2\/comments?post=6171"}],"version-history":[{"count":0,"href":"https:\/\/aktionen-tarife.de\/1und1\/wp-json\/wp\/v2\/pages\/6171\/revisions"}],"wp:attachment":[{"href":"https:\/\/aktionen-tarife.de\/1und1\/wp-json\/wp\/v2\/media?parent=6171"}],"curies":[{"name":"wp","href":"https:\/\/api.w.org\/{rel}","templated":true}]}}