{"id":6156,"date":"2017-12-04T00:01:49","date_gmt":"2017-12-03T23:01:49","guid":{"rendered":"https:\/\/aktionen-tarife.de\/1und1\/?page_id=6156"},"modified":"2022-12-22T19:39:20","modified_gmt":"2022-12-22T18:39:20","slug":"l","status":"publish","type":"page","link":"https:\/\/aktionen-tarife.de\/1und1\/d-netz-all-net-flat\/l","title":{"rendered":"1&#038;1 All-Net-Flat L im D-Netz &#8211; Internet-Flat (10 GB Speed) und Allnetflat"},"content":{"rendered":"<p><a href=\"https:\/\/aktionen-tarife.de\/1und1\/zum-anbieter\/handytarife\/1und1-handytarife-allgemein\" target=\"_blank\" rel=\"noopener\"><img decoding=\"async\" class=\"alignright size-full wp-image-552\" src=\"https:\/\/aktionen-tarife.de\/1und1\/inhalte\/2015\/09\/1und1-onlinebestellung.png\" alt=\"1&amp;1 Onlinebestellung\" width=\"150\" height=\"30\" srcset=\"https:\/\/aktionen-tarife.de\/1und1\/inhalte\/2015\/09\/1und1-onlinebestellung.png 150w, https:\/\/aktionen-tarife.de\/1und1\/inhalte\/2015\/09\/1und1-onlinebestellung-80x16.png 80w\" sizes=\"(max-width: 150px) 100vw, 150px\" \/><\/a>Der Handyvertrag <span class=\"farbig\">1&amp;1 All-Net-Flat L<\/span> beinhaltet monatlich <span class=\"rot\">10 GB<\/span> mobil Surfen im <a href=\"https:\/\/aktionen-tarife.de\/1und1\/netzabdeckung\/d-netz-d2-vodafone\"><strong>D-Netz<\/strong><\/a> sowie eine Allnet Telefonflat. Der Tarif 1&amp;1 Allnet-Flat <strong>L<\/strong> wird im Vodafone D2-Netz geschaltet (alternativ <a href=\"https:\/\/aktionen-tarife.de\/1und1\/all-net-flat-lte\/l\">hier im Telef\u00f3nica Netz<\/a> inkl. <a href=\"https:\/\/aktionen-tarife.de\/1und1\/lte-4g\"><strong>LTE<\/strong><\/a>) und kostet <span class=\"farbig\">29,99 \u20ac monatlich<\/span>. F\u00fcr 0 bis 50 \u20ac Aufpreis im Monat kann ein <strong><a href=\"https:\/\/aktionen-tarife.de\/1und1\/smartphones\">Top-Smartphone<\/a><\/strong> ab 0 \u20ac mitbestellt werden. Die 1&amp;1 All-Net-Flat <strong>L<\/strong> ohne Handy wird auch ohne Laufzeit angeboten.<\/p>\n<hr \/>\n<h2><span class=\"farbig\">Aktionen<\/span> f\u00fcr den 1&amp;1 All-Net-Flat L Tarif im <span style=\"color: #ff0000;\">April 2026<\/span><\/h2>\n<p><a href=\"https:\/\/aktionen-tarife.de\/1und1\/zum-anbieter\/handytarife\/1und1-handytarife-allgemein\" target=\"_blank\" rel=\"noopener\"><strong>Bestellen<\/strong><\/a> Sie den Tarif 1&amp;1 All-Net-Flat <strong>L<\/strong> bis zum <span style=\"color: #ff0000;\">30.04.2026<\/span> mit Vorteilen:<\/p>\n<ul>\n<li>Mehr <strong>Highspeed-Datenvolumen<\/strong> gg\u00fc. Vorg\u00e4nger-Tarif Plus: <span class=\"farbig\">10 GB statt 1,5 GB je Monat<\/span>!<\/li>\n<li>Rufnummer Ihres jetzigen Mobilfunk-Anbieters mitnehmen = <span class=\"farbig\">10 \u20ac Wechsel-Bonus<\/span>.<\/li>\n<li><span class=\"rot\">Tipp:<\/span> <a href=\"https:\/\/aktionen-tarife.de\/1und1\/all-net-flat-lte\/s\"><strong>All-Net-Flat LTE L<\/strong><\/a> im Telef\u00f3nica-Netz jetzt 12 Monate verg\u00fcnstigt + weitere Vorteile.<\/li>\n<li><a href=\"https:\/\/aktionen-tarife.de\/1und1\/infos\/smartphones\"><strong>Smartphones<\/strong><\/a> <span class=\"farbig\">ab 0 \u20ac<\/span> (zzgl. 0 bis 50 \u20ac Aufpreis mtl.), z.B. <a href=\"https:\/\/aktionen-tarife.de\/1und1\/aktuelles\/smartphones-samsung\">Samsung Galaxy<\/a> oder <a href=\"https:\/\/aktionen-tarife.de\/1und1\/aktuelles\/smartphones-apple-iphone\">Apple iPhone<\/a>.<\/li>\n<\/ul>\n<hr \/>\n<h2><span class=\"farbig\">Tarifdetails<\/span> 1&amp;1 Allnet Flat L &#8211; preiswerter Smartphone Tarif im D-Netz<\/h2>\n<ul>\n<li><span class=\"farbig\">Internet<\/span>: <strong>10 GB<\/strong> je Monat per Smartphone surfen (mit HSPA+ im Vodafone D2-Netz: bis zu 42,2 MBit\/s Download und bis 3 MBit\/s Upload, dann Drosselung auf 64 kBit\/s).\n<ul>\n<li><em>15 GB monatlich erhalten Sie mit <a href=\"https:\/\/aktionen-tarife.de\/1und1\/d-netz-all-net-flat\/xl\"><strong>1&amp;1 All-Net-Flat XL<\/strong><\/a>.<br \/>\n<\/em><\/li>\n<li><em>Alternativ: <strong><a href=\"https:\/\/aktionen-tarife.de\/1und1\/all-net-flat-lte\/l\">1&amp;1 All-Net-Flat LTE L<\/a><\/strong> im Telef\u00f3nica Netz.<br \/>\n<\/em><\/li>\n<\/ul>\n<\/li>\n<li><span class=\"farbig\">Telefon<\/span>: unbegrenzt in alle deutschen Mobilfunk- und Festnetze telefonieren (Allnetflat).<\/li>\n<li><span class=\"farbig\">SMS:<\/span> per Flat SMS versenden &#8211; in die dt. Handynetze von Telekom, Vodafone und Telef\u00f3nica.<\/li>\n<li><span class=\"farbig\">Speicher:<\/span> 25 GB sicherer Cloud- \/ Online-Speicher f\u00fcr Fotos, Videos, Dokumente usw.<\/li>\n<li><span class=\"farbig\">Ausland:<\/span> <a href=\"https:\/\/aktionen-tarife.de\/1und1\/mobilfunk\/auslandstarife\/eu-flat-surfen-telefonieren\">EU-Flat<\/a> = ohne Mehrkosten in europ\u00e4ischen L\u00e4ndern telefonieren und surfen.<\/li>\n<li><span class=\"farbig\">Service:<\/span> 1&amp;1 Allnet Flat L Tarif mit <a href=\"https:\/\/aktionen-tarife.de\/1und1\/all-net-flat\/1und1-prinzip-premium-service\"><strong>1&amp;1 Prinzip<\/strong><\/a>, z.B. <strong>1 Monat ohne Risiko testen<\/strong>, gratis Hotline, gratis <strong>Vor-Ort-Austausch<\/strong> defekter Smartphones (innerhalb Garantiezeit) uvm.<\/li>\n<li><span class=\"farbig\">Laufzeit:<\/span> Mindestvertragslaufzeit 1&amp;1 All-Net-Flat L 24 Monate (K\u00fcndigungsfrist 3 Monate). Tarif ohne Smartphone auf Wunsch <strong>ohne Mindestvertragslaufzeit<\/strong> m\u00f6glich (5 \u20ac Aufpreis je Monat \/ K\u00fcndigungsfrist: 14 Tage zum Monatsende).<\/li>\n<li><span class=\"farbig\">Preis:<\/span> 29,99 \u20ac je Monat oder mit Smartphone 0 bis 50 \u20ac Aufpreis je Monat. Bereitstellung Triple-SIM (Micro, Mini, Nano) einmalig 29,90 \u20ac (inkl. Overnight-Versand).<\/li>\n<\/ul>\n<hr \/>\n<p><span class=\"rot\">Smartphone \u00dcbersicht:<\/span> <strong><a href=\"https:\/\/aktionen-tarife.de\/1und1\/infos\/smartphones\">ALLE<\/a> &#8211; <a href=\"https:\/\/aktionen-tarife.de\/1und1\/aktuelles\/top-smartphones\">Top-Smartphones<\/a> &#8211; <a href=\"https:\/\/aktionen-tarife.de\/1und1\/aktuelles\/guenstige-smartphones\">G\u00fcnstige Smartphones<\/a> &#8211; <a href=\"https:\/\/aktionen-tarife.de\/1und1\/aktuelles\/phablets\">Phablets<\/a><\/strong><\/p>\n<hr \/>\n<h2><span class=\"farbig\">Bestellung <\/span>1&amp;1 All-Net Flat L &#8211; Handyvertrag im D-Netz<\/h2>\n<p><a href=\"https:\/\/aktionen-tarife.de\/1und1\/zum-anbieter\/handytarife\/1und1-handytarife-allgemein\" target=\"_blank\" rel=\"noopener\"><img decoding=\"async\" class=\"alignright size-full wp-image-552\" src=\"https:\/\/aktionen-tarife.de\/1und1\/inhalte\/2015\/09\/1und1-onlinebestellung.png\" alt=\"1&amp;1 Onlinebestellung\" width=\"150\" height=\"30\" srcset=\"https:\/\/aktionen-tarife.de\/1und1\/inhalte\/2015\/09\/1und1-onlinebestellung.png 150w, https:\/\/aktionen-tarife.de\/1und1\/inhalte\/2015\/09\/1und1-onlinebestellung-80x16.png 80w\" sizes=\"(max-width: 150px) 100vw, 150px\" \/><\/a>1&amp;1 Mobilfunk Neukunden k\u00f6nnen den 1&amp;1 All-Net-Flat L Tarif direkt <a href=\"https:\/\/aktionen-tarife.de\/1und1\/zum-anbieter\/handytarife\/1und1-handytarife-allgemein\" target=\"_blank\" rel=\"noopener\"><strong>online bestellen<\/strong><\/a>. Tarifwechsel f\u00fcr Kunden im <a href=\"https:\/\/aktionen-tarife.de\/1und1\/login-control-center\">Kundencenter<\/a>.<\/p>\n<p><a href=\"https:\/\/aktionen-tarife.de\/1und1\/kontakt\/telefonische-beratung\"><img decoding=\"async\" class=\"alignright size-full wp-image-553\" src=\"https:\/\/aktionen-tarife.de\/1und1\/inhalte\/2015\/09\/1und1-telefonisch-bestellen.png\" alt=\"1&amp;1 telefonisch bestellen\" width=\"150\" height=\"30\" srcset=\"https:\/\/aktionen-tarife.de\/1und1\/inhalte\/2015\/09\/1und1-telefonisch-bestellen.png 150w, https:\/\/aktionen-tarife.de\/1und1\/inhalte\/2015\/09\/1und1-telefonisch-bestellen-80x16.png 80w\" sizes=\"(max-width: 150px) 100vw, 150px\" \/><\/a><span class=\"desktop-tablet\">Von 1&amp;1 Mobilfunk <strong>Neukunden<\/strong> nehmen wir die Allnet-Bestellung auch telefonisch unter <strong><a href=\"tel:+4939434099911\" onclick=\"ga('send', 'event', 'hotline', 'hotline-content', 'hotline-content-ohne-zeit');\">0 39 43 \/ 40 999 11<\/a><\/strong> entgegen (<a href=\"https:\/\/aktionen-tarife.de\/1und1\/kontakt\/telefonische-beratung\">R\u00fcckruf-Service<\/a>). <\/span><span class=\"smartphone\">Von 1&amp;1 Mobilfunk <strong>Neukunden<\/strong> nehmen wir die Allnet-Bestellung auch telefonisch unter <strong><a href=\"tel:+4939434099911\" onclick=\"ga('send', 'event', 'hotline', 'hotline-content', 'hotline-content-ohne-zeit');\">0 39 43 \/ 40 999 11<\/a><\/strong> entgegen (<a href=\"https:\/\/aktionen-tarife.de\/1und1\/kontakt\/telefonische-beratung\">R\u00fcckruf-Service hier<\/a>).<\/span><\/p>\n<p><img decoding=\"async\" class=\"alignright size-full wp-image-554\" src=\"https:\/\/aktionen-tarife.de\/1und1\/inhalte\/2015\/09\/1und1-bestellformular-pdf.png\" alt=\"1&amp;1 Bestellformular (PDF)\" width=\"150\" height=\"30\" srcset=\"https:\/\/aktionen-tarife.de\/1und1\/inhalte\/2015\/09\/1und1-bestellformular-pdf.png 150w, https:\/\/aktionen-tarife.de\/1und1\/inhalte\/2015\/09\/1und1-bestellformular-pdf-80x16.png 80w\" sizes=\"(max-width: 150px) 100vw, 150px\" \/>Neukunden k\u00f6nnen die 1&amp;1 All-Net Flat L (D-Netz) auch schriftlich mit unserem <strong>PDF Bestellformular<\/strong> beauftragen (auf Wunsch: <a href=\"https:\/\/aktionen-tarife.de\/1und1\/kontakt\/unterlagen-zusenden\">per Post<\/a>).<\/p>\n<hr \/>\n<h2><span class=\"farbig\">Netzabdeckung<\/span><span class=\"farbig\">:<\/span> 1&amp;1 Allnetflat L im Vodafone D2-Netz<\/h2>\n<p>Bei 1&amp;1 haben Sie die Wahl: Sie erhalten die 1&amp;1 Allnetflat L wahlweise im <a href=\"https:\/\/tarife-aktionen.de\/vodafone\/netzabdeckung\" target=\"_blank\" rel=\"noopener\">Vodafone D2 Netz<\/a> oder im <a href=\"https:\/\/o2.surfen-telefonieren.de\/o2-netzabdeckung\" target=\"_blank\" rel=\"noopener\">Telef\u00f3nica Netz<\/a>. Die <strong>1&amp;1 All-Net-Flat L im D-Netz<\/strong> unterst\u00fctzt nicht das Surfen per LTE, eignet sich aber beispielsweise in l\u00e4ndlichen Regionen, wo das Telef\u00f3nica Netz (o2 \/ E-Plus) nicht fl\u00e4chendeckend optimal ausgebaut ist. Die <a href=\"https:\/\/aktionen-tarife.de\/1und1\/all-net-flat-lte\/l\"><strong>1&amp;1 All-Net-Flat LTE L<\/strong><\/a> bietet andererseits Preisvorteile und schnelles <a href=\"https:\/\/aktionen-tarife.de\/1und1\/lte-4g\"><strong>LTE<\/strong><\/a>-Internet.<\/p>\n<hr \/>\n<h2><span class=\"farbig\">Smartphones \/ Handys<\/span> g\u00fcnstig mit 1&amp;1 Allnet-Flat L Tarif<\/h2>\n<p>F\u00fcr ab 15 \u20ac Aufpreis je Monat k\u00f6nnen Sie den 1&amp;1 All-Net-Flat L Tarif auch mit neuem <a href=\"https:\/\/aktionen-tarife.de\/1und1\/smartphones\"><strong>Top-Handy \/ Smartphone<\/strong><\/a> ab 0 \u20ac nutzen. Auch Top-Ger\u00e4te erhalten Sie gegen eine kleine Zuzahlung (noch g\u00fcnstiger im Tarif <a href=\"https:\/\/aktionen-tarife.de\/1und1\/d-netz-all-net-flat\/xl\"><strong>All-Net-Flat XL<\/strong><\/a>). \u00dcbersicht aller Smartphones bei 1&amp;1: <a href=\"https:\/\/aktionen-tarife.de\/1und1\/infos\/smartphones\"><strong>HIER<\/strong><\/a>.<\/p>\n<p><span class=\"rot\">Nach Hersteller:<\/span> <a href=\"https:\/\/aktionen-tarife.de\/1und1\/smartphones\"><strong>ALLE<\/strong><\/a> &#8211; <strong><a href=\"https:\/\/aktionen-tarife.de\/1und1\/aktuelles\/smartphones-apple-iphone\">Apple (iPhone)<\/a> &#8211; <a href=\"https:\/\/aktionen-tarife.de\/1und1\/aktuelles\/smartphones-samsung\">Samsung<\/a> &#8211; <a href=\"https:\/\/aktionen-tarife.de\/1und1\/aktuelles\/smartphones-sony\">Sony<\/a> &#8211; <a href=\"https:\/\/aktionen-tarife.de\/1und1\/aktuelles\/smartphones-huawei\">Huawei<\/a> &#8211; <a href=\"https:\/\/aktionen-tarife.de\/1und1\/aktuelles\/smartphones-htc\">HTC<\/a> &#8211; <a href=\"https:\/\/aktionen-tarife.de\/1und1\/aktuelles\/smartphones-lg\">LG<\/a><\/strong><\/p>\n<hr \/>\n<h2><span class=\"farbig\">Optionen und Extras<\/span> f\u00fcr 1&amp;1 All-Net-Flat L (Handyvertrag)<\/h2>\n<ul>\n<li><strong>Tablet- &amp; Notebook-Flat<\/strong>: (6,99 \u20ac je Monat): zus\u00e4tzliche Daten-SIM-Karte mit 1 GB.\n<ul>\n<li><em>Tipp: Tablet- und Notebook Flat ohne Aufpreis im Tarif <a href=\"https:\/\/aktionen-tarife.de\/1und1\/d-netz-all-net-flat\/xl\">1&amp;1 All-Net-Flat XL<\/a>.<\/em><\/li>\n<\/ul>\n<\/li>\n<li><strong>Norton Mobile Security<\/strong> (1,99 \u20ac je Monat): Schutz f\u00fcr Ihr Smartphone.<\/li>\n<\/ul>\n<hr \/>\n<h2><span class=\"farbig\">Tarif\u00fcbersicht<\/span> 1&amp;1 Allnet Flat Tarife zum g\u00fcnstigen Preis<\/h2>\n<ul>\r\n \t<li><a href=\"https:\/\/aktionen-tarife.de\/1und1\/all-net-flat-lte\"><strong>1&1 All-Net-Flat LTE<\/strong><\/a> - Smartphone Tarife im <a href=\"https:\/\/aktionen-tarife.de\/1und1\/netzabdeckung\/telefonica-o2-e-plus\">Telef\u00f3nica Netz<\/a> (inkl. <a href=\"https:\/\/aktionen-tarife.de\/1und1\/lte-4g\">LTE<\/a> Nutzung)\r\n<ul>\r\n \t<li><em><a href=\"https:\/\/aktionen-tarife.de\/1und1\/all-net-flat-lte\/s\">Tarif S<\/a> (3 GB) - <a href=\"https:\/\/aktionen-tarife.de\/1und1\/all-net-flat-lte\/m\">Tarif M<\/a> (5 GB) - <a href=\"https:\/\/aktionen-tarife.de\/1und1\/all-net-flat-lte\/l\">Tarif L<\/a> (10 GB) - <a href=\"https:\/\/aktionen-tarife.de\/1und1\/all-net-flat-lte\/xl\">Tarif XL<\/a> (15 GB) - <a href=\"https:\/\/aktionen-tarife.de\/1und1\/all-net-flat-lte\/young-plus\">Tarif Young Plus<\/a><\/em><\/li>\r\n<\/ul>\r\n<\/li>\r\n \t<li><a href=\"https:\/\/aktionen-tarife.de\/1und1\/d-netz-all-net-flat\"><strong>1&1 All-Net-Flat<\/strong><\/a> - Smartphone Tarife im D-Netz (<a href=\"https:\/\/aktionen-tarife.de\/1und1\/netzabdeckung\/d-netz-d2-vodafone\">Vodafone D2-Netz<\/a> ohne LTE)\r\n<ul>\r\n \t<li><em><a href=\"https:\/\/aktionen-tarife.de\/1und1\/d-netz-all-net-flat\/s\">Tarif S<\/a> (3 GB) - <a href=\"https:\/\/aktionen-tarife.de\/1und1\/d-netz-all-net-flat\/m\">Tarif M<\/a> (5 GB) - <a href=\"https:\/\/aktionen-tarife.de\/1und1\/d-netz-all-net-flat\/l\">Tarif L<\/a> (10 GB) - <a href=\"https:\/\/aktionen-tarife.de\/1und1\/d-netz-all-net-flat\/xl\">Tarif XL<\/a> (15 GB) - <a href=\"https:\/\/aktionen-tarife.de\/1und1\/d-netz-all-net-flat\/young-plus\">Tarif Young Plus<\/a><\/em><\/li>\r\n<\/ul>\r\n<\/li>\r\n<\/ul>\n<hr \/>\n<h2><span class=\"farbig\">Bestellung <\/span>1&amp;1 Allnet Flat <strong>L<\/strong> &#8211; ohne oder mit Smartphone<\/h2>\n<p><a href=\"https:\/\/aktionen-tarife.de\/1und1\/zum-anbieter\/handytarife\/1und1-handytarife-allgemein\" target=\"_blank\" rel=\"noopener\"><img decoding=\"async\" class=\"alignright size-full wp-image-552\" src=\"https:\/\/aktionen-tarife.de\/1und1\/inhalte\/2015\/09\/1und1-onlinebestellung.png\" alt=\"1&amp;1 Onlinebestellung\" width=\"150\" height=\"30\" srcset=\"https:\/\/aktionen-tarife.de\/1und1\/inhalte\/2015\/09\/1und1-onlinebestellung.png 150w, https:\/\/aktionen-tarife.de\/1und1\/inhalte\/2015\/09\/1und1-onlinebestellung-80x16.png 80w\" sizes=\"(max-width: 150px) 100vw, 150px\" \/><\/a>Den 1&amp;1 Smartphone-Tarif All-Net-Flat L sowie alle Extras und optional ein neues Smartphone k\u00f6nnen Sie im <a href=\"https:\/\/aktionen-tarife.de\/1und1\/zum-anbieter\/handytarife\/1und1-handytarife-allgemein\" target=\"_blank\" rel=\"noopener\"><strong>1&amp;1 Onlineshop<\/strong><\/a> bestellen.<\/p>\n<hr \/>\n<p><span style=\"color: #999999;\">* Weitere Details zum Tarif und Vertragsbedingungen im <a href=\"https:\/\/aktionen-tarife.de\/1und1\/zum-anbieter\/handytarife\/1und1-handytarife-allgemein\" target=\"_blank\" rel=\"noopener\">1&amp;1 Mobilfunk Onlineshop<\/a>.<\/span><\/p>\n","protected":false},"excerpt":{"rendered":"<p>Der Handyvertrag 1&amp;1 All-Net-Flat L beinhaltet monatlich 10 GB mobil Surfen im D-Netz sowie eine Allnet Telefonflat. Der Tarif 1&amp;1 Allnet-Flat L wird im Vodafone D2-Netz geschaltet (alternativ hier im Telef\u00f3nica Netz inkl. LTE) und kostet 29,99 \u20ac monatlich. F\u00fcr 0 bis 50 \u20ac Aufpreis im Monat kann ein Top-Smartphone ab 0 \u20ac mitbestellt werden. &hellip; <a href=\"https:\/\/aktionen-tarife.de\/1und1\/d-netz-all-net-flat\/l\" class=\"more-link\"><span class=\"screen-reader-text\">1&#038;1 All-Net-Flat L im D-Netz &#8211; Internet-Flat (10 GB Speed) und Allnetflat<\/span> weiterlesen <span class=\"meta-nav\">&rarr;<\/span><\/a><\/p>\n","protected":false},"author":30,"featured_media":0,"parent":6134,"menu_order":511230,"comment_status":"closed","ping_status":"closed","template":"","meta":{"footnotes":""},"class_list":["post-6156","page","type-page","status-publish","hentry"],"_links":{"self":[{"href":"https:\/\/aktionen-tarife.de\/1und1\/wp-json\/wp\/v2\/pages\/6156","targetHints":{"allow":["GET"]}}],"collection":[{"href":"https:\/\/aktionen-tarife.de\/1und1\/wp-json\/wp\/v2\/pages"}],"about":[{"href":"https:\/\/aktionen-tarife.de\/1und1\/wp-json\/wp\/v2\/types\/page"}],"author":[{"embeddable":true,"href":"https:\/\/aktionen-tarife.de\/1und1\/wp-json\/wp\/v2\/users\/30"}],"replies":[{"embeddable":true,"href":"https:\/\/aktionen-tarife.de\/1und1\/wp-json\/wp\/v2\/comments?post=6156"}],"version-history":[{"count":7,"href":"https:\/\/aktionen-tarife.de\/1und1\/wp-json\/wp\/v2\/pages\/6156\/revisions"}],"predecessor-version":[{"id":9707,"href":"https:\/\/aktionen-tarife.de\/1und1\/wp-json\/wp\/v2\/pages\/6156\/revisions\/9707"}],"up":[{"embeddable":true,"href":"https:\/\/aktionen-tarife.de\/1und1\/wp-json\/wp\/v2\/pages\/6134"}],"wp:attachment":[{"href":"https:\/\/aktionen-tarife.de\/1und1\/wp-json\/wp\/v2\/media?parent=6156"}],"curies":[{"name":"wp","href":"https:\/\/api.w.org\/{rel}","templated":true}]}}