{"id":6148,"date":"2017-12-04T00:01:36","date_gmt":"2017-12-03T23:01:36","guid":{"rendered":"https:\/\/aktionen-tarife.de\/1und1\/?page_id=6148"},"modified":"2022-12-22T19:39:16","modified_gmt":"2022-12-22T18:39:16","slug":"xl","status":"publish","type":"page","link":"https:\/\/aktionen-tarife.de\/1und1\/all-net-flat-lte\/xl","title":{"rendered":"1&#038;1 All-Net-Flat LTE XL &#8211; Internetflat (15 GB Highspeed) und Allnet-Flat"},"content":{"rendered":"<p><a href=\"https:\/\/aktionen-tarife.de\/1und1\/zum-anbieter\/handytarife\/1und1-handytarife-allgemein\" target=\"_blank\" rel=\"noopener\"><img decoding=\"async\" class=\"alignright size-full wp-image-552\" src=\"https:\/\/aktionen-tarife.de\/1und1\/inhalte\/2015\/09\/1und1-onlinebestellung.png\" alt=\"1&amp;1 Onlinebestellung\" width=\"150\" height=\"30\" srcset=\"https:\/\/aktionen-tarife.de\/1und1\/inhalte\/2015\/09\/1und1-onlinebestellung.png 150w, https:\/\/aktionen-tarife.de\/1und1\/inhalte\/2015\/09\/1und1-onlinebestellung-80x16.png 80w\" sizes=\"(max-width: 150px) 100vw, 150px\" \/><\/a>Der Smartphone Tarif <span class=\"farbig\">1&amp;1 All-Net-Flat LTE XL<\/span> (fr\u00fcher All-Net Pro) bietet <span class=\"rot\">20 GB<\/span> Highspeed Surfen mit <a href=\"https:\/\/aktionen-tarife.de\/1und1\/lte-max\">LTEmax<\/a> sowie eine Allnetflat. Der 1&amp;1 Allnet-Flat LTE <strong>XL<\/strong> Tarif wird im <a href=\"https:\/\/aktionen-tarife.de\/1und1\/netzabdeckung\/telefonica-o2-e-plus\">Telef\u00f3nica Netz<\/a> inklusive <strong><a href=\"https:\/\/aktionen-tarife.de\/1und1\/lte-4g\">LTE<\/a><\/strong> geschaltet (alternativ <a href=\"https:\/\/aktionen-tarife.de\/1und1\/d-netz-all-net-flat\/xl\">hier Tarif im D-Netz<\/a>) und kostet monatlich <span class=\"farbig\">g\u00fcnstige 34,99 \u20ac<\/span> (Neukunden <span class=\"rot\">erste 12 Monate je nur 24,99 \u20ac<\/span>). Es gibt zahlreiche Top-<a href=\"https:\/\/aktionen-tarife.de\/1und1\/smartphones\"><strong>Smartphones<\/strong><\/a> f\u00fcr 0 \u20ac (bei monatlich 0 bis 50 \u20ac Tarif-Aufpreis). Den Tarif 1&amp;1 All-Net-Flat LTE <strong>XL<\/strong> gibt es (ohne Smartphone) auch ohne Mindestlaufzeit.<\/p>\n<hr \/>\n<h2><span class=\"farbig\">Aktionen<\/span> f\u00fcr den 1&amp;1 All-Net-Flat LTE XL Tarif im <span style=\"color: #ff0000;\">April 2026<\/span><\/h2>\n<p><a href=\"https:\/\/aktionen-tarife.de\/1und1\/zum-anbieter\/handytarife\/1und1-handytarife-allgemein\" target=\"_blank\" rel=\"noopener\"><strong>Bestellen<\/strong><\/a> Sie den Tarif 1&amp;1 All-Net-Flat LTE <strong>XL<\/strong> bis zum <span style=\"color: #ff0000;\">30.04.2026<\/span> als Aktion:<\/p>\n<ul>\n<li>In den ersten <strong>12 Monaten nur 24,99 \u20ac statt 34,99 \u20ac<\/strong> (<span class=\"farbig\">120 \u20ac sparen<\/span> \/ Neukunden-Angebot).<\/li>\n<li>Mit Vertrag zu 1&amp;1 wechseln und Rufnummer mitbringen = <span class=\"farbig\">10 \u20ac Wechselbonus<\/span>.<\/li>\n<li>Mehr <strong>Highspeed-Datenvolumen<\/strong> zum Vorg\u00e4nger-Tarif Pro: <span class=\"farbig\">20 GB statt 2 GB je Monat<\/span>!<\/li>\n<li><a href=\"https:\/\/aktionen-tarife.de\/1und1\/infos\/smartphones\"><strong>Top-Smartphones<\/strong><\/a> <span class=\"farbig\">ab 0 \u20ac einmaliger Zuzahlung<\/span> (0 bis 50 \u20ac Aufpreis monatlich). Auch neueste Handys von <a href=\"https:\/\/aktionen-tarife.de\/1und1\/aktuelles\/smartphones-apple-iphone\">Apple (iPhone)<\/a> oder <a href=\"https:\/\/aktionen-tarife.de\/1und1\/aktuelles\/smartphones-samsung\">Samsung (Galaxy Modelle)<\/a> gratis.<\/li>\n<\/ul>\n<hr \/>\n<h2><span class=\"farbig\">Details<\/span> 1&amp;1 Allnet Flat LTE XL &#8211; leistungsstarker Smartphone Tarif<\/h2>\n<ul>\n<li><span class=\"farbig\">Internet<\/span>: monatlich <strong>20 GB<\/strong> per Smartphone surfen (mit LTE max im <a href=\"https:\/\/telefonica.surfen-telefonieren.de\/netzausbau\/mobilfunk-netzabdeckung-lte-4g-hspa-3g\" target=\"_blank\" rel=\"noopener\">Telef\u00f3nica Netz<\/a>: bis 225 MBit\/s Download und bis 50 MBit\/s Upload, dann Drosselung auf 64 kBit\/s).<em><br \/>\n<\/em><\/p>\n<ul>\n<li><em>Alternativ: <strong><a href=\"https:\/\/aktionen-tarife.de\/1und1\/d-netz-all-net-flat\/xl\">1&amp;1 All-Net-Flat XL<\/a><\/strong> Tarif (ohne LTE) im D-Netz (<a href=\"https:\/\/tarife-aktionen.de\/vodafone\/netzabdeckung\" target=\"_blank\" rel=\"noopener\">Vodafone D2 Netz<\/a>).<\/em><\/li>\n<\/ul>\n<\/li>\n<li><span class=\"farbig\">Telefonieren<\/span>: unbegrenzt in alle deutschen Festnetze und Handynetze (Telekom, Vodafone, o2 und E-Plus) telefonieren = <strong>AllNet-Flat<\/strong> f\u00fcr Ihr Smartphone.<\/li>\n<li><span class=\"farbig\">SMS:<\/span> unbegrenzt versenden in alle dt. Handynetze von Telekom, Vodafone, Telef\u00f3nica.<em><br \/>\n<\/em><\/li>\n<li><span class=\"farbig\">Zusatz-SIM:<\/span> extra Daten-SIM-Karte mit 1 GB Volumen f\u00fcr Ihr Tablet oder Laptop.<\/li>\n<li><span class=\"farbig\">Speicher:<\/span> 100 GB Onlinespeicher (Cloud \/ dt. Rechenzentrum) f\u00fcr Fotos, Videos und mehr.<\/li>\n<li><span class=\"farbig\">Service:<\/span> 1&amp;1 Allnet Flat LTE XL Tarif mit Premiumservice nach <a href=\"https:\/\/aktionen-tarife.de\/1und1\/all-net-flat\/1und1-prinzip-premium-service\"><strong>1&amp;1 Prinzip<\/strong><\/a>, z.B. <strong>1 Monat ohne Risiko testen<\/strong>, gratis <strong>Vorort-Austausch<\/strong> defekter Ger\u00e4te in Garantiezeit, gratis Hotline.<\/li>\n<li><span class=\"farbig\">Ausland:<\/span> <a href=\"https:\/\/aktionen-tarife.de\/1und1\/mobilfunk\/auslandstarife\/eu-flat-surfen-telefonieren\">EU-Flat<\/a> &#8211; in europ\u00e4ischen L\u00e4ndern ohne Mehrkosten surfen und telefonieren.<\/li>\n<li><span class=\"farbig\">Laufzeit:<\/span> 1&amp;1 All-Net-Flat LTE XL Mindestvertragslaufzeit 24 Monate (K\u00fcndigungsfrist 3 Monate). Ohne Smartphone ist der Vertrag auch <strong>ohne Mindestlaufzeit<\/strong> erh\u00e4ltlich (K\u00fcndigungsfrist: 14 Tage zum Monatsende \/ keine Rabatte oder Freimonate).<\/li>\n<li><span class=\"farbig\">Preis:<\/span> 34,99 \u20ac je Monat oder mit Smartphone 0 bis 50 \u20ac Aufpreis je Monat.. Aktionspreise f\u00fcr Neukunden. Bereitstellungskosten (Triple SIM = micro, mini und nano) einmalig 29,90 \u20ac (inkl. Versand) oder gegen Aufpreis Premium Versand (Overnight \/ Wunschtermin).<\/li>\n<\/ul>\n<hr \/>\n<p><span class=\"rot\">Smartphone \u00dcbersicht:<\/span> <strong><a href=\"https:\/\/aktionen-tarife.de\/1und1\/infos\/smartphones\">ALLE<\/a> &#8211; <a href=\"https:\/\/aktionen-tarife.de\/1und1\/aktuelles\/top-smartphones\">Top-Smartphones<\/a> &#8211; <a href=\"https:\/\/aktionen-tarife.de\/1und1\/aktuelles\/guenstige-smartphones\">G\u00fcnstige Smartphones<\/a> &#8211; <a href=\"https:\/\/aktionen-tarife.de\/1und1\/aktuelles\/phablets\">Phablets<\/a><\/strong><\/p>\n<hr \/>\n<h2><span class=\"farbig\">Bestellung <\/span>1&amp;1 All-Net Flat LTE XL (Handyvertrag f\u00fcr Smartphones)<\/h2>\n<p><a href=\"https:\/\/aktionen-tarife.de\/1und1\/zum-anbieter\/handytarife\/1und1-handytarife-allgemein\" target=\"_blank\" rel=\"noopener\"><img decoding=\"async\" class=\"alignright size-full wp-image-552\" src=\"https:\/\/aktionen-tarife.de\/1und1\/inhalte\/2015\/09\/1und1-onlinebestellung.png\" alt=\"1&amp;1 Onlinebestellung\" width=\"150\" height=\"30\" srcset=\"https:\/\/aktionen-tarife.de\/1und1\/inhalte\/2015\/09\/1und1-onlinebestellung.png 150w, https:\/\/aktionen-tarife.de\/1und1\/inhalte\/2015\/09\/1und1-onlinebestellung-80x16.png 80w\" sizes=\"(max-width: 150px) 100vw, 150px\" \/><\/a>1&amp;1 Vertrags-Neukunden k\u00f6nnen den 1&amp;1 All-Net-Flat LTE XL Tarif direkt <a href=\"https:\/\/aktionen-tarife.de\/1und1\/zum-anbieter\/handytarife\/1und1-handytarife-allgemein\" target=\"_blank\" rel=\"noopener\"><strong>online bestellen<\/strong><\/a>. Tarifwechsel f\u00fcr 1&amp;1 Allnet Kunden im <a href=\"https:\/\/aktionen-tarife.de\/1und1\/login-control-center\">Login<\/a>.<\/p>\n<p><a href=\"https:\/\/aktionen-tarife.de\/1und1\/kontakt\/telefonische-beratung\"><img decoding=\"async\" class=\"alignright size-full wp-image-553\" src=\"https:\/\/aktionen-tarife.de\/1und1\/inhalte\/2015\/09\/1und1-telefonisch-bestellen.png\" alt=\"1&amp;1 telefonisch bestellen\" width=\"150\" height=\"30\" srcset=\"https:\/\/aktionen-tarife.de\/1und1\/inhalte\/2015\/09\/1und1-telefonisch-bestellen.png 150w, https:\/\/aktionen-tarife.de\/1und1\/inhalte\/2015\/09\/1und1-telefonisch-bestellen-80x16.png 80w\" sizes=\"(max-width: 150px) 100vw, 150px\" \/><\/a><span class=\"desktop-tablet\">Von 1&amp;1 Mobilfunk <strong>Neukunden<\/strong> nehmen wir den All-Net-Auftrag auch telefonisch unter <strong><a href=\"tel:+4939434099911\" onclick=\"ga('send', 'event', 'hotline', 'hotline-content', 'hotline-content-ohne-zeit');\">0 39 43 \/ 40 999 11<\/a><\/strong> entgegen (<a href=\"https:\/\/aktionen-tarife.de\/1und1\/kontakt\/telefonische-beratung\">R\u00fcckruf-Service<\/a>). <\/span><span class=\"smartphone\">Von 1&amp;1 Mobilfunk <strong>Neukunden<\/strong> nehmen wir den All-Net-Auftrag auch telefonisch unter <strong><a href=\"tel:+4939434099911\" onclick=\"ga('send', 'event', 'hotline', 'hotline-content', 'hotline-content-ohne-zeit');\">0 39 43 \/ 40 999 11<\/a><\/strong> entgegen (<a href=\"https:\/\/aktionen-tarife.de\/1und1\/kontakt\/telefonische-beratung\">R\u00fcckruf-Service hier<\/a>).<\/span><\/p>\n<p><img decoding=\"async\" class=\"alignright size-full wp-image-554\" src=\"https:\/\/aktionen-tarife.de\/1und1\/inhalte\/2015\/09\/1und1-bestellformular-pdf.png\" alt=\"1&amp;1 Bestellformular (PDF)\" width=\"150\" height=\"30\" srcset=\"https:\/\/aktionen-tarife.de\/1und1\/inhalte\/2015\/09\/1und1-bestellformular-pdf.png 150w, https:\/\/aktionen-tarife.de\/1und1\/inhalte\/2015\/09\/1und1-bestellformular-pdf-80x16.png 80w\" sizes=\"(max-width: 150px) 100vw, 150px\" \/>Neue Kunden k\u00f6nnen den 1&amp;1 All-Net Flat LTE XL Vertrag schriftlich mit dem <strong>PDF Bestellformular<\/strong> beauftragen (auf Wunsch: <a href=\"https:\/\/aktionen-tarife.de\/1und1\/kontakt\/unterlagen-zusenden\">per Post<\/a>).<\/p>\n<hr \/>\n<h2><span class=\"farbig\">Netzabdeckung<\/span> f\u00fcr 1&amp;1 Allnet-Flat LTE XL im Telef\u00f3nica Netz (E-Plus \/ o2)<\/h2>\n<p>Bei 1&amp;1 haben Sie die Wahl: Sie k\u00f6nnen die 1&amp;1 Allnet-Flat XL im <a href=\"https:\/\/tarife-aktionen.de\/vodafone\/netzabdeckung\" target=\"_blank\" rel=\"noopener\">Vodafone D2 Netz<\/a> oder im <a href=\"https:\/\/o2.surfen-telefonieren.de\/o2-netzabdeckung\" target=\"_blank\" rel=\"noopener\">Telef\u00f3nica Netz (o2 \/ E-Plus)<\/a> erhalten. Die <strong>1&amp;1 All-Net-Flat LTE XL <\/strong> im <a href=\"https:\/\/aktionen-tarife.de\/1und1\/netzabdeckung\/telefonica-o2-e-plus\"><strong>Telef\u00f3nica Netz<\/strong><\/a> \u00fcberzeugt dank <a href=\"https:\/\/aktionen-tarife.de\/1und1\/lte-4g\"><strong>LTE<\/strong><\/a> max Nutzung mit schneller Geschwindigkeit. Der <a href=\"https:\/\/aktionen-tarife.de\/1und1\/d-netz-all-net-flat\/xl\"><strong>1&amp;1 All-Net-Flat XL<\/strong><\/a> Tarif im D-Netz (<a href=\"https:\/\/aktionen-tarife.de\/1und1\/netzabdeckung\/d-netz-d2-vodafone\"><strong>Vodafone D2<\/strong><\/a> ohne <a href=\"https:\/\/tarife-aktionen.de\/vodafone\/lte\" target=\"_blank\" rel=\"noopener\">Vodafone LTE<\/a>) hingegen eignet sich in Regionen, wo das Telef\u00f3nica Netz noch nicht oder nur eingeschr\u00e4nkt verf\u00fcgbar ist.<\/p>\n<hr \/>\n<h2><span class=\"farbig\">Smartphones und Handys<\/span> g\u00fcnstig mit 1&amp;1 Allnet-Flat LTE XL<\/h2>\n<p>F\u00fcr ab 20 \u20ac Aufpreis je Monat erhalten Sie den 1&amp;1 All-Net-Flat LTE XL Tarif auch mit g\u00fcnstigem neuen Premium-<a href=\"https:\/\/aktionen-tarife.de\/1und1\/smartphones\"><strong>Smartphone \/ Handy<\/strong><\/a> ab 0 \u20ac. \u00dcbersicht aller Smartphones bei 1&amp;1 <a href=\"https:\/\/aktionen-tarife.de\/1und1\/infos\/smartphones\"><strong>HIER<\/strong><\/a>.<\/p>\n<p><span class=\"rot\">Nach Hersteller:<\/span> <a href=\"https:\/\/aktionen-tarife.de\/1und1\/smartphones\"><strong>ALLE<\/strong><\/a> &#8211; <strong><a href=\"https:\/\/aktionen-tarife.de\/1und1\/aktuelles\/smartphones-apple-iphone\">Apple (iPhone)<\/a> &#8211; <a href=\"https:\/\/aktionen-tarife.de\/1und1\/aktuelles\/smartphones-samsung\">Samsung<\/a> &#8211; <a href=\"https:\/\/aktionen-tarife.de\/1und1\/aktuelles\/smartphones-sony\">Sony<\/a> &#8211; <a href=\"https:\/\/aktionen-tarife.de\/1und1\/aktuelles\/smartphones-huawei\">Huawei<\/a> &#8211; <a href=\"https:\/\/aktionen-tarife.de\/1und1\/aktuelles\/smartphones-htc\">HTC<\/a> &#8211; <a href=\"https:\/\/aktionen-tarife.de\/1und1\/aktuelles\/smartphones-lg\">LG<\/a><\/strong><\/p>\n<hr \/>\n<h2><span class=\"farbig\">Extras und Optionen<\/span> f\u00fcr 1&amp;1 All-Net-Flat LTE XL Tarif<\/h2>\n<ul>\n<li><strong>Norton Mobile Security<\/strong> (1,99 \u20ac je Monat): Schutz f\u00fcr Ihr Smartphone.<\/li>\n<\/ul>\n<hr \/>\n<h2><span class=\"farbig\">Tarif\u00fcbersicht<\/span> 1&amp;1 All-Net Flat Handyvertrag zum g\u00fcnstigen Preis<\/h2>\n<ul>\r\n \t<li><a href=\"https:\/\/aktionen-tarife.de\/1und1\/all-net-flat-lte\"><strong>1&1 All-Net-Flat LTE<\/strong><\/a> - Smartphone Tarife im <a href=\"https:\/\/aktionen-tarife.de\/1und1\/netzabdeckung\/telefonica-o2-e-plus\">Telef\u00f3nica Netz<\/a> (inkl. <a href=\"https:\/\/aktionen-tarife.de\/1und1\/lte-4g\">LTE<\/a> Nutzung)\r\n<ul>\r\n \t<li><em><a href=\"https:\/\/aktionen-tarife.de\/1und1\/all-net-flat-lte\/s\">Tarif S<\/a> (3 GB) - <a href=\"https:\/\/aktionen-tarife.de\/1und1\/all-net-flat-lte\/m\">Tarif M<\/a> (5 GB) - <a href=\"https:\/\/aktionen-tarife.de\/1und1\/all-net-flat-lte\/l\">Tarif L<\/a> (10 GB) - <a href=\"https:\/\/aktionen-tarife.de\/1und1\/all-net-flat-lte\/xl\">Tarif XL<\/a> (15 GB) - <a href=\"https:\/\/aktionen-tarife.de\/1und1\/all-net-flat-lte\/young-plus\">Tarif Young Plus<\/a><\/em><\/li>\r\n<\/ul>\r\n<\/li>\r\n \t<li><a href=\"https:\/\/aktionen-tarife.de\/1und1\/d-netz-all-net-flat\"><strong>1&1 All-Net-Flat<\/strong><\/a> - Smartphone Tarife im D-Netz (<a href=\"https:\/\/aktionen-tarife.de\/1und1\/netzabdeckung\/d-netz-d2-vodafone\">Vodafone D2-Netz<\/a> ohne LTE)\r\n<ul>\r\n \t<li><em><a href=\"https:\/\/aktionen-tarife.de\/1und1\/d-netz-all-net-flat\/s\">Tarif S<\/a> (3 GB) - <a href=\"https:\/\/aktionen-tarife.de\/1und1\/d-netz-all-net-flat\/m\">Tarif M<\/a> (5 GB) - <a href=\"https:\/\/aktionen-tarife.de\/1und1\/d-netz-all-net-flat\/l\">Tarif L<\/a> (10 GB) - <a href=\"https:\/\/aktionen-tarife.de\/1und1\/d-netz-all-net-flat\/xl\">Tarif XL<\/a> (15 GB) - <a href=\"https:\/\/aktionen-tarife.de\/1und1\/d-netz-all-net-flat\/young-plus\">Tarif Young Plus<\/a><\/em><\/li>\r\n<\/ul>\r\n<\/li>\r\n<\/ul>\n<hr \/>\n<h2><span class=\"farbig\">Bestellung <\/span>1&amp;1 Allnet Flat LTE XL (Smartphone Tarif mit Vertrag)<\/h2>\n<p><a href=\"https:\/\/aktionen-tarife.de\/1und1\/zum-anbieter\/handytarife\/1und1-handytarife-allgemein\" target=\"_blank\" rel=\"noopener\"><img decoding=\"async\" class=\"alignright size-full wp-image-552\" src=\"https:\/\/aktionen-tarife.de\/1und1\/inhalte\/2015\/09\/1und1-onlinebestellung.png\" alt=\"1&amp;1 Onlinebestellung\" width=\"150\" height=\"30\" srcset=\"https:\/\/aktionen-tarife.de\/1und1\/inhalte\/2015\/09\/1und1-onlinebestellung.png 150w, https:\/\/aktionen-tarife.de\/1und1\/inhalte\/2015\/09\/1und1-onlinebestellung-80x16.png 80w\" sizes=\"(max-width: 150px) 100vw, 150px\" \/><\/a>Den 1&amp;1 Smartphone Vertrag All-Net-Flat LTE XL sowie ein Smartphone zum Sonderpreis k\u00f6nnen Sie im <a href=\"https:\/\/aktionen-tarife.de\/1und1\/zum-anbieter\/handytarife\/1und1-handytarife-allgemein\" target=\"_blank\" rel=\"noopener\"><strong>1&amp;1 Onlineshop<\/strong><\/a> bestellen.<\/p>\n<hr \/>\n<p><span style=\"color: #999999;\">* Weitere Tarifdetails und Vertragsbedingungen finden Sie im <a href=\"https:\/\/aktionen-tarife.de\/1und1\/zum-anbieter\/handytarife\/1und1-handytarife-allgemein\" target=\"_blank\" rel=\"noopener\">1&amp;1 Mobilfunk Onlineshop<\/a>.<\/span><\/p>\n","protected":false},"excerpt":{"rendered":"<p>Der Smartphone Tarif 1&amp;1 All-Net-Flat LTE XL (fr\u00fcher All-Net Pro) bietet 20 GB Highspeed Surfen mit LTEmax sowie eine Allnetflat. Der 1&amp;1 Allnet-Flat LTE XL Tarif wird im Telef\u00f3nica Netz inklusive LTE geschaltet (alternativ hier Tarif im D-Netz) und kostet monatlich g\u00fcnstige 34,99 \u20ac (Neukunden erste 12 Monate je nur 24,99 \u20ac). Es gibt zahlreiche &hellip; <a href=\"https:\/\/aktionen-tarife.de\/1und1\/all-net-flat-lte\/xl\" class=\"more-link\"><span class=\"screen-reader-text\">1&#038;1 All-Net-Flat LTE XL &#8211; Internetflat (15 GB Highspeed) und Allnet-Flat<\/span> weiterlesen <span class=\"meta-nav\">&rarr;<\/span><\/a><\/p>\n","protected":false},"author":30,"featured_media":0,"parent":6131,"menu_order":511140,"comment_status":"closed","ping_status":"closed","template":"","meta":{"footnotes":""},"class_list":["post-6148","page","type-page","status-publish","hentry"],"_links":{"self":[{"href":"https:\/\/aktionen-tarife.de\/1und1\/wp-json\/wp\/v2\/pages\/6148","targetHints":{"allow":["GET"]}}],"collection":[{"href":"https:\/\/aktionen-tarife.de\/1und1\/wp-json\/wp\/v2\/pages"}],"about":[{"href":"https:\/\/aktionen-tarife.de\/1und1\/wp-json\/wp\/v2\/types\/page"}],"author":[{"embeddable":true,"href":"https:\/\/aktionen-tarife.de\/1und1\/wp-json\/wp\/v2\/users\/30"}],"replies":[{"embeddable":true,"href":"https:\/\/aktionen-tarife.de\/1und1\/wp-json\/wp\/v2\/comments?post=6148"}],"version-history":[{"count":7,"href":"https:\/\/aktionen-tarife.de\/1und1\/wp-json\/wp\/v2\/pages\/6148\/revisions"}],"predecessor-version":[{"id":9704,"href":"https:\/\/aktionen-tarife.de\/1und1\/wp-json\/wp\/v2\/pages\/6148\/revisions\/9704"}],"up":[{"embeddable":true,"href":"https:\/\/aktionen-tarife.de\/1und1\/wp-json\/wp\/v2\/pages\/6131"}],"wp:attachment":[{"href":"https:\/\/aktionen-tarife.de\/1und1\/wp-json\/wp\/v2\/media?parent=6148"}],"curies":[{"name":"wp","href":"https:\/\/api.w.org\/{rel}","templated":true}]}}