{"id":534,"date":"2017-12-06T00:01:58","date_gmt":"2017-12-05T23:01:58","guid":{"rendered":"https:\/\/aktionen-tarife.de\/1und1\/?page_id=534"},"modified":"2022-12-22T19:34:17","modified_gmt":"2022-12-22T18:34:17","slug":"smartphone","status":"publish","type":"page","link":"https:\/\/aktionen-tarife.de\/1und1\/smartphone","title":{"rendered":"1&#038;1 Smartphone Tarife (Vertrag) und Smartphones zum g\u00fcnstigen Preis"},"content":{"rendered":"<p><img decoding=\"async\" class=\"alignright size-full wp-image-680\" src=\"https:\/\/aktionen-tarife.de\/1und1\/inhalte\/2015\/09\/1und1-smartphone-tarife.jpg\" alt=\"1&amp;1 Smartphone Tarife (All-Net-Flat)\" width=\"150\" height=\"100\" srcset=\"https:\/\/aktionen-tarife.de\/1und1\/inhalte\/2015\/09\/1und1-smartphone-tarife.jpg 150w, https:\/\/aktionen-tarife.de\/1und1\/inhalte\/2015\/09\/1und1-smartphone-tarife-80x53.jpg 80w\" sizes=\"(max-width: 150px) 100vw, 150px\" \/>Entscheiden Sie sich f\u00fcr die g\u00fcnstigen <strong><span class=\"farbig\">1&amp;1 Smartphone<\/span><\/strong> Tarife &#8211; <strong><a title=\"1&amp;1 All-Net-Flat Tarife \u2013 auf Wunsch mit Smartphone\" href=\"https:\/\/aktionen-tarife.de\/1und1\/all-net-flat\">Allnet Flat<\/a><\/strong> wahlweise im <a href=\"https:\/\/aktionen-tarife.de\/1und1\/netzabdeckung\/telefonica-o2-e-plus\">Telef\u00f3nica Netz<\/a> oder im <a href=\"https:\/\/aktionen-tarife.de\/1und1\/netzabdeckung\/d-netz-d2-vodafone\">D-Netz (Vodafone D2)<\/a>. Passend zu den 1&amp;1 Smartphone Tarifen k\u00f6nnen Sie auf Wunsch auch ein neues <a href=\"https:\/\/aktionen-tarife.de\/1und1\/smartphones\"><strong>Smartphone<\/strong><\/a> g\u00fcnstig mitbestellen (z.B. aktuelle <a title=\"Apple iPhone Modelle mit 1&amp;1 Allnet Flat\" href=\"https:\/\/aktionen-tarife.de\/1und1\/aktuelles\/smartphones-apple-iphone\">Apple iPhone<\/a> oder <a title=\"Samsung Galaxy Modelle mit 1&amp;1 Allnet Flat Tarif\" href=\"https:\/\/aktionen-tarife.de\/1und1\/aktuelles\/smartphones-samsung\">Samsung Galaxy<\/a> Modelle). Profitieren Sie zudem dank <a href=\"https:\/\/aktionen-tarife.de\/1und1\/all-net-flat\/1und1-prinzip-premium-service\"><strong>1&amp;1 Prinzip<\/strong><\/a> von vielen Premium-Services (z.B. Overnight-Lieferung).<\/p>\n<hr \/>\n<p><span class=\"rot\">Smartphone \u00dcbersicht:<\/span> <strong><a href=\"https:\/\/aktionen-tarife.de\/1und1\/infos\/smartphones\">ALLE<\/a> &#8211; <a href=\"https:\/\/aktionen-tarife.de\/1und1\/aktuelles\/top-smartphones\">Top-Smartphones<\/a> &#8211; <a href=\"https:\/\/aktionen-tarife.de\/1und1\/aktuelles\/guenstige-smartphones\">G\u00fcnstige Smartphones<\/a> &#8211; <a href=\"https:\/\/aktionen-tarife.de\/1und1\/aktuelles\/phablets\">Phablets<\/a><\/strong><\/p>\n<hr \/>\n<h2><span class=\"farbig\">1&amp;1 Smartphone Tarife<\/span> &#8211; Allnet Flat f\u00fcr Einsteiger und Profis<\/h2>\n<p>Bei 1&amp;1 ist f\u00fcr jeden Kunden der passende <strong><a href=\"https:\/\/aktionen-tarife.de\/1und1\/all-net-flat\">Smartphone Tarif<\/a><\/strong> dabei: vom g\u00fcnstigen Einsteiger-Tarif bis hin zum Profi Tarif. Je nach Aktion zahlen Neukunden in den ersten Monaten eine geringere Grundgeb\u00fchr oder erhalten andere Vorteile. Optional kann gegen Zuzahlung (monatlicher Aufpreis) ein neues <strong><a title=\"Smartphones bei 1&amp;1\" href=\"https:\/\/aktionen-tarife.de\/1und1\/infos\/smartphones\">Smartphone<\/a><\/strong> ab 1 \u20ac mitbestellt werden.<\/p>\n<ul>\r\n \t<li><a href=\"https:\/\/aktionen-tarife.de\/1und1\/all-net-flat-lte\"><strong>1&1 All-Net-Flat LTE<\/strong><\/a> - Smartphone Tarife im <a href=\"https:\/\/aktionen-tarife.de\/1und1\/netzabdeckung\/telefonica-o2-e-plus\">Telef\u00f3nica Netz<\/a> (inkl. <a href=\"https:\/\/aktionen-tarife.de\/1und1\/lte-4g\">LTE<\/a> Nutzung)\r\n<ul>\r\n \t<li><em><a href=\"https:\/\/aktionen-tarife.de\/1und1\/all-net-flat-lte\/s\">Tarif S<\/a> (3 GB) - <a href=\"https:\/\/aktionen-tarife.de\/1und1\/all-net-flat-lte\/m\">Tarif M<\/a> (5 GB) - <a href=\"https:\/\/aktionen-tarife.de\/1und1\/all-net-flat-lte\/l\">Tarif L<\/a> (10 GB) - <a href=\"https:\/\/aktionen-tarife.de\/1und1\/all-net-flat-lte\/xl\">Tarif XL<\/a> (15 GB) - <a href=\"https:\/\/aktionen-tarife.de\/1und1\/all-net-flat-lte\/young-plus\">Tarif Young Plus<\/a><\/em><\/li>\r\n<\/ul>\r\n<\/li>\r\n \t<li><a href=\"https:\/\/aktionen-tarife.de\/1und1\/d-netz-all-net-flat\"><strong>1&1 All-Net-Flat<\/strong><\/a> - Smartphone Tarife im D-Netz (<a href=\"https:\/\/aktionen-tarife.de\/1und1\/netzabdeckung\/d-netz-d2-vodafone\">Vodafone D2-Netz<\/a> ohne LTE)\r\n<ul>\r\n \t<li><em><a href=\"https:\/\/aktionen-tarife.de\/1und1\/d-netz-all-net-flat\/s\">Tarif S<\/a> (3 GB) - <a href=\"https:\/\/aktionen-tarife.de\/1und1\/d-netz-all-net-flat\/m\">Tarif M<\/a> (5 GB) - <a href=\"https:\/\/aktionen-tarife.de\/1und1\/d-netz-all-net-flat\/l\">Tarif L<\/a> (10 GB) - <a href=\"https:\/\/aktionen-tarife.de\/1und1\/d-netz-all-net-flat\/xl\">Tarif XL<\/a> (15 GB) - <a href=\"https:\/\/aktionen-tarife.de\/1und1\/d-netz-all-net-flat\/young-plus\">Tarif Young Plus<\/a><\/em><\/li>\r\n<\/ul>\r\n<\/li>\r\n<\/ul>\n<hr \/>\n<h2><span class=\"farbig\">Smartphones<\/span> mit 1&amp;1 Allnet Flat (z.B. iPhone oder Samsung Galaxy)<\/h2>\n<p>Zusammen mit den <a href=\"https:\/\/aktionen-tarife.de\/1und1\/all-net-flat\"><strong>1&amp;1 Smartphone Tarifen<\/strong><\/a> erhalten Sie auf Wunsch ein neues Handy extra g\u00fcnstig dazu. Je h\u00f6herwertiger der 1&amp;1 Smartphone Tarif, desto h\u00f6herwertiger die Ger\u00e4te ab 1 \u20ac. Bei 1&amp;1 erhalten Sie Smartphones vieler bekannter Hersteller (<a href=\"https:\/\/aktionen-tarife.de\/1und1\/infos\/smartphones\"><strong>alle Ger\u00e4te HIER<\/strong><\/a>).<\/p>\n<p><span class=\"rot\">Smartphones nach Hersteller:<\/span> <strong><a href=\"https:\/\/aktionen-tarife.de\/1und1\/aktuelles\/smartphones-apple-iphone\">Apple (iPhone)<\/a> &#8211; <a href=\"https:\/\/aktionen-tarife.de\/1und1\/aktuelles\/smartphones-samsung\">Samsung<\/a> &#8211; <a href=\"https:\/\/aktionen-tarife.de\/1und1\/aktuelles\/smartphones-sony\">Sony<\/a> &#8211; <a href=\"https:\/\/aktionen-tarife.de\/1und1\/aktuelles\/smartphones-huawei\">Huawei<\/a> &#8211; <a href=\"https:\/\/aktionen-tarife.de\/1und1\/aktuelles\/smartphones-zte\">ZTE<\/a> &#8211; <a href=\"https:\/\/aktionen-tarife.de\/1und1\/aktuelles\/smartphones-htc\">HTC<\/a> &#8211; <a href=\"https:\/\/aktionen-tarife.de\/1und1\/aktuelles\/smartphones-lg\">LG<\/a><\/strong><\/p>\n<p><em>Tipp: mit <a href=\"https:\/\/aktionen-tarife.de\/1und1\/smartphones\/newphone-option\"><strong>1&amp;1 NewPhone Option<\/strong><\/a> alle 12 Monate Smartphone in ein neues Modell tauschen.<\/em><\/p>\n<hr \/>\n<h2>Netzwahl bei 1&amp;1: Smartphone Tarife im <span class=\"farbig\">D-Netz oder Telef\u00f3nica Netz<br \/>\n<\/span><\/h2>\n<p>Bei 1&amp;1 haben Sie als Kunde die Wahl, f\u00fcr welches Mobilfunk Netz Sie sich entscheiden. Sie k\u00f6nnen die 1&amp;1 Smartphone Tarife sowohl im D-Netz (D2-Netz von <a title=\"Vodafone Tarife und Angebote\" href=\"https:\/\/tarife-aktionen.de\/vodafone\/\" target=\"_blank\" rel=\"noopener\">Vodafone<\/a>, aber keine Nutzung von Vodafone LTE) oder im Telef\u00f3nica-Netz (mit <a href=\"https:\/\/aktionen-tarife.de\/1und1\/lte-4g\">LTE Nutzung<\/a> \/ dank nationalem Roaming auch Nutzung des o2 Netzes ohne Mehrkosten m\u00f6glich) erhalten. Die 1&amp;1 Smartphone Tarife kosten grunds\u00e4tzlich das Gleiche (bis auf einige Extras), aber bei den Tarif-Varianten im Telef\u00f3nica Netz erhalten Sie im Regelfall bessere Neukunden-Angebote (Online-Bonus).<\/p>\n<hr \/>\n<h2><span class=\"farbig\">Bestellung<\/span> 1&amp;1\u00a0 Smartphone Tarife (Allnet Flat) und Smartphones<\/h2>\n<p><span class=\"desktop-tablet\"><a title=\"1&amp;1 Onlinebestellung: Smartphones und Smartphone Tarife\" href=\"https:\/\/aktionen-tarife.de\/1und1\/zum-anbieter\/handytarife\/1und1-handytarife-allgemein\" target=\"_blank\" rel=\"noopener\"><img decoding=\"async\" class=\"alignright size-full wp-image-552\" src=\"https:\/\/aktionen-tarife.de\/1und1\/inhalte\/2015\/09\/1und1-onlinebestellung.png\" alt=\"1&amp;1 Onlinebestellung\" width=\"150\" height=\"30\" srcset=\"https:\/\/aktionen-tarife.de\/1und1\/inhalte\/2015\/09\/1und1-onlinebestellung.png 150w, https:\/\/aktionen-tarife.de\/1und1\/inhalte\/2015\/09\/1und1-onlinebestellung-80x16.png 80w\" sizes=\"(max-width: 150px) 100vw, 150px\" \/><\/a>Die 1&amp;1 Smartphone Tarife (auf Wunsch mit neuem Smartphone) k\u00f6nnen 1&amp;1 Mobilfunk Neukunden im <a title=\"1&amp;1 Onlinebestellung: Smartphones und Smartphone Tarife\" href=\"https:\/\/aktionen-tarife.de\/1und1\/zum-anbieter\/handytarife\/1und1-handytarife-allgemein\" target=\"_blank\" rel=\"noopener\"><strong>Onlineshop<\/strong><\/a> bestellen. F\u00fcr eine Vertragsverl\u00e4ngerung (bestehender 1&amp;1 Tarif): <a title=\"1&amp;1 Kundenservice: Hotline, Kontaktformular und Hilfe\" href=\"https:\/\/aktionen-tarife.de\/1und1\/kontakt\/kundenservice\">Kundenservice<\/a>. <\/span><span class=\"smartphone\">1&amp;1 Smartphone Tarife &amp; Ger\u00e4t im <strong><a title=\"1&amp;1 Onlinebestellung: Smartphones und Smartphone Tarife\" href=\"https:\/\/aktionen-tarife.de\/1und1\/zum-anbieter\/handytarife\/1und1-handytarife-allgemein\" target=\"_blank\" rel=\"noopener\">1&amp;1 Onlineshop<\/a><\/strong> bestellen.<\/span><\/p>\n<p><a title=\"Callback \/ R\u00fcckruf: telefonische Bestellung Smartphone mit Tarif\" href=\"https:\/\/aktionen-tarife.de\/1und1\/kontakt\/telefonische-beratung\"><img decoding=\"async\" class=\"alignright size-full wp-image-553\" src=\"https:\/\/aktionen-tarife.de\/1und1\/inhalte\/2015\/09\/1und1-telefonisch-bestellen.png\" alt=\"1&amp;1 telefonisch bestellen\" width=\"150\" height=\"30\" srcset=\"https:\/\/aktionen-tarife.de\/1und1\/inhalte\/2015\/09\/1und1-telefonisch-bestellen.png 150w, https:\/\/aktionen-tarife.de\/1und1\/inhalte\/2015\/09\/1und1-telefonisch-bestellen-80x16.png 80w\" sizes=\"(max-width: 150px) 100vw, 150px\" \/><\/a><span class=\"desktop-tablet\">F\u00fcr 1&amp;1 Mobilfunk <strong>Neukunden<\/strong> nehmen wir die Smartphone Tarife Bestellung auch telefonisch unter <strong><a href=\"tel:+4939434099911\" onclick=\"ga('send', 'event', 'hotline', 'hotline-content', 'hotline-content-ohne-zeit');\">0 39 43 \/ 40 999 11<\/a><\/strong> entgegen oder Sie nutzen den kostenlosen und unverbindlichen <a title=\"Callback \/ R\u00fcckruf: telefonische Beratung zu 1&amp;1 Tarifen\" href=\"https:\/\/aktionen-tarife.de\/1und1\/kontakt\/telefonische-beratung\">R\u00fcckruf-Service<\/a>. <\/span><span class=\"smartphone\">1&amp;1 Mobilfunk <strong>Neukunden<\/strong> k\u00f6nnen unter <strong><a href=\"tel:+4939434099911\" onclick=\"ga('send', 'event', 'hotline', 'hotline-content', 'hotline-content-ohne-zeit');\">0 39 43 \/ 40 999 11<\/a><\/strong> telefonisch bestellen (<a title=\"Callback \/ R\u00fcckruf: telefonische Beratung zu 1&amp;1 Tarifen\" href=\"https:\/\/aktionen-tarife.de\/1und1\/kontakt\/telefonische-beratung\">R\u00fcckruf-Service hier<\/a>).<\/span><\/p>\n<p><img decoding=\"async\" class=\"alignright size-full wp-image-554\" src=\"https:\/\/aktionen-tarife.de\/1und1\/inhalte\/2015\/09\/1und1-bestellformular-pdf.png\" alt=\"1&amp;1 Bestellformular (PDF)\" width=\"150\" height=\"30\" srcset=\"https:\/\/aktionen-tarife.de\/1und1\/inhalte\/2015\/09\/1und1-bestellformular-pdf.png 150w, https:\/\/aktionen-tarife.de\/1und1\/inhalte\/2015\/09\/1und1-bestellformular-pdf-80x16.png 80w\" sizes=\"(max-width: 150px) 100vw, 150px\" \/><span class=\"desktop-tablet\">F\u00fcr 1&amp;1 Smartphone Tarife Neukunden: die Allnet Flat Angebote und Ger\u00e4te k\u00f6nnen Sie schriftlich mit unserem <strong>PDF Bestellformular<\/strong> beauftragen. Gern senden wir Ihnen auch Unterlagen <a title=\"Bestellformulare \/ Flyer f\u00fcr 1&amp;1 Tarife per Post \/ eMail\" href=\"https:\/\/aktionen-tarife.de\/1und1\/kontakt\/unterlagen-zusenden\">per Post zu<\/a>. <\/span><span class=\"smartphone\">F\u00fcr 1&amp;1 Smartphone Tarife Neukunden: Allnet Flat und Ger\u00e4te per <strong>PDF Bestellformular<\/strong> beauftragen oder Unterlagen <strong><a title=\"Bestellformulare \/ Flyer f\u00fcr 1&amp;1 Tarife per Post \/ eMail\" href=\"https:\/\/aktionen-tarife.de\/1und1\/kontakt\/unterlagen-zusenden\">zusenden lassen<\/a><\/strong>.<\/span><\/p>\n<hr \/>\n<p><span style=\"color: #999999;\">*F\u00fcr die 1&amp;1 Smartphone Tarife mit neuem Endger\u00e4t \/ Handy gilt eine Mindestvertragslaufzeit von 24 Monaten. Der Vertrag f\u00fcr die 1&amp;1 Smartphone Tarife verl\u00e4ngert sich um je 12 Monate, wenn nicht mindestens 3 Monate vorher gek\u00fcndigt wird.<\/span><\/p>\n","protected":false},"excerpt":{"rendered":"<p>Entscheiden Sie sich f\u00fcr die g\u00fcnstigen 1&amp;1 Smartphone Tarife &#8211; Allnet Flat wahlweise im Telef\u00f3nica Netz oder im D-Netz (Vodafone D2). Passend zu den 1&amp;1 Smartphone Tarifen k\u00f6nnen Sie auf Wunsch auch ein neues Smartphone g\u00fcnstig mitbestellen (z.B. aktuelle Apple iPhone oder Samsung Galaxy Modelle). Profitieren Sie zudem dank 1&amp;1 Prinzip von vielen Premium-Services (z.B. &hellip; <a href=\"https:\/\/aktionen-tarife.de\/1und1\/smartphone\" class=\"more-link\"><span class=\"screen-reader-text\">1&#038;1 Smartphone Tarife (Vertrag) und Smartphones zum g\u00fcnstigen Preis<\/span> weiterlesen <span class=\"meta-nav\">&rarr;<\/span><\/a><\/p>\n","protected":false},"author":30,"featured_media":680,"parent":0,"menu_order":510000,"comment_status":"closed","ping_status":"closed","template":"","meta":{"footnotes":""},"class_list":["post-534","page","type-page","status-publish","hentry","has-post-thumbnail"],"_links":{"self":[{"href":"https:\/\/aktionen-tarife.de\/1und1\/wp-json\/wp\/v2\/pages\/534","targetHints":{"allow":["GET"]}}],"collection":[{"href":"https:\/\/aktionen-tarife.de\/1und1\/wp-json\/wp\/v2\/pages"}],"about":[{"href":"https:\/\/aktionen-tarife.de\/1und1\/wp-json\/wp\/v2\/types\/page"}],"author":[{"embeddable":true,"href":"https:\/\/aktionen-tarife.de\/1und1\/wp-json\/wp\/v2\/users\/30"}],"replies":[{"embeddable":true,"href":"https:\/\/aktionen-tarife.de\/1und1\/wp-json\/wp\/v2\/comments?post=534"}],"version-history":[{"count":3,"href":"https:\/\/aktionen-tarife.de\/1und1\/wp-json\/wp\/v2\/pages\/534\/revisions"}],"predecessor-version":[{"id":9268,"href":"https:\/\/aktionen-tarife.de\/1und1\/wp-json\/wp\/v2\/pages\/534\/revisions\/9268"}],"wp:featuredmedia":[{"embeddable":true,"href":"https:\/\/aktionen-tarife.de\/1und1\/wp-json\/wp\/v2\/media\/680"}],"wp:attachment":[{"href":"https:\/\/aktionen-tarife.de\/1und1\/wp-json\/wp\/v2\/media?parent=534"}],"curies":[{"name":"wp","href":"https:\/\/api.w.org\/{rel}","templated":true}]}}