{"id":509,"date":"2017-07-02T00:01:00","date_gmt":"2017-07-01T22:01:00","guid":{"rendered":"https:\/\/aktionen-tarife.de\/1und1\/?page_id=509"},"modified":"2022-12-22T19:34:13","modified_gmt":"2022-12-22T18:34:13","slug":"all-net-flat-basic","status":"publish","type":"page","link":"https:\/\/aktionen-tarife.de\/1und1\/archiv-smartphone-tarife\/all-net-flat-basic","title":{"rendered":"1&#038;1 All-Net-Flat Basic &#8211; auf Wunsch mit Smartphone"},"content":{"rendered":"<p><a href=\"https:\/\/aktionen-tarife.de\/1und1\/zum-anbieter\/handytarife\/1und1-handytarife-allgemein\" target=\"_blank\" rel=\"noopener\"><img decoding=\"async\" class=\"alignright size-full wp-image-552\" src=\"https:\/\/aktionen-tarife.de\/1und1\/inhalte\/2015\/09\/1und1-onlinebestellung.png\" alt=\"1&amp;1 Onlinebestellung\" width=\"150\" height=\"30\" srcset=\"https:\/\/aktionen-tarife.de\/1und1\/inhalte\/2015\/09\/1und1-onlinebestellung.png 150w, https:\/\/aktionen-tarife.de\/1und1\/inhalte\/2015\/09\/1und1-onlinebestellung-80x16.png 80w\" sizes=\"(max-width: 150px) 100vw, 150px\" \/><\/a>Mit dem Smartphone Tarif <span class=\"farbig\">1&amp;1 All-Net-Flat Basic<\/span> telefonieren Sie unbegrenzt in alle deutschen Netze und surfen mit der mobilen Internet-Flat (<strong>1 GB<\/strong> Highspeed-Volumen mit <a href=\"https:\/\/aktionen-tarife.de\/1und1\/lte-4g\">LTE-Speed<\/a> \/ <span style=\"color: #ff0000;\"><strong>zurzeit Aktion 4 GB mtl.<\/strong><\/span>). Die All-Net-Flat Basic kostet <span class=\"farbig\">24,99 \u20ac im Monat<\/span> (neues <a href=\"https:\/\/aktionen-tarife.de\/1und1\/smartphones\"><strong>Smartphone<\/strong><\/a> ab nur 10 \u20ac Aufpreis im Monat). Eine <a href=\"https:\/\/aktionen-tarife.de\/1und1\/mobilfunk\/auslandstarife\/eu-flat-surfen-telefonieren\">EU-Auslandsflat<\/a> ist enthalten. Den Tarif gibt es auch ohne Mindestvertragslaufzeit.<\/p>\n<hr \/>\n<h2><span class=\"desktop-tablet\"><span class=\"farbig\">Angebote<\/span> f\u00fcr den 1&amp;1 All-Net-Flat Basic Tarif im <span style=\"color: #ff0000;\">April 2026 <\/span><\/span><span class=\"smartphone\"><span style=\"color: #ff0000;\">Angebote im April 2026<\/span><\/span><\/h2>\n<p>Beauftragen Sie den Tarif 1&amp;1 Allnet-Flat Basic bis zum <span style=\"color: #ff0000;\">30.04.2026<\/span> mit diesen Vorteilen:<\/p>\n<ul>\n<li>Mehr <strong>Highspeed-Datenvolumen<\/strong> ohne Aufpreis: <span class=\"farbig\">4 GB statt 1 GB je Monat<\/span>!<\/li>\n<li>Sie entscheiden: Bereitstellung im E-Plus (inkl. <a href=\"https:\/\/o2.surfen-telefonieren.de\/\" target=\"_blank\" rel=\"noopener\">o2<\/a>) oder <a target=\"_blank\" rel=\"noopener\">Vodafone<\/a> D2 Mobilfunk-Netz. Bei Wahl des E-Netzes erhalten Sie 12 Monate je 10 \u20ac Rabatt (<span class=\"farbig\">120 \u20ac sparen<\/span>).<\/li>\n<li><span class=\"farbig\">10 \u20ac Wechslerbonu<\/span><span class=\"farbig\">s<\/span>, wenn Sie die Rufnummer Ihres derzeitigen Anbieters mitnehmen.<\/li>\n<li><a href=\"https:\/\/aktionen-tarife.de\/1und1\/infos\/smartphones\"><strong>Aktuelle Smartphones<\/strong><\/a> <span class=\"farbig\">ab 0 \u20ac Einmalzahlung<\/span> (zzgl. 10 \u20ac Aufpreis monatlich). Auch Top-Ger\u00e4te wie <a href=\"https:\/\/aktionen-tarife.de\/1und1\/aktuelles\/smartphones-apple-iphone\">Apple iPhone<\/a> oder <a href=\"https:\/\/aktionen-tarife.de\/1und1\/aktuelles\/smartphones-samsung\">Samsung Galaxy<\/a> zum kleinen Preis erhalten.<\/li>\n<li><span class=\"farbig\">Junge Leute bis 28<\/span> erhalten den Tarif Basic unter dem Tarif-Namen <a href=\"https:\/\/aktionen-tarife.de\/1und1\/all-net-flat-lte\/young-plus\"><strong>1&amp;1 All-Net Flat Young<\/strong><\/a> mit Vorteil nach Wahl &#8211; z.B. SMS Flat gratis oder mehr Highspeed Datenvolumen.<\/li>\n<\/ul>\n<hr \/>\n<h2><span class=\"desktop-tablet\"><span class=\"farbig\">Tarifdetails<\/span> 1&amp;1 Allnet Flat Basic &#8211; g\u00fcnstiger Smartphone Tarif <\/span><span class=\"smartphone\"><span class=\"farbig\">Tarifdetails<\/span> All-Net-Flat Basic<\/span><\/h2>\n<ul>\n<li><span class=\"farbig\">Internet Daten-Flat<\/span>: monatlich <strong>1 GB<\/strong> (im Rahmen von Neukunden-Aktionen auch mehr) Highspeed Surfen per Smartphone (im Vodafone Netz HSPA bis 42,2 MBit\/s oder im E-Netz \/ o2 mit <a href=\"https:\/\/aktionen-tarife.de\/1und1\/lte-4g\">LTE<\/a> Geschwindigkeit). Danach Drosselung auf 64 kBit\/s.\n<ul>\n<li><em>Optional Daten-Upgrade (monatlich k\u00fcndbar): 500 MB f\u00fcr 2,99 \u20ac \/ 2 GB f\u00fcr 9,99 \u20ac.<\/em><\/li>\n<li><em>Bei 1&amp;1 KEINE Datenautomatik (automatische Buchung), wie bei anderen Anbietern!<\/em><\/li>\n<li><em>Mehr Datenvolumen auch in den Tarifen <a href=\"https:\/\/aktionen-tarife.de\/1und1\/all-net-flat-lte\/l\">All-Net Flat Plus<\/a> oder <a href=\"https:\/\/aktionen-tarife.de\/1und1\/all-net-flat-lte\/xl\">All-Net-Flat Pro<\/a>.<\/em><\/li>\n<\/ul>\n<\/li>\n<li><span class=\"farbig\">Telefon-Flat<\/span>: unbegrenzt vom Handy aus in alle deutschen Netze (Festnetz und Mobilfunk Netze von Telekom, Vodafone, o2 und E-Plus) telefonieren = <strong>Allnet Flat<\/strong>.<\/li>\n<li><span class=\"farbig\">SMS:<\/span> kosteng\u00fcnstig SMS versenden (9,9 Cent pro SMS). Optional SMS Flat f\u00fcr 4,99 \u20ac.\n<ul>\n<li><em>Alternativ empfehlen wir den Tarif <a href=\"https:\/\/aktionen-tarife.de\/1und1\/all-net-flat-lte\/l\">All-Net-Flat Plus<\/a> mit SMS-Flat.<\/em><\/li>\n<\/ul>\n<\/li>\n<li><span class=\"farbig\">Service:<\/span> der 1&amp;1 Allnet Flat Basic Tarif beinhaltet alle Premium Services nach dem <a href=\"https:\/\/aktionen-tarife.de\/1und1\/all-net-flat\/1und1-prinzip-premium-service\"><strong>1&amp;1 Prinzip<\/strong><\/a>, z.B. Mobilfunk-Paket <strong>1 Monat ohne Risiko testen<\/strong>, kostenloser <strong>Vor-Ort-Austausch<\/strong> defekter Smartphones innerhalb der Garantiezeit, kostenlose Hotline rund um die Uhr.<\/li>\n<li><span class=\"farbig\">Extras:<\/span> <strong>10 GB Onlinespeicher<\/strong> (weltweiter Zugriff auf Ihre Daten \/ Cloud).<\/li>\n<li><span class=\"farbig\">Roaming (Ausland):<\/span> <a href=\"https:\/\/aktionen-tarife.de\/1und1\/mobilfunk\/auslandstarife\/eu-flat-surfen-telefonieren\">EU-Auslandsflat<\/a> inklusive = in L\u00e4ndern Europas monatlich 1 GB surfen, Telefonate kostenlos annehmen, kostenlos im gleichen Land und nach Dtl. anrufen.<\/li>\n<li>1&amp;1 All-Net-Flat Basic Mindestvertragslaufzeit 24 Monate (K\u00fcndigungsfrist 3 Monate). Ohne Smartphone Tarif auch <strong>ohne Mindestvertragslaufzeit<\/strong> erh\u00e4ltlich (K\u00fcndigungsfrist: 14 Tage zum Monatsende \/ im E-Netz keine Preisverg\u00fcnstigung \/ im Vodafone Netz +5 \u20ac mtl.).<\/li>\n<li><span class=\"farbig\">Preis:<\/span> 24,99 \u20ac je Monat oder mit Smartphone 34,99 \u20ac je Monat. Bereitstellung 29,90 \u20ac. Versand kostenlos oder gegen Aufpreis Premium Versand (Overnight \/ Wunschtermin).<\/li>\n<\/ul>\n<hr \/>\n<p><span class=\"rot\">Smartphone \u00dcbersicht:<\/span> <strong><a href=\"https:\/\/aktionen-tarife.de\/1und1\/infos\/smartphones\">ALLE<\/a> &#8211; <a href=\"https:\/\/aktionen-tarife.de\/1und1\/aktuelles\/top-smartphones\">Top-Smartphones<\/a> &#8211; <a href=\"https:\/\/aktionen-tarife.de\/1und1\/aktuelles\/guenstige-smartphones\">G\u00fcnstige Smartphones<\/a> &#8211; <a href=\"https:\/\/aktionen-tarife.de\/1und1\/aktuelles\/phablets\">Phablets<\/a><\/strong><\/p>\n<hr \/>\n<h2><span class=\"desktop-tablet\"><span class=\"farbig\">Bestellung <\/span>1&amp;1 Allnet Flat Basic Smartphone Tarif <\/span><span class=\"smartphone\"><span class=\"farbig\">Bestellung <\/span>1&amp;1 Allnet Flat Basic<\/span><\/h2>\n<p><a href=\"https:\/\/aktionen-tarife.de\/1und1\/zum-anbieter\/handytarife\/1und1-handytarife-allgemein\" target=\"_blank\" rel=\"noopener\"><img decoding=\"async\" class=\"alignright size-full wp-image-552\" src=\"https:\/\/aktionen-tarife.de\/1und1\/inhalte\/2015\/09\/1und1-onlinebestellung.png\" alt=\"1&amp;1 Onlinebestellung\" width=\"150\" height=\"30\" srcset=\"https:\/\/aktionen-tarife.de\/1und1\/inhalte\/2015\/09\/1und1-onlinebestellung.png 150w, https:\/\/aktionen-tarife.de\/1und1\/inhalte\/2015\/09\/1und1-onlinebestellung-80x16.png 80w\" sizes=\"(max-width: 150px) 100vw, 150px\" \/><\/a><span class=\"desktop-tablet\">1&amp;1 Mobilfunk Neukunden k\u00f6nnen den 1&amp;1 Allnet Flat Basic Tarif direkt <a href=\"https:\/\/aktionen-tarife.de\/1und1\/zum-anbieter\/handytarife\/1und1-handytarife-allgemein\" target=\"_blank\" rel=\"noopener\"><strong>online bestellen<\/strong><\/a>. F\u00fcr einen Tarifwechsel \/ Vertragsverl\u00e4ngerung wenden sich Bestandskunden bitte an den <a href=\"https:\/\/aktionen-tarife.de\/1und1\/kontakt\/kundenservice\">1&amp;1 Kundenservice<\/a>. <\/span><span class=\"smartphone\">1&amp;1 Allnet Flat Basic Tarif direkt im <strong><a href=\"https:\/\/aktionen-tarife.de\/1und1\/zum-anbieter\/handytarife\/1und1-handytarife-allgemein\" target=\"_blank\" rel=\"noopener\">1&amp;1 Onlineshop<\/a><\/strong> bestellen.<\/span><\/p>\n<p><a href=\"https:\/\/aktionen-tarife.de\/1und1\/kontakt\/telefonische-beratung\"><img decoding=\"async\" class=\"alignright size-full wp-image-553\" src=\"https:\/\/aktionen-tarife.de\/1und1\/inhalte\/2015\/09\/1und1-telefonisch-bestellen.png\" alt=\"1&amp;1 telefonisch bestellen\" width=\"150\" height=\"30\" srcset=\"https:\/\/aktionen-tarife.de\/1und1\/inhalte\/2015\/09\/1und1-telefonisch-bestellen.png 150w, https:\/\/aktionen-tarife.de\/1und1\/inhalte\/2015\/09\/1und1-telefonisch-bestellen-80x16.png 80w\" sizes=\"(max-width: 150px) 100vw, 150px\" \/><\/a><span class=\"desktop-tablet\">Gerne nehmen wir von 1&amp;1 Mobilfunk <strong>Neukunden<\/strong> den 1&amp;1 All-Net-Flat Basic Auftrag auch telefonisch unter <strong><a href=\"tel:+4939434099911\" onclick=\"ga('send', 'event', 'hotline', 'hotline-content', 'hotline-content-ohne-zeit');\">0 39 43 \/ 40 999 11<\/a><\/strong> entgegen oder nutzen Sie unseren unverbindlichen <a href=\"https:\/\/aktionen-tarife.de\/1und1\/kontakt\/telefonische-beratung\">R\u00fcckruf-Service<\/a>. <\/span><span class=\"smartphone\">1&amp;1 Mobilfunk <strong>Neukunden<\/strong> k\u00f6nnen den 1&amp;1 All-Net-Flat Basic Auftrag unter <strong><a href=\"tel:+4939434099911\" onclick=\"ga('send', 'event', 'hotline', 'hotline-content', 'hotline-content-ohne-zeit');\">0 39 43 \/ 40 999 11<\/a><\/strong> telefonisch erteilen (<a href=\"https:\/\/aktionen-tarife.de\/1und1\/kontakt\/telefonische-beratung\">R\u00fcckruf-Service hier<\/a>).<\/span><\/p>\n<p><img decoding=\"async\" class=\"alignright size-full wp-image-554\" src=\"https:\/\/aktionen-tarife.de\/1und1\/inhalte\/2015\/09\/1und1-bestellformular-pdf.png\" alt=\"1&amp;1 Bestellformular (PDF)\" width=\"150\" height=\"30\" srcset=\"https:\/\/aktionen-tarife.de\/1und1\/inhalte\/2015\/09\/1und1-bestellformular-pdf.png 150w, https:\/\/aktionen-tarife.de\/1und1\/inhalte\/2015\/09\/1und1-bestellformular-pdf-80x16.png 80w\" sizes=\"(max-width: 150px) 100vw, 150px\" \/><span class=\"desktop-tablet\">F\u00fcr 1&amp;1 Allnet Neukunden: den Basic Tarif (ggf. mit Smartphone) k\u00f6nnen Sie auch schriftlich mit unserem <strong>PDF Bestellformular<\/strong> beauftragen. Gern senden wir Ihnen auch Flyer und ein Auftragsformular <a href=\"https:\/\/aktionen-tarife.de\/1und1\/kontakt\/unterlagen-zusenden\">per Post zu<\/a>. <\/span><span class=\"smartphone\">F\u00fcr 1&amp;1 Allnet Flat Neukunden: <strong>PDF Bestellformular<\/strong> herunterladen oder Unterlagen <strong><a href=\"https:\/\/aktionen-tarife.de\/1und1\/kontakt\/unterlagen-zusenden\">hier zusenden lassen<\/a><\/strong>.<\/span><\/p>\n<hr \/>\n<h2><span class=\"desktop-tablet\"><span class=\"farbig\">Netzabdeckung (E-Plus \/ Vodafone)<\/span> f\u00fcr 1&amp;1 Allnetflat Basic <\/span><span class=\"smartphone\"><span class=\"farbig\">Netzabdeckung (E-Plus \/ Vodafone)<\/span><\/span><\/h2>\n<p>Bei 1&amp;1 haben Sie als Kunde die Wahl: Sie k\u00f6nnen den 1&amp;1 Allnetflat Basic Tarif wahlweise im <a href=\"https:\/\/tarife-aktionen.de\/vodafone\/netzabdeckung\" target=\"_blank\" rel=\"noopener\">Vodafone D2 Netz<\/a> erhalten oder im <a href=\"https:\/\/o2.surfen-telefonieren.de\/o2-netzabdeckung\" target=\"_blank\" rel=\"noopener\">E-Plus Netz (E-Netz)<\/a>. Durch den Zusammenschluss von E-Plus und o2 \/ Telef\u00f3nica k\u00f6nnen Sie dabei sogar das E-Plus und das o2 Netz ohne Mehrkosten nutzen. Die 1&amp;1 All-Net-Flat im <strong>E-Netz<\/strong> \u00fcberzeugt mit besseren Angeboten inklusive Nutzung von <a href=\"https:\/\/aktionen-tarife.de\/1und1\/lte-4g\">LTE<\/a>, die Variante im <strong>Vodafone D2 Netz<\/strong> (ohne Nutzung von <a href=\"https:\/\/tarife-aktionen.de\/vodafone\/lte\" target=\"_blank\" rel=\"noopener\">Vodafone LTE<\/a>) hingegen eignet sich z.B. in l\u00e4ndlichen Regionen, wo das E-Plus Netz teilweise noch nicht so gut ausgebaut ist.<\/p>\n<hr \/>\n<h2><span class=\"desktop-tablet\"><span class=\"farbig\">Smartphones \/ Handys<\/span> g\u00fcnstig mit 1&amp;1 All-Net-Flat Basic Tarif <\/span><span class=\"smartphone\"><span class=\"farbig\">Smartphones<\/span> zur All-Net-Flat Basic<\/span><\/h2>\n<p>F\u00fcr monatlich 10 \u20ac Aufpreis erhalten Sie den 1&amp;1 All-Net-Flat Basic Tarif auch mit neuem aktuellem <a href=\"https:\/\/aktionen-tarife.de\/1und1\/smartphones\"><strong>Smartphone \/ Handy<\/strong><\/a> ab 0 \u20ac. Selbst Top-Smartphones erhalten Sie f\u00fcr eine kleine Zuzahlung (g\u00fcnstiger werden die Top-Smartphones in den Tarifen <a href=\"https:\/\/aktionen-tarife.de\/1und1\/all-net-flat-lte\/l\">All-Net-Flat Plus<\/a> und <a href=\"https:\/\/aktionen-tarife.de\/1und1\/all-net-flat-lte\/xl\">All-Net-Flat Pro<\/a>). Eine \u00dcbersicht aller Smartphones bei 1&amp;1 finden Sie <a href=\"https:\/\/aktionen-tarife.de\/1und1\/infos\/smartphones\"><strong>HIER<\/strong><\/a>.<\/p>\n<hr \/>\n<h2><span class=\"desktop-tablet\"><span class=\"farbig\">Extras und Optionen<\/span> f\u00fcr 1&amp;1 All-Net-Flat Basic Tarif <\/span><span class=\"smartphone\"><span class=\"farbig\">Optionen<\/span> 1&amp;1 All-Net-Flat Basic<\/span><\/h2>\n<ul>\n<li><strong>Norton Mobile Security<\/strong>: f\u00fcr lediglich 1,99 \u20ac im Monat k\u00f6nnen Sie Ihr Android Smartphone vor Viren und anderer sch\u00e4dlichen Software sch\u00fctzen.<\/li>\n<li><strong>Tablet- &amp; Notebook-Flat<\/strong>: unterwegs zus\u00e4tzlich per Tablet oder Notebook surfen per zus\u00e4tzlicher SIM-Karte f\u00fcr nur 6,99 \u20ac je Monat (erste 12 Monate nur 3,99 \u20ac) mit bis zu 21,6 MBit\/s und 1 GB Highspeed-Datenvolumen im Inland plus 1 GB im EU-Ausland.<\/li>\n<li><strong>SMS-Flat<\/strong>: f\u00fcr nur 4,99 \u20ac im Monat in alle dt. Netze simsen (monatlich k\u00fcndbar).<\/li>\n<li><strong>Daten-Optionen<\/strong> (wenn Sie mehr Highspeed-Datenvolumen f\u00fcrs Smartphone w\u00fcnschen):\n<ul>\n<li>Monatlich k\u00fcndbare Voreinstellung: 500 MB f\u00fcr 2,99 \u20ac \/ 2 GB f\u00fcr 9,99 \u20ac.<\/li>\n<li>Manuelle Buchung bei Bedarf (SpeedOn): z.B. 500 MB f\u00fcr 4,99 \u20ac \/ 2 GB f\u00fcr 14,99 \u20ac.<\/li>\n<\/ul>\n<\/li>\n<\/ul>\n<hr \/>\n<h2><span class=\"desktop-tablet\"><span class=\"farbig\">Tarif\u00fcbersicht<\/span> 1&amp;1 Allnet Flat Tarife zum g\u00fcnstigen Preis <\/span><span class=\"smartphone\"><span class=\"farbig\">Tarif\u00fcbersicht<\/span> All-Net-Flats<\/span><\/h2>\n<ul>\r\n \t<li><a href=\"https:\/\/aktionen-tarife.de\/1und1\/all-net-flat-lte\"><strong>1&1 All-Net-Flat LTE<\/strong><\/a> - Smartphone Tarife im <a href=\"https:\/\/aktionen-tarife.de\/1und1\/netzabdeckung\/telefonica-o2-e-plus\">Telef\u00f3nica Netz<\/a> (inkl. <a href=\"https:\/\/aktionen-tarife.de\/1und1\/lte-4g\">LTE<\/a> Nutzung)\r\n<ul>\r\n \t<li><em><a href=\"https:\/\/aktionen-tarife.de\/1und1\/all-net-flat-lte\/s\">Tarif S<\/a> (3 GB) - <a href=\"https:\/\/aktionen-tarife.de\/1und1\/all-net-flat-lte\/m\">Tarif M<\/a> (5 GB) - <a href=\"https:\/\/aktionen-tarife.de\/1und1\/all-net-flat-lte\/l\">Tarif L<\/a> (10 GB) - <a href=\"https:\/\/aktionen-tarife.de\/1und1\/all-net-flat-lte\/xl\">Tarif XL<\/a> (15 GB) - <a href=\"https:\/\/aktionen-tarife.de\/1und1\/all-net-flat-lte\/young-plus\">Tarif Young Plus<\/a><\/em><\/li>\r\n<\/ul>\r\n<\/li>\r\n \t<li><a href=\"https:\/\/aktionen-tarife.de\/1und1\/d-netz-all-net-flat\"><strong>1&1 All-Net-Flat<\/strong><\/a> - Smartphone Tarife im D-Netz (<a href=\"https:\/\/aktionen-tarife.de\/1und1\/netzabdeckung\/d-netz-d2-vodafone\">Vodafone D2-Netz<\/a> ohne LTE)\r\n<ul>\r\n \t<li><em><a href=\"https:\/\/aktionen-tarife.de\/1und1\/d-netz-all-net-flat\/s\">Tarif S<\/a> (3 GB) - <a href=\"https:\/\/aktionen-tarife.de\/1und1\/d-netz-all-net-flat\/m\">Tarif M<\/a> (5 GB) - <a href=\"https:\/\/aktionen-tarife.de\/1und1\/d-netz-all-net-flat\/l\">Tarif L<\/a> (10 GB) - <a href=\"https:\/\/aktionen-tarife.de\/1und1\/d-netz-all-net-flat\/xl\">Tarif XL<\/a> (15 GB) - <a href=\"https:\/\/aktionen-tarife.de\/1und1\/d-netz-all-net-flat\/young-plus\">Tarif Young Plus<\/a><\/em><\/li>\r\n<\/ul>\r\n<\/li>\r\n<\/ul>\n<hr \/>\n<h2><span class=\"desktop-tablet\"><span class=\"farbig\">Bestellung <\/span>1&amp;1 Allnet Flat Basic Smartphone Tarif <\/span><span class=\"smartphone\"><span class=\"farbig\">Bestellung <\/span>1&amp;1 Allnet Flat Basic<\/span><\/h2>\n<p><a href=\"https:\/\/aktionen-tarife.de\/1und1\/zum-anbieter\/handytarife\/1und1-handytarife-allgemein\" target=\"_blank\" rel=\"noopener\"><img decoding=\"async\" class=\"alignright size-full wp-image-552\" src=\"https:\/\/aktionen-tarife.de\/1und1\/inhalte\/2015\/09\/1und1-onlinebestellung.png\" alt=\"1&amp;1 Onlinebestellung\" width=\"150\" height=\"30\" srcset=\"https:\/\/aktionen-tarife.de\/1und1\/inhalte\/2015\/09\/1und1-onlinebestellung.png 150w, https:\/\/aktionen-tarife.de\/1und1\/inhalte\/2015\/09\/1und1-onlinebestellung-80x16.png 80w\" sizes=\"(max-width: 150px) 100vw, 150px\" \/><\/a>Den 1&amp;1 Smartphone-Tarif All-Net-Flat Basic sowie alle Extras und optional Smartphone k\u00f6nnen Sie im <a href=\"https:\/\/aktionen-tarife.de\/1und1\/zum-anbieter\/handytarife\/1und1-handytarife-allgemein\" target=\"_blank\" rel=\"noopener\"><strong>1&amp;1 Onlineshop<\/strong><\/a> beauftragen.<\/p>\n<hr \/>\n<p><span style=\"color: #999999;\">* Weitere Tarifdetails und Vertragsbedingungen finden Sie im <a href=\"https:\/\/aktionen-tarife.de\/1und1\/zum-anbieter\/handytarife\/1und1-handytarife-allgemein\" target=\"_blank\" rel=\"noopener\">1&amp;1 Mobilfunk Onlineshop<\/a>.<\/span><\/p>\n","protected":false},"excerpt":{"rendered":"<p>Mit dem Smartphone Tarif 1&amp;1 All-Net-Flat Basic telefonieren Sie unbegrenzt in alle deutschen Netze und surfen mit der mobilen Internet-Flat (1 GB Highspeed-Volumen mit LTE-Speed \/ zurzeit Aktion 4 GB mtl.). Die All-Net-Flat Basic kostet 24,99 \u20ac im Monat (neues Smartphone ab nur 10 \u20ac Aufpreis im Monat). Eine EU-Auslandsflat ist enthalten. Den Tarif gibt &hellip; <a href=\"https:\/\/aktionen-tarife.de\/1und1\/archiv-smartphone-tarife\/all-net-flat-basic\" class=\"more-link\"><span class=\"screen-reader-text\">1&#038;1 All-Net-Flat Basic &#8211; auf Wunsch mit Smartphone<\/span> weiterlesen <span class=\"meta-nav\">&rarr;<\/span><\/a><\/p>\n","protected":false},"author":30,"featured_media":0,"parent":6519,"menu_order":511200,"comment_status":"closed","ping_status":"closed","template":"","meta":{"footnotes":""},"class_list":["post-509","page","type-page","status-publish","hentry"],"_links":{"self":[{"href":"https:\/\/aktionen-tarife.de\/1und1\/wp-json\/wp\/v2\/pages\/509","targetHints":{"allow":["GET"]}}],"collection":[{"href":"https:\/\/aktionen-tarife.de\/1und1\/wp-json\/wp\/v2\/pages"}],"about":[{"href":"https:\/\/aktionen-tarife.de\/1und1\/wp-json\/wp\/v2\/types\/page"}],"author":[{"embeddable":true,"href":"https:\/\/aktionen-tarife.de\/1und1\/wp-json\/wp\/v2\/users\/30"}],"replies":[{"embeddable":true,"href":"https:\/\/aktionen-tarife.de\/1und1\/wp-json\/wp\/v2\/comments?post=509"}],"version-history":[{"count":3,"href":"https:\/\/aktionen-tarife.de\/1und1\/wp-json\/wp\/v2\/pages\/509\/revisions"}],"predecessor-version":[{"id":9261,"href":"https:\/\/aktionen-tarife.de\/1und1\/wp-json\/wp\/v2\/pages\/509\/revisions\/9261"}],"up":[{"embeddable":true,"href":"https:\/\/aktionen-tarife.de\/1und1\/wp-json\/wp\/v2\/pages\/6519"}],"wp:attachment":[{"href":"https:\/\/aktionen-tarife.de\/1und1\/wp-json\/wp\/v2\/media?parent=509"}],"curies":[{"name":"wp","href":"https:\/\/api.w.org\/{rel}","templated":true}]}}