{"id":505,"date":"2017-07-02T00:01:29","date_gmt":"2017-07-01T22:01:29","guid":{"rendered":"https:\/\/aktionen-tarife.de\/1und1\/?page_id=505"},"modified":"2022-12-22T19:34:13","modified_gmt":"2022-12-22T18:34:13","slug":"all-net-flat-special","status":"publish","type":"page","link":"https:\/\/aktionen-tarife.de\/1und1\/archiv-smartphone-tarife\/all-net-flat-special","title":{"rendered":"1&#038;1 All-Net-Flat Special &#8211; auf Wunsch mit Smartphone"},"content":{"rendered":"<p><img decoding=\"async\" class=\"size-medium wp-image-552 alignright\" src=\"https:\/\/aktionen-tarife.de\/1und1\/inhalte\/2015\/09\/1und1-onlinebestellung-150x30.png\" alt=\"1&amp;1 Onlinebestellung\" width=\"150\" height=\"30\" srcset=\"https:\/\/aktionen-tarife.de\/1und1\/inhalte\/2015\/09\/1und1-onlinebestellung.png 150w, https:\/\/aktionen-tarife.de\/1und1\/inhalte\/2015\/09\/1und1-onlinebestellung-80x16.png 80w\" sizes=\"(max-width: 150px) 100vw, 150px\" \/>Der Smartphone Tarif <span class=\"farbig\">1&amp;1 All-Net-Flat Special<\/span> bietet eine Telefon-Flatrate in alle deutschen Netze und eine mobile Internet-Flat (<strong>500 MB<\/strong> Highspeed-Volumen mit bis zu <strong>21,6 MBit\/s<\/strong>\u00a0 &#8211; <strong><span style=\"color: #ff0000;\"><strong>zurzeit Aktion 2 GB mtl.<\/strong><\/span>)<\/strong>. Den All-Net Flat Special Tarif erhalten Sie f\u00fcr nur <span class=\"farbig\">19,99 \u20ac monatlich<\/span> (neues <a href=\"https:\/\/aktionen-tarife.de\/1und1\/smartphones\"><strong>Smartphone<\/strong><\/a> ab 10 \u20ac Aufpreis). Die <a href=\"https:\/\/aktionen-tarife.de\/1und1\/mobilfunk\/auslandstarife\/eu-flat-surfen-telefonieren\">1&amp;1 EU-Flat<\/a> ist bereits enthalten. Den Special Tarif gibt es auch ohne Vertragslaufzeit.<\/p>\n<hr \/>\n<h2><span class=\"desktop-tablet\"><span class=\"farbig\">Angebote<\/span> f\u00fcr den Tarif 1&amp;1 Allnet-Flat Special im <span style=\"color: #ff0000;\">April 2026<\/span> <\/span><span class=\"smartphone\"><span style=\"color: #ff0000;\">Angebote im April 2026<\/span><\/span><\/h2>\n<p>Bestellen Sie den 1&amp;1 Allnet-Flat Special Tarif bis zum <span style=\"color: #ff0000;\">30.04.2026<\/span> mit Preisvorteilen:<\/p>\n<ul>\n<li>Mehr <strong>Highspeed-Datenvolumen<\/strong> ohne Aufpreis: <span class=\"farbig\">2 GB statt 500 MB je Monat<\/span>!<\/li>\n<li>12 Monate lang je 10 \u20ac Rabatt auf die Grundgeb\u00fchr vom 1&amp;1 Special Tarif (<span class=\"farbig\">120 \u20ac sparen<\/span>), wenn Sie sich f\u00fcr das o2 \/ E-Plus Netz (Telef\u00f3nica).<\/li>\n<li><span class=\"farbig\">10 \u20ac Wechslerbonu<\/span><span class=\"farbig\">s:<\/span> nehmen Sie Ihre Rufnummer von einem anderen Anbieter mit.<\/li>\n<li><a title=\"Smartphones g\u00fcnstig mit 1&amp;1 Allnet Flat Tarif\" href=\"https:\/\/aktionen-tarife.de\/1und1\/infos\/smartphones\"><strong>Aktuelle Smartphones<\/strong><\/a> <span class=\"farbig\">ab 0 \u20ac Einmalzahlung<\/span> (zzgl. 10 \u20ac monatlicher Aufpreis). Top-Ger\u00e4te von z.B. <a title=\"Apple iPhone mit 1&amp;1 All-Net-Flat Tarifen\" href=\"https:\/\/aktionen-tarife.de\/1und1\/aktuelles\/smartphones-apple-iphone\">Apple<\/a> oder <a title=\"Samsung Galaxy Smartphones mit 1&amp;1 All-Net-Flat Tarifen\" href=\"https:\/\/aktionen-tarife.de\/1und1\/aktuelles\/smartphones-samsung\">Samsung<\/a> erhalten Sie gegen Zuzahlung (g\u00fcnstiger in anderen <a title=\"1&amp;1 All-Net-Flat Tarife \u2013 auf Wunsch mit Smartphone\" href=\"https:\/\/aktionen-tarife.de\/1und1\/all-net-flat\">Tarifen<\/a>).<\/li>\n<\/ul>\n<hr \/>\n<h2><span class=\"desktop-tablet\"><span class=\"farbig\">Tarifdetails<\/span> 1&amp;1 Allnet Flat Special &#8211; g\u00fcnstiger Smartphone Tarif <\/span><span class=\"smartphone\"><span class=\"farbig\">Tarifdetails<\/span> All-Net-Flat Special<\/span><\/h2>\n<ul>\n<li><span class=\"farbig\">Mobilfunk-Netz:<\/span> der 1&amp;1 Allnet-Flat Special Tarif nutzt das <a href=\"https:\/\/o2.surfen-telefonieren.de\/o2-netzabdeckung\" target=\"_blank\" rel=\"noopener\"><strong>o2 \/ E-Plus Netz<\/strong><\/a>.\n<ul>\n<li>Alternativ k\u00f6nnen Sie den Special Tarif auch im <a href=\"https:\/\/tarife-aktionen.de\/vodafone\/netzabdeckung\" target=\"_blank\" rel=\"noopener\"><strong>Vodafone D2-Netz<\/strong><\/a> erhalten.<\/li>\n<\/ul>\n<\/li>\n<li><span class=\"farbig\">Telefon-Flat<\/span>: kostenfrei vom Handy aus in das gesamte deutsche Festnetz und in alle deutschen Mobilfunknetze (Vodafone, Telekom, o2 und E-Plus) telefonieren = <strong>Allnet Flat<\/strong>.<\/li>\n<li><span class=\"farbig\">Mobile Internet-Flat<\/span>: mit einer Geschwindigkeit von bis zu <strong>21,6 MBit\/s<\/strong> und einem monatlichen Datenvolumen von <strong>500 MB<\/strong> (im Rahmen von Neukunden-Aktionen auch mehr) mit Ihrem Smartphone surfen. Danach Drosselung der Surf-Geschwindigkeit auf 64 kBit\/s.\n<ul>\n<li><em>Daten-Upgrade (monatlich k\u00fcndbar): 500 MB f\u00fcr 2,99 \u20ac je Monat oder 2.000 MB f\u00fcr 9,99 \u20ac mtl.<br \/>\n<\/em><\/li>\n<li><em>Mehr Datenvolumen in den Tarifen <a title=\"All-Net-Flat Basic\" href=\"https:\/\/aktionen-tarife.de\/1und1\/all-net-flat-lte\/m\">All-Net-Flat Basic<\/a>, <a title=\"1&amp;1 All-Net-Flat Plus \u2013 auf Wunsch mit Smartphone\" href=\"https:\/\/aktionen-tarife.de\/1und1\/all-net-flat-lte\/l\">All-Net Flat Plus<\/a> und <a title=\"1&amp;1 All-Net-Flat Pro \u2013 auf Wunsch mit Smartphone\" href=\"https:\/\/aktionen-tarife.de\/1und1\/all-net-flat-lte\/xl\">All-Net-Flat Pro<\/a>.<\/em><\/li>\n<\/ul>\n<\/li>\n<li><span class=\"farbig\">SMS<\/span>: simsen f\u00fcr 9,9 Cent je SMS. Alternativ optional SMS Flat f\u00fcr 4,99 \u20ac je Monat.<\/li>\n<li><span class=\"farbig\">Roaming (Ausland):<\/span>\u00a0 <a href=\"https:\/\/aktionen-tarife.de\/1und1\/mobilfunk\/auslandstarife\/eu-flat-surfen-telefonieren\">EU-Auslandsflat<\/a> gratis = in europ\u00e4ischen L\u00e4ndern monatlich 1 GB zum Surfen &amp; Telefonate kostenlos annehmen + im gleichen Land + nach Deutschland. <a href=\"https:\/\/aktionen-tarife.de\/1und1\/mobilfunk\/auslandstarife\/eu-flat-surfen-telefonieren\">Details<\/a><\/li>\n<li><span class=\"farbig\">1&amp;1 Service<\/span>: kostenfreie 24-Stunden Hotline sowie 1 Monat unverbindliches Testen des Mobilfunkprodukts. Weitere Premium-Services dank <a href=\"https:\/\/aktionen-tarife.de\/1und1\/all-net-flat\/1und1-prinzip-premium-service\">1&amp;1 Prinzip<\/a>, wie z.B. kostenloser Vor-Ort-Tausch defektes Smartphone innerhalb der Garantiezeit.<\/li>\n<li>1&amp;1 All-Net-Flat Special Mindestvertragslaufzeit 24 Monate (K\u00fcndigungsfrist 3 Monate). Ohne Smartphone ist der Allnetflat Special Tarif auch <strong>ohne Mindestvertragslaufzeit<\/strong> erh\u00e4ltlich (K\u00fcndigungsfrist: 14 Tage zum Monatsende \/ keine Preisverg\u00fcnstigung bzw. beim Tarif im Vodafone D2 Netz Preis dann 24,99 \u20ac statt 19,99 \u20ac je Monat).<\/li>\n<li><span class=\"farbig\">Preis:<\/span> 19,99 \u20ac je Monat oder mit Smartphone 29,99 \u20ac je Monat. Bereitstellung 29,90 \u20ac. Kostenfreier Versand oder gegen Aufpreis Premium Versand (Overnight \/ Wunschtermin).<\/li>\n<\/ul>\n<hr \/>\n<p><span class=\"rot\">Smartphone \u00dcbersicht:<\/span> <strong><a href=\"https:\/\/aktionen-tarife.de\/1und1\/infos\/smartphones\">ALLE<\/a> &#8211; <a href=\"https:\/\/aktionen-tarife.de\/1und1\/aktuelles\/top-smartphones\">Top-Smartphones<\/a> &#8211; <a href=\"https:\/\/aktionen-tarife.de\/1und1\/aktuelles\/guenstige-smartphones\">G\u00fcnstige Smartphones<\/a> &#8211; <a href=\"https:\/\/aktionen-tarife.de\/1und1\/aktuelles\/phablets\">Phablets<\/a><\/strong><\/p>\n<hr \/>\n<h2><span class=\"desktop-tablet\"><span class=\"farbig\">Bestellung <\/span>1&amp;1 All-Net Flat Special Smartphone Tarif <\/span><span class=\"smartphone\"><span class=\"farbig\">Bestellung <\/span>1&amp;1 All-Net Flat Special<br \/>\n<\/span><\/h2>\n<p><a title=\"1&amp;1 All-Net-Flat Tarife online bestellen\" href=\"https:\/\/aktionen-tarife.de\/1und1\/zum-anbieter\/handytarife\/1und1-handytarife-allgemein\" target=\"_blank\" rel=\"noopener\"><img decoding=\"async\" class=\"alignright size-full wp-image-552\" src=\"https:\/\/aktionen-tarife.de\/1und1\/inhalte\/2015\/09\/1und1-onlinebestellung.png\" alt=\"1&amp;1 Onlinebestellung\" width=\"150\" height=\"30\" srcset=\"https:\/\/aktionen-tarife.de\/1und1\/inhalte\/2015\/09\/1und1-onlinebestellung.png 150w, https:\/\/aktionen-tarife.de\/1und1\/inhalte\/2015\/09\/1und1-onlinebestellung-80x16.png 80w\" sizes=\"(max-width: 150px) 100vw, 150px\" \/><\/a><span class=\"desktop-tablet\">Als 1&amp;1 Allnet Neukunde k\u00f6nnen Sie die 1&amp;1 All-Net-Flat Special direkt <a title=\"1&amp;1 All-Net-Flat Special Tarif online bestellen\" href=\"https:\/\/aktionen-tarife.de\/1und1\/zum-anbieter\/handytarife\/1und1-handytarife-allgemein\" target=\"_blank\" rel=\"noopener\"><strong>online bestellen<\/strong><\/a>. F\u00fcr einen Tarifwechsel oder eine Vertragsverl\u00e4ngerung wenden sich Bestandskunden bitte an den <a title=\"1&amp;1 Kundenservice: Hotline, Kontaktformular und Hilfe\" href=\"https:\/\/aktionen-tarife.de\/1und1\/kontakt\/kundenservice\">1&amp;1 Kundenservice<\/a>. <\/span><span class=\"smartphone\">1&amp;1 Allnet Flat Special Tarif direkt im <strong><a title=\"1&amp;1 All-Net-Flat Special Tarif online bestellen\" href=\"https:\/\/aktionen-tarife.de\/1und1\/zum-anbieter\/handytarife\/1und1-handytarife-allgemein\" target=\"_blank\" rel=\"noopener\">1&amp;1 Onlineshop<\/a><\/strong> bestellen.<\/span><\/p>\n<p><a title=\"Callback \/ R\u00fcckruf: telefonische Bestellung 1&amp;1 All-Net-Flat Tarife\" href=\"https:\/\/aktionen-tarife.de\/1und1\/kontakt\/telefonische-beratung\"><img decoding=\"async\" class=\"alignright size-full wp-image-553\" src=\"https:\/\/aktionen-tarife.de\/1und1\/inhalte\/2015\/09\/1und1-telefonisch-bestellen.png\" alt=\"1&amp;1 telefonisch bestellen\" width=\"150\" height=\"30\" srcset=\"https:\/\/aktionen-tarife.de\/1und1\/inhalte\/2015\/09\/1und1-telefonisch-bestellen.png 150w, https:\/\/aktionen-tarife.de\/1und1\/inhalte\/2015\/09\/1und1-telefonisch-bestellen-80x16.png 80w\" sizes=\"(max-width: 150px) 100vw, 150px\" \/><\/a><span class=\"desktop-tablet\">Ihren 1&amp;1 All-Net-Flat Special <strong>Neuvertrag<\/strong> nehmen wir auch gerne telefonisch unter <strong><a href=\"tel:+4939434099911\" onclick=\"ga('send', 'event', 'hotline', 'hotline-content', 'hotline-content-ohne-zeit');\">0 39 43 \/ 40 999 11<\/a><\/strong> entgegen. Alternativ k\u00f6nnen Sie unseren unverbindlichen <a title=\"Callback \/ R\u00fcckruf: telefonische Bestellung 1&amp;1 All-Net-Flat Special\" href=\"https:\/\/aktionen-tarife.de\/1und1\/kontakt\/telefonische-beratung\">R\u00fcckruf-Service<\/a> nutzen. <\/span><span class=\"smartphone\">1&amp;1 Allnet Flat <strong>Neukunden<\/strong> k\u00f6nnen den 1&amp;1 All-Net-Flat Special Tarif telefonisch unter <strong><a href=\"tel:+4939434099911\" onclick=\"ga('send', 'event', 'hotline', 'hotline-content', 'hotline-content-ohne-zeit');\">0 39 43 \/ 40 999 11<\/a><\/strong> bestellen (<a title=\"Callback \/ R\u00fcckruf: telefonische Bestellung 1&amp;1 All-Net-Flat Special\" href=\"https:\/\/aktionen-tarife.de\/1und1\/kontakt\/telefonische-beratung\">R\u00fcckruf-Service hier<\/a>).<\/span><\/p>\n<p><img decoding=\"async\" class=\"alignright size-full wp-image-554\" src=\"https:\/\/aktionen-tarife.de\/1und1\/inhalte\/2015\/09\/1und1-bestellformular-pdf.png\" alt=\"1&amp;1 Bestellformular (PDF)\" width=\"150\" height=\"30\" srcset=\"https:\/\/aktionen-tarife.de\/1und1\/inhalte\/2015\/09\/1und1-bestellformular-pdf.png 150w, https:\/\/aktionen-tarife.de\/1und1\/inhalte\/2015\/09\/1und1-bestellformular-pdf-80x16.png 80w\" sizes=\"(max-width: 150px) 100vw, 150px\" \/><span class=\"desktop-tablet\">F\u00fcr 1&amp;1 All-Net-Flat\u00a0 Neukunden: den Special Tarif (auf Wunsch mit Smartphone) k\u00f6nnen Sie schriftlich mit unserem <strong>PDF Bestellformular<\/strong> beauftragen. Gern senden wir Ihnen auch Unterlagen <a title=\"Bestellformulare \/ Flyer f\u00fcr 1&amp;1 Tarife per Post \/ eMail\" href=\"https:\/\/aktionen-tarife.de\/1und1\/kontakt\/unterlagen-zusenden\">per Post zu<\/a>. <\/span><span class=\"smartphone\">F\u00fcr 1&amp;1 All-Net-Flat Neukunden: <strong>PDF Bestellformular<\/strong> herunterladen oder Unterlagen <strong><a title=\"Bestellformulare \/ Flyer f\u00fcr 1&amp;1 Tarife per Post \/ eMail\" href=\"https:\/\/aktionen-tarife.de\/1und1\/kontakt\/unterlagen-zusenden\">hier zusenden lassen<\/a><\/strong>.<\/span><\/p>\n<hr \/>\n<h2><span class=\"desktop-tablet\"><span class=\"farbig\">Netzabdeckung (o2 \/ E-Netz oder Vodafone)<\/span> 1&amp;1 All-Net-Flat Special <\/span><span class=\"smartphone\"><span class=\"farbig\">Netzabdeckung Special Tarif<br \/>\n<\/span><\/span><\/h2>\n<p>Der 1&amp;1 All-Net-Flat Special Tarif wird wahlweise im <a href=\"https:\/\/o2.surfen-telefonieren.de\/o2-netzabdeckung\" target=\"_blank\" rel=\"noopener\">o2 \/ E-Plus Netz (Telef\u00f3nica)<\/a> oder im <a href=\"https:\/\/tarife-aktionen.de\/vodafone\/netzabdeckung\" target=\"_blank\" rel=\"noopener\">D2-Netz (Vodafone)<\/a> realisiert. Der Tarif 1&amp;1 All-Net-Flat Special im <strong>E-Netz<\/strong> \u00fcberzeugt mit tollen Aktionen, aber auch der Tarif im Vodafone Netz \u00fcberzeugt mit g\u00fcnstigen Preisen.<\/p>\n<hr \/>\n<h2><span class=\"desktop-tablet\"><span class=\"farbig\">Smartphones \/ Handys<\/span> g\u00fcnstig mit 1&amp;1 Allnetflat Special Tarif <\/span><span class=\"smartphone\"><span class=\"farbig\">Smartphones<\/span> zur All-Net-Flat Special<\/span><\/h2>\n<p>F\u00fcr lediglich 10 \u20ac Aufpreis im Monat k\u00f6nnen Sie den 1&amp;1 Allnetflat Special Tarif auch mit einem aktuellem <a href=\"https:\/\/aktionen-tarife.de\/1und1\/smartphones\"><strong>Smartphone \/ Handy<\/strong><\/a> ab 0 \u20ac einmaliger Anzahlung erhalten. Sogar topaktuelle Smartphones erhalten Sie f\u00fcr eine kleine Zuzahlung (noch g\u00fcnstiger werden die aktuellen Smartphones in den Tarifen <a title=\"All-Net-Flat Basic\" href=\"https:\/\/aktionen-tarife.de\/1und1\/all-net-flat-lte\/m\">All-Net-Flat Basic<\/a>, <a title=\"1&amp;1 All-Net-Flat Plus \u2013 auf Wunsch mit Smartphone\" href=\"https:\/\/aktionen-tarife.de\/1und1\/all-net-flat-lte\/l\">All-Net Flat Plus<\/a> und <a title=\"1&amp;1 All-Net-Flat Pro \u2013 auf Wunsch mit Smartphone\" href=\"https:\/\/aktionen-tarife.de\/1und1\/all-net-flat-lte\/xl\">All-Net-Flat Pro<\/a>). Eine \u00dcbersicht aller derzeitig angebotenen Smartphones bei 1&amp;1 finden Sie <a title=\"Smartphones mit 1&amp;1 All-Net-Flat Tarifen\" href=\"https:\/\/aktionen-tarife.de\/1und1\/infos\/smartphones\"><strong>HIER<\/strong><\/a>.<\/p>\n<hr \/>\n<h2><span class=\"desktop-tablet\"><span class=\"farbig\">Extras und Optionen<\/span> f\u00fcr 1&amp;1 All-Net-Flat Special Tarif <\/span><span class=\"smartphone\"><span class=\"farbig\">Optionen<\/span> f\u00fcr 1&amp;1 All-Net-Flat Special<\/span><\/h2>\n<ul>\n<li><strong>SMS-Flat<\/strong>: buchen Sie f\u00fcr lediglich 4,99 \u20ac monatlich eine SMS Allnet\u00a0 Flat hinzu.<\/li>\n<li><strong>Daten-Optionen<\/strong>: sichern Sie sich mehr Highspeed-Datenvolumen zum Surfen:\n<ul>\n<li>Monatlich k\u00fcndbare Voreinstellung: 500 MB f\u00fcr 2,99 \u20ac \/ 2.000 MB f\u00fcr 9,99 \u20ac.<\/li>\n<li>Buchung bei Bedarf (SpeedOn): zum Beispiel 500 MB f\u00fcr 4,99 \u20ac.<\/li>\n<\/ul>\n<\/li>\n<li><strong>Norton Mobile Security<\/strong>: Sicherheit f\u00fcr Ihr Smartphone f\u00fcr nur 1,99 \u20ac je Monat.<\/li>\n<li><strong>Tablet- &amp; Notebook-Flat<\/strong> (12 Monate 3,99 \u20ac \/ dann 6,99 \u20ac je Monat): zweite SIM-Karte mit bis zu 21,6 MBit\/s und\u00a0 1 GB Highspeed-Volumen im Inland zur Nutzung mit einem Tablet oder Notebook. Zus\u00e4tzlich 1 GB Highspeed-Volumen im Ausland. Surfstick gratis.<\/li>\n<\/ul>\n<hr \/>\n<h2><span class=\"desktop-tablet\"><span class=\"farbig\">Tarif\u00fcbersicht<\/span> 1&amp;1 Allnet Flat Tarife zum g\u00fcnstigen Preis <\/span><span class=\"smartphone\"><span class=\"farbig\">Tarif\u00fcbersicht<\/span> All-Net-Flats<\/span><\/h2>\n<ul>\r\n \t<li><a href=\"https:\/\/aktionen-tarife.de\/1und1\/all-net-flat-lte\"><strong>1&1 All-Net-Flat LTE<\/strong><\/a> - Smartphone Tarife im <a href=\"https:\/\/aktionen-tarife.de\/1und1\/netzabdeckung\/telefonica-o2-e-plus\">Telef\u00f3nica Netz<\/a> (inkl. <a href=\"https:\/\/aktionen-tarife.de\/1und1\/lte-4g\">LTE<\/a> Nutzung)\r\n<ul>\r\n \t<li><em><a href=\"https:\/\/aktionen-tarife.de\/1und1\/all-net-flat-lte\/s\">Tarif S<\/a> (3 GB) - <a href=\"https:\/\/aktionen-tarife.de\/1und1\/all-net-flat-lte\/m\">Tarif M<\/a> (5 GB) - <a href=\"https:\/\/aktionen-tarife.de\/1und1\/all-net-flat-lte\/l\">Tarif L<\/a> (10 GB) - <a href=\"https:\/\/aktionen-tarife.de\/1und1\/all-net-flat-lte\/xl\">Tarif XL<\/a> (15 GB) - <a href=\"https:\/\/aktionen-tarife.de\/1und1\/all-net-flat-lte\/young-plus\">Tarif Young Plus<\/a><\/em><\/li>\r\n<\/ul>\r\n<\/li>\r\n \t<li><a href=\"https:\/\/aktionen-tarife.de\/1und1\/d-netz-all-net-flat\"><strong>1&1 All-Net-Flat<\/strong><\/a> - Smartphone Tarife im D-Netz (<a href=\"https:\/\/aktionen-tarife.de\/1und1\/netzabdeckung\/d-netz-d2-vodafone\">Vodafone D2-Netz<\/a> ohne LTE)\r\n<ul>\r\n \t<li><em><a href=\"https:\/\/aktionen-tarife.de\/1und1\/d-netz-all-net-flat\/s\">Tarif S<\/a> (3 GB) - <a href=\"https:\/\/aktionen-tarife.de\/1und1\/d-netz-all-net-flat\/m\">Tarif M<\/a> (5 GB) - <a href=\"https:\/\/aktionen-tarife.de\/1und1\/d-netz-all-net-flat\/l\">Tarif L<\/a> (10 GB) - <a href=\"https:\/\/aktionen-tarife.de\/1und1\/d-netz-all-net-flat\/xl\">Tarif XL<\/a> (15 GB) - <a href=\"https:\/\/aktionen-tarife.de\/1und1\/d-netz-all-net-flat\/young-plus\">Tarif Young Plus<\/a><\/em><\/li>\r\n<\/ul>\r\n<\/li>\r\n<\/ul>\n<hr \/>\n<h2><span class=\"desktop-tablet\"><span class=\"farbig\">Bestellung <\/span>1&amp;1 All-Net Flat Special Smartphone Tarif <\/span><span class=\"smartphone\"><span class=\"farbig\">Bestellung <\/span>1&amp;1 All-Net Flat Special<\/span><\/h2>\n<div data-canvas-width=\"235.5049324732916\">\n<p><a title=\"1&amp;1 Allnet Flat Tarife online bestellen\" href=\"https:\/\/aktionen-tarife.de\/1und1\/zum-anbieter\/handytarife\/1und1-handytarife-allgemein\" target=\"_blank\" rel=\"noopener\"><img decoding=\"async\" class=\"alignright size-full wp-image-552\" src=\"https:\/\/aktionen-tarife.de\/1und1\/inhalte\/2015\/09\/1und1-onlinebestellung.png\" alt=\"1&amp;1 Onlinebestellung\" width=\"150\" height=\"30\" srcset=\"https:\/\/aktionen-tarife.de\/1und1\/inhalte\/2015\/09\/1und1-onlinebestellung.png 150w, https:\/\/aktionen-tarife.de\/1und1\/inhalte\/2015\/09\/1und1-onlinebestellung-80x16.png 80w\" sizes=\"(max-width: 150px) 100vw, 150px\" \/><\/a>Den 1&amp;1 Smartphone-Tarif All-Net-Flat Special sowie die damit verbundenen Extras k\u00f6nnen Sie direkt im <a title=\"1&amp;1 Allnet Flat Basic online bestellen\" href=\"https:\/\/aktionen-tarife.de\/1und1\/zum-anbieter\/handytarife\/1und1-handytarife-allgemein\" target=\"_blank\" rel=\"noopener\"><strong>1&amp;1 Onlineshop<\/strong><\/a> beauftragen.<\/p>\n<hr \/>\n<\/div>\n<p><span style=\"color: #999999;\">* Weitere Tarifdetails und Vertragsbedingungen finden Sie im <a title=\"1&amp;1 Onlineshop\" href=\"https:\/\/aktionen-tarife.de\/1und1\/zum-anbieter\/handytarife\/1und1-handytarife-allgemein\" target=\"_blank\" rel=\"noopener\">1&amp;1 Mobilfunk Onlineshop<\/a>.<\/span><\/p>\n","protected":false},"excerpt":{"rendered":"<p>Der Smartphone Tarif 1&amp;1 All-Net-Flat Special bietet eine Telefon-Flatrate in alle deutschen Netze und eine mobile Internet-Flat (500 MB Highspeed-Volumen mit bis zu 21,6 MBit\/s\u00a0 &#8211; zurzeit Aktion 2 GB mtl.). Den All-Net Flat Special Tarif erhalten Sie f\u00fcr nur 19,99 \u20ac monatlich (neues Smartphone ab 10 \u20ac Aufpreis). Die 1&amp;1 EU-Flat ist bereits enthalten. &hellip; <a href=\"https:\/\/aktionen-tarife.de\/1und1\/archiv-smartphone-tarife\/all-net-flat-special\" class=\"more-link\"><span class=\"screen-reader-text\">1&#038;1 All-Net-Flat Special &#8211; auf Wunsch mit Smartphone<\/span> weiterlesen <span class=\"meta-nav\">&rarr;<\/span><\/a><\/p>\n","protected":false},"author":30,"featured_media":0,"parent":6519,"menu_order":511100,"comment_status":"closed","ping_status":"closed","template":"","meta":{"footnotes":""},"class_list":["post-505","page","type-page","status-publish","hentry"],"_links":{"self":[{"href":"https:\/\/aktionen-tarife.de\/1und1\/wp-json\/wp\/v2\/pages\/505","targetHints":{"allow":["GET"]}}],"collection":[{"href":"https:\/\/aktionen-tarife.de\/1und1\/wp-json\/wp\/v2\/pages"}],"about":[{"href":"https:\/\/aktionen-tarife.de\/1und1\/wp-json\/wp\/v2\/types\/page"}],"author":[{"embeddable":true,"href":"https:\/\/aktionen-tarife.de\/1und1\/wp-json\/wp\/v2\/users\/30"}],"replies":[{"embeddable":true,"href":"https:\/\/aktionen-tarife.de\/1und1\/wp-json\/wp\/v2\/comments?post=505"}],"version-history":[{"count":3,"href":"https:\/\/aktionen-tarife.de\/1und1\/wp-json\/wp\/v2\/pages\/505\/revisions"}],"predecessor-version":[{"id":9257,"href":"https:\/\/aktionen-tarife.de\/1und1\/wp-json\/wp\/v2\/pages\/505\/revisions\/9257"}],"up":[{"embeddable":true,"href":"https:\/\/aktionen-tarife.de\/1und1\/wp-json\/wp\/v2\/pages\/6519"}],"wp:attachment":[{"href":"https:\/\/aktionen-tarife.de\/1und1\/wp-json\/wp\/v2\/media?parent=505"}],"curies":[{"name":"wp","href":"https:\/\/api.w.org\/{rel}","templated":true}]}}