{"id":501,"date":"2017-12-06T00:01:13","date_gmt":"2017-12-05T23:01:13","guid":{"rendered":"https:\/\/aktionen-tarife.de\/1und1\/?page_id=501"},"modified":"2022-12-22T19:34:09","modified_gmt":"2022-12-22T18:34:09","slug":"all-net-flat","status":"publish","type":"page","link":"https:\/\/aktionen-tarife.de\/1und1\/all-net-flat","title":{"rendered":"1&#038;1 All-Net-Flat Tarife (bis 15 GB) &#8211; auf Wunsch mit Smartphone"},"content":{"rendered":"<p><img decoding=\"async\" class=\"alignright size-full wp-image-4087\" src=\"https:\/\/aktionen-tarife.de\/1und1\/inhalte\/2016\/10\/1und1-all-net-flat-tarife.jpg\" alt=\"1&amp;1 All-Net-Flat Tarife - auf Wunsch mit Smartphone\" width=\"150\" height=\"100\" srcset=\"https:\/\/aktionen-tarife.de\/1und1\/inhalte\/2016\/10\/1und1-all-net-flat-tarife.jpg 150w, https:\/\/aktionen-tarife.de\/1und1\/inhalte\/2016\/10\/1und1-all-net-flat-tarife-80x53.jpg 80w\" sizes=\"(max-width: 150px) 100vw, 150px\" \/>Die 1&amp;1 <strong><span class=\"farbig\">All-Net-Flat Tarife<\/span><\/strong> sind besonders g\u00fcnstig. Neukunden zahlen, je nach Aktion, in den ersten \u00a0Monaten sogar noch weniger. Sie selbst k\u00f6nnen w\u00e4hlen, ob Sie den 1&amp;1 Tarif im <a href=\"https:\/\/aktionen-tarife.de\/1und1\/netzabdeckung\/d-netz-d2-vodafone\">Vodafone D2<\/a> oder <a href=\"https:\/\/aktionen-tarife.de\/1und1\/netzabdeckung\/telefonica-o2-e-plus\">Telef\u00f3nica<\/a> Netz nutzen m\u00f6chten. Gegen einen monatlichen Aufpreis erhalten Sie bei allen 1&amp;1 Allnet Flat Tarifen auf Wunsch auch ein neues <a href=\"https:\/\/aktionen-tarife.de\/1und1\/smartphones\"><strong>Smartphone<\/strong><\/a> verg\u00fcnstigt dazu (z.B. <a href=\"https:\/\/aktionen-tarife.de\/1und1\/aktuelles\/smartphones-apple-iphone\">Apple iPhone<\/a> oder <a href=\"https:\/\/aktionen-tarife.de\/1und1\/aktuelles\/smartphones-samsung\">Samsung<\/a>).<\/p>\n<hr \/>\n<p><span class=\"rot\">Smartphone \u00dcbersicht:<\/span> <strong><a href=\"https:\/\/aktionen-tarife.de\/1und1\/infos\/smartphones\">ALLE<\/a> &#8211; <a href=\"https:\/\/aktionen-tarife.de\/1und1\/aktuelles\/top-smartphones\">Top-Smartphones<\/a> &#8211; <a href=\"https:\/\/aktionen-tarife.de\/1und1\/aktuelles\/guenstige-smartphones\">G\u00fcnstige Smartphones<\/a> &#8211; <a href=\"https:\/\/aktionen-tarife.de\/1und1\/aktuelles\/phablets\">Phablets<\/a><\/strong><\/p>\n<hr \/>\n<h2><span class=\"farbig\">Tarif\u00fcbersicht<\/span> 1&amp;1 All-Net-Flat (inkl. Smartphone Internet Flat)<\/h2>\n<ul>\r\n \t<li><a href=\"https:\/\/aktionen-tarife.de\/1und1\/all-net-flat-lte\"><strong>1&1 All-Net-Flat LTE<\/strong><\/a> - Smartphone Tarife im <a href=\"https:\/\/aktionen-tarife.de\/1und1\/netzabdeckung\/telefonica-o2-e-plus\">Telef\u00f3nica Netz<\/a> (inkl. <a href=\"https:\/\/aktionen-tarife.de\/1und1\/lte-4g\">LTE<\/a> Nutzung)\r\n<ul>\r\n \t<li><em><a href=\"https:\/\/aktionen-tarife.de\/1und1\/all-net-flat-lte\/s\">Tarif S<\/a> (3 GB) - <a href=\"https:\/\/aktionen-tarife.de\/1und1\/all-net-flat-lte\/m\">Tarif M<\/a> (5 GB) - <a href=\"https:\/\/aktionen-tarife.de\/1und1\/all-net-flat-lte\/l\">Tarif L<\/a> (10 GB) - <a href=\"https:\/\/aktionen-tarife.de\/1und1\/all-net-flat-lte\/xl\">Tarif XL<\/a> (15 GB) - <a href=\"https:\/\/aktionen-tarife.de\/1und1\/all-net-flat-lte\/young-plus\">Tarif Young Plus<\/a><\/em><\/li>\r\n<\/ul>\r\n<\/li>\r\n \t<li><a href=\"https:\/\/aktionen-tarife.de\/1und1\/d-netz-all-net-flat\"><strong>1&1 All-Net-Flat<\/strong><\/a> - Smartphone Tarife im D-Netz (<a href=\"https:\/\/aktionen-tarife.de\/1und1\/netzabdeckung\/d-netz-d2-vodafone\">Vodafone D2-Netz<\/a> ohne LTE)\r\n<ul>\r\n \t<li><em><a href=\"https:\/\/aktionen-tarife.de\/1und1\/d-netz-all-net-flat\/s\">Tarif S<\/a> (3 GB) - <a href=\"https:\/\/aktionen-tarife.de\/1und1\/d-netz-all-net-flat\/m\">Tarif M<\/a> (5 GB) - <a href=\"https:\/\/aktionen-tarife.de\/1und1\/d-netz-all-net-flat\/l\">Tarif L<\/a> (10 GB) - <a href=\"https:\/\/aktionen-tarife.de\/1und1\/d-netz-all-net-flat\/xl\">Tarif XL<\/a> (15 GB) - <a href=\"https:\/\/aktionen-tarife.de\/1und1\/d-netz-all-net-flat\/young-plus\">Tarif Young Plus<\/a><\/em><\/li>\r\n<\/ul>\r\n<\/li>\r\n<\/ul>\n<hr \/>\n<h2><span class=\"farbig\">Angebote<\/span> f\u00fcr die 1&amp;1 Allnet Flat Tarife <span class=\"rot\">im April 2026<\/span><\/h2>\n<ul>\n<li>Bei Tarifen im Telef\u00f3nica Netz jetzt 12 Monate je 10 \u20ac Preisvorteil (<span class=\"farbig\">120 \u20ac sparen<\/span>).<\/li>\n<li><span class=\"farbig\">Mehr Highspeed-Datenvolumen<\/span> (statt 500 MB bis 2 GB jetzt 3 bis 15 GB je nach Tarif).<\/li>\n<li><span class=\"farbig\">10 \u20ac Wechslerbonu<\/span><span class=\"farbig\">s:<\/span> nehmen Sie Ihre Rufnummer von einem anderen Anbieter mit.<\/li>\n<li>Premium Services nach <a href=\"https:\/\/aktionen-tarife.de\/1und1\/all-net-flat\/1und1-prinzip-premium-service\">1&amp;1 Prinzip<\/a> ohne Mehrkosten (z.B. gratis Overnight Lieferung).<\/li>\n<li><a href=\"https:\/\/aktionen-tarife.de\/1und1\/smartphones\"><strong>Smartphone<\/strong><\/a> auf Wunsch zum geringen Einmalpreis und Monatsgeb\u00fchr mitbestellen. In Verbindung mit <a href=\"https:\/\/aktionen-tarife.de\/1und1\/smartphones\/newphone-option\">1&amp;1 NewPhone Option<\/a> alle 12 Monate neues Modell im Tausch.<\/li>\n<\/ul>\n<hr \/>\n<h2><span class=\"farbig\">D-Netz oder E-Plus \/ o2 Netz<\/span> &#8211; freie Netzwahl f\u00fcr 1&amp;1 Allnet Flat<\/h2>\n<p>Bei den 1&amp;1 Allnet Flat Tarifen haben Sie die Wahl zwischen dem <strong><a href=\"https:\/\/aktionen-tarife.de\/1und1\/netzabdeckung\/d-netz-d2-vodafone\" target=\"_blank\" rel=\"noopener\">D2-Netz von Vodafone<\/a><\/strong> (ohne Vodafone LTE) oder dem <strong><a href=\"https:\/\/aktionen-tarife.de\/1und1\/netzabdeckung\/telefonica-o2-e-plus\" target=\"_blank\" rel=\"noopener\">Telef\u00f3nica (o2- \/ E-Plus) Netz<\/a><\/strong> (inklusive Nutzung von <a href=\"https:\/\/aktionen-tarife.de\/1und1\/lte-4g\"><strong>LTE<\/strong><\/a>). Die 1&amp;1 All-Net-Flat Tarife kosten die gleiche monatliche Grundgeb\u00fchr und es gibt Unterschiede in der Surf-Geschwindigkeit (4G \/ LTE nur im Telef\u00f3nica Netz), bei den Auslandstarifen und bei den Angeboten (z.B. bei den Telef\u00f3nica Tarifen in den ersten Monaten weniger zahlen).<\/p>\n<hr \/>\n<h2><span class=\"farbig\">Smartphones<\/span> mit 1&amp;1 All-Net-Flat (z.B. iPhone \/ Samsung Galaxy)<\/h2>\n<p><img decoding=\"async\" class=\"alignright size-full wp-image-696\" src=\"https:\/\/aktionen-tarife.de\/1und1\/inhalte\/2015\/10\/1und1-allnet-flat-mit-smartphone.jpg\" alt=\"1&amp;1 All-Net-Flat Tarife auf Wunsch mit Smartphone\" width=\"150\" height=\"100\" srcset=\"https:\/\/aktionen-tarife.de\/1und1\/inhalte\/2015\/10\/1und1-allnet-flat-mit-smartphone.jpg 150w, https:\/\/aktionen-tarife.de\/1und1\/inhalte\/2015\/10\/1und1-allnet-flat-mit-smartphone-80x53.jpg 80w\" sizes=\"(max-width: 150px) 100vw, 150px\" \/>Mit einer Bestellung der <strong>1&amp;1 Allnet Flats<\/strong> gibt es optional ein neues Smartphone ab 1 \u20ac. Je nach Tarif betr\u00e4gt der Aufpreis monatlich 10 bis 30 \u20ac und je h\u00f6herwertiger der Tarif, desto h\u00f6herwertiger das <a href=\"https:\/\/aktionen-tarife.de\/1und1\/smartphone\">Smartphone<\/a> zur 1&amp;1 All-Net Flat. Beim 1&amp;1 Allnet XL Tarif zum Beispiel gibt es fast alle aktuellen Top-Smartphones ab nur 1 \u20ac Zuzahlung. Tipp: dank <a href=\"https:\/\/aktionen-tarife.de\/1und1\/all-net-flat\/1und1-prinzip-premium-service\"><strong>1&amp;1 Prinzip<\/strong><\/a> mit kostenloser Overnight Lieferung Ger\u00e4t morgen erhalten.<\/p>\n<p><span class=\"rot\">Smartphones nach Hersteller:<\/span> <strong><a href=\"https:\/\/aktionen-tarife.de\/1und1\/aktuelles\/smartphones-apple-iphone\">Apple (iPhone)<\/a> &#8211; <a href=\"https:\/\/aktionen-tarife.de\/1und1\/aktuelles\/smartphones-samsung\">Samsung<\/a> &#8211; <a href=\"https:\/\/aktionen-tarife.de\/1und1\/aktuelles\/smartphones-sony\">Sony<\/a> &#8211; <a href=\"https:\/\/aktionen-tarife.de\/1und1\/aktuelles\/smartphones-huawei\">Huawei<\/a> &#8211; <a href=\"https:\/\/aktionen-tarife.de\/1und1\/aktuelles\/smartphones-zte\">ZTE<\/a> &#8211; <a href=\"https:\/\/aktionen-tarife.de\/1und1\/aktuelles\/smartphones-htc\">HTC<\/a> &#8211; <a href=\"https:\/\/aktionen-tarife.de\/1und1\/aktuelles\/smartphones-lg\">LG<\/a><\/strong><\/p>\n<hr \/>\n<p><span style=\"color: #ff0000;\"><strong>Nachfolgend eine AUSWAHL an Smartphones &#8211;\u00a0<\/strong><\/span> <a href=\"https:\/\/aktionen-tarife.de\/1und1\/infos\/smartphones\"><strong>alle Ger\u00e4te HIER<\/strong><\/a>.<\/p>\n<div class=\"rssfp-items-wrapper\"><ul><!--via SimplePie with rssfp_import--><li><a href=\"https:\/\/aktionen-tarife.de\/1und1\/smartphones\/samsung-galaxy-note-10-plus\" title=\"Samsung Galaxy Note 10+ mit 1&amp;1 Vertrag \u2013 Bundle ab 34,99 \u20ac mtl.*\">Samsung Galaxy Note 10+ mit 1&amp;1 Vertrag \u2013 Bundle ab 34,99 \u20ac mtl.*<\/a><\/li><li><a href=\"https:\/\/aktionen-tarife.de\/1und1\/smartphones\/samsung-galaxy-note-10\" title=\"Samsung Galaxy Note 10 mit 1&amp;1 Vertrag \u2013 Bundle ab 32,99 \u20ac mtl.*\">Samsung Galaxy Note 10 mit 1&amp;1 Vertrag \u2013 Bundle ab 32,99 \u20ac mtl.*<\/a><\/li><li><a href=\"https:\/\/aktionen-tarife.de\/1und1\/smartphones\/samsung-galaxy-s10\" title=\"Samsung Galaxy S10 g\u00fcnstig mit 1&amp;1 Vertrag \u2013 Bundle ab 19,99 \u20ac mtl.*\">Samsung Galaxy S10 g\u00fcnstig mit 1&amp;1 Vertrag \u2013 Bundle ab 19,99 \u20ac mtl.*<\/a><\/li><\/ul>\n<div class=\"rssfp-items-wrapper\"><ul><!--via SimplePie with rssfp_import--><li><a href=\"https:\/\/aktionen-tarife.de\/1und1\/smartphones\/apple-iphone-11-pro\" title=\"Apple iPhone 11 Pro g\u00fcnstig mit 1&amp;1 Vertrag \u2013 Bundle ab 46,99 \u20ac mtl.*\">Apple iPhone 11 Pro g\u00fcnstig mit 1&amp;1 Vertrag \u2013 Bundle ab 46,99 \u20ac mtl.*<\/a><\/li><li><a href=\"https:\/\/aktionen-tarife.de\/1und1\/smartphones\/apple-iphone-11\" title=\"Apple iPhone 11 g\u00fcnstig mit 1&amp;1 Vertrag \u2013 Bundle ab 24,99 \u20ac mtl.*\">Apple iPhone 11 g\u00fcnstig mit 1&amp;1 Vertrag \u2013 Bundle ab 24,99 \u20ac mtl.*<\/a><\/li><li><a href=\"https:\/\/aktionen-tarife.de\/1und1\/smartphones\/apple-iphone-11-pro-max\" title=\"Apple iPhone 11 Pro Max mit 1&amp;1 Vertrag \u2013 Bundle ab 53,99 \u20ac mtl.*\">Apple iPhone 11 Pro Max mit 1&amp;1 Vertrag \u2013 Bundle ab 53,99 \u20ac mtl.*<\/a><\/li><\/ul>\n<div class=\"rssfp-items-wrapper\"><ul><!--via SimplePie with rssfp_import--><li><a href=\"https:\/\/aktionen-tarife.de\/1und1\/smartphones\/sony-xperia-5\" title=\"Sony Xperia 5 g\u00fcnstig mit 1&amp;1 Vertrag \u2013 Bundle ab 21,99 \u20ac mtl.*\">Sony Xperia 5 g\u00fcnstig mit 1&amp;1 Vertrag \u2013 Bundle ab 21,99 \u20ac mtl.*<\/a><\/li><\/ul>\n<div class=\"rssfp-items-wrapper\"><ul><!--via SimplePie with rssfp_import--><li><a href=\"https:\/\/aktionen-tarife.de\/1und1\/smartphones\/huawei-p30-lite-ne\" title=\"Huawei P30 lite NE g\u00fcnstig mit 1&amp;1 Vertrag \u2013 Bundle ab 16,99 \u20ac mtl.*\">Huawei P30 lite NE g\u00fcnstig mit 1&amp;1 Vertrag \u2013 Bundle ab 16,99 \u20ac mtl.*<\/a><\/li><li><a href=\"https:\/\/aktionen-tarife.de\/1und1\/smartphones\/huawei-p-smart-2019\" title=\"Huawei P smart 2019 g\u00fcnstig mit 1&amp;1 Vertrag \u2013 Bundle ab 9,99 \u20ac mtl.*\">Huawei P smart 2019 g\u00fcnstig mit 1&amp;1 Vertrag \u2013 Bundle ab 9,99 \u20ac mtl.*<\/a><\/li><\/ul>\n<hr \/>\n<h2><span class=\"farbig\">Bestellung<\/span> 1&amp;1 All-Net-Flat Tarife und optional Smartphone<\/h2>\n<p><span class=\"desktop-tablet\"><a href=\"https:\/\/aktionen-tarife.de\/1und1\/zum-anbieter\/handytarife\/1und1-handytarife-allgemein\" target=\"_blank\" rel=\"noopener\"><img decoding=\"async\" class=\"alignright size-full wp-image-552\" src=\"https:\/\/aktionen-tarife.de\/1und1\/inhalte\/2015\/09\/1und1-onlinebestellung.png\" alt=\"1&amp;1 Onlinebestellung\" width=\"150\" height=\"30\" srcset=\"https:\/\/aktionen-tarife.de\/1und1\/inhalte\/2015\/09\/1und1-onlinebestellung.png 150w, https:\/\/aktionen-tarife.de\/1und1\/inhalte\/2015\/09\/1und1-onlinebestellung-80x16.png 80w\" sizes=\"(max-width: 150px) 100vw, 150px\" \/><\/a>Die 1&amp;1 All-Net-Flat Tarife (auf Wunsch mit neuem Smartphone) k\u00f6nnen 1&amp;1 Allnet Neukunden direkt im <a href=\"https:\/\/aktionen-tarife.de\/1und1\/zum-anbieter\/handytarife\/1und1-handytarife-allgemein\" target=\"_blank\" rel=\"noopener\"><strong>Onlineshop<\/strong><\/a> bestellen. F\u00fcr eine Vertragsverl\u00e4ngerung (bestehender 1&amp;1 Tarif): <a href=\"https:\/\/aktionen-tarife.de\/1und1\/kontakt\/kundenservice\">Kundenservice<\/a>. <\/span><span class=\"smartphone\">1&amp;1 All-Net-Flat und Smartphone im <strong><a href=\"https:\/\/aktionen-tarife.de\/1und1\/zum-anbieter\/handytarife\/1und1-handytarife-allgemein\" target=\"_blank\" rel=\"noopener\">1&amp;1 Onlineshop<\/a><\/strong> bestellen.<\/span><\/p>\n<p><a href=\"https:\/\/aktionen-tarife.de\/1und1\/kontakt\/telefonische-beratung\"><img decoding=\"async\" class=\"alignright size-full wp-image-553\" src=\"https:\/\/aktionen-tarife.de\/1und1\/inhalte\/2015\/09\/1und1-telefonisch-bestellen.png\" alt=\"1&amp;1 telefonisch bestellen\" width=\"150\" height=\"30\" srcset=\"https:\/\/aktionen-tarife.de\/1und1\/inhalte\/2015\/09\/1und1-telefonisch-bestellen.png 150w, https:\/\/aktionen-tarife.de\/1und1\/inhalte\/2015\/09\/1und1-telefonisch-bestellen-80x16.png 80w\" sizes=\"(max-width: 150px) 100vw, 150px\" \/><\/a><span class=\"desktop-tablet\">F\u00fcr\u00a01&amp;1 Mobilfunk <strong>Neukunden<\/strong> nehmen wir die Allnet Flat Bestellung auch telefonisch unter <strong><a href=\"tel:+4939434099911\" onclick=\"ga('send', 'event', 'hotline', 'hotline-content', 'hotline-content-ohne-zeit');\">0 39 43 \/ 40 999 11<\/a><\/strong> entgegen oder Sie nutzen den kostenlosen und unverbindlichen <a href=\"https:\/\/aktionen-tarife.de\/1und1\/kontakt\/telefonische-beratung\">R\u00fcckruf-Service<\/a>. <\/span><span class=\"smartphone\">1&amp;1 Mobilfunk <strong>Neukunden<\/strong> k\u00f6nnen die Allnetflat unter <strong><a href=\"tel:+4939434099911\" onclick=\"ga('send', 'event', 'hotline', 'hotline-content', 'hotline-content-ohne-zeit');\">0 39 43 \/ 40 999 11<\/a><\/strong> telefonisch bestellen (<a href=\"https:\/\/aktionen-tarife.de\/1und1\/kontakt\/telefonische-beratung\">R\u00fcckruf-Service hier<\/a>).<\/span><\/p>\n<p><img decoding=\"async\" class=\"alignright size-full wp-image-554\" src=\"https:\/\/aktionen-tarife.de\/1und1\/inhalte\/2015\/09\/1und1-bestellformular-pdf.png\" alt=\"1&amp;1 Bestellformular (PDF)\" width=\"150\" height=\"30\" srcset=\"https:\/\/aktionen-tarife.de\/1und1\/inhalte\/2015\/09\/1und1-bestellformular-pdf.png 150w, https:\/\/aktionen-tarife.de\/1und1\/inhalte\/2015\/09\/1und1-bestellformular-pdf-80x16.png 80w\" sizes=\"(max-width: 150px) 100vw, 150px\" \/><span class=\"desktop-tablet\">F\u00fcr 1&amp;1 Allnetflat Neukunden: die Tarife und Smartphones k\u00f6nnen Sie schriftlich mit unserem <strong>PDF Bestellformular<\/strong> beauftragen. Gern senden wir Ihnen auch Unterlagen zur 1&amp;1 All-Net-Flat <a href=\"https:\/\/aktionen-tarife.de\/1und1\/kontakt\/unterlagen-zusenden\">per Post zu<\/a>. <\/span><span class=\"smartphone\">F\u00fcr 1&amp;1 Allnet Neukunden: Tarif und Handy per <strong>PDF Bestellformular<\/strong> beauftragen oder Unterlagen <strong><a href=\"https:\/\/aktionen-tarife.de\/1und1\/kontakt\/unterlagen-zusenden\">zusenden lassen<\/a><\/strong>.<\/span><\/p>\n<hr \/>\n<p><span style=\"color: #999999;\">*1&amp;1 All-Net-Flat Tarife mit Smartphone haben eine Laufzeit von 24 Monaten. Der 1&amp;1 Allnet Flat Vertrag verl\u00e4ngert sich um je 12 Monate, wenn nicht 3 Monate vorher gek\u00fcndigt wird.<\/span><\/p>\n","protected":false},"excerpt":{"rendered":"<p>Die 1&amp;1 All-Net-Flat Tarife sind besonders g\u00fcnstig. Neukunden zahlen, je nach Aktion, in den ersten \u00a0Monaten sogar noch weniger. Sie selbst k\u00f6nnen w\u00e4hlen, ob Sie den 1&amp;1 Tarif im Vodafone D2 oder Telef\u00f3nica Netz nutzen m\u00f6chten. Gegen einen monatlichen Aufpreis erhalten Sie bei allen 1&amp;1 Allnet Flat Tarifen auf Wunsch auch ein neues Smartphone verg\u00fcnstigt &hellip; <a href=\"https:\/\/aktionen-tarife.de\/1und1\/all-net-flat\" class=\"more-link\"><span class=\"screen-reader-text\">1&#038;1 All-Net-Flat Tarife (bis 15 GB) &#8211; auf Wunsch mit Smartphone<\/span> weiterlesen <span class=\"meta-nav\">&rarr;<\/span><\/a><\/p>\n","protected":false},"author":30,"featured_media":4087,"parent":0,"menu_order":511000,"comment_status":"closed","ping_status":"closed","template":"","meta":{"footnotes":""},"class_list":["post-501","page","type-page","status-publish","hentry","has-post-thumbnail"],"_links":{"self":[{"href":"https:\/\/aktionen-tarife.de\/1und1\/wp-json\/wp\/v2\/pages\/501","targetHints":{"allow":["GET"]}}],"collection":[{"href":"https:\/\/aktionen-tarife.de\/1und1\/wp-json\/wp\/v2\/pages"}],"about":[{"href":"https:\/\/aktionen-tarife.de\/1und1\/wp-json\/wp\/v2\/types\/page"}],"author":[{"embeddable":true,"href":"https:\/\/aktionen-tarife.de\/1und1\/wp-json\/wp\/v2\/users\/30"}],"replies":[{"embeddable":true,"href":"https:\/\/aktionen-tarife.de\/1und1\/wp-json\/wp\/v2\/comments?post=501"}],"version-history":[{"count":4,"href":"https:\/\/aktionen-tarife.de\/1und1\/wp-json\/wp\/v2\/pages\/501\/revisions"}],"predecessor-version":[{"id":9247,"href":"https:\/\/aktionen-tarife.de\/1und1\/wp-json\/wp\/v2\/pages\/501\/revisions\/9247"}],"wp:featuredmedia":[{"embeddable":true,"href":"https:\/\/aktionen-tarife.de\/1und1\/wp-json\/wp\/v2\/media\/4087"}],"wp:attachment":[{"href":"https:\/\/aktionen-tarife.de\/1und1\/wp-json\/wp\/v2\/media?parent=501"}],"curies":[{"name":"wp","href":"https:\/\/api.w.org\/{rel}","templated":true}]}}