{"id":4361,"date":"2017-01-02T00:01:44","date_gmt":"2017-01-01T23:01:44","guid":{"rendered":"https:\/\/aktionen-tarife.de\/1und1\/?page_id=4361"},"modified":"2022-12-22T19:35:19","modified_gmt":"2022-12-22T18:35:19","slug":"ins-ausland-anrufen","status":"publish","type":"page","link":"https:\/\/aktionen-tarife.de\/1und1\/mobilfunk\/auslandstarife\/ins-ausland-anrufen","title":{"rendered":"Kosten Gespr\u00e4che ins Ausland f\u00fcr 1&#038;1 Mobilfunk Tarife (All-Net-Flat)"},"content":{"rendered":"<p>Mit Ihrem <a href=\"https:\/\/aktionen-tarife.de\/1und1\/all-net-flat\"><strong>1&amp;1 All-Net Flat<\/strong><\/a> Handyvertrag k\u00f6nnen Sie auf Wunsch auch ins Ausland anrufen. Welchen Kosten f\u00fcr diese Auslandstelefonate anfallen, richten sich danach, ob Sie die 1&amp;1 Allnet Flat im <a href=\"https:\/\/aktionen-tarife.de\/1und1\/mobilfunk\/auslandstarife\/roaming\/telefonica\">E-Plus Netz<\/a> oder im <a href=\"https:\/\/aktionen-tarife.de\/1und1\/mobilfunk\/auslandstarife\/roaming\/d-netz\">Vodafone D2 Netz<\/a> nutzen.<\/p>\n<hr \/>\n<h2><span class=\"farbig\">Download Preisliste<\/span> Auslandsgespr\u00e4che f\u00fcr 1&amp;1 All-Flat<\/h2>\n<ul>\n<li><strong>Auslands-Preiseliste f\u00fcr Allnet Flat Kunden im E-Netz (E-Plus Netz)<\/strong><\/li>\n<li><strong>Auslands-Preiseliste f\u00fcr Allnet Flat Kunden im D2-Netz (Vodafone Netz)<\/strong><\/li>\n<\/ul>\n","protected":false},"excerpt":{"rendered":"<p>Mit Ihrem 1&amp;1 All-Net Flat Handyvertrag k\u00f6nnen Sie auf Wunsch auch ins Ausland anrufen. Welchen Kosten f\u00fcr diese Auslandstelefonate anfallen, richten sich danach, ob Sie die 1&amp;1 Allnet Flat im E-Plus Netz oder im Vodafone D2 Netz nutzen. Download Preisliste Auslandsgespr\u00e4che f\u00fcr 1&amp;1 All-Flat Auslands-Preiseliste f\u00fcr Allnet Flat Kunden im E-Netz (E-Plus Netz) Auslands-Preiseliste f\u00fcr &hellip; <a href=\"https:\/\/aktionen-tarife.de\/1und1\/mobilfunk\/auslandstarife\/ins-ausland-anrufen\" class=\"more-link\"><span class=\"screen-reader-text\">Kosten Gespr\u00e4che ins Ausland f\u00fcr 1&#038;1 Mobilfunk Tarife (All-Net-Flat)<\/span> weiterlesen <span class=\"meta-nav\">&rarr;<\/span><\/a><\/p>\n","protected":false},"author":29,"featured_media":0,"parent":703,"menu_order":0,"comment_status":"closed","ping_status":"closed","template":"","meta":{"footnotes":""},"class_list":["post-4361","page","type-page","status-publish","hentry"],"_links":{"self":[{"href":"https:\/\/aktionen-tarife.de\/1und1\/wp-json\/wp\/v2\/pages\/4361","targetHints":{"allow":["GET"]}}],"collection":[{"href":"https:\/\/aktionen-tarife.de\/1und1\/wp-json\/wp\/v2\/pages"}],"about":[{"href":"https:\/\/aktionen-tarife.de\/1und1\/wp-json\/wp\/v2\/types\/page"}],"author":[{"embeddable":true,"href":"https:\/\/aktionen-tarife.de\/1und1\/wp-json\/wp\/v2\/users\/29"}],"replies":[{"embeddable":true,"href":"https:\/\/aktionen-tarife.de\/1und1\/wp-json\/wp\/v2\/comments?post=4361"}],"version-history":[{"count":2,"href":"https:\/\/aktionen-tarife.de\/1und1\/wp-json\/wp\/v2\/pages\/4361\/revisions"}],"predecessor-version":[{"id":9428,"href":"https:\/\/aktionen-tarife.de\/1und1\/wp-json\/wp\/v2\/pages\/4361\/revisions\/9428"}],"up":[{"embeddable":true,"href":"https:\/\/aktionen-tarife.de\/1und1\/wp-json\/wp\/v2\/pages\/703"}],"wp:attachment":[{"href":"https:\/\/aktionen-tarife.de\/1und1\/wp-json\/wp\/v2\/media?parent=4361"}],"curies":[{"name":"wp","href":"https:\/\/api.w.org\/{rel}","templated":true}]}}