{"id":4163,"date":"2017-07-02T00:01:43","date_gmt":"2017-07-01T22:01:43","guid":{"rendered":"https:\/\/aktionen-tarife.de\/1und1\/?page_id=4163"},"modified":"2017-12-14T02:46:29","modified_gmt":"2017-12-14T01:46:29","slug":"tablets","status":"publish","type":"page","link":"https:\/\/aktionen-tarife.de\/1und1\/tablets","title":{"rendered":"Tablets bei 1&#038;1 &#8211; iPad und von Samsung, Huawei u.a."},"content":{"rendered":"<p><img decoding=\"async\" class=\"alignright size-full wp-image-4167\" src=\"https:\/\/aktionen-tarife.de\/1und1\/inhalte\/2017\/01\/1und1-tablets-mit-vertrag.jpg\" alt=\"Tablets bei 1&amp;1 - iPad und von Samsung, Huawei u.a.\" width=\"150\" height=\"100\" srcset=\"https:\/\/aktionen-tarife.de\/1und1\/inhalte\/2017\/01\/1und1-tablets-mit-vertrag.jpg 150w, https:\/\/aktionen-tarife.de\/1und1\/inhalte\/2017\/01\/1und1-tablets-mit-vertrag-80x53.jpg 80w\" sizes=\"(max-width: 150px) 100vw, 150px\" \/>Bei 1&amp;1 erhalten Sie bei Vertragsabschluss eines <a href=\"https:\/\/aktionen-tarife.de\/1und1\/tablet-flat\"><strong>1&amp;1 Tablet Flat<\/strong><\/a> Vertrags auf Wunsch ein neues <span class=\"farbig\">Tablet (Tablet-PC)<\/span> zum Vorzugspreis. Hier finden Sie eine \u00dcbersicht aller <a href=\"https:\/\/aktionen-tarife.de\/1und1\/infos\/tablets\"><strong>Tablets<\/strong><\/a>, welche Sie g\u00fcnstig bestellen k\u00f6nnen (geringe Zuzahlung und monatliche Rate). Und das Beste: dank <a href=\"https:\/\/aktionen-tarife.de\/1und1\/tablet-flat\/1und1-prinzip-premium-service\"><strong>1&amp;1 Prinzip<\/strong><\/a> neues Tablet schon morgen in den H\u00e4nden halten!<\/p>\n<hr \/>\n<p><strong><span class=\"rot\">Tablet \u00dcbersicht:<\/span> <a href=\"https:\/\/aktionen-tarife.de\/1und1\/infos\/tablets\">ALLE<\/a> &#8211; <a href=\"https:\/\/aktionen-tarife.de\/1und1\/aktuelles\/top-tablets\">Top-Tablets<\/a> &#8211; <a href=\"https:\/\/aktionen-tarife.de\/1und1\/aktuelles\/guenstige-tablets\">G\u00fcnstige Tablets<\/a> &#8211; <a href=\"https:\/\/aktionen-tarife.de\/1und1\/aktuelles\/grosse-tablets\">Gro\u00dfe Tablets<\/a> &#8211; <a href=\"https:\/\/aktionen-tarife.de\/1und1\/aktuelles\/kleine-tablets\">Kleine Tablets<\/a><br \/>\n<\/strong><\/p>\n<hr \/>\n<p><span class=\"rot\">Tablets nach Hersteller:<\/span> <strong><a href=\"https:\/\/aktionen-tarife.de\/1und1\/aktuelles\/tablets-apple-ipad\">Apple (iPad)<\/a> &#8211; <a href=\"https:\/\/aktionen-tarife.de\/1und1\/aktuelles\/tablets-samsung\">Samsung<\/a> &#8211; <a href=\"https:\/\/aktionen-tarife.de\/1und1\/aktuelles\/tablets-huawei\">Huawei<\/a> &#8211; <a href=\"https:\/\/aktionen-tarife.de\/1und1\/smartphones\">Lenovo<\/a> &#8211; <a href=\"https:\/\/aktionen-tarife.de\/1und1\/tablets\">Weitere<\/a><br \/>\n<\/strong><\/p>\n<hr \/>\n<h2><span class=\"farbig\">iPad \/ Apple<\/span> Tablets mit 1&amp;1 Vertrag<\/h2>\n<div class=\"rssfp-items-wrapper\"><ul><!--via SimplePie with rssfp_import--><li><a href=\"https:\/\/aktionen-tarife.de\/1und1\/tablets\/apple-ipad-mini-4\" title=\"Apple iPad mini 4 g\u00fcnstig mit 1&amp;1 Tablet Flat Tarif\">Apple iPad mini 4 g\u00fcnstig mit 1&amp;1 Tablet Flat Tarif<\/a><\/li><\/ul>\n<hr \/>\n<h2><span class=\"farbig\">Samsung<\/span> Tablets mit 1&amp;1 Datentarif<\/h2>\n<div class=\"rssfp-items-wrapper\"><ul><!--via SimplePie with rssfp_import--><li><a href=\"https:\/\/aktionen-tarife.de\/1und1\/tablets\/samsung-galaxy-tab-s2-9-7\" title=\"Samsung Galaxy Tab S2 9.7 g\u00fcnstig mit 1&amp;1 Tablet Flat Tarif\">Samsung Galaxy Tab S2 9.7 g\u00fcnstig mit 1&amp;1 Tablet Flat Tarif<\/a><\/li><\/ul>\n<hr \/>\n<h2><span class=\"farbig\">Huawei<\/span> Tablets mit 1&amp;1 Tabletflat<\/h2>\n<div class=\"rssfp-items-wrapper\"><p>No items, feed is empty.<\/p>\n<hr \/>\n<h2><span class=\"farbig\">Lenovo<\/span> Tablet-PC mit 1&amp;1 Daten-Tarif<\/h2>\n<div class=\"rssfp-items-wrapper\"><p>No items, feed is empty.<\/p>\n<hr \/>\n<h2><span class=\"farbig\">Weitere Hersteller:<\/span> Tablets mit 1&amp;1 Vertrag<\/h2>\n<div class=\"rssfp-items-wrapper\"><p>No items, feed is empty.<\/p>\n<hr \/>\n<h2><span class=\"farbig\">1&amp;1 Tarife<\/span> f\u00fcr Tablets (1&amp;1 Tablet-Flat Vertrag)<\/h2>\n<p>Zum neuen Tablet-PC bietet 1&amp;1 viele Tarife zum kleinen Preis:<\/p>\n<ul>\r\n \t<li><strong><a href=\"https:\/\/aktionen-tarife.de\/1und1\/tablet-flat\/l\">1&1 Tablet-Flat L<\/a><\/strong>: 2 GB Highspeed-Volumen mit <a href=\"https:\/\/aktionen-tarife.de\/1und1\/lte-4g\">LTE<\/a> Geschwindigkeit.\r\n<ul>\r\n \t<li><em>F\u00fcr monatlich 10 \u20ac Aufpreis mit <a href=\"https:\/\/aktionen-tarife.de\/1und1\/infos\/tablets\">Marken-Tablet<\/a> zum g\u00fcnstigen Preis.<\/em><\/li>\r\n<\/ul>\r\n<\/li>\r\n \t<li><strong><a href=\"https:\/\/aktionen-tarife.de\/1und1\/tablet-flat\/xl\">1&1 Tablet-Flat XL<\/a><\/strong>: 5 GB Highspeed Surfen mit <a href=\"https:\/\/aktionen-tarife.de\/1und1\/lte-4g\">LTE<\/a> Geschwindigkeit.\r\n<ul>\r\n \t<li><em>F\u00fcr monatlich 10 \u20ac Aufpreis mit <a href=\"https:\/\/aktionen-tarife.de\/1und1\/infos\/tablets\">Premium-Marken-Tablet<\/a> zum g\u00fcnstigen Preis.<\/em><\/li>\r\n<\/ul>\r\n<\/li>\r\n \t<li><a href=\"https:\/\/aktionen-tarife.de\/1und1\/tablet-flat\/special\"><strong>1&1 Tablet-Flat Special<\/strong><\/a>: 1 GB Highspeed surfen mit bis 21,6 MBit\/s.<\/li>\r\n \t<li><em>Alle 1&1 Tablet Flats mit <a href=\"https:\/\/aktionen-tarife.de\/1und1\/tablet-flat\/1und1-prinzip-premium-service\">1&1 Prinzip<\/a>: gratis Overnight-Lieferung und mehr.<\/em><\/li>\r\n \t<li><em>Alternativ bei 1&1: <a href=\"https:\/\/aktionen-tarife.de\/1und1\/notebook-flat\"><strong>Notebook-Flat Tarife<\/strong><\/a> mit Surf-Stick oder mobilem WLAN Router.<\/em><\/li>\r\n<\/ul>\n<hr \/>\n<p><span style=\"color: #999999;\">*Mindestvertragslaufzeit 1&amp;1 Tablet-Flat Vertrag mit Tablet-PC 24 Monate.<\/span><\/p>\n","protected":false},"excerpt":{"rendered":"<p>Bei 1&amp;1 erhalten Sie bei Vertragsabschluss eines 1&amp;1 Tablet Flat Vertrags auf Wunsch ein neues Tablet (Tablet-PC) zum Vorzugspreis. Hier finden Sie eine \u00dcbersicht aller Tablets, welche Sie g\u00fcnstig bestellen k\u00f6nnen (geringe Zuzahlung und monatliche Rate). Und das Beste: dank 1&amp;1 Prinzip neues Tablet schon morgen in den H\u00e4nden halten! Tablet \u00dcbersicht: ALLE &#8211; Top-Tablets &hellip; <a href=\"https:\/\/aktionen-tarife.de\/1und1\/tablets\" class=\"more-link\"><span class=\"screen-reader-text\">Tablets bei 1&#038;1 &#8211; iPad und von Samsung, Huawei u.a.<\/span> weiterlesen <span class=\"meta-nav\">&rarr;<\/span><\/a><\/p>\n","protected":false},"author":30,"featured_media":0,"parent":0,"menu_order":610000,"comment_status":"closed","ping_status":"closed","template":"","meta":{"footnotes":""},"class_list":["post-4163","page","type-page","status-publish","hentry"],"_links":{"self":[{"href":"https:\/\/aktionen-tarife.de\/1und1\/wp-json\/wp\/v2\/pages\/4163","targetHints":{"allow":["GET"]}}],"collection":[{"href":"https:\/\/aktionen-tarife.de\/1und1\/wp-json\/wp\/v2\/pages"}],"about":[{"href":"https:\/\/aktionen-tarife.de\/1und1\/wp-json\/wp\/v2\/types\/page"}],"author":[{"embeddable":true,"href":"https:\/\/aktionen-tarife.de\/1und1\/wp-json\/wp\/v2\/users\/30"}],"replies":[{"embeddable":true,"href":"https:\/\/aktionen-tarife.de\/1und1\/wp-json\/wp\/v2\/comments?post=4163"}],"version-history":[{"count":0,"href":"https:\/\/aktionen-tarife.de\/1und1\/wp-json\/wp\/v2\/pages\/4163\/revisions"}],"wp:attachment":[{"href":"https:\/\/aktionen-tarife.de\/1und1\/wp-json\/wp\/v2\/media?parent=4163"}],"curies":[{"name":"wp","href":"https:\/\/api.w.org\/{rel}","templated":true}]}}