{"id":4159,"date":"2017-07-02T00:01:40","date_gmt":"2017-07-01T22:01:40","guid":{"rendered":"https:\/\/aktionen-tarife.de\/1und1\/?page_id=4159"},"modified":"2017-12-14T02:46:29","modified_gmt":"2017-12-14T01:46:29","slug":"1und1-prinzip-premium-service","status":"publish","type":"page","link":"https:\/\/aktionen-tarife.de\/1und1\/tablet-flat\/1und1-prinzip-premium-service","title":{"rendered":"Das 1&#038;1 Prinzip f\u00fcr Tablet Flat &#8211; Premium Service f\u00fcr Sie"},"content":{"rendered":"<p><img decoding=\"async\" class=\"alignright size-full wp-image-4235\" src=\"https:\/\/aktionen-tarife.de\/1und1\/inhalte\/2017\/01\/1und1-prinzip-tablet-flat-premium-service.jpg\" alt=\"Das 1&amp;1 Prinzip f\u00fcr Tablet Flat - Premium Service f\u00fcr Sie\" width=\"150\" height=\"100\" srcset=\"https:\/\/aktionen-tarife.de\/1und1\/inhalte\/2017\/01\/1und1-prinzip-tablet-flat-premium-service.jpg 150w, https:\/\/aktionen-tarife.de\/1und1\/inhalte\/2017\/01\/1und1-prinzip-tablet-flat-premium-service-80x53.jpg 80w\" sizes=\"(max-width: 150px) 100vw, 150px\" \/>Trotz g\u00fcnstiger Preise f\u00fcr die <a href=\"https:\/\/aktionen-tarife.de\/1und1\/tablet-flat\"><strong>1&amp;1 Tablet-Flat Tarife<\/strong><\/a> bekommen Sie Premium Services ohne Aufpreis &#8211; mit dem <span class=\"farbig\">1&amp;1 Prinzip<\/span>. Zu diesem geh\u00f6ren zum Beispiel die Overnight-Express Lieferung Ihres neuen Tablets und SIM-Karte, ein Express-Umtausch bei Defekt des Tablet-PC sowie 1 Monat Zufriedenheitsgarantie f\u00fcr <a href=\"https:\/\/aktionen-tarife.de\/1und1\/tablets\"><strong>Tablet<\/strong><\/a> und Tarif. Das 1&amp;1 Prinzip gilt \u00fcbrigens auch f\u00fcr die <a href=\"https:\/\/aktionen-tarife.de\/1und1\/all-net-flat\/1und1-prinzip-premium-service\">Smartphone Tarife<\/a>.<\/p>\n<hr \/>\n<h2><span class=\"farbig\">\u00dcbersicht<\/span> 1&amp;1 Prinzip &#8211; extra Service f\u00fcr Ihre Tablet Flat<\/h2>\n<ul>\n<li><strong>1 Monat<\/strong> Zufriedenheitsgarantie (Tablet Flat und Tablet-PC ohne Risiko testen).<\/li>\n<li><strong>1 Nacht<\/strong> und Ihr Tablet + SIM Karte sind da (gratis 1&amp;1 Overnight-Service).<\/li>\n<li><strong>1 Tag<\/strong> und ein defektes Tablet wird vor Ort bei Ihnen ausgetauscht.<\/li>\n<li><strong>1 Klick<\/strong> und Sie sind bei 1&amp;1 &#8211; schnelle Hilfe bei Fragen rund um Ihre Tablet Flat.<\/li>\n<li><strong>1 Anruf<\/strong> und Sie erreichen einem Experten &#8211; kompetente Hilfe von 1&amp;1.<\/li>\n<\/ul>\n<hr \/>\n<h2><span class=\"farbig\">1 Monat<\/span> Tablet und Tarif testen &#8211; ohne Risiko ausprobieren<\/h2>\n<p>Den 1&amp;1 Tablet Flat Tarif und falls mitbestellt Ihr neues <a href=\"https:\/\/aktionen-tarife.de\/1und1\/tablets\"><strong>Tablet<\/strong><\/a> k\u00f6nnen Sie einen Monat ohne Risiko testen. Die Zufriedenheitsgarantie beginnt mit Aktivierung der 1&amp;1 SIM Karte Ihrer Tabletflat. Wenn Sie nicht zufrieden sind, k\u00f6nnen Sie innerhalb des ersten Monats Ihren <a href=\"https:\/\/aktionen-tarife.de\/1und1\/tablet-flat\"><strong>1&amp;1 Tablet-Flat<\/strong><\/a> Vertrag ohne Gr\u00fcnde k\u00fcndigen. Rufen Sie dazu einfach beim <a href=\"https:\/\/aktionen-tarife.de\/1und1\/kontakt\/kundenservice\">1&amp;1 Kundenservice<\/a> an und Sie bekommen einen kostenlosen Retourenschein (f\u00fcr R\u00fccksendung Tablet-PC und SIM-Karte). Sie erhalten den Kaufpreis des Tablets und die Bereitstellungskosten der 1&amp;1 Tablet-Flat zur\u00fcck. 1&amp;1 berechnet im Rahmen der Zufriedenheitsgarantie lediglich angefallene Verbrauchskosten (z.B. SMS) sowie die anteilige Grundgeb\u00fchr f\u00fcr den genutzten Zeitraum.<\/p>\n<hr \/>\n<h2><span class=\"farbig\">1 Nacht<\/span> und Ihr Tablet ist da &#8211; kostenloser Overnight Service<\/h2>\n<p>Sie m\u00f6chten Ihre 1&amp;1 SIM-Karte mit <a href=\"https:\/\/aktionen-tarife.de\/1und1\/tablet-flat\"><strong>Tablet Flat<\/strong><\/a> Tarif und Ihr neues <a href=\"https:\/\/aktionen-tarife.de\/1und1\/infos\/tablets\"><strong>Tablet<\/strong><\/a> schon morgen in den H\u00e4nden halten? Mit dem gratis 1&amp;1 Overnight-Service ist dies m\u00f6glich. Wenn Sie montags bis freitags bis 21:00 Uhr (samstags bis 12:00 Uhr) bestellen, erhalten Sie Ihre 1&amp;1 Bestellung schon am n\u00e4chsten Werktag (Montag bis Samstag). F\u00fcr einmalig 4,90 \u20ac Aufpreis k\u00f6nnen Sie alternativ mit dem 1&amp;1 Wunsch-Liefertermin einen eigenen Tag und Zeitfenster (z.B. Donnerstag abends) f\u00fcr die Zustellung Ihrer 1&amp;1 Tablet Flat mit Tablet-PC bestimmen. Der 1&amp;1 Overnight Service gilt lediglich nicht f\u00fcr Lieferadressen auf den deutschen Inseln.<\/p>\n<p><strong><span class=\"rot\">Tablet \u00dcbersicht:<\/span> <a href=\"https:\/\/aktionen-tarife.de\/1und1\/infos\/tablets\">ALLE<\/a> &#8211; <a href=\"https:\/\/aktionen-tarife.de\/1und1\/aktuelles\/top-tablets\">Top-Tablets<\/a> &#8211; <a href=\"https:\/\/aktionen-tarife.de\/1und1\/aktuelles\/guenstige-tablets\">G\u00fcnstige Tablets<\/a> &#8211; <a href=\"https:\/\/aktionen-tarife.de\/1und1\/aktuelles\/grosse-tablets\">Gro\u00dfe Tablets<\/a> &#8211; <a href=\"https:\/\/aktionen-tarife.de\/1und1\/aktuelles\/kleine-tablets\">Kleine Tablets<\/a><\/strong><\/p>\n<hr \/>\n<h2><span class=\"farbig\">1 Tag<\/span> und ein defektes Tablet wird vor Ort ausgetauscht<\/h2>\n<p>Zusammen mit einem <a href=\"https:\/\/aktionen-tarife.de\/1und1\/tablet-flat\">1&amp;1 Tabletflat<\/a> Vertrag k\u00f6nnen Sie Tablets bekannter Marken-Herstellern mitbestellen (<strong><a href=\"https:\/\/aktionen-tarife.de\/1und1\/aktuelles\/tablets-apple-ipad\">Apple iPad<\/a> &#8211; <a href=\"https:\/\/aktionen-tarife.de\/1und1\/aktuelles\/tablets-samsung\">Samsung<\/a> &#8211; <a href=\"https:\/\/aktionen-tarife.de\/1und1\/aktuelles\/tablets-huawei\">Huawei<\/a> &#8211; <a href=\"https:\/\/aktionen-tarife.de\/1und1\/smartphones\">Lenovo<\/a> &#8211; <a href=\"https:\/\/aktionen-tarife.de\/1und1\/tablets\">Weitere<\/a><\/strong>). Sollte Ihr Tablet dennoch einmal defekt sein, rufen Sie einfach beim <a href=\"https:\/\/aktionen-tarife.de\/1und1\/kontakt\/kundenservice\">1&amp;1 Kundenservice<\/a> an und nutzen den 1&amp;1 Austauschservice. 1&amp;1 vereinbart mit Ihnen einen Termin f\u00fcr den Austausch des Tablets. Sie erhalten abh\u00e4ngig vom 1&amp;1 Tablet Flat Tarif und Tablet ein neues Ger\u00e4t als Ersatz oder ein Leihger\u00e4t f\u00fcr die Dauer der Reparatur Ihres Ger\u00e4tes. W\u00e4hrend der Garantiezeit ist dies nat\u00fcrlich komplett kostenfrei. Erfolgt Ihr Anruf beim 1&amp;1 Kundenservice montags bis freitags bis 21 Uhr oder samstags bis 12 Uhr, dann findet der Tablet-Austausch meistens schon am n\u00e4chsten Werktag statt (am Ort Ihrer Wahl, z.B. Zuhause oder am Arbeitsplatz).<\/p>\n<hr \/>\n<h2><span class=\"farbig\">1 Klick<\/span> und Sie sind bei 1&amp;1 &#8211; gro\u00dfe Tablet-PC Auswahl<\/h2>\n<p>Bei 1und1 haben Sie mit 1 Klick alles im Blick. Von einer gro\u00dfen <a href=\"https:\/\/aktionen-tarife.de\/1und1\/tablets\"><strong>Tablet-Auswahl<\/strong><\/a> vieler Hersteller bis hin zum guten Kundenservice nach Abschluss Ihres <a href=\"https:\/\/aktionen-tarife.de\/1und1\/tablet-flat\"><strong>1&amp;1 Tablet Flat<\/strong><\/a> Vertrages. 1&amp;1 hat tausende Mitarbeiter, die Ihnen gern weiterhelfen. Wir als autorisierter 1&amp;1 Online-Partner <a href=\"https:\/\/aktionen-tarife.de\/1und1\/kontakt\"><strong>beraten<\/strong><\/a> Sie zudem ebenfalls kostenlos und vor allem unabh\u00e4ngig zur Tabletflat mit neuem Ger\u00e4t. Sie k\u00f6nnen sich bequem von Zuhause informieren und profitieren zudem von besonders g\u00fcnstigen Preisen &#8211; dank fehlendem teuren Filialnetz.<\/p>\n<hr \/>\n<h2><span class=\"farbig\">1 Anruf<\/span> und Sie sprechen telefonisch mit einem 1&amp;1 Experten<\/h2>\n<p>Auch nach dem Kauf ist das <a href=\"https:\/\/aktionen-tarife.de\/1und1\/kontakt\/kundenservice\">1&amp;1 Service-Team<\/a> rund um die Uhr f\u00fcr Sie da. Ein Anruf gen\u00fcgt &#8211; keine langen Warteschleifen und f\u00fcr alle Themen gibt es bei 1&amp;1 ausgebildete und kompetente Experten, die Ihre Fragen zur Tablet Flat zu Ihrer Zufriedenheit beantworten.<\/p>\n<hr \/>\n<h2><span class=\"farbig\">Tarif\u00fcbersicht<\/span> 1&amp;1 Tablet Flat Tarife mit Internet f\u00fcr unterwegs<\/h2>\n<ul>\r\n \t<li><strong><a href=\"https:\/\/aktionen-tarife.de\/1und1\/tablet-flat\/l\">1&1 Tablet-Flat L<\/a><\/strong>: 2 GB Highspeed-Volumen mit <a href=\"https:\/\/aktionen-tarife.de\/1und1\/lte-4g\">LTE<\/a> Geschwindigkeit.\r\n<ul>\r\n \t<li><em>F\u00fcr monatlich 10 \u20ac Aufpreis mit <a href=\"https:\/\/aktionen-tarife.de\/1und1\/infos\/tablets\">Marken-Tablet<\/a> zum g\u00fcnstigen Preis.<\/em><\/li>\r\n<\/ul>\r\n<\/li>\r\n \t<li><strong><a href=\"https:\/\/aktionen-tarife.de\/1und1\/tablet-flat\/xl\">1&1 Tablet-Flat XL<\/a><\/strong>: 5 GB Highspeed Surfen mit <a href=\"https:\/\/aktionen-tarife.de\/1und1\/lte-4g\">LTE<\/a> Geschwindigkeit.\r\n<ul>\r\n \t<li><em>F\u00fcr monatlich 10 \u20ac Aufpreis mit <a href=\"https:\/\/aktionen-tarife.de\/1und1\/infos\/tablets\">Premium-Marken-Tablet<\/a> zum g\u00fcnstigen Preis.<\/em><\/li>\r\n<\/ul>\r\n<\/li>\r\n \t<li><a href=\"https:\/\/aktionen-tarife.de\/1und1\/tablet-flat\/special\"><strong>1&1 Tablet-Flat Special<\/strong><\/a>: 1 GB Highspeed surfen mit bis 21,6 MBit\/s.<\/li>\r\n \t<li><em>Alle 1&1 Tablet Flats mit <a href=\"https:\/\/aktionen-tarife.de\/1und1\/tablet-flat\/1und1-prinzip-premium-service\">1&1 Prinzip<\/a>: gratis Overnight-Lieferung und mehr.<\/em><\/li>\r\n \t<li><em>Alternativ bei 1&1: <a href=\"https:\/\/aktionen-tarife.de\/1und1\/notebook-flat\"><strong>Notebook-Flat Tarife<\/strong><\/a> mit Surf-Stick oder mobilem WLAN Router.<\/em><\/li>\r\n<\/ul>\n","protected":false},"excerpt":{"rendered":"<p>Trotz g\u00fcnstiger Preise f\u00fcr die 1&amp;1 Tablet-Flat Tarife bekommen Sie Premium Services ohne Aufpreis &#8211; mit dem 1&amp;1 Prinzip. Zu diesem geh\u00f6ren zum Beispiel die Overnight-Express Lieferung Ihres neuen Tablets und SIM-Karte, ein Express-Umtausch bei Defekt des Tablet-PC sowie 1 Monat Zufriedenheitsgarantie f\u00fcr Tablet und Tarif. Das 1&amp;1 Prinzip gilt \u00fcbrigens auch f\u00fcr die Smartphone &hellip; <a href=\"https:\/\/aktionen-tarife.de\/1und1\/tablet-flat\/1und1-prinzip-premium-service\" class=\"more-link\"><span class=\"screen-reader-text\">Das 1&#038;1 Prinzip f\u00fcr Tablet Flat &#8211; Premium Service f\u00fcr Sie<\/span> weiterlesen <span class=\"meta-nav\">&rarr;<\/span><\/a><\/p>\n","protected":false},"author":30,"featured_media":0,"parent":720,"menu_order":0,"comment_status":"closed","ping_status":"closed","template":"","meta":{"footnotes":""},"class_list":["post-4159","page","type-page","status-publish","hentry"],"_links":{"self":[{"href":"https:\/\/aktionen-tarife.de\/1und1\/wp-json\/wp\/v2\/pages\/4159","targetHints":{"allow":["GET"]}}],"collection":[{"href":"https:\/\/aktionen-tarife.de\/1und1\/wp-json\/wp\/v2\/pages"}],"about":[{"href":"https:\/\/aktionen-tarife.de\/1und1\/wp-json\/wp\/v2\/types\/page"}],"author":[{"embeddable":true,"href":"https:\/\/aktionen-tarife.de\/1und1\/wp-json\/wp\/v2\/users\/30"}],"replies":[{"embeddable":true,"href":"https:\/\/aktionen-tarife.de\/1und1\/wp-json\/wp\/v2\/comments?post=4159"}],"version-history":[{"count":0,"href":"https:\/\/aktionen-tarife.de\/1und1\/wp-json\/wp\/v2\/pages\/4159\/revisions"}],"up":[{"embeddable":true,"href":"https:\/\/aktionen-tarife.de\/1und1\/wp-json\/wp\/v2\/pages\/720"}],"wp:attachment":[{"href":"https:\/\/aktionen-tarife.de\/1und1\/wp-json\/wp\/v2\/media?parent=4159"}],"curies":[{"name":"wp","href":"https:\/\/api.w.org\/{rel}","templated":true}]}}