{"id":4102,"date":"2017-12-04T00:01:44","date_gmt":"2017-12-03T23:01:44","guid":{"rendered":"https:\/\/aktionen-tarife.de\/1und1\/?page_id=4102"},"modified":"2017-12-08T06:55:13","modified_gmt":"2017-12-08T05:55:13","slug":"1und1-prinzip-premium-service","status":"publish","type":"page","link":"https:\/\/aktionen-tarife.de\/1und1\/all-net-flat\/1und1-prinzip-premium-service","title":{"rendered":"1&#038;1 Prinzip f\u00fcr All-Net Flat &#8211; Premium Service Tarif und Smartphone"},"content":{"rendered":"<p><img decoding=\"async\" class=\"alignright size-full wp-image-4105\" src=\"https:\/\/aktionen-tarife.de\/1und1\/inhalte\/2017\/01\/1und1-prinzip-all-net-flat-premium-service.jpg\" alt=\"Das 1&amp;1 Prinzip f\u00fcr All-Net Flat - Premium Service f\u00fcr Sie\" width=\"150\" height=\"100\" srcset=\"https:\/\/aktionen-tarife.de\/1und1\/inhalte\/2017\/01\/1und1-prinzip-all-net-flat-premium-service.jpg 150w, https:\/\/aktionen-tarife.de\/1und1\/inhalte\/2017\/01\/1und1-prinzip-all-net-flat-premium-service-80x53.jpg 80w\" sizes=\"(max-width: 150px) 100vw, 150px\" \/>Trotz g\u00fcnstiger Preise f\u00fcr die <a href=\"https:\/\/aktionen-tarife.de\/1und1\/all-net-flat\"><strong>1&amp;1 All-Net Flat Tarife<\/strong><\/a> erhalten Sie Premium Services inklusive &#8211; dank <span class=\"farbig\">1&amp;1 Prinzip<\/span>. Dazu geh\u00f6ren unter anderem die Overnight-Express Lieferung, ein Express Umtausch bei Defekt des Ger\u00e4tes innerhalb 1 Tages, den Tarif und <a href=\"https:\/\/aktionen-tarife.de\/1und1\/smartphones\"><strong>Smartphone<\/strong><\/a> 1 Monat lang ausprobieren und vieles mehr.<\/p>\n<hr \/>\n<p><span class=\"rot\">Sie haben die Wahl!<\/span> <a href=\"https:\/\/aktionen-tarife.de\/1und1\/all-net-flat-lte\"><strong>1&amp;1 All-Net-Flat LTE<\/strong><\/a> (Telefonica Netz) oder <a href=\"https:\/\/aktionen-tarife.de\/1und1\/d-netz-all-net-flat\"><strong>1&amp;1 All-Net-Flat<\/strong><\/a> (D-Netz)<\/p>\n<hr \/>\n<h2><span class=\"farbig\">\u00dcbersicht<\/span> 1&amp;1 Prinzip &#8211; Service macht den Unterschied<\/h2>\n<p>Mit dem 1&amp;1 Prinzip sichern Sie sich viele Vorteile ganz ohne Aufpreis:<\/p>\n<ul>\n<li><strong>1 Nacht<\/strong> und Ihre Bestellung ist da (kostenloser 1&amp;1 Overnight-Service).<\/li>\n<li><strong>1 Monat<\/strong> alle Produkte ausprobieren (Tarif und neues Smartphone ohne Risiko testen).<\/li>\n<li><strong>1 Tag<\/strong> und ein defektes Smartphone \/ Handy wird vor Ort ausgetauscht.<\/li>\n<li><strong>1 Anruf<\/strong> und Sie sprechen mit einem Experten &#8211; kompetente Hilfe vom Experten.<\/li>\n<li><strong>1 Klick<\/strong> und Sie sind bei uns &#8211; schnelle Hilfe bei Fragen rund um Ihre All-Net Flat.<\/li>\n<\/ul>\n<hr \/>\n<h2><span class=\"farbig\">1 Nacht<\/span> und Ihre Bestellung ist da &#8211; gratis Overnight Service nach 1&amp;1 Prinzip<\/h2>\n<p>Sie m\u00f6chten Ihre 1&amp;1 SIM-Karte mit <a href=\"https:\/\/aktionen-tarife.de\/1und1\/all-net-flat\"><strong>All-Net Flat<\/strong><\/a> Tarif und Ihr neues Handy \/ <a href=\"https:\/\/aktionen-tarife.de\/1und1\/smartphones\"><strong>Smartphone<\/strong><\/a> schon morgen in den H\u00e4nden halten? Mit dem kostenlosen 1&amp;1 Overnight-Service im Rahmen des 1&amp;1 Prinzip kein Problem. Wenn Sie montags bis freitags bis 21:00 Uhr (samstags bis 12:00 Uhr) bestellen, erhalten Sie Ihre Bestellung dank kostenfreiem 1&amp;1 Prinzip bereits am n\u00e4chsten Werktag (Montag bis Samstag). Alternativ k\u00f6nnen Sie f\u00fcr einmalig 4,90 \u20ac Aufpreis mit dem 1&amp;1 Wunsch-Liefertermin einen speziellen Tag und\u00a0 Zeitfenster (z.B. Mittwoch abends) f\u00fcr die Zustellung Ihrer 1&amp;1 Allnet Flat mit Smartphone bestimmen. Der 1&amp;1 Overnight Service nach 1&amp;1 Prinzip gilt nicht f\u00fcr Lieferadressen auf den deutschen Inseln.<\/p>\n<p><span class=\"rot\">Smartphone \u00dcbersicht:<\/span> <strong><a href=\"https:\/\/aktionen-tarife.de\/1und1\/aktuelles\/top-smartphones\">Top-Smartphones<\/a> &#8211; <a href=\"https:\/\/aktionen-tarife.de\/1und1\/aktuelles\/guenstige-smartphones\">G\u00fcnstige Smartphones<\/a> &#8211; <a href=\"https:\/\/aktionen-tarife.de\/1und1\/aktuelles\/phablets\">Phablets (XL-Display)<\/a><\/strong><\/p>\n<hr \/>\n<h2><span class=\"farbig\">1 Monat<\/span> alle Produkte ausprobieren &#8211; ohne Risiko testen mit 1&amp;1 Prinzip<\/h2>\n<p>Den 1&amp;1 All-Net-Flat\u00a0 Tarif und falls mitbestellt Ihr neues <strong><a href=\"https:\/\/aktionen-tarife.de\/1und1\/smartphones\">Handy \/ Smartphone<\/a><\/strong> k\u00f6nnen Sie, dank 1&amp;1 Prinzip, einen ganzen Monat lang ohne Risiko in Ruhe testen. Die Frist f\u00fcr die Zufriedenheitsgarantie beginnt mit Aktivierung der 1&amp;1 SIM Karte. Wenn Sie also nicht zufrieden sind, k\u00f6nnen Sie einfach innerhalb des ersten\u00a0 Monats Ihren <strong><a href=\"https:\/\/aktionen-tarife.de\/1und1\/all-net-flat\">1&amp;1 Allnet Flat<\/a><\/strong> Vertrag\u00a0 ohne Angabe von Gr\u00fcnden k\u00fcndigen, wenn Sie sich auf das 1&amp;1 Prinzip berufen. Sie rufen einfach beim <a href=\"https:\/\/aktionen-tarife.de\/1und1\/kontakt\/kundenservice\">1&amp;1 Kundenservice<\/a> an und erhalten einen kostenfreien Retourenschein (f\u00fcr R\u00fccksendung SIM-Karte und Smartphone). Sie erhalten\u00a0 nach 1&amp;1 Prinzip eine R\u00fcckerstattung des Smartphone Kauf-Preises und der Bereitstellungskosten f\u00fcr die SIM-Karte der 1&amp;1 All-Net Flat. 1&amp;1 berechnet bei Inanspruchnahme der Zufriedenheitsgarantie lediglich angefallene Verbrauchskosten (z.B. Auslandstelefonate) sowie die anteilige Grundgeb\u00fchr.<\/p>\n<hr \/>\n<h2><span class=\"farbig\">1 Tag<\/span> und ein defektes Smartphone wird vor Ort ausgetauscht dank 1&amp;1 Prinzip<\/h2>\n<p>Zusammen mit einem <a href=\"https:\/\/aktionen-tarife.de\/1und1\/smartphone\">1&amp;1 Allnet-Flat<\/a> Vertrag k\u00f6nnen Sie Handys und Smartphones bekannter Marken-Herstellern mitbestellen (<strong><a href=\"https:\/\/aktionen-tarife.de\/1und1\/aktuelles\/smartphones-apple-iphone\">Apple iPhone<\/a> &#8211; <a href=\"https:\/\/aktionen-tarife.de\/1und1\/aktuelles\/smartphones-samsung\">Samsung<\/a> &#8211; <a href=\"https:\/\/aktionen-tarife.de\/1und1\/aktuelles\/smartphones-sony\">Sony<\/a> &#8211; <a href=\"https:\/\/aktionen-tarife.de\/1und1\/aktuelles\/smartphones-huawei\">Huawei<\/a> &#8211; <a href=\"https:\/\/aktionen-tarife.de\/1und1\/aktuelles\/smartphones-zte\">ZTE<\/a> &#8211; <a href=\"https:\/\/aktionen-tarife.de\/1und1\/aktuelles\/smartphones-htc\">HTC<\/a> &#8211; <a href=\"https:\/\/aktionen-tarife.de\/1und1\/aktuelles\/smartphones-lg\">LG<\/a><\/strong>). Sollte Ihr Smartphone dennoch einmal defekt sein, rufen Sie einfach beim <a href=\"https:\/\/aktionen-tarife.de\/1und1\/kontakt\/kundenservice\">1&amp;1 Kundenservice<\/a> an und Fragen nach dem 1&amp;1 Austausch-Service im Rahmen des 1&amp;1 Prinzip. 1&amp;1 vereinbart dann einen Termin f\u00fcr den Austausch des Smartphones mit Ihnen. Sie erhalten dabei abh\u00e4ngig vom 1&amp;1 All-Net Flat Tarif und Endger\u00e4t ein Neuger\u00e4t als Ersatz oder ein Leihger\u00e4t\u00a0 f\u00fcr die Dauer der Reparatur \u2500 w\u00e4hrend der Garantiezeit komplett kostenfrei. Erfolgt Ihr Anruf bis 21 Uhr (montags bis freitags, samstags bis 12 Uhr) findet der Smartphone-Austausch in der Regel am n\u00e4chsten Werktag statt (Ort Ihrer Wahl, z.B. zu Hause oder Arbeitsplatz).<\/p>\n<hr \/>\n<h2><span class=\"farbig\">1 Anruf<\/span> und Sie sprechen telefonisch mit einem Experten dank 1&amp;1 Prinzip<\/h2>\n<p>Auch nach dem Kauf: das <a href=\"https:\/\/aktionen-tarife.de\/1und1\/kontakt\/kundenservice\">1&amp;1 Service-Team<\/a> ist rund um die Uhr gerne f\u00fcr Sie da. Ein Anruf gen\u00fcgt &#8211; keine langen Warteschleifen und f\u00fcr alle Themen gibt es bei 1&amp;1 speziell ausgebildete, kompetente Experten, die Ihre Fragen sicher zu Ihrer Zufriedenheit beantworten. Dank 1&amp;1 Prinzip erhalten Sie also perfekten Support.<\/p>\n<hr \/>\n<h2><span class=\"farbig\">1 Klick<\/span> und Sie sind bei uns &#8211; gro\u00dfe Smartphone Auswahl dank 1&amp;1 Prinzip<\/h2>\n<p>Bei 1&amp;1 haben Sie dank 1&amp;1 Prinzip mit 1 Klick alles im Blick. Von einer gro\u00dfen <strong><a href=\"https:\/\/aktionen-tarife.de\/1und1\/smartphones\">Smartphone Auswahl<\/a><\/strong> vieler Hersteller bis hin zum Kundenservice nach Vertragsabschluss Ihrer <a href=\"https:\/\/aktionen-tarife.de\/1und1\/all-net-flat\">1&amp;1 All-Net Flat<\/a>. Statt nur wenigen Filialen hat 1&amp;1 tausende Mitarbeiter, die Ihnen gem\u00e4\u00df 1&amp;1 Prinzip gern weiterhelfen. Wir als autorisierter 1&amp;1 Online-Partner <a href=\"https:\/\/aktionen-tarife.de\/1und1\/kontakt\"><strong>beraten<\/strong><\/a> Sie zudem kostenlos und unabh\u00e4ngig zur Allnet Flat mit Handy. Sie k\u00f6nnen sich bequem von Zuhause informieren und profitieren zudem von besonders g\u00fcnstigen Preisen &#8211; dank fehlendem teuren Filialnetz.<\/p>\n<hr \/>\n<h2><span class=\"farbig\">Tarif\u00fcbersicht<\/span> Allnet Flat Tarife mit mobiler Internetflat und 1&amp;1 Prinzip<\/h2>\n<ul>\r\n \t<li><a href=\"https:\/\/aktionen-tarife.de\/1und1\/all-net-flat-lte\"><strong>1&1 All-Net-Flat LTE<\/strong><\/a> - Smartphone Tarife im <a href=\"https:\/\/aktionen-tarife.de\/1und1\/netzabdeckung\/telefonica-o2-e-plus\">Telef\u00f3nica Netz<\/a> (inkl. <a href=\"https:\/\/aktionen-tarife.de\/1und1\/lte-4g\">LTE<\/a> Nutzung)\r\n<ul>\r\n \t<li><em><a href=\"https:\/\/aktionen-tarife.de\/1und1\/all-net-flat-lte\/s\">Tarif S<\/a> (3 GB) - <a href=\"https:\/\/aktionen-tarife.de\/1und1\/all-net-flat-lte\/m\">Tarif M<\/a> (5 GB) - <a href=\"https:\/\/aktionen-tarife.de\/1und1\/all-net-flat-lte\/l\">Tarif L<\/a> (10 GB) - <a href=\"https:\/\/aktionen-tarife.de\/1und1\/all-net-flat-lte\/xl\">Tarif XL<\/a> (15 GB) - <a href=\"https:\/\/aktionen-tarife.de\/1und1\/all-net-flat-lte\/young-plus\">Tarif Young Plus<\/a><\/em><\/li>\r\n<\/ul>\r\n<\/li>\r\n \t<li><a href=\"https:\/\/aktionen-tarife.de\/1und1\/d-netz-all-net-flat\"><strong>1&1 All-Net-Flat<\/strong><\/a> - Smartphone Tarife im D-Netz (<a href=\"https:\/\/aktionen-tarife.de\/1und1\/netzabdeckung\/d-netz-d2-vodafone\">Vodafone D2-Netz<\/a> ohne LTE)\r\n<ul>\r\n \t<li><em><a href=\"https:\/\/aktionen-tarife.de\/1und1\/d-netz-all-net-flat\/s\">Tarif S<\/a> (3 GB) - <a href=\"https:\/\/aktionen-tarife.de\/1und1\/d-netz-all-net-flat\/m\">Tarif M<\/a> (5 GB) - <a href=\"https:\/\/aktionen-tarife.de\/1und1\/d-netz-all-net-flat\/l\">Tarif L<\/a> (10 GB) - <a href=\"https:\/\/aktionen-tarife.de\/1und1\/d-netz-all-net-flat\/xl\">Tarif XL<\/a> (15 GB) - <a href=\"https:\/\/aktionen-tarife.de\/1und1\/d-netz-all-net-flat\/young-plus\">Tarif Young Plus<\/a><\/em><\/li>\r\n<\/ul>\r\n<\/li>\r\n<\/ul>\n","protected":false},"excerpt":{"rendered":"<p>Trotz g\u00fcnstiger Preise f\u00fcr die 1&amp;1 All-Net Flat Tarife erhalten Sie Premium Services inklusive &#8211; dank 1&amp;1 Prinzip. Dazu geh\u00f6ren unter anderem die Overnight-Express Lieferung, ein Express Umtausch bei Defekt des Ger\u00e4tes innerhalb 1 Tages, den Tarif und Smartphone 1 Monat lang ausprobieren und vieles mehr. Sie haben die Wahl! 1&amp;1 All-Net-Flat LTE (Telefonica Netz) &hellip; <a href=\"https:\/\/aktionen-tarife.de\/1und1\/all-net-flat\/1und1-prinzip-premium-service\" class=\"more-link\"><span class=\"screen-reader-text\">1&#038;1 Prinzip f\u00fcr All-Net Flat &#8211; Premium Service Tarif und Smartphone<\/span> weiterlesen <span class=\"meta-nav\">&rarr;<\/span><\/a><\/p>\n","protected":false},"author":30,"featured_media":4105,"parent":501,"menu_order":0,"comment_status":"closed","ping_status":"closed","template":"","meta":{"footnotes":""},"class_list":["post-4102","page","type-page","status-publish","hentry","has-post-thumbnail"],"_links":{"self":[{"href":"https:\/\/aktionen-tarife.de\/1und1\/wp-json\/wp\/v2\/pages\/4102","targetHints":{"allow":["GET"]}}],"collection":[{"href":"https:\/\/aktionen-tarife.de\/1und1\/wp-json\/wp\/v2\/pages"}],"about":[{"href":"https:\/\/aktionen-tarife.de\/1und1\/wp-json\/wp\/v2\/types\/page"}],"author":[{"embeddable":true,"href":"https:\/\/aktionen-tarife.de\/1und1\/wp-json\/wp\/v2\/users\/30"}],"replies":[{"embeddable":true,"href":"https:\/\/aktionen-tarife.de\/1und1\/wp-json\/wp\/v2\/comments?post=4102"}],"version-history":[{"count":0,"href":"https:\/\/aktionen-tarife.de\/1und1\/wp-json\/wp\/v2\/pages\/4102\/revisions"}],"up":[{"embeddable":true,"href":"https:\/\/aktionen-tarife.de\/1und1\/wp-json\/wp\/v2\/pages\/501"}],"wp:featuredmedia":[{"embeddable":true,"href":"https:\/\/aktionen-tarife.de\/1und1\/wp-json\/wp\/v2\/media\/4105"}],"wp:attachment":[{"href":"https:\/\/aktionen-tarife.de\/1und1\/wp-json\/wp\/v2\/media?parent=4102"}],"curies":[{"name":"wp","href":"https:\/\/api.w.org\/{rel}","templated":true}]}}