{"id":4027,"date":"2017-12-08T00:01:58","date_gmt":"2017-12-07T23:01:58","guid":{"rendered":"https:\/\/aktionen-tarife.de\/1und1\/?page_id=4027"},"modified":"2017-12-08T02:50:57","modified_gmt":"2017-12-08T01:50:57","slug":"smartphones","status":"publish","type":"page","link":"https:\/\/aktionen-tarife.de\/1und1\/smartphones","title":{"rendered":"Smartphones bei 1&#038;1 &#8211; iPhone, Samsung, Sony, Huawei, HTC, LG u.a."},"content":{"rendered":"<p><img decoding=\"async\" class=\"alignright size-full wp-image-4030\" src=\"https:\/\/aktionen-tarife.de\/1und1\/inhalte\/2017\/01\/1und1-smartphones-handys.jpg\" alt=\"Smartphones bei 1&amp;1 - iPhone, Samsung, Sony, Samsung u.a.\" width=\"150\" height=\"100\" srcset=\"https:\/\/aktionen-tarife.de\/1und1\/inhalte\/2017\/01\/1und1-smartphones-handys.jpg 150w, https:\/\/aktionen-tarife.de\/1und1\/inhalte\/2017\/01\/1und1-smartphones-handys-80x53.jpg 80w\" sizes=\"(max-width: 150px) 100vw, 150px\" \/>Bei 1&amp;1 erhalten Sie bei Vertragsabschluss eines <a href=\"https:\/\/aktionen-tarife.de\/1und1\/all-net-flat\"><strong>1&amp;1 All-Net Flat<\/strong><\/a> Handysvertrags auf Wunsch ein neues <span class=\"farbig\">Handy \/ Smartphone<\/span> zum Vorzugspreis. Hier finden Sie eine \u00dcbersicht aller <strong><a href=\"https:\/\/aktionen-tarife.de\/1und1\/infos\/smartphones\">Smartphones<\/a><\/strong>, welche Sie g\u00fcnstig bestellen k\u00f6nnen (geringe Einmalzahlung und monatliche Rate \/ Handyfinanzierung je nach Tarif). Das Beste: dank <strong><a href=\"https:\/\/aktionen-tarife.de\/1und1\/all-net-flat\/1und1-prinzip-premium-service\">1&amp;1 Prinzip<\/a><\/strong> neues Ger\u00e4t schon morgen in den H\u00e4nden halten! Und mit der <a href=\"https:\/\/aktionen-tarife.de\/1und1\/smartphones\/newphone-option\"><strong>1&amp;1 NewPhone Option<\/strong><\/a> k\u00f6nnen Sie sogar alle 12 Monate ein neues Smartphone zum Vorzugspreis ab 0 \u20ac bestellen.<\/p>\n<hr \/>\n<p><span class=\"rot\">Smartphone \u00dcbersicht:<\/span> <strong><a href=\"https:\/\/aktionen-tarife.de\/1und1\/aktuelles\/top-smartphones\">Top-Smartphones<\/a> &#8211; <a href=\"https:\/\/aktionen-tarife.de\/1und1\/aktuelles\/guenstige-smartphones\">G\u00fcnstige Smartphones<\/a> &#8211; <a href=\"https:\/\/aktionen-tarife.de\/1und1\/aktuelles\/phablets\">Phablets (XL-Display)<\/a><\/strong><\/p>\n<hr \/>\n<p><span class=\"rot\">Smartphones nach Hersteller:<\/span> <strong><a href=\"https:\/\/aktionen-tarife.de\/1und1\/aktuelles\/smartphones-apple-iphone\">Apple (iPhone)<\/a> &#8211; <a href=\"https:\/\/aktionen-tarife.de\/1und1\/aktuelles\/smartphones-samsung\">Samsung<\/a> &#8211; <a href=\"https:\/\/aktionen-tarife.de\/1und1\/aktuelles\/smartphones-sony\">Sony<\/a> &#8211; <a href=\"https:\/\/aktionen-tarife.de\/1und1\/aktuelles\/smartphones-huawei\">Huawei<\/a> &#8211; <a href=\"https:\/\/aktionen-tarife.de\/1und1\/aktuelles\/smartphones-zte\">ZTE<\/a> &#8211; <a href=\"https:\/\/aktionen-tarife.de\/1und1\/aktuelles\/smartphones-htc\">HTC<\/a> &#8211; <a href=\"https:\/\/aktionen-tarife.de\/1und1\/aktuelles\/smartphones-lg\">LG<\/a><\/strong><\/p>\n<hr \/>\n<h2><span class=\"farbig\">iPhone \/ Apple<\/span> Smartphones mit 1&amp;1 Vertrag<\/h2>\n<div class=\"rssfp-items-wrapper\"><ul><!--via SimplePie with rssfp_import--><li><a href=\"https:\/\/aktionen-tarife.de\/1und1\/smartphones\/apple-iphone-11-pro\" title=\"Apple iPhone 11 Pro g\u00fcnstig mit 1&amp;1 Vertrag \u2013 Bundle ab 46,99 \u20ac mtl.*\">Apple iPhone 11 Pro g\u00fcnstig mit 1&amp;1 Vertrag \u2013 Bundle ab 46,99 \u20ac mtl.*<\/a><\/li><li><a href=\"https:\/\/aktionen-tarife.de\/1und1\/smartphones\/apple-iphone-11\" title=\"Apple iPhone 11 g\u00fcnstig mit 1&amp;1 Vertrag \u2013 Bundle ab 24,99 \u20ac mtl.*\">Apple iPhone 11 g\u00fcnstig mit 1&amp;1 Vertrag \u2013 Bundle ab 24,99 \u20ac mtl.*<\/a><\/li><li><a href=\"https:\/\/aktionen-tarife.de\/1und1\/smartphones\/apple-iphone-11-pro-max\" title=\"Apple iPhone 11 Pro Max mit 1&amp;1 Vertrag \u2013 Bundle ab 53,99 \u20ac mtl.*\">Apple iPhone 11 Pro Max mit 1&amp;1 Vertrag \u2013 Bundle ab 53,99 \u20ac mtl.*<\/a><\/li><li><a href=\"https:\/\/aktionen-tarife.de\/1und1\/smartphones\/apple-iphone-xr\" title=\"Apple iPhone XR g\u00fcnstig mit 1&amp;1 Vertrag \u2013 Bundle ab 29,99 \u20ac mtl.*\">Apple iPhone XR g\u00fcnstig mit 1&amp;1 Vertrag \u2013 Bundle ab 29,99 \u20ac mtl.*<\/a><\/li><li><a href=\"https:\/\/aktionen-tarife.de\/1und1\/smartphones\/apple-iphone-7\" title=\"Apple iPhone 7 g\u00fcnstig mit 1&amp;1 Vertrag \u2013 Bundle ab 14,99 \u20ac mtl.*\">Apple iPhone 7 g\u00fcnstig mit 1&amp;1 Vertrag \u2013 Bundle ab 14,99 \u20ac mtl.*<\/a><\/li><\/ul>\n<hr \/>\n<h2><span class=\"farbig\">Samsung<\/span> Smartphones mit 1&amp;1 Handyvertrag<\/h2>\n<div class=\"rssfp-items-wrapper\"><ul><!--via SimplePie with rssfp_import--><li><a href=\"https:\/\/aktionen-tarife.de\/1und1\/smartphones\/samsung-galaxy-note-10-plus\" title=\"Samsung Galaxy Note 10+ mit 1&amp;1 Vertrag \u2013 Bundle ab 34,99 \u20ac mtl.*\">Samsung Galaxy Note 10+ mit 1&amp;1 Vertrag \u2013 Bundle ab 34,99 \u20ac mtl.*<\/a><\/li><li><a href=\"https:\/\/aktionen-tarife.de\/1und1\/smartphones\/samsung-galaxy-note-10\" title=\"Samsung Galaxy Note 10 mit 1&amp;1 Vertrag \u2013 Bundle ab 32,99 \u20ac mtl.*\">Samsung Galaxy Note 10 mit 1&amp;1 Vertrag \u2013 Bundle ab 32,99 \u20ac mtl.*<\/a><\/li><li><a href=\"https:\/\/aktionen-tarife.de\/1und1\/smartphones\/samsung-galaxy-s10\" title=\"Samsung Galaxy S10 g\u00fcnstig mit 1&amp;1 Vertrag \u2013 Bundle ab 19,99 \u20ac mtl.*\">Samsung Galaxy S10 g\u00fcnstig mit 1&amp;1 Vertrag \u2013 Bundle ab 19,99 \u20ac mtl.*<\/a><\/li><li><a href=\"https:\/\/aktionen-tarife.de\/1und1\/smartphones\/samsung-galaxy-s10-plus\" title=\"Samsung Galaxy S10+ g\u00fcnstig mit 1&amp;1 Vertrag \u2013 Bundle ab 27,99 \u20ac mtl.*\">Samsung Galaxy S10+ g\u00fcnstig mit 1&amp;1 Vertrag \u2013 Bundle ab 27,99 \u20ac mtl.*<\/a><\/li><\/ul>\n<hr \/>\n<h2><span class=\"farbig\">Sony<\/span> Smartphones mit 1und1 Handyvertrag<\/h2>\n<div class=\"rssfp-items-wrapper\"><ul><!--via SimplePie with rssfp_import--><li><a href=\"https:\/\/aktionen-tarife.de\/1und1\/smartphones\/sony-xperia-5\" title=\"Sony Xperia 5 g\u00fcnstig mit 1&amp;1 Vertrag \u2013 Bundle ab 21,99 \u20ac mtl.*\">Sony Xperia 5 g\u00fcnstig mit 1&amp;1 Vertrag \u2013 Bundle ab 21,99 \u20ac mtl.*<\/a><\/li><\/ul>\n<hr \/>\n<h2><span class=\"farbig\">Huawei<\/span> Smartphones mit 1&amp;1 Handyvertrag<\/h2>\n<div class=\"rssfp-items-wrapper\"><ul><!--via SimplePie with rssfp_import--><li><a href=\"https:\/\/aktionen-tarife.de\/1und1\/smartphones\/huawei-p30-lite-ne\" title=\"Huawei P30 lite NE g\u00fcnstig mit 1&amp;1 Vertrag \u2013 Bundle ab 16,99 \u20ac mtl.*\">Huawei P30 lite NE g\u00fcnstig mit 1&amp;1 Vertrag \u2013 Bundle ab 16,99 \u20ac mtl.*<\/a><\/li><li><a href=\"https:\/\/aktionen-tarife.de\/1und1\/smartphones\/huawei-p-smart-2019\" title=\"Huawei P smart 2019 g\u00fcnstig mit 1&amp;1 Vertrag \u2013 Bundle ab 9,99 \u20ac mtl.*\">Huawei P smart 2019 g\u00fcnstig mit 1&amp;1 Vertrag \u2013 Bundle ab 9,99 \u20ac mtl.*<\/a><\/li><li><a href=\"https:\/\/aktionen-tarife.de\/1und1\/smartphones\/huawei-p30-lite\" title=\"Huawei P30 lite g\u00fcnstig mit 1&amp;1 Vertrag \u2013 Bundle ab 11,99 \u20ac mtl.*\">Huawei P30 lite g\u00fcnstig mit 1&amp;1 Vertrag \u2013 Bundle ab 11,99 \u20ac mtl.*<\/a><\/li><li><a href=\"https:\/\/aktionen-tarife.de\/1und1\/smartphones\/huawei-p30\" title=\"Huawei P30 g\u00fcnstig mit 1&amp;1 Vertrag \u2013 Bundle ab 15,99 \u20ac mtl.*\">Huawei P30 g\u00fcnstig mit 1&amp;1 Vertrag \u2013 Bundle ab 15,99 \u20ac mtl.*<\/a><\/li><li><a href=\"https:\/\/aktionen-tarife.de\/1und1\/smartphones\/huawei-p30-pro\" title=\"Huawei P30 Pro g\u00fcnstig mit 1&amp;1 Vertrag \u2013 Bundle ab 14,99 \u20ac mtl.*\">Huawei P30 Pro g\u00fcnstig mit 1&amp;1 Vertrag \u2013 Bundle ab 14,99 \u20ac mtl.*<\/a><\/li><li><a href=\"https:\/\/aktionen-tarife.de\/1und1\/smartphones\/huawei-nova-5t\" title=\"Huawei nova 5T mit 1&amp;1 Vertrag \u2013 Bundle ab 14,99 \u20ac mtl.*\">Huawei nova 5T mit 1&amp;1 Vertrag \u2013 Bundle ab 14,99 \u20ac mtl.*<\/a><\/li><\/ul>\n<hr \/>\n<h2><span class=\"farbig\">ZTE<\/span> Smartphones \/ Handys mit 1&amp;1 Handyvertrag<\/h2>\n<div class=\"rssfp-items-wrapper\"><p>Zur Zeit keine ZTE Smartphones bei 1und1 im Angebot.<\/p>\n<hr \/>\n<h2><span class=\"farbig\">HTC<\/span> Smartphones mit 1&amp;1 Handyvertrag<\/h2>\n<div class=\"rssfp-items-wrapper\"><p>Zur Zeit keine HTC Smartphones bei 1und1 im Angebot.<\/p>\n<hr \/>\n<h2><span class=\"farbig\">LG<\/span> Smartphones \/ Handys mit 1und1 Handyvertrag<\/h2>\n<div class=\"rssfp-items-wrapper\"><p>Zur Zeit keine LG Smartphones bei 1und1 im Angebot.<\/p>\n<hr \/>\n<h2><span class=\"farbig\">Nokia<\/span> Smartphones mit 1&amp;1 Handyvertrag<\/h2>\n<div class=\"rssfp-items-wrapper\"><p>Zur Zeit keine Nokia Smartphones bei 1und1 im Angebot.<\/p>\n<hr \/>\n<h2><span class=\"farbig\">1&amp;1 Tarife<\/span> f\u00fcr Smartphones (1&amp;1 All-Net Flat)<\/h2>\n<p>Zum neuen Handy bietet 1&amp;1 viele Handytarife zum kleinen Preis:<\/p>\n<ul>\r\n \t<li><a href=\"https:\/\/aktionen-tarife.de\/1und1\/all-net-flat-lte\"><strong>1&1 All-Net-Flat LTE<\/strong><\/a> - Smartphone Tarife im <a href=\"https:\/\/aktionen-tarife.de\/1und1\/netzabdeckung\/telefonica-o2-e-plus\">Telef\u00f3nica Netz<\/a> (inkl. <a href=\"https:\/\/aktionen-tarife.de\/1und1\/lte-4g\">LTE<\/a> Nutzung)\r\n<ul>\r\n \t<li><em><a href=\"https:\/\/aktionen-tarife.de\/1und1\/all-net-flat-lte\/s\">Tarif S<\/a> (3 GB) - <a href=\"https:\/\/aktionen-tarife.de\/1und1\/all-net-flat-lte\/m\">Tarif M<\/a> (5 GB) - <a href=\"https:\/\/aktionen-tarife.de\/1und1\/all-net-flat-lte\/l\">Tarif L<\/a> (10 GB) - <a href=\"https:\/\/aktionen-tarife.de\/1und1\/all-net-flat-lte\/xl\">Tarif XL<\/a> (15 GB) - <a href=\"https:\/\/aktionen-tarife.de\/1und1\/all-net-flat-lte\/young-plus\">Tarif Young Plus<\/a><\/em><\/li>\r\n<\/ul>\r\n<\/li>\r\n \t<li><a href=\"https:\/\/aktionen-tarife.de\/1und1\/d-netz-all-net-flat\"><strong>1&1 All-Net-Flat<\/strong><\/a> - Smartphone Tarife im D-Netz (<a href=\"https:\/\/aktionen-tarife.de\/1und1\/netzabdeckung\/d-netz-d2-vodafone\">Vodafone D2-Netz<\/a> ohne LTE)\r\n<ul>\r\n \t<li><em><a href=\"https:\/\/aktionen-tarife.de\/1und1\/d-netz-all-net-flat\/s\">Tarif S<\/a> (3 GB) - <a href=\"https:\/\/aktionen-tarife.de\/1und1\/d-netz-all-net-flat\/m\">Tarif M<\/a> (5 GB) - <a href=\"https:\/\/aktionen-tarife.de\/1und1\/d-netz-all-net-flat\/l\">Tarif L<\/a> (10 GB) - <a href=\"https:\/\/aktionen-tarife.de\/1und1\/d-netz-all-net-flat\/xl\">Tarif XL<\/a> (15 GB) - <a href=\"https:\/\/aktionen-tarife.de\/1und1\/d-netz-all-net-flat\/young-plus\">Tarif Young Plus<\/a><\/em><\/li>\r\n<\/ul>\r\n<\/li>\r\n<\/ul>\n<hr \/>\n<p><span style=\"color: #999999;\">*Mindestvertragslaufzeit 1&amp;1 Handyvertrag mit Smartphone 24 Monate.<\/span><\/p>\n","protected":false},"excerpt":{"rendered":"<p>Bei 1&amp;1 erhalten Sie bei Vertragsabschluss eines 1&amp;1 All-Net Flat Handysvertrags auf Wunsch ein neues Handy \/ Smartphone zum Vorzugspreis. Hier finden Sie eine \u00dcbersicht aller Smartphones, welche Sie g\u00fcnstig bestellen k\u00f6nnen (geringe Einmalzahlung und monatliche Rate \/ Handyfinanzierung je nach Tarif). Das Beste: dank 1&amp;1 Prinzip neues Ger\u00e4t schon morgen in den H\u00e4nden halten! &hellip; <a href=\"https:\/\/aktionen-tarife.de\/1und1\/smartphones\" class=\"more-link\"><span class=\"screen-reader-text\">Smartphones bei 1&#038;1 &#8211; iPhone, Samsung, Sony, Huawei, HTC, LG u.a.<\/span> weiterlesen <span class=\"meta-nav\">&rarr;<\/span><\/a><\/p>\n","protected":false},"author":30,"featured_media":0,"parent":0,"menu_order":510001,"comment_status":"closed","ping_status":"closed","template":"","meta":{"footnotes":""},"class_list":["post-4027","page","type-page","status-publish","hentry"],"_links":{"self":[{"href":"https:\/\/aktionen-tarife.de\/1und1\/wp-json\/wp\/v2\/pages\/4027","targetHints":{"allow":["GET"]}}],"collection":[{"href":"https:\/\/aktionen-tarife.de\/1und1\/wp-json\/wp\/v2\/pages"}],"about":[{"href":"https:\/\/aktionen-tarife.de\/1und1\/wp-json\/wp\/v2\/types\/page"}],"author":[{"embeddable":true,"href":"https:\/\/aktionen-tarife.de\/1und1\/wp-json\/wp\/v2\/users\/30"}],"replies":[{"embeddable":true,"href":"https:\/\/aktionen-tarife.de\/1und1\/wp-json\/wp\/v2\/comments?post=4027"}],"version-history":[{"count":0,"href":"https:\/\/aktionen-tarife.de\/1und1\/wp-json\/wp\/v2\/pages\/4027\/revisions"}],"wp:attachment":[{"href":"https:\/\/aktionen-tarife.de\/1und1\/wp-json\/wp\/v2\/media?parent=4027"}],"curies":[{"name":"wp","href":"https:\/\/api.w.org\/{rel}","templated":true}]}}