{"id":378,"date":"2017-01-02T00:01:44","date_gmt":"2017-01-01T23:01:44","guid":{"rendered":"https:\/\/aktionen-tarife.de\/1und1\/?page_id=378"},"modified":"2017-04-04T14:43:06","modified_gmt":"2017-04-04T12:43:06","slug":"hosting","status":"publish","type":"page","link":"https:\/\/aktionen-tarife.de\/1und1\/hosting","title":{"rendered":"1&#038;1 Hosting: Domains, Webhosting, Server, Mail und eShops"},"content":{"rendered":"<p><img decoding=\"async\" class=\"alignright size-full wp-image-4337\" src=\"https:\/\/aktionen-tarife.de\/1und1\/inhalte\/2015\/09\/1und1-hosting.jpg\" alt=\"1&amp;1 Hosting: Domains, Webhosting, Server, Mail und eShops\" width=\"150\" height=\"100\" srcset=\"https:\/\/aktionen-tarife.de\/1und1\/inhalte\/2015\/09\/1und1-hosting.jpg 150w, https:\/\/aktionen-tarife.de\/1und1\/inhalte\/2015\/09\/1und1-hosting-80x53.jpg 80w\" sizes=\"(max-width: 150px) 100vw, 150px\" \/>Mit den <span class=\"farbig\">1&amp;1 Hosting<\/span> Angeboten sichern Sie sich zuverl\u00e4ssige Tarife <strong>eines f\u00fchrenden Hosting Anbieters in Deutschland<\/strong> (aber auch in vielen anderen L\u00e4ndern). Die 1&amp;1 Hosting Produktpalette reicht von <strong>Domain, Webhosting, Homepage, E-Mail, Server, Onlineshops (eShops<\/strong>) bis hin zur entsprechenden Vermarktung (<strong>Marketing<\/strong>) Ihrer Seite.<\/p>\n<hr \/>\n<h2><span class=\"desktop-tablet\">1&amp;1 Hosting <span class=\"farbig\">Tarif\u00fcbersicht<\/span>: Domains, Webhosting, Server uvm. <\/span><span class=\"smartphone\">1&amp;1 Hosting <span class=\"farbig\">Tarif\u00fcbersicht<\/span><\/span><\/h2>\n<ul>\n<li><a title=\"1&amp;1 Homepage Tarife\" href=\"https:\/\/aktionen-tarife.de\/1und1\/zum-anbieter\/hosting\/1und1-ionos-hosting-allgemein\" target=\"_blank\"><strong>Homepage<\/strong><\/a>: Mit 1&amp;1 MyWebsite Internetpr\u00e4senz f\u00fcr privat, Verein oder Firma erstellen.<\/li>\n<li><a title=\"1&amp;1 Webhosting\" href=\"https:\/\/aktionen-tarife.de\/1und1\/zum-anbieter\/hosting\/1und1-ionos-hosting-allgemein\" target=\"_blank\"><strong>Webhosting<\/strong><\/a>: G\u00fcnstige shared Hosting und WordPress Hosting Angebote.<\/li>\n<li><a title=\"1&amp;1 Performance Hosting (Managed Server)\" href=\"https:\/\/aktionen-tarife.de\/1und1\/zum-anbieter\/hosting\/1und1-ionos-hosting-allgemein\" target=\"_blank\"><strong>Performance Hosting<\/strong><\/a>: Ihr eigener Webserver von 1&amp;1 verwaltet (Managed Server).<\/li>\n<li><a title=\"1&amp;1 Server\" href=\"https:\/\/aktionen-tarife.de\/1und1\/zum-anbieter\/hosting\/1und1-ionos-hosting-allgemein\" target=\"_blank\"><strong>Server<\/strong><\/a>: Dedicated Server (Einsteiger bis Hochleistung), Virtual Server und Cloud Server.<\/li>\n<li><a title=\"1&amp;1 E-Mail\" href=\"https:\/\/aktionen-tarife.de\/1und1\/zum-anbieter\/hosting\/1und1-ionos-hosting-allgemein\" target=\"_blank\"><strong>E-Mail<\/strong><\/a>: Mailadresse mit eigener Domain, DE-Mail und 1&amp;1 Microsoft Exchange.<\/li>\n<li><a title=\"1&amp;1 Domains\" href=\"https:\/\/aktionen-tarife.de\/1und1\/zum-anbieter\/hosting\/1und1-ionos-hosting-allgemein\" target=\"_blank\"><strong>Domains<\/strong><\/a>: Freie nationale, regionale und internationale Domains registrieren.<\/li>\n<li><a title=\"1&amp;1 Onlineshop \/ eShop\" href=\"https:\/\/aktionen-tarife.de\/1und1\/zum-anbieter\/hosting\/1und1-ionos-hosting-allgemein\" target=\"_blank\"><strong>Online-Shop<\/strong><\/a>: Verkaufen Sie Ihre Produkte in einem eigenen eShop.<\/li>\n<li><a title=\"1&amp;1 Marketing\" href=\"https:\/\/aktionen-tarife.de\/1und1\/zum-anbieter\/hosting\/1und1-ionos-hosting-allgemein\" target=\"_blank\"><strong>Marketing<\/strong><\/a>: Mit 1&amp;1 ListLocal sorgen Sie daf\u00fcr, dass Ihr Gesch\u00e4ft gefunden wird.<\/li>\n<\/ul>\n<hr \/>\n<h2>1&amp;1 mit eigenen <span class=\"farbig\">Hochleistungs-Rechenzentren<\/span> weltweit<\/h2>\n<p>Der Hosting-Anbieter 1&amp;1 unterh\u00e4lt 7 eigene Hochleistungs-Rechenzentren in Europa und den USA. Stand 2016 arbeiten darin etwa 70.000 Server parallel. Damit die etwa 20 Millionen gehosteten Domains auch zuverl\u00e4ssig erreicht werden, verf\u00fcgen die 1&amp;1 Rechenzentren \u00fcber eine mehrfach redundante Anbindung (nahezu 100%ige Verf\u00fcgbarkeit). Die monatlich etwa 20.000\u00a0 TeraByte monatliches Transfervolumen werden durch die redundante Glasfaser-Anbindung mit \u00fcber 360 GigaBit\/s Au\u00dfenanbindung zuverl\u00e4ssig bereitgestellt. Die 1&amp;1 Rechenzentren z\u00e4hlen zu den sichersten und leistungsf\u00e4higsten in Europa.<\/p>\n<hr \/>\n<h2><span class=\"desktop-tablet\">Kostenlose <span class=\"farbig\">Tarifberatung<\/span> zu den 1&amp;1 Hosting Tarifen <\/span><span class=\"smartphone\"><span class=\"farbig\">Tarifberatung<\/span> durch Partner<\/span><\/h2>\n<p>Wir als autorisierter 1&amp;1 Partner beraten Sie gern zu den 1&amp;1 Hosting Angeboten. Lassen Sie sich kostenfrei beraten: <strong><a title=\"Callback \/ R\u00fcckruf: telefonische Beratung zu 1&amp;1 Tarifen\" href=\"https:\/\/aktionen-tarife.de\/1und1\/kontakt\/telefonische-beratung\">Callback<\/a> \/ <a title=\"Kontaktformular: schriftliche Anfrage zu 1&amp;1 Tarifen\" href=\"https:\/\/aktionen-tarife.de\/1und1\/kontakt\/schriftliche-anfrage\">Anfrage<\/a> \/ <a title=\"Bestellformulare \/ Flyer f\u00fcr 1&amp;1 Tarife per Post \/ eMail\" href=\"https:\/\/aktionen-tarife.de\/1und1\/kontakt\/unterlagen-zusenden\">Unterlagen<\/a> <\/strong>oder <span class=\"farbig\">anrufen<\/span>:<\/p>\n<p><span class=\"desktop-tablet\">Tel.: <strong><a href=\"tel:+4939434099911\" onclick=\"ga('send', 'event', 'hotline', 'hotline-content', 'hotline-content-mit-zeit');\">0 39 43 \/ 40 999 11<\/a><\/strong> (Mo.-Fr. 7:30-22 \/ Sa. 8-22 \/ So. + Feiertag 10-22 Uhr) <\/span><span class=\"smartphone\">Tel.: <strong><a href=\"tel:+4939434099911\" onclick=\"ga('send', 'event', 'hotline', 'hotline-content', 'hotline-content-mit-zeit');\">0 39 43 \/ 40 999 11<\/a><\/strong> (Mo.-Fr. 7:30-22 \/ Sa. 8-22 \/ So. + Feiertag 10-22 Uhr)<\/span><\/p>\n","protected":false},"excerpt":{"rendered":"<p>Mit den 1&amp;1 Hosting Angeboten sichern Sie sich zuverl\u00e4ssige Tarife eines f\u00fchrenden Hosting Anbieters in Deutschland (aber auch in vielen anderen L\u00e4ndern). Die 1&amp;1 Hosting Produktpalette reicht von Domain, Webhosting, Homepage, E-Mail, Server, Onlineshops (eShops) bis hin zur entsprechenden Vermarktung (Marketing) Ihrer Seite. 1&amp;1 Hosting Tarif\u00fcbersicht: Domains, Webhosting, Server uvm. 1&amp;1 Hosting Tarif\u00fcbersicht Homepage: Mit &hellip; <a href=\"https:\/\/aktionen-tarife.de\/1und1\/hosting\" class=\"more-link\"><span class=\"screen-reader-text\">1&#038;1 Hosting: Domains, Webhosting, Server, Mail und eShops<\/span> weiterlesen <span class=\"meta-nav\">&rarr;<\/span><\/a><\/p>\n","protected":false},"author":30,"featured_media":0,"parent":0,"menu_order":800000,"comment_status":"closed","ping_status":"closed","template":"","meta":{"footnotes":""},"class_list":["post-378","page","type-page","status-publish","hentry"],"_links":{"self":[{"href":"https:\/\/aktionen-tarife.de\/1und1\/wp-json\/wp\/v2\/pages\/378","targetHints":{"allow":["GET"]}}],"collection":[{"href":"https:\/\/aktionen-tarife.de\/1und1\/wp-json\/wp\/v2\/pages"}],"about":[{"href":"https:\/\/aktionen-tarife.de\/1und1\/wp-json\/wp\/v2\/types\/page"}],"author":[{"embeddable":true,"href":"https:\/\/aktionen-tarife.de\/1und1\/wp-json\/wp\/v2\/users\/30"}],"replies":[{"embeddable":true,"href":"https:\/\/aktionen-tarife.de\/1und1\/wp-json\/wp\/v2\/comments?post=378"}],"version-history":[{"count":0,"href":"https:\/\/aktionen-tarife.de\/1und1\/wp-json\/wp\/v2\/pages\/378\/revisions"}],"wp:attachment":[{"href":"https:\/\/aktionen-tarife.de\/1und1\/wp-json\/wp\/v2\/media?parent=378"}],"curies":[{"name":"wp","href":"https:\/\/api.w.org\/{rel}","templated":true}]}}