{"id":3503,"date":"2017-12-11T00:01:53","date_gmt":"2017-12-10T23:01:53","guid":{"rendered":"https:\/\/aktionen-tarife.de\/1und1\/?page_id=3503"},"modified":"2024-07-31T19:09:37","modified_gmt":"2024-07-31T17:09:37","slug":"lte-4g","status":"publish","type":"page","link":"https:\/\/aktionen-tarife.de\/1und1\/lte-4g","title":{"rendered":"LTE \/ 4G mit 1&#038;1 Mobilfunk Tarifen (All-Net-, Tablet-, Notebook-Flat)"},"content":{"rendered":"<p><img decoding=\"async\" class=\"alignright size-full wp-image-3506\" src=\"https:\/\/aktionen-tarife.de\/1und1\/inhalte\/2016\/10\/1und1-lte-4g-long-term-evolution.jpg\" alt=\"LTE bei 1&amp;1\" width=\"150\" height=\"100\" srcset=\"https:\/\/aktionen-tarife.de\/1und1\/inhalte\/2016\/10\/1und1-lte-4g-long-term-evolution.jpg 150w, https:\/\/aktionen-tarife.de\/1und1\/inhalte\/2016\/10\/1und1-lte-4g-long-term-evolution-80x53.jpg 80w\" sizes=\"(max-width: 150px) 100vw, 150px\" \/>Die meisten <a href=\"https:\/\/aktionen-tarife.de\/1und1\/mobilfunk\"><strong>1&amp;1 Mobilfunk Tarife<\/strong><\/a> erhalten Sie wahlweise im <a href=\"https:\/\/aktionen-tarife.de\/1und1\/netzabdeckung\/telefonica-o2-e-plus\"><strong>Telef\u00f3nica Netz<\/strong><\/a> (o2 \/ E-Plus) oder im <a href=\"https:\/\/aktionen-tarife.de\/1und1\/netzabdeckung\/d-netz-d2-vodafone\"><strong>Vodafone D2 Netz<\/strong><\/a>. Doch wie sieht es mit <span class=\"farbig\">LTE bei 1&amp;1<\/span> aus? LTE steht f\u00fcr Long Term Evolution, dem mobilen Internet der vierten Generation (<span class=\"farbig\">4G<\/span>). LTE ist der Nachfolger von UMTS und HSPA und je nach Netz noch nicht fl\u00e4chendeckend ausgebaut.<\/p>\n<hr \/>\n<h2>LTE Nutzung bei 1&amp;1 Tarifen im <span class=\"farbig\">Vodafone Netz (D2)<\/span><\/h2>\n<p>Alle 1&amp;1 Mobilfunk Tarife (<a href=\"https:\/\/aktionen-tarife.de\/1und1\/d-netz-all-net-flat\">All-Net Flat<\/a>, <a href=\"https:\/\/aktionen-tarife.de\/1und1\/tablet-flat\">Tablet Flat<\/a> und <a href=\"https:\/\/aktionen-tarife.de\/1und1\/notebook-flat\">Notebook Flat<\/a>), welche im Netz von <a href=\"https:\/\/tarife-aktionen.de\/vodafone\/netzabdeckung\" target=\"_blank\" rel=\"noopener\"><strong>Vodafone (D2-Netz)<\/strong><\/a> realisiert werden, beinhalten <strong>KEINE<\/strong> Nutzung von <a href=\"https:\/\/tarife-aktionen.de\/vodafone\/lte\" target=\"_blank\" rel=\"noopener\"><strong>Vodafone LTE<\/strong><\/a>. Daf\u00fcr erhalten Sie bei den 1&amp;1 Tarifen im Vodafone D2-Netz aber schnelles Surfen im 3G Netz (via HSPA+) mit bis zu 42,2 MBit\/s &#8211; bei besonders guter <a href=\"https:\/\/tarife-aktionen.de\/vodafone\/netzabdeckung\" target=\"_blank\" rel=\"noopener\">Vodafone Netzabdeckung<\/a>.<\/p>\n<hr \/>\n<h2>LTE Nutzung bei 1&amp;1 Tarifen im <span class=\"farbig\">Telef\u00f3nica Netz (o2 \/ E-Netz)<\/span><\/h2>\n<p>Alle 1&amp;1 Mobilfunk Tarife (<a href=\"https:\/\/aktionen-tarife.de\/1und1\/all-net-flat-lte\">All-Net Flat LTE<\/a>, <a href=\"https:\/\/aktionen-tarife.de\/1und1\/tablet-flat\">Tablet Flat<\/a> und <a href=\"https:\/\/aktionen-tarife.de\/1und1\/notebook-flat\">Notebook Flat<\/a>), welche im Netz von <a href=\"https:\/\/o2.surfen-telefonieren.de\/o2-netzabdeckung\" target=\"_blank\" rel=\"noopener\"><strong>Telef\u00f3nica (o2 \/ E-Plus)<\/strong><\/a> realisiert werden, beinhalten neben der 3G \/ HSPA Verbindung auch die Nutzung von LTE \/ 4G Internet zum mobilen Surfen. Wenn Sie vor Ihrer Bestellung die <a href=\"https:\/\/o2.surfen-telefonieren.de\/o2-netzabdeckung\" target=\"_blank\" rel=\"noopener\"><strong>o2 Netzabdeckung<\/strong><\/a> pr\u00fcfen m\u00f6chten (<a href=\"https:\/\/o2.surfen-telefonieren.de\/o2-netzabdeckung\/o2-3g-abschaltung-umts\" target=\"_blank\" rel=\"noopener\"><strong>3G<\/strong><\/a> \/ <a href=\"https:\/\/o2.surfen-telefonieren.de\/o2-netzabdeckung\/o2-lte-netzabdeckung-4g\" target=\"_blank\" rel=\"noopener\"><strong>4G<\/strong><\/a> Netzausbau), finden Sie hier einen <a href=\"https:\/\/aktionen-tarife.de\/1und1\/zum-anbieter\/netz\/1und1-netz-netzabdeckung\" target=\"_blank\" rel=\"noopener\"><strong>Onlinecheck<\/strong><\/a>. Bei vielen 1&amp;1 Tarifen im Telef\u00f3nica Netz surfen Sie dank <a href=\"https:\/\/aktionen-tarife.de\/1und1\/lte-max\"><strong>LTEmax<\/strong><\/a> Speed mit maximaler mobiler Internet-Geschwindigkeit von <strong>bis zu 225 MBit\/s<\/strong>.<\/p>\n<hr \/>\n<h2><span class=\"farbig\">LTE Smartphones<\/span> unterschiedlicher Hersteller<\/h2>\n<p>Um LTE nutzen zu k\u00f6nnen, ben\u00f6tigen Sie auch ein <strong><a href=\"https:\/\/aktionen-tarife.de\/1und1\/smartphones\">Handy \/ Smartphone<\/a><\/strong>, welches den LTE Funk-Standard unterst\u00fctzt. Fast alle aktuellen Ger\u00e4te unterst\u00fctzen bereits LTE.<\/p>\n<p><span class=\"rot\">Smartphone \u00dcbersicht:<\/span> <strong><a href=\"https:\/\/aktionen-tarife.de\/1und1\/aktuelles\/top-smartphones\">Top-Smartphones<\/a> &#8211; <a href=\"https:\/\/aktionen-tarife.de\/1und1\/aktuelles\/guenstige-smartphones\">G\u00fcnstige Smartphones<\/a> &#8211; <a href=\"https:\/\/aktionen-tarife.de\/1und1\/aktuelles\/phablets\">Phablets (XL-Display)<\/a><\/strong><\/p>\n<p><span class=\"rot\">Smartphones nach Hersteller:<\/span> <strong><a href=\"https:\/\/aktionen-tarife.de\/1und1\/aktuelles\/smartphones-apple-iphone\">Apple iPhone<\/a> &#8211; <a href=\"https:\/\/aktionen-tarife.de\/1und1\/aktuelles\/smartphones-samsung\">Samsung<\/a> &#8211; <a href=\"https:\/\/aktionen-tarife.de\/1und1\/aktuelles\/smartphones-sony\">Sony<\/a> &#8211; <a href=\"https:\/\/aktionen-tarife.de\/1und1\/aktuelles\/smartphones-huawei\">Huawei<\/a> &#8211; <a href=\"https:\/\/aktionen-tarife.de\/1und1\/aktuelles\/smartphones-htc\">HTC<\/a> &#8211; <a href=\"https:\/\/aktionen-tarife.de\/1und1\/aktuelles\/smartphones-lg\">LG<\/a><\/strong><strong> &#8211;\u00a0\u00a0 <a href=\"https:\/\/aktionen-tarife.de\/1und1\/smartphones\">Mehr<\/a><\/strong><\/p>\n<p>Und das Beste: dank <a href=\"https:\/\/aktionen-tarife.de\/1und1\/all-net-flat\/1und1-prinzip-premium-service\">1&amp;1 Prinzip<\/a> k\u00f6nnen Sie Ihr neues Ger\u00e4t schon morgen erhalten!<\/p>\n<hr \/>\n<h2><span class=\"farbig\">Smartphone Tarife<\/span> im Telef\u00f3nica LTE Netz &#8211; 1&amp;1 All-Net-Flats<\/h2>\n<p>Die <a href=\"https:\/\/aktionen-tarife.de\/1und1\/all-net-flat-lte\"><strong>1&amp;1 All-Net-Flat LTE<\/strong><\/a> Tarife bieten schnelles mobiles Internet f\u00fcr Ihr Smartphone:<\/p>\n<ul>\r\n \t<li><a href=\"https:\/\/aktionen-tarife.de\/1und1\/all-net-flat-lte\/s\"><strong>1&1 All-Net-Flat LTE S<\/strong><\/a>: Internetflat (<strong>3 GB mit LTE<\/strong>) sowie Allnet Telefonflat<\/li>\r\n \t<li><a href=\"https:\/\/aktionen-tarife.de\/1und1\/all-net-flat-lte\/m\"><strong>1&1 All-Net-Flat LTE M<\/strong><\/a>: Internetflat (<strong>5 GB mit LTE<\/strong>) sowie Allnet Telefonflat\r\n<ul>\r\n \t<li><em><a href=\"https:\/\/aktionen-tarife.de\/1und1\/all-net-flat-lte\/young-plus\"><strong>1&1 All-Net-Flat LTE Young Plus<\/strong><\/a>: wie Basic Tarif aber Vorteile f\u00fcr alle bis 28 Jahre<\/em><\/li>\r\n<\/ul>\r\n<\/li>\r\n \t<li><a href=\"https:\/\/aktionen-tarife.de\/1und1\/all-net-flat-lte\/l\"><strong>1&1 All-Net-Flat LTE L<\/strong><\/a>: Internetflat (<strong>10 GB mit LTE<\/strong>) und Allnet Telefon- \/ SMS-Flat<\/li>\r\n \t<li><a href=\"https:\/\/aktionen-tarife.de\/1und1\/all-net-flat-lte\/xl\"><strong>1&1 All-Net-Flat LTE XL<\/strong><\/a>: Surfflat (<strong>15 GB mit LTE<\/strong>), Allnet Telefon-\/SMS-Flat, Zusatz-SIM<\/li>\r\n<\/ul>\n<hr \/>\n<h2><span class=\"farbig\">Datentarife<\/span> im Telef\u00f3nica LTE Netz: Tablet-Flat und Notebook Flat<\/h2>\n<p>Auch mit den 1&amp;1 <a href=\"https:\/\/aktionen-tarife.de\/1und1\/datentarife\"><strong>Datentarifen<\/strong><\/a> k\u00f6nnen Sie unterwegs mit LTE-Geschwindigkeit surfen. Passend dazu gibt es optional <a href=\"https:\/\/aktionen-tarife.de\/1und1\/infos\/tablets\"><strong>Tablets<\/strong><\/a> und <a href=\"https:\/\/aktionen-tarife.de\/1und1\/infos\/surf-sticks\"><strong>SurfSticks<\/strong><\/a> sowie <a href=\"https:\/\/aktionen-tarife.de\/1und1\/infos\/mobile-wlan-router\"><strong>mobile WLAN Router<\/strong><\/a>.<\/p>\n<ul>\n<li><a href=\"https:\/\/aktionen-tarife.de\/1und1\/tablet-flat\"><strong>1&amp;1 Tablet-Flat Tarife<\/strong><\/a> &#8211; auf Wunsch mit Apple iPad, Samsung Galaxy Tab o.\u00e4.<\/li>\n<li><a href=\"https:\/\/aktionen-tarife.de\/1und1\/notebook-flat\"><strong>1&amp;1 Notebook-Flat Tarife<\/strong><\/a> &#8211; per Notebook, Netbook oder Laptop mobil surfen<\/li>\n<\/ul>\n<hr \/>\n<h2><span class=\"farbig\">St\u00e4dte<\/span> in denen LTE von 1&amp;1 (im Telef\u00f3nica Netz) verf\u00fcgbar ist<\/h2>\n<p>Mit den <a href=\"https:\/\/homespot-vergleich.de\/1und1-homespot\" target=\"_blank\" rel=\"noopener\"><strong>1&amp;1<\/strong><\/a> Mobilfunk Tarifen im o2-Netz \/ E-Netz (beides <a href=\"https:\/\/telefonica.surfen-telefonieren.de\/\" target=\"_blank\" rel=\"noopener\"><strong>Telef\u00f3nica<\/strong><\/a>) surfen Sie schon heute mit Highspeed in vielen Regionen und St\u00e4dten, so zum Beispiel in:<\/p>\n<ul>\n<li>Aachen, Aalen, Arnsberg, Augsburg, Bergisch Gladbach, Berlin, Bielefeld, Bonn, Bremen, Bremerhaven, Celle, Chemnitz, Darmstadt, Dresden, Duisburg, D\u00fcsseldorf, Eltville am Rhein, Erfurt, Esslingen am Neckar, Frankfurt am Main, F\u00fcrth, Gie\u00dfen, G\u00f6ttingen, G\u00fctersloh, Hagen, Halle (Saale), Hamburg, Hanau, Hannover, Heidelberg, Heilbronn, Ingolstadt, Iserlohn, Jena, Kaiserslautern, Karlsruhe, Kassel, Koblenz, K\u00f6ln, Krefeld, Leipzig, Leverkusen, Limburg a.d. Lahn, L\u00fcdenscheid, Ludwigsburg, Ludwigshafen am Rhein, Magdeburg, Mainz, Mannheim, M\u00f6nchengladbach, M\u00fcnchen, M\u00fcnster, Neunkirchen, Neuss, Norderstedt, N\u00fcrnberg, Offenbach am Main, Oldenburg (Oldenburg), Paderborn, Pforzheim, Potsdam, Ratingen, Regensburg, Remscheid, Reutlingen, Rostock, Saarbr\u00fccken, Solingen, Stuttgart, Trier, Ulm, Wiesbaden, Wuppertal, W\u00fcrzburg, in gro\u00dfen Teilen des Ruhrgebiets und des Rheinlands sowie in vielen weiteren St\u00e4dten und Regionen.<\/li>\n<\/ul>\n<p>Via LTE surfen Sie mit bis zu 225 MBit\/s. Die 4G \/ LTE Ausbaugebiete werden permanent erweitert. Davon profitieren nat\u00fcrlich dann auch Sie als 1&amp;1 Kunde.<\/p>\n","protected":false},"excerpt":{"rendered":"<p>Die meisten 1&amp;1 Mobilfunk Tarife erhalten Sie wahlweise im Telef\u00f3nica Netz (o2 \/ E-Plus) oder im Vodafone D2 Netz. Doch wie sieht es mit LTE bei 1&amp;1 aus? LTE steht f\u00fcr Long Term Evolution, dem mobilen Internet der vierten Generation (4G). LTE ist der Nachfolger von UMTS und HSPA und je nach Netz noch nicht &hellip; <a href=\"https:\/\/aktionen-tarife.de\/1und1\/lte-4g\" class=\"more-link\"><span class=\"screen-reader-text\">LTE \/ 4G mit 1&#038;1 Mobilfunk Tarifen (All-Net-, Tablet-, Notebook-Flat)<\/span> weiterlesen <span class=\"meta-nav\">&rarr;<\/span><\/a><\/p>\n","protected":false},"author":30,"featured_media":0,"parent":0,"menu_order":150,"comment_status":"closed","ping_status":"closed","template":"","meta":{"footnotes":""},"class_list":["post-3503","page","type-page","status-publish","hentry"],"_links":{"self":[{"href":"https:\/\/aktionen-tarife.de\/1und1\/wp-json\/wp\/v2\/pages\/3503","targetHints":{"allow":["GET"]}}],"collection":[{"href":"https:\/\/aktionen-tarife.de\/1und1\/wp-json\/wp\/v2\/pages"}],"about":[{"href":"https:\/\/aktionen-tarife.de\/1und1\/wp-json\/wp\/v2\/types\/page"}],"author":[{"embeddable":true,"href":"https:\/\/aktionen-tarife.de\/1und1\/wp-json\/wp\/v2\/users\/30"}],"replies":[{"embeddable":true,"href":"https:\/\/aktionen-tarife.de\/1und1\/wp-json\/wp\/v2\/comments?post=3503"}],"version-history":[{"count":4,"href":"https:\/\/aktionen-tarife.de\/1und1\/wp-json\/wp\/v2\/pages\/3503\/revisions"}],"predecessor-version":[{"id":9773,"href":"https:\/\/aktionen-tarife.de\/1und1\/wp-json\/wp\/v2\/pages\/3503\/revisions\/9773"}],"wp:attachment":[{"href":"https:\/\/aktionen-tarife.de\/1und1\/wp-json\/wp\/v2\/media?parent=3503"}],"curies":[{"name":"wp","href":"https:\/\/api.w.org\/{rel}","templated":true}]}}