{"id":267,"date":"2017-01-02T00:01:49","date_gmt":"2017-01-01T23:01:49","guid":{"rendered":"https:\/\/tarife-aktionen.de\/vodafone\/?page_id=267"},"modified":"2017-04-04T14:19:32","modified_gmt":"2017-04-04T12:19:32","slug":"login-control-center","status":"publish","type":"page","link":"https:\/\/aktionen-tarife.de\/1und1\/login-control-center","title":{"rendered":"Login zum 1&#038;1 Control-Center (1&#038;1 Kundenlogin)"},"content":{"rendered":"<p><a title=\"Zum 1&amp;1 Kundenlogin (Control-Center)\" href=\"https:\/\/aktionen-tarife.de\/1und1\/zum-anbieter\/service\/1und1-service-login\" target=\"_blank\"><img decoding=\"async\" class=\"alignright size-medium wp-image-406\" src=\"https:\/\/aktionen-tarife.de\/1und1\/inhalte\/2015\/08\/1und1-login-control-center-150x100.jpg\" alt=\"Login zum 1&amp;1 Control-Center (1&amp;1 Kundenlogin)\" width=\"150\" height=\"100\" srcset=\"https:\/\/aktionen-tarife.de\/1und1\/inhalte\/2015\/08\/1und1-login-control-center-150x100.jpg 150w, https:\/\/aktionen-tarife.de\/1und1\/inhalte\/2015\/08\/1und1-login-control-center.jpg 300w, https:\/\/aktionen-tarife.de\/1und1\/inhalte\/2015\/08\/1und1-login-control-center-80x53.jpg 80w, https:\/\/aktionen-tarife.de\/1und1\/inhalte\/2015\/08\/1und1-login-control-center-210x140.jpg 210w\" sizes=\"(max-width: 150px) 100vw, 150px\" \/><\/a>1&amp;1 Tarif hier online verwalten: <strong><a title=\"1&amp;1 Kundenlogin - Vertrag im Control-Center verwalten\" href=\"https:\/\/aktionen-tarife.de\/1und1\/zum-anbieter\/service\/1und1-service-login\" target=\"_blank\">Zum 1&amp;1 Control-Center<\/a><\/strong>. Im <span class=\"farbig\">Control-Center<\/span> Kundenlogin k\u00f6nnen Sie Ihre 1&amp;1 Vertr\u00e4ge (<a href=\"https:\/\/aktionen-tarife.de\/1und1\/mobilfunk\">Mobilfunk<\/a>, <a href=\"https:\/\/aktionen-tarife.de\/1und1\/festnetz\">Festnetz<\/a> und <a href=\"https:\/\/aktionen-tarife.de\/1und1\/hosting\">Hosting<\/a>) erg\u00e4nzen und verwalten. Unter <a title=\"1&amp;1 Vertragsverwaltung\" href=\"https:\/\/aktionen-tarife.de\/1und1\/zum-anbieter\/service\/1und1-service\" target=\"_blank\"><strong>vertrag.1und1.de<\/strong><\/a> k\u00f6nnen Sie Optionen oder den Vertrag k\u00fcndigen. Neben der Online-Verwaltung Ihres Tarifs k\u00f6nnen Sie sich auch an den <a title=\"1&amp;1 Kundenservice: Hotline, Kontaktformular und Hilfe\" href=\"https:\/\/aktionen-tarife.de\/1und1\/kontakt\/kundenservice\"><strong>1&amp;1 Kundenservice<\/strong><\/a> wenden.<\/p>\n<hr \/>\n<h2><span class=\"desktop-tablet\">1&amp;1 Control-Center: nach Kundenlogin Vertrag online verwalten\u00a0<\/span><span class=\"smartphone\">1&amp;1 Control-Center Login<\/span><\/h2>\n<p>Im <a href=\"https:\/\/aktionen-tarife.de\/1und1\/zum-anbieter\/service\/1und1-service-login\" target=\"_blank\"><strong>1&amp;1 Kundencenter<\/strong><\/a> k\u00f6nnen Sie Ihre 1&amp;1 Vertr\u00e4ge online verwalten.<\/p>\n<ul>\n<li><strong>Tarif &amp; Optionen:<\/strong> Tarifoptionen verwalten bzw. erg\u00e4nzen, Tarif wechseln und mehr. Zum Beispiel E-Mail Adresse anlegen, Domains verwalten usw.<\/li>\n<li><strong>Kundendaten:<\/strong> Rechnungsanschrift, Bankverbindung, Anschrift und mehr anpassen.<\/li>\n<li><strong>Abrechnungen:<\/strong> 1&amp;1 Rechnungen und Verbindungsdaten online einsehen.<\/li>\n<li><strong>K\u00fcndigung:<\/strong> Optionen und Vertragsk\u00fcndigung nicht im Control-Center, sondern <a title=\"vertrag.1und1.de\" href=\"https:\/\/aktionen-tarife.de\/1und1\/zum-anbieter\/service\/1und1-service\" target=\"_blank\">hier<\/a>.<\/li>\n<\/ul>\n<hr \/>\n<h2><span class=\"desktop-tablet\">Auch mehrere 1und1 Vertr\u00e4ge im Control-Center verwalten <\/span><span class=\"smartphone\">Mehrere Vertr\u00e4ge verwalten<br \/>\n<\/span><\/h2>\n<p><a title=\"Zum Control-Center (1&amp;1 Kunden-Login)\" href=\"https:\/\/aktionen-tarife.de\/1und1\/zum-anbieter\/service\/1und1-service-login\" target=\"_blank\"><img decoding=\"async\" class=\"alignright size-full wp-image-408\" src=\"https:\/\/aktionen-tarife.de\/1und1\/inhalte\/2015\/08\/1und1-kundenlogin-control-center.jpg\" alt=\"1&amp;1 Kundenlogin (Control-Center)\" width=\"300\" height=\"200\" srcset=\"https:\/\/aktionen-tarife.de\/1und1\/inhalte\/2015\/08\/1und1-kundenlogin-control-center.jpg 300w, https:\/\/aktionen-tarife.de\/1und1\/inhalte\/2015\/08\/1und1-kundenlogin-control-center-150x100.jpg 150w, https:\/\/aktionen-tarife.de\/1und1\/inhalte\/2015\/08\/1und1-kundenlogin-control-center-80x53.jpg 80w, https:\/\/aktionen-tarife.de\/1und1\/inhalte\/2015\/08\/1und1-kundenlogin-control-center-210x140.jpg 210w\" sizes=\"(max-width: 300px) 100vw, 300px\" \/><\/a>Im 1&amp;1 Kundenbereich k\u00f6nnen Sie auch mehrere Vertr\u00e4ge unterhalb einer Kundennummer verwalten, z.B. mehrere Webhosting Tarife. Sie k\u00f6nnen im 1&amp;1 Control-Center Optionen dazu buchen und diese auch einrichten, Ihre Daten \/ Kundendaten anpassen und mehr. Wenn Sie einen neuen <strong>zus\u00e4tzlichen 1&amp;1 Tarif<\/strong> bestellen m\u00f6chten, k\u00f6nnen Sie sich einfach <strong><a title=\"1&amp;1 Onlineshop: Onlinebestellung Zuhause, Mobilfunk, Hosting\" href=\"https:\/\/aktionen-tarife.de\/1und1\/onlinebestellung\">online einen Tarif ausw\u00e4hlen<\/a><\/strong> und nach dem Kundenlogin im Bestellprozess vorhandene Daten \u00fcbernehmen.<\/p>\n<hr \/>\n<h2><span class=\"desktop-tablet\">1&amp;1 <span class=\"farbig\">Hotlines Kundenservice<\/span> als Alternative zum Control-Center <\/span><span class=\"smartphone\"><span class=\"farbig\">1&amp;1 Hotlines Kundenservice<\/span><\/span><\/h2>\n<p>Neben der Online-Verwaltung Ihrer 1&amp;1 Tarife \u00fcber das Control-Center bzw. \u00fcber die 1&amp;1 Vertragsverwaltung k\u00f6nnen Sie sich bei Fragen auch an den <strong><a title=\"1&amp;1 Kundenservice: Hotline, Kontaktformular und Hilfe\" href=\"https:\/\/aktionen-tarife.de\/1und1\/kontakt\/kundenservice\">1&amp;1 Kundenservice<\/a><\/strong> wenden:<\/p>\n<ul class=\"desktop-tablet\">\n<li><strong>1&amp;1 Hotline f\u00fcr Festnetz, Mobilfunk und Hosting<\/strong> (zum Festnetz-Tarif): <strong><a href=\"tel:+497219600\" >0721 96 00<\/a><\/strong><\/li>\n<\/ul>\n<ul class=\"smartphone\">\n<li><strong>1&amp;1 Hotline<\/strong> (zum Festnetz-Tarif): <strong><a href=\"tel:+497219600\" >0721 96 00<\/a><\/strong><\/li>\n<\/ul>\n","protected":false},"excerpt":{"rendered":"<p>1&amp;1 Tarif hier online verwalten: Zum 1&amp;1 Control-Center. Im Control-Center Kundenlogin k\u00f6nnen Sie Ihre 1&amp;1 Vertr\u00e4ge (Mobilfunk, Festnetz und Hosting) erg\u00e4nzen und verwalten. Unter vertrag.1und1.de k\u00f6nnen Sie Optionen oder den Vertrag k\u00fcndigen. Neben der Online-Verwaltung Ihres Tarifs k\u00f6nnen Sie sich auch an den 1&amp;1 Kundenservice wenden. 1&amp;1 Control-Center: nach Kundenlogin Vertrag online verwalten\u00a01&amp;1 Control-Center Login &hellip; <a href=\"https:\/\/aktionen-tarife.de\/1und1\/login-control-center\" class=\"more-link\"><span class=\"screen-reader-text\">Login zum 1&#038;1 Control-Center (1&#038;1 Kundenlogin)<\/span> weiterlesen <span class=\"meta-nav\">&rarr;<\/span><\/a><\/p>\n","protected":false},"author":30,"featured_media":0,"parent":0,"menu_order":900100,"comment_status":"closed","ping_status":"closed","template":"","meta":{"footnotes":""},"class_list":["post-267","page","type-page","status-publish","hentry"],"_links":{"self":[{"href":"https:\/\/aktionen-tarife.de\/1und1\/wp-json\/wp\/v2\/pages\/267","targetHints":{"allow":["GET"]}}],"collection":[{"href":"https:\/\/aktionen-tarife.de\/1und1\/wp-json\/wp\/v2\/pages"}],"about":[{"href":"https:\/\/aktionen-tarife.de\/1und1\/wp-json\/wp\/v2\/types\/page"}],"author":[{"embeddable":true,"href":"https:\/\/aktionen-tarife.de\/1und1\/wp-json\/wp\/v2\/users\/30"}],"replies":[{"embeddable":true,"href":"https:\/\/aktionen-tarife.de\/1und1\/wp-json\/wp\/v2\/comments?post=267"}],"version-history":[{"count":0,"href":"https:\/\/aktionen-tarife.de\/1und1\/wp-json\/wp\/v2\/pages\/267\/revisions"}],"wp:attachment":[{"href":"https:\/\/aktionen-tarife.de\/1und1\/wp-json\/wp\/v2\/media?parent=267"}],"curies":[{"name":"wp","href":"https:\/\/api.w.org\/{rel}","templated":true}]}}