{"id":243,"date":"2017-01-02T00:01:59","date_gmt":"2017-01-01T23:01:59","guid":{"rendered":"https:\/\/tarife-aktionen.de\/vodafone\/?page_id=243"},"modified":"2022-09-05T10:06:27","modified_gmt":"2022-09-05T08:06:27","slug":"datenschutz","status":"publish","type":"page","link":"https:\/\/aktionen-tarife.de\/1und1\/datenschutz","title":{"rendered":"Datenschutz"},"content":{"rendered":"<p><img decoding=\"async\" class=\"alignright size-full wp-image-377\" src=\"https:\/\/aktionen-tarife.de\/1und1\/inhalte\/2015\/08\/datenschutz1.jpg\" alt=\"Datenschutz \/ Datenschutzhinweise Aktionen-Tarife.de\/1und1\" width=\"150\" height=\"100\" srcset=\"https:\/\/aktionen-tarife.de\/1und1\/inhalte\/2015\/08\/datenschutz1.jpg 150w, https:\/\/aktionen-tarife.de\/1und1\/inhalte\/2015\/08\/datenschutz1-80x53.jpg 80w\" sizes=\"(max-width: 150px) 100vw, 150px\" \/>Mit <span class=\"farbig\"><strong>Datenschutz<\/strong><\/span> ist der Schutz Ihrer pers\u00f6nlichen Daten gemeint. Im Datenschutz ist festgelegt, welche Daten im Rahmen Ihres 1&amp;1 <strong><a title=\"1&amp;1 Mobilfunk Tarife f\u00fcr Smartphone, Tablet und Notebook\" href=\"https:\/\/aktionen-tarife.de\/1und1\/mobilfunk\">Mobilfunk<\/a><\/strong>, <strong><a title=\"1&amp;1 Festnetz Tarife: DSL \/ VDSL, Telefonanschluss und TV\" href=\"https:\/\/aktionen-tarife.de\/1und1\/festnetz\">Festnetz<\/a><\/strong> oder <strong><a title=\"1&amp;1 Hosting: Domains, Webhosting, Server, Mail und eShops\" href=\"https:\/\/aktionen-tarife.de\/1und1\/hosting\">Hosting<\/a><\/strong> Auftrages gespeichert und wie diese verarbeitet werden. Auch gespeicherte Daten w\u00e4hrend des Surfens (z.B. Cookies) sind Bestandteil des Datenschutzes in Deutschland.<\/p>\n<hr \/>\n<h2>Datenschutzhinweise <span class=\"farbig\">Nutzung<\/span> von Aktionen-Tarife.de\/1und1<\/h2>\n<p>Wir danken Ihnen, dass Sie sich \u00fcber unsere Internetseite <a title=\"1&amp;1 Tarife: DSL \/ VDSL, Allnet Flat, Notebook \/ Tablet Flat\" href=\"https:\/\/aktionen-tarife.de\/1und1\/\">Aktionen-Tarife.de\/1und1<\/a> \u00fcber die g\u00fcnstigen Tarife und Angebote von 1und1 informieren. Datenschutz sowie Datensicherheit von Kundendaten und Benutzerdaten ist f\u00fcr uns als autorisierten 1&amp;1 Partner ebenso wichtig, wie auch direkt f\u00fcr den Anbieter 1und1. Beim Besuch von <a title=\"1und1.de Internetseite\" href=\"https:\/\/aktionen-tarife.de\/1und1\/zum-anbieter\/allgemein\/1und1-allgemein\" target=\"_blank\" rel=\"noopener\"><strong>1und1.de<\/strong><\/a> werden Informationen in Form von Cookies auf Ihrem Computer zwischengespeichert, um eine reibungslose Onlinebestellung der 1&amp;1 Tarife zu erm\u00f6glichen. Wir als 1und1 Partner mit unserem Informationsportal nutzen zur Optimierung unserer Internetseiten ebenfalls Cookies, insbesondere nutzen wir Google Analytics, um das Surfverhalten unserer Nutzer in <strong>anonymer Form auszuwerten<\/strong>. Hierbei werden KEINE pers\u00f6nlichen \/ personengebundenen Daten erfasst, so dass f\u00fcr Sie als Kunde kein Nachteil entsteht. Die Verwendung von Google Analytics dient der Optimierung der Benutzerf\u00fchrung unserer Seiten mit unabh\u00e4ngiger und kostenfreier <a title=\"Kontakt: Beratung und Bestellung von 1&amp;1 Tarifen\" href=\"https:\/\/aktionen-tarife.de\/1und1\/kontakt\">Beratung<\/a> zu den 1&amp;1 Angeboten (Tarife f\u00fcr Zuhause und unterwegs sowie <a href=\"https:\/\/aktionen-tarife.de\/1und1\/hosting\">Webhosting<\/a>). Die Cookies ablehnen k\u00f6nnen Sie <a href=\"https:\/\/aktionen-tarife.de\/1und1\/cookie-richtlinie#cmplz-manage-consent-container\">hier<\/a>.<\/p>\n<hr \/>\n<h2>Datenschutzhinweise bei <span class=\"farbig\">Beauftragung<\/span> \u00fcber uns als Partner<\/h2>\n<p>Wenn Sie sich nach unserer unabh\u00e4ngigen und kostenfreien <strong><a title=\"Callback \/ R\u00fcckruf: telefonische Beratung zu 1&amp;1 Tarifen\" href=\"https:\/\/aktionen-tarife.de\/1und1\/kontakt\/telefonische-beratung\">Beratung<\/a><\/strong> f\u00fcr einem Auftrag entscheiden, bedanken wir uns an dieser Stelle f\u00fcr Ihr Vertrauen. F\u00fcr Sie wichtig: Wenn Sie \u00fcber die Links unserer Internetseite direkt auf die Internetseite von 1&amp;1 (<a title=\"1und1.de Internetseite\" href=\"https:\/\/aktionen-tarife.de\/1und1\/zum-anbieter\/allgemein\/1und1-allgemein\" target=\"_blank\" rel=\"noopener\">1und1.de<\/a>) wechseln und dort <a title=\"1&amp;1 Onlineshop: Onlinebestellung Zuhause, Mobilfunk, Hosting\" href=\"https:\/\/aktionen-tarife.de\/1und1\/onlinebestellung\">online bestellen<\/a>, erhalten wir KEINE pers\u00f6nliche Daten von Ihnen als Kunde. Sie gehen also kein Risiko ein, wenn Sie im Onlineshop pers\u00f6nliche Daten \/ Kundendaten eingeben, unterst\u00fctzen mit Ihrer Bestellung \u00fcber die Links unserer Webseite aber dennoch unsere redaktionelle Arbeit sowie die pers\u00f6nliche<a title=\"1&amp;1 Hotline und Beratungs-Hotline vom 1&amp;1 Partner\" href=\"https:\/\/aktionen-tarife.de\/1und1\/kontakt\/hotline\"> kostenlose und unverbindliche Beratung<\/a> zu den 1&amp;1 Tarifen (<a href=\"https:\/\/aktionen-tarife.de\/1und1\/mobilfunk\">Mobilfunk<\/a>, <a href=\"https:\/\/aktionen-tarife.de\/1und1\/festnetz\">Zuhause<\/a> \/ Festnetz sowie Domain \/ Hosting \/ Server Angebote).<\/p>\n<hr \/>\n<p>Wenn Sie sich <strong>per Telefon<\/strong> von uns als 1&amp;1 Berater informieren lassen, freuen wir uns, wenn Sie unsere Beratungst\u00e4tigkeit unterst\u00fctzen und Ihren 1&amp;1 Auftrag \/ Bestellung beim jeweiligen Mitarbeiter(in) erteilen, der \/ die <a title=\"Callback \/ R\u00fcckruf: telefonische Beratung zu 1&amp;1 Tarifen\" href=\"https:\/\/aktionen-tarife.de\/1und1\/kontakt\/telefonische-beratung\">telefonisch beraten<\/a> hat. Ihre pers\u00f6nlichen Daten werden von uns nur zur Bearbeitung in die Bestellsysteme von 1und1 eingeben und NICHT zu Werbezwecken an Dritte weitergeben. Ihre Daten werden von uns nur f\u00fcr die im Rahmen der zuverl\u00e4ssigen Auftragsabwicklung notwendigen und gesetzlich zul\u00e4ssigen Weise gespeichert. Dies gilt auch dann, wenn Sie den 1&amp;1 Auftrag \u00fcber unsere <a title=\"1&amp;1 Bestellformulare f\u00fcr Festnetz und Mobilfunk Tarife\" href=\"https:\/\/aktionen-tarife.de\/1und1\/bestellformulare\">PDF Bestellformulare<\/a> \u00fcbermitteln. Weil wir aus Datenschutzgr\u00fcnden keinen oder nur eingeschr\u00e4nkten Zugriff auf Kundendaten bei 1&amp;1 haben ist es richtig, dass unsere Mitarbeiter im Rahmen eines 1und1 Auftrags \/ Bestellung \u00fcber uns Sie telefonisch nach pers\u00f6nlichen Daten fragen (z.B. auch nach der Bankverbindung, wenn der von Ihnen gew\u00e4hlte Tarif an die Zahlung per Konto-Lastschrift gebunden ist). Dies gilt auch, wenn Sie bereits mit einem anderem Produkte Kunde bei 1&amp;1, GMX, Web.de oder anderen Unternehmen der United Internet Gruppe sind. Dies gilt auch Ihrer Sicherheit, damit Sie sich als Inhaber des Anschlusses bzw. als Kunde identifizieren. Wir freuen uns auf Ihre 1&amp;1 Bestellung und stehen f\u00fcr Fragen gern <a title=\"Kontakt: Beratung und Bestellung von 1&amp;1 Tarifen\" href=\"https:\/\/aktionen-tarife.de\/1und1\/kontakt\">zur Verf\u00fcgung<\/a>.<\/p>\n","protected":false},"excerpt":{"rendered":"<p>Mit Datenschutz ist der Schutz Ihrer pers\u00f6nlichen Daten gemeint. Im Datenschutz ist festgelegt, welche Daten im Rahmen Ihres 1&amp;1 Mobilfunk, Festnetz oder Hosting Auftrages gespeichert und wie diese verarbeitet werden. Auch gespeicherte Daten w\u00e4hrend des Surfens (z.B. Cookies) sind Bestandteil des Datenschutzes in Deutschland. Datenschutzhinweise Nutzung von Aktionen-Tarife.de\/1und1 Wir danken Ihnen, dass Sie sich \u00fcber &hellip; <a href=\"https:\/\/aktionen-tarife.de\/1und1\/datenschutz\" class=\"more-link\"><span class=\"screen-reader-text\">Datenschutz<\/span> weiterlesen <span class=\"meta-nav\">&rarr;<\/span><\/a><\/p>\n","protected":false},"author":30,"featured_media":0,"parent":0,"menu_order":9999992,"comment_status":"closed","ping_status":"closed","template":"","meta":{"footnotes":""},"class_list":["post-243","page","type-page","status-publish","hentry"],"_links":{"self":[{"href":"https:\/\/aktionen-tarife.de\/1und1\/wp-json\/wp\/v2\/pages\/243","targetHints":{"allow":["GET"]}}],"collection":[{"href":"https:\/\/aktionen-tarife.de\/1und1\/wp-json\/wp\/v2\/pages"}],"about":[{"href":"https:\/\/aktionen-tarife.de\/1und1\/wp-json\/wp\/v2\/types\/page"}],"author":[{"embeddable":true,"href":"https:\/\/aktionen-tarife.de\/1und1\/wp-json\/wp\/v2\/users\/30"}],"replies":[{"embeddable":true,"href":"https:\/\/aktionen-tarife.de\/1und1\/wp-json\/wp\/v2\/comments?post=243"}],"version-history":[{"count":2,"href":"https:\/\/aktionen-tarife.de\/1und1\/wp-json\/wp\/v2\/pages\/243\/revisions"}],"predecessor-version":[{"id":9083,"href":"https:\/\/aktionen-tarife.de\/1und1\/wp-json\/wp\/v2\/pages\/243\/revisions\/9083"}],"wp:attachment":[{"href":"https:\/\/aktionen-tarife.de\/1und1\/wp-json\/wp\/v2\/media?parent=243"}],"curies":[{"name":"wp","href":"https:\/\/api.w.org\/{rel}","templated":true}]}}