{"id":212,"date":"2017-07-02T00:01:45","date_gmt":"2017-07-01T22:01:45","guid":{"rendered":"https:\/\/tarife-aktionen.de\/vodafone\/?page_id=212"},"modified":"2020-12-09T19:06:50","modified_gmt":"2020-12-09T18:06:50","slug":"festnetz","status":"publish","type":"page","link":"https:\/\/aktionen-tarife.de\/1und1\/festnetz","title":{"rendered":"1&#038;1 Festnetz Tarife &#8211; DSL \/ VDSL, Telefonanschluss und TV"},"content":{"rendered":"<p>Mit den <span class=\"farbig\">1&amp;1 Festnetz<\/span> Tarifen erhalten Sie Highspeed Internet (je nach <strong><a href=\"https:\/\/aktionen-tarife.de\/1und1\/festnetz\/verfuegbarkeit\">Verf\u00fcgbarkeit<\/a><\/strong> via <a href=\"https:\/\/aktionen-tarife.de\/1und1\/dsl\">DSL<\/a> oder <a href=\"https:\/\/aktionen-tarife.de\/1und1\/vdsl\">VDSL<\/a>), Telefonanschluss (auch mit Telefonflat) und Fernsehen (Digital-TV powered by <a href=\"https:\/\/telekom.tarife-angebote.de\/magenta-zuhause\/entertain\" target=\"_blank\" rel=\"noopener\">Telekom Entertain<\/a>) zum g\u00fcnstigen Preis. Im gro\u00dfen connect Netztest f\u00fcr Festnetz Anbieter im Juli 2017 wurde 1&amp;1 Testsieger knapp vor der <a href=\"https:\/\/telekom.tarife-angebote.de\/festnetz\" target=\"_blank\" rel=\"noopener\">Telekom<\/a>. Qualit\u00e4t kann auch g\u00fcnstig sein.<\/p>\n<hr \/>\n<h2><span class=\"farbig\">Tarif\u00fcbersicht<\/span> 1&amp;1 Festnetz &#8211; Internet, Telefon und TV<\/h2>\n<ul>\n<li><a href=\"https:\/\/aktionen-tarife.de\/1und1\/festnetz\/verfuegbarkeit\"><strong>1&amp;1 Breitband Verf\u00fcgbarkeit pr\u00fcfen<\/strong><\/a>: ist 1&amp;1 DSL \/ VDSL ausgebaut?<\/li>\n<li><a href=\"https:\/\/aktionen-tarife.de\/1und1\/dsl-vdsl\"><strong>1&amp;1 DSL und VDSL Tarife \u00dcbersicht<\/strong><\/a>: alle Angebote und Varianten.\n<ul>\n<li><a href=\"https:\/\/aktionen-tarife.de\/1und1\/zum-anbieter\/festnetz\/1und1-festnetz-business\" target=\"_blank\" rel=\"noopener\"><strong>1&amp;1 Business Tarife<\/strong><\/a>: DSL \/ VDSL und Telefonanschluss f\u00fcr Gesch\u00e4ftskunden.<\/li>\n<\/ul>\n<\/li>\n<li><a href=\"https:\/\/aktionen-tarife.de\/1und1\/fernsehen\/entertain-iptv\"><strong>1&amp;1 Digital-TV f\u00fcr VDSL<\/strong><\/a>: IPTV powered bei Telekom (Entertain).<\/li>\n<li><a href=\"https:\/\/aktionen-tarife.de\/1und1\/aktuelles\/dsl-vdsl-modems\"><strong>1&amp;1 Router<\/strong><\/a> &#8211; WLAN Modems, Telefonanlagen und DSL \/ VDSL Modems.<\/li>\n<\/ul>\n<hr \/>\n<h2><span class=\"farbig\">Angebote und Aktionen<\/span> f\u00fcr 1&amp;1 Festnetz Tarife im <span style=\"color: #ff0000;\">April 2026<\/span><\/h2>\n<p>Bis zum <strong>30.04.2026<\/strong> f\u00fcr einen 1&amp;1 Festnetz Tarif entscheiden und sparen:<\/p>\n<div class=\"rssfp-items-wrapper\"><ul><!--via SimplePie with rssfp_import--><li><a href=\"https:\/\/aktionen-tarife.de\/1und1\/angebote\/1und1-dsl-vdsl-tarife-12-monate-je-15-euro-guenstiger-180-euro-sparen\" title=\"1&amp;1 DSL \/ VDSL Tarife 12 Monate je 15 \u20ac g\u00fcnstiger (180 \u20ac sparen)\">1&amp;1 DSL \/ VDSL Tarife 12 Monate je 15 \u20ac g\u00fcnstiger (180 \u20ac sparen)<\/a><\/li><\/ul>\n<hr \/>\n<p style=\"text-align: center;\">Hier <strong><a href=\"https:\/\/aktionen-tarife.de\/1und1\/zum-anbieter\/festnetz\/1und1-festnetz-allgemein\" target=\"_blank\" rel=\"noopener\">direkt online bestellen<\/a><\/strong> oder <strong><a href=\"https:\/\/aktionen-tarife.de\/1und1\/kontakt\/telefonische-beratung\">telefonisch beraten lassen<\/a><\/strong>.<\/p>\n<hr \/>\n<h2>Kostenlose <span class=\"farbig\">Tarifberatung<\/span> zu den 1&amp;1 Zuhause Tarifen<\/h2>\n<p>Wir als autorisierter 1&amp;1 Partner beraten Sie gern, welches DSL \/ VDSL Angebot bei Ihnen verf\u00fcgbar ist und welches Angebot am besten zu Ihren Bed\u00fcrfnissen passt. Lassen Sie sich kostenfrei von uns beraten: <strong><a href=\"https:\/\/aktionen-tarife.de\/1und1\/kontakt\/telefonische-beratung\">Callback<\/a> \/ <a href=\"https:\/\/aktionen-tarife.de\/1und1\/kontakt\/schriftliche-anfrage\">Anfrage<\/a> \/ <a href=\"https:\/\/aktionen-tarife.de\/1und1\/kontakt\/unterlagen-zusenden\">Unterlagen<\/a> <\/strong>oder <span class=\"farbig\">anrufen<\/span>:<\/p>\n<p><span class=\"desktop-tablet\">Tel.: <strong><a href=\"tel:+4939434099911\" onclick=\"ga('send', 'event', 'hotline', 'hotline-content', 'hotline-content-mit-zeit');\">0 39 43 \/ 40 999 11<\/a><\/strong> (Mo.-Fr. 7:30-22 \/ Sa. 8-22 \/ So. + Feiertag 10-22 Uhr) <\/span><span class=\"smartphone\">Tel.: <strong><a href=\"tel:+4939434099911\" onclick=\"ga('send', 'event', 'hotline', 'hotline-content', 'hotline-content-mit-zeit');\">0 39 43 \/ 40 999 11<\/a><\/strong> (Mo.-Fr. 7:30-22 \/ Sa. 8-22 \/ So. + Feiertag 10-22 Uhr)<\/span><\/p>\n","protected":false},"excerpt":{"rendered":"<p>Mit den 1&amp;1 Festnetz Tarifen erhalten Sie Highspeed Internet (je nach Verf\u00fcgbarkeit via DSL oder VDSL), Telefonanschluss (auch mit Telefonflat) und Fernsehen (Digital-TV powered by Telekom Entertain) zum g\u00fcnstigen Preis. Im gro\u00dfen connect Netztest f\u00fcr Festnetz Anbieter im Juli 2017 wurde 1&amp;1 Testsieger knapp vor der Telekom. Qualit\u00e4t kann auch g\u00fcnstig sein. Tarif\u00fcbersicht 1&amp;1 Festnetz &hellip; <a href=\"https:\/\/aktionen-tarife.de\/1und1\/festnetz\" class=\"more-link\"><span class=\"screen-reader-text\">1&#038;1 Festnetz Tarife &#8211; DSL \/ VDSL, Telefonanschluss und TV<\/span> weiterlesen <span class=\"meta-nav\">&rarr;<\/span><\/a><\/p>\n","protected":false},"author":29,"featured_media":0,"parent":0,"menu_order":100000,"comment_status":"closed","ping_status":"closed","template":"","meta":{"footnotes":""},"class_list":["post-212","page","type-page","status-publish","hentry"],"_links":{"self":[{"href":"https:\/\/aktionen-tarife.de\/1und1\/wp-json\/wp\/v2\/pages\/212","targetHints":{"allow":["GET"]}}],"collection":[{"href":"https:\/\/aktionen-tarife.de\/1und1\/wp-json\/wp\/v2\/pages"}],"about":[{"href":"https:\/\/aktionen-tarife.de\/1und1\/wp-json\/wp\/v2\/types\/page"}],"author":[{"embeddable":true,"href":"https:\/\/aktionen-tarife.de\/1und1\/wp-json\/wp\/v2\/users\/29"}],"replies":[{"embeddable":true,"href":"https:\/\/aktionen-tarife.de\/1und1\/wp-json\/wp\/v2\/comments?post=212"}],"version-history":[{"count":2,"href":"https:\/\/aktionen-tarife.de\/1und1\/wp-json\/wp\/v2\/pages\/212\/revisions"}],"predecessor-version":[{"id":8996,"href":"https:\/\/aktionen-tarife.de\/1und1\/wp-json\/wp\/v2\/pages\/212\/revisions\/8996"}],"wp:attachment":[{"href":"https:\/\/aktionen-tarife.de\/1und1\/wp-json\/wp\/v2\/media?parent=212"}],"curies":[{"name":"wp","href":"https:\/\/api.w.org\/{rel}","templated":true}]}}