{"id":208,"date":"2017-01-02T00:01:16","date_gmt":"2017-01-01T23:01:16","guid":{"rendered":"https:\/\/tarife-aktionen.de\/vodafone\/?page_id=208"},"modified":"2017-04-05T10:37:19","modified_gmt":"2017-04-05T08:37:19","slug":"agb","status":"publish","type":"page","link":"https:\/\/aktionen-tarife.de\/1und1\/agb","title":{"rendered":"1&#038;1 AGB: Allgemeine Gesch\u00e4ftsbedingungen"},"content":{"rendered":"<p><img decoding=\"async\" class=\"alignright size-full wp-image-386\" src=\"https:\/\/aktionen-tarife.de\/1und1\/inhalte\/2015\/08\/agb1.jpg\" alt=\"1&amp;1 AGB: Allgemeine Gesch\u00e4ftsbedingungen\" width=\"150\" height=\"100\" srcset=\"https:\/\/aktionen-tarife.de\/1und1\/inhalte\/2015\/08\/agb1.jpg 150w, https:\/\/aktionen-tarife.de\/1und1\/inhalte\/2015\/08\/agb1-80x53.jpg 80w\" sizes=\"(max-width: 150px) 100vw, 150px\" \/>Die <span class=\"farbig\"><strong>AGB<\/strong><\/span> (Allgemeine Gesch\u00e4ftsbedingungen) sind wichtig vor dem Vertragsabschluss, so auch bei 1&amp;1. In den 1und1 AGB sind z.B. Mindestvertragslaufzeiten, K\u00fcndigungsfristen und sonstige Leistungsmerkmale definiert, also alles rund um Ihren k\u00fcnftigen neuen 1&amp;1 Vertrag (<strong><a title=\"1&amp;1 Festnetz Tarife: DSL \/ VDSL, Telefonanschluss und TV\" href=\"https:\/\/aktionen-tarife.de\/1und1\/festnetz\">Festnetz<\/a><\/strong>, <strong><a title=\"1&amp;1 Mobilfunk Tarife f\u00fcr Smartphone, Tablet und Notebook\" href=\"https:\/\/aktionen-tarife.de\/1und1\/mobilfunk\">Mobilfunk<\/a><\/strong> oder <strong><a title=\"1&amp;1 Hosting: Domains, Webhosting, Server, Mail und eShops\" href=\"https:\/\/aktionen-tarife.de\/1und1\/hosting\">Webhosting<\/a><\/strong>).<\/p>\n<hr \/>\n<h2>1&amp;1 AGB f\u00fcr Festnetz, Mobilfunk und Hosting Tarife<\/h2>\n<p>Die 1&amp;1 AGB (Allgemeinen Gesch\u00e4ftsbedingungen) finden Sie hier im 1und1 Onlineshop:<\/p>\n<ul>\n<li><a title=\"1&amp;1 AGB f\u00fcr Festnetz Tarife (DSL, VDSL, Telefon, TV)\" href=\"https:\/\/aktionen-tarife.de\/1und1\/zum-anbieter\/service\/1und1-service-agb\" target=\"_blank\"><strong>1&amp;1 AGB Festnetz<\/strong><\/a> (DSL \/ VDSL, Telefonanschluss sowie Digital-TV)<\/li>\n<li><strong><a title=\"1&amp;1 Mobilfunk AGB (Smartphone Tarife, Datentarife, Tablets, Smartphones)\" href=\"https:\/\/aktionen-tarife.de\/1und1\/zum-anbieter\/service\/1und1-service-agb\" target=\"_blank\">1&amp;1 AGB Mobilfunk<\/a><\/strong> (Smartphone Tarife und Datentarife f\u00fcr Tablet \/ Notebook)<\/li>\n<li><strong><a title=\"1&amp;1 AGB Hosting (Webhosting, Domain, Server, Mail, Onlineshop)\" href=\"https:\/\/aktionen-tarife.de\/1und1\/zum-anbieter\/service\/1und1-service-agb\" target=\"_blank\">1&amp;1 AGB Hosting<\/a><\/strong> (Domain, Mail, Webhosting, Server, Onlineshops)<\/li>\n<\/ul>\n<p>Unser Tipp: Wenn Sie einen neuen <a href=\"https:\/\/aktionen-tarife.de\/1und1\/onlinebestellung\">1&amp;1 Vertrag abschlie\u00dfen<\/a>, speichern Sie sich die zum aktuellen Zeitpunkt g\u00fcltigen 1und1 AGB ab bzw. drucken Sie diese aus, dann k\u00f6nnen Sie jederzeit nachschauen, was f\u00fcr Ihren 1&amp;1 Vertrag gilt (z.B. Mindestvertragslaufzeiten, K\u00fcndigungsfristen, Preisbestandteile und sonstige Vertragsbedingungen).<\/p>\n<hr \/>\n<h2>1&amp;1 Mindestvertragslaufzeiten, K\u00fcndigungsfristen und mehr<\/h2>\n<p>Details zur Mindestvertragslaufzeit und K\u00fcndigungsfrist finden Sie in den oben verlinkten AGB. F\u00fcr die meisten 1&amp;1 Tarife und Angebote gelten diese Regelungen:<\/p>\n<ul>\n<li><span class=\"farbig\"><strong>1&amp;1 Festnetz:<\/strong><\/span> Mindestvertragslaufzeit 24 Monate. Verl\u00e4ngerung um jeweils 12 Monate, wenn nicht mindestens 3 Monate vorher gek\u00fcndigt wird (K\u00fcndigungsfrist).<\/li>\n<li><span class=\"farbig\"><strong>1&amp;1 Mobilfunk:<\/strong><\/span> Mindestvertragslaufzeit 24 Monate. Verl\u00e4ngerung um jeweils 12 Monate, wenn der Vertrag nicht mindestens 3 Monate vorher (K\u00fcndigungsfrist) gek\u00fcndigt wird.<\/li>\n<li><span class=\"farbig\"><strong>1&amp;1 Hosting:<\/strong><\/span> Mindestlaufzeit sehr stark abh\u00e4ngig vom gew\u00e4hlten Tarif und Angebot (zwischen 1 und 24 Monaten). K\u00fcndigungsfrist ebenfalls vertragsabh\u00e4ngig &#8211; meist 1-3 Monate.<\/li>\n<\/ul>\n<hr \/>\n<h2>Allgemeine Gesch\u00e4ftsbedinungen \/ AGB Nutzung Aktionen-Tarife.de<\/h2>\n<p>Mit unserem Informationsportal bieten wir als unabh\u00e4ngiger und autorisierter 1&amp;1 Partner umfassende Infos zu den Tarifen und Angeboten von 1&amp;1. Zus\u00e4tzlich bieten wir auch eine kostenlose <a title=\"Kontaktformular: schriftliche Anfrage zu 1&amp;1 Tarifen\" href=\"https:\/\/aktionen-tarife.de\/1und1\/kontakt\/schriftliche-anfrage\">schriftliche Beratung<\/a> sowie <strong><a title=\"Callback \/ R\u00fcckruf: telefonische Beratung zu 1&amp;1 Tarifen\" href=\"https:\/\/aktionen-tarife.de\/1und1\/kontakt\/telefonische-beratung\">telefonische Beratung<\/a><\/strong> zu den 1&amp;1 Tarifen an (nat\u00fcrlich unverbindlich). Unsere schriftliche Beratung oder per Telefon erfolgt durch unsere eigenen gut geschulten Mitarbeiter und nicht durch Mitarbeiter von 1&amp;1. Alle Angaben in diesem Portal zu Tarifen und Angeboten der <a href=\"https:\/\/aktionen-tarife.de\/1und1\/internet-www-1und1-de\"><strong>1&amp;1 Internet SE<\/strong><\/a> erfolgen ohne Gew\u00e4hr, insbesondere bei kurzfristigen \u00c4nderung von Tarifen \/ Angeboten durch 1&amp;1 kann die Aktualit\u00e4t unserer Seiten nicht immer zeitnah gew\u00e4hrleistet werden. F\u00fcr Sie als Kunde verbindlich sind die Preise zum Zeitpunkt Ihrer Beauftragung auf der Internetseite <a title=\"Internetseite 1und1.de\" href=\"https:\/\/aktionen-tarife.de\/1und1\/zum-anbieter\/allgemein\/1und1-allgemein\" target=\"_blank\"><strong>1und1.de<\/strong><\/a> .<\/p>\n","protected":false},"excerpt":{"rendered":"<p>Die AGB (Allgemeine Gesch\u00e4ftsbedingungen) sind wichtig vor dem Vertragsabschluss, so auch bei 1&amp;1. In den 1und1 AGB sind z.B. Mindestvertragslaufzeiten, K\u00fcndigungsfristen und sonstige Leistungsmerkmale definiert, also alles rund um Ihren k\u00fcnftigen neuen 1&amp;1 Vertrag (Festnetz, Mobilfunk oder Webhosting). 1&amp;1 AGB f\u00fcr Festnetz, Mobilfunk und Hosting Tarife Die 1&amp;1 AGB (Allgemeinen Gesch\u00e4ftsbedingungen) finden Sie hier im &hellip; <a href=\"https:\/\/aktionen-tarife.de\/1und1\/agb\" class=\"more-link\"><span class=\"screen-reader-text\">1&#038;1 AGB: Allgemeine Gesch\u00e4ftsbedingungen<\/span> weiterlesen <span class=\"meta-nav\">&rarr;<\/span><\/a><\/p>\n","protected":false},"author":30,"featured_media":0,"parent":0,"menu_order":9999990,"comment_status":"closed","ping_status":"closed","template":"","meta":{"footnotes":""},"class_list":["post-208","page","type-page","status-publish","hentry"],"_links":{"self":[{"href":"https:\/\/aktionen-tarife.de\/1und1\/wp-json\/wp\/v2\/pages\/208","targetHints":{"allow":["GET"]}}],"collection":[{"href":"https:\/\/aktionen-tarife.de\/1und1\/wp-json\/wp\/v2\/pages"}],"about":[{"href":"https:\/\/aktionen-tarife.de\/1und1\/wp-json\/wp\/v2\/types\/page"}],"author":[{"embeddable":true,"href":"https:\/\/aktionen-tarife.de\/1und1\/wp-json\/wp\/v2\/users\/30"}],"replies":[{"embeddable":true,"href":"https:\/\/aktionen-tarife.de\/1und1\/wp-json\/wp\/v2\/comments?post=208"}],"version-history":[{"count":0,"href":"https:\/\/aktionen-tarife.de\/1und1\/wp-json\/wp\/v2\/pages\/208\/revisions"}],"wp:attachment":[{"href":"https:\/\/aktionen-tarife.de\/1und1\/wp-json\/wp\/v2\/media?parent=208"}],"curies":[{"name":"wp","href":"https:\/\/api.w.org\/{rel}","templated":true}]}}