{"id":2008,"date":"2017-07-02T00:01:39","date_gmt":"2017-07-01T22:01:39","guid":{"rendered":"https:\/\/aktionen-tarife.de\/1und1\/?page_id=2008"},"modified":"2022-12-22T19:35:50","modified_gmt":"2022-12-22T18:35:50","slug":"sofort-start","status":"publish","type":"page","link":"https:\/\/aktionen-tarife.de\/1und1\/dsl-vdsl\/optionen\/sofort-start","title":{"rendered":"1&#038;1 Sofort-Start Option f\u00fcr DSL \/ VDSL (Surf-Sofort Paket)"},"content":{"rendered":"<p><a href=\"https:\/\/aktionen-tarife.de\/1und1\/zum-anbieter\/festnetz\/1und1-festnetz-allgemein\" target=\"_blank\" rel=\"noopener\"><img decoding=\"async\" class=\"alignright size-medium wp-image-552\" src=\"https:\/\/aktionen-tarife.de\/1und1\/inhalte\/2015\/09\/1und1-onlinebestellung-150x30.png\" alt=\"1&amp;1 Onlinebestellung\" width=\"150\" height=\"30\" srcset=\"https:\/\/aktionen-tarife.de\/1und1\/inhalte\/2015\/09\/1und1-onlinebestellung.png 150w, https:\/\/aktionen-tarife.de\/1und1\/inhalte\/2015\/09\/1und1-onlinebestellung-80x16.png 80w\" sizes=\"(max-width: 150px) 100vw, 150px\" \/><\/a>Mit der <span class=\"farbig\">1&amp;1 Sofort-Start Option<\/span> k\u00f6nnen Sie schon vor der Schaltung des <strong><a href=\"https:\/\/aktionen-tarife.de\/1und1\/dsl\">1&amp;1 DSL<\/a><\/strong> bzw. <strong><a href=\"https:\/\/aktionen-tarife.de\/1und1\/vdsl\">1&amp;1 VDSL<\/a><\/strong> Anschlusses surfen &#8211; ganz einfach \u00fcber das <a href=\"https:\/\/aktionen-tarife.de\/1und1\/mobilfunk\">Mobilfunk<\/a> Netz. Gerade bei einem Neuanschluss z.B. nach einem Umzug brauchen Sie so nicht zu lange auf Internet verzichten. Das 1&amp;1 Surf Sofort Paket gibt es zusammen mit den <strong><a href=\"https:\/\/aktionen-tarife.de\/1und1\/aktuelles\/homeserver\">1&amp;1 HomeServer<\/a><\/strong> (AVM Fritz!Box) Ger\u00e4ten au\u00dfer f\u00fcr den einfachsten Basic Tarif.<\/p>\n<hr \/>\n<h2><span class=\"farbig\">Wie funktioniert<\/span> der 1&amp;1 Sofort Start beim Neuanschluss?<\/h2>\n<p><img decoding=\"async\" class=\"alignright size-medium wp-image-2051\" src=\"https:\/\/aktionen-tarife.de\/1und1\/inhalte\/2016\/01\/1und1-sofort-start-option-surf-sofort-neuanschluss-150x100.jpg\" alt=\"1&amp;1 Sofort-Start Option am Home Server (Surf Sofort)\" width=\"150\" height=\"100\" srcset=\"https:\/\/aktionen-tarife.de\/1und1\/inhalte\/2016\/01\/1und1-sofort-start-option-surf-sofort-neuanschluss.jpg 150w, https:\/\/aktionen-tarife.de\/1und1\/inhalte\/2016\/01\/1und1-sofort-start-option-surf-sofort-neuanschluss-80x53.jpg 80w\" sizes=\"(max-width: 150px) 100vw, 150px\" \/>Wenn Sie <a href=\"https:\/\/aktionen-tarife.de\/1und1\/dsl-vdsl\">1&amp;1 DSL<\/a> mit Sofort-Start bestellen, erhalten Sie den 1&amp;1 <strong>HSPA+ Stick<\/strong> f\u00fcr mobiles Telefonieren und Surfen geliefert (auch Overnight). Dieser wird einfach per USB in Ihren mitbestellten 1&amp;1 <strong><a href=\"https:\/\/aktionen-tarife.de\/1und1\/aktuelles\/homeserver\">HomeServer<\/a><\/strong> angesteckt. Dann nur noch &#8220;Start Code&#8221; eingeben und los geht es! Bei einem <strong>Neuanschluss<\/strong> k\u00f6nnen Sie so schon vor der Schaltung des <a href=\"https:\/\/aktionen-tarife.de\/1und1\/festnetz\">Festnetz<\/a> Anschlusses surfen und telefonieren.<\/p>\n<hr \/>\n<h2><span class=\"farbig\">Was beinhaltet<\/span> die 1&amp;1 Sofort-Start Option f\u00fcr Neukunden?<\/h2>\n<p>Bis Ihr Festnetz Anschluss geschaltet wurde, k\u00f6nnen Sie per mobiler Internetflat \u00fcber Ihren 1&amp;1 HomeServer per Netzwerkkabel oder kabellos per WLAN surfen. Monatlich sind <strong>10 GB<\/strong> Highspeed-Datenvolumen (<strong>bis zu 21,6 MBit\/s<\/strong>) enthalten und danach surfen Sie mit bis zu 64 kBit\/s weiter. Auch telefonieren k\u00f6nnen Sie bereits \u00fcber Ihren 1&amp;1 HomeServer.<\/p>\n<hr \/>\n<h2><span class=\"farbig\">Verf\u00fcgbarkeit<\/span> der 1&amp;1 Surf Sofort Option (Sofort Start)<\/h2>\n<p>Der 1&amp;1 Sofort Start wird \u00fcber das <a href=\"https:\/\/tarife-aktionen.de\/vodafone\/netzabdeckung\" target=\"_blank\" rel=\"noopener\">Vodafone Mobilfunk Netz<\/a> realisiert. Daher k\u00f6nnen Sie die Option nur bestellen, wenn das Vodafone HSPA Netz an Ihrem neuen Standort <strong><a href=\"https:\/\/aktionen-tarife.de\/1und1\/zum-anbieter\/netz\/1und1-netz-netzabdeckung\" target=\"_blank\" rel=\"noopener\">verf\u00fcgbar<\/a><\/strong> ist.<\/p>\n<hr \/>\n<h2><span class=\"farbig\">Kosten<\/span> f\u00fcr die 1&amp;1 Sofort-Start Option (Surf Sofort Paket)<\/h2>\n<p>Die 1&amp;1 Surf-Sofort Option f\u00fcr die 1&amp;1 Tarife <a href=\"https:\/\/aktionen-tarife.de\/1und1\/dsl\/16-mbit\">DSL 16<\/a>, <a href=\"https:\/\/aktionen-tarife.de\/1und1\/vdsl\/50-mbit\">VDSL 50<\/a> und <a href=\"https:\/\/aktionen-tarife.de\/1und1\/vdsl\/100-mbit\">VDSL 100<\/a> kostet keinen Aufpreis, also keine einmalige Geb\u00fchr und keine monatlichen Zusatzkosten. Sie zahlen lediglich die regul\u00e4re Grundgeb\u00fchr Ihres bestellten 1&amp;1 Festnetz Anschlusses, auch wenn Sie diesen bis zur Schaltung \u00fcber das Mobilfunk-Netz nutzen. Es erfolgt dabei eine tagesgenaue Abrechung der Surf-Sofort Option von der erstmaligen Aktivierung der SIM-Karte bis zu dem Tag, wo Ihr Festnetz Anschluss angeschaltet wurde. Eine separate K\u00fcndigung ist nicht notwendig, denn mit Schaltung des 1&amp;1 DSL Anschlusses wird die Sofort Start Option deaktiviert. Die 1&amp;1 Sofort Start Option gibt es nur f\u00fcr die 1&amp;1 DSL Tarife mit 24 Monaten Mindestvertragslaufzeit.<\/p>\n<hr \/>\n<h2><span class=\"farbig\">Lieferzeit<\/span> 1&amp;1 HomeServer und HSPA Sofort Start Stick<\/h2>\n<p>Wenn Sie Ihren <strong><a href=\"https:\/\/aktionen-tarife.de\/1und1\/dsl-vdsl\">1&amp;1 DSL \/ VDSL Tarif<\/a><\/strong> mit HomeServer und HSPA Sofort Start Stick montags bis freitags bis 21 Uhr oder samstags bis 12 Uhr bestellen, erhalten Sie die Lieferung dank Overnight Express schon am n\u00e4chsten Werktag oder an einem anderen Tag Ihrer Wahl in den n\u00e4chsten 7 Tagen &#8211; und das ohne Aufpreis! Auf Wunsch &#8211; gegen eine geringe Zuzahlung &#8211; k\u00f6nnen Sie in der Bestellung auch eine explizite Abend-Lieferung (18-21 Uhr) vereinbaren.<\/p>\n<hr \/>\n<h2><span class=\"farbig\">Bedienungsanleitung<\/span> f\u00fcr den 1&amp;1 Sofort Start (Surf Sofort)<\/h2>\n<ul>\n<li><strong>1&amp;1 Schnellstart-Anleitung<\/strong> &#8211; so richten Sie den Sofort-Start ein<\/li>\n<\/ul>\n","protected":false},"excerpt":{"rendered":"<p>Mit der 1&amp;1 Sofort-Start Option k\u00f6nnen Sie schon vor der Schaltung des 1&amp;1 DSL bzw. 1&amp;1 VDSL Anschlusses surfen &#8211; ganz einfach \u00fcber das Mobilfunk Netz. Gerade bei einem Neuanschluss z.B. nach einem Umzug brauchen Sie so nicht zu lange auf Internet verzichten. Das 1&amp;1 Surf Sofort Paket gibt es zusammen mit den 1&amp;1 HomeServer &hellip; <a href=\"https:\/\/aktionen-tarife.de\/1und1\/dsl-vdsl\/optionen\/sofort-start\" class=\"more-link\"><span class=\"screen-reader-text\">1&#038;1 Sofort-Start Option f\u00fcr DSL \/ VDSL (Surf-Sofort Paket)<\/span> weiterlesen <span class=\"meta-nav\">&rarr;<\/span><\/a><\/p>\n","protected":false},"author":30,"featured_media":0,"parent":1941,"menu_order":0,"comment_status":"closed","ping_status":"closed","template":"","meta":{"footnotes":""},"class_list":["post-2008","page","type-page","status-publish","hentry"],"_links":{"self":[{"href":"https:\/\/aktionen-tarife.de\/1und1\/wp-json\/wp\/v2\/pages\/2008","targetHints":{"allow":["GET"]}}],"collection":[{"href":"https:\/\/aktionen-tarife.de\/1und1\/wp-json\/wp\/v2\/pages"}],"about":[{"href":"https:\/\/aktionen-tarife.de\/1und1\/wp-json\/wp\/v2\/types\/page"}],"author":[{"embeddable":true,"href":"https:\/\/aktionen-tarife.de\/1und1\/wp-json\/wp\/v2\/users\/30"}],"replies":[{"embeddable":true,"href":"https:\/\/aktionen-tarife.de\/1und1\/wp-json\/wp\/v2\/comments?post=2008"}],"version-history":[{"count":1,"href":"https:\/\/aktionen-tarife.de\/1und1\/wp-json\/wp\/v2\/pages\/2008\/revisions"}],"predecessor-version":[{"id":9486,"href":"https:\/\/aktionen-tarife.de\/1und1\/wp-json\/wp\/v2\/pages\/2008\/revisions\/9486"}],"up":[{"embeddable":true,"href":"https:\/\/aktionen-tarife.de\/1und1\/wp-json\/wp\/v2\/pages\/1941"}],"wp:attachment":[{"href":"https:\/\/aktionen-tarife.de\/1und1\/wp-json\/wp\/v2\/media?parent=2008"}],"curies":[{"name":"wp","href":"https:\/\/api.w.org\/{rel}","templated":true}]}}