{"id":2,"date":"2017-07-02T00:01:44","date_gmt":"2017-07-01T22:01:44","guid":{"rendered":"https:\/\/internet-telefon-fernsehen.de\/?page_id=2"},"modified":"2020-12-09T19:04:51","modified_gmt":"2020-12-09T18:04:51","slug":"beratung","status":"publish","type":"page","link":"https:\/\/aktionen-tarife.de\/1und1\/","title":{"rendered":"1&#038;1 Tarife: DSL \/ VDSL, Allnet Flat, Notebook \/ Tablet Flat"},"content":{"rendered":"<p><span class=\"desktop-tablet\">Bei <span class=\"farbig\"><strong>1&amp;1<\/strong><\/span> (<a href=\"https:\/\/aktionen-tarife.de\/1und1\/zum-anbieter\/allgemein\/1und1-allgemein\" target=\"_blank\" rel=\"noopener\">1&amp;1.de<\/a>) erhalten Sie g\u00fcnstige und leistungsstarke <a href=\"https:\/\/aktionen-tarife.de\/1und1\/festnetz\"><strong>Festnetz<\/strong><\/a> (<a href=\"https:\/\/aktionen-tarife.de\/1und1\/dsl\">DSL<\/a> \/ <a href=\"https:\/\/aktionen-tarife.de\/1und1\/vdsl\">VDSL<\/a>, <a href=\"https:\/\/aktionen-tarife.de\/1und1\/festnetz\/doppel-flat-dsl-vdsl-internetflat-telefonflat\">Telefon<\/a>, <a href=\"https:\/\/aktionen-tarife.de\/1und1\/fernsehen\">TV<\/a>), <a href=\"https:\/\/aktionen-tarife.de\/1und1\/mobilfunk\"><strong>Mobilfunk<\/strong><\/a> (Smartphone <a href=\"https:\/\/aktionen-tarife.de\/1und1\/all-net-flat\">Allnet Flat<\/a>, <a href=\"https:\/\/aktionen-tarife.de\/1und1\/tablet-flat\">Tablet<\/a>&#8211; und <a href=\"https:\/\/aktionen-tarife.de\/1und1\/notebook-flat\">Notebook Flat<\/a>) und <a href=\"https:\/\/aktionen-tarife.de\/1und1\/hosting\"><strong>Hosting<\/strong><\/a> (Webhosting) Tarife. 1&amp;1 \u00fcberzeugt mit g\u00fcnstigen Preisen bei dennoch bester Qualit\u00e4t, was unabh\u00e4ngige Tests und Befragungen zeigen. Wir als autorisierter 1&amp;1 Partner <strong><a href=\"https:\/\/aktionen-tarife.de\/1und1\/kontakt\">beraten<\/a><\/strong> Sie gern. <\/span><span class=\"smartphone\">Bei <span class=\"farbig\"><strong>1&amp;1<\/strong><\/span> (<a href=\"https:\/\/aktionen-tarife.de\/1und1\/zum-anbieter\/allgemein\/1und1-allgemein\" target=\"_blank\" rel=\"noopener\">1&amp;1.de<\/a>) gibt es g\u00fcnstige <a href=\"https:\/\/aktionen-tarife.de\/1und1\/festnetz\"><strong>Festnetz<\/strong><\/a> (DSL \/ VDSL, Telefon, TV), <a href=\"https:\/\/aktionen-tarife.de\/1und1\/mobilfunk\"><strong>Mobilfunk<\/strong><\/a> (Smartphone Allnet Flat, Tablet- und Notebook Flat) und <a href=\"https:\/\/aktionen-tarife.de\/1und1\/hosting\"><strong>Hosting<\/strong><\/a> (Webhosting) Tarife in bester Qualit\u00e4t. Wir als 1&amp;1 Partner <strong><a href=\"https:\/\/aktionen-tarife.de\/1und1\/kontakt\">beraten<\/a><\/strong> Sie gern.<\/span><\/p>\n<hr \/>\n<h2><span class=\"farbig\">1&amp;1 Tarif\u00fcbersicht<\/span> &#8211; Festnetz, Mobilfunk und Hosting Tarife<\/h2>\n<ul>\n<li><strong><a href=\"https:\/\/aktionen-tarife.de\/1und1\/festnetz\">1&amp;1 Festnetz Tarife<\/a><\/strong> &#8211; g\u00fcnstig telefonieren, surfen (DSL) und auf Wunsch Fernsehen.<\/li>\n<li><strong><a href=\"https:\/\/aktionen-tarife.de\/1und1\/mobilfunk\">1&amp;1 Mobilfunk Tarife<\/a><\/strong> &#8211; g\u00fcnstige Tarife f\u00fcr Smartphones, Tablets und Notebooks.<\/li>\n<li><strong><a href=\"https:\/\/aktionen-tarife.de\/1und1\/hosting\">1&amp;1 Hosting Tarife<\/a><\/strong> &#8211; mit Nutzung der modernen Hochleistungs-Rechenzentren.<\/li>\n<\/ul>\n<hr \/>\n<h2><span class=\"farbig\">1&amp;1 Verf\u00fcgbarkeit<\/span> &#8211; Breitband Internet Check \/ Netzabdeckung<\/h2>\n<ul>\n<li><strong><a href=\"https:\/\/aktionen-tarife.de\/1und1\/festnetz\/verfuegbarkeit\">1&amp;1 Breitband Internet Verf\u00fcgbarkeit<\/a><\/strong> &#8211; Netzausbau f\u00fcr <strong><a href=\"https:\/\/aktionen-tarife.de\/1und1\/dsl\/verfuegbarkeit\">DSL<\/a><\/strong> \/ <strong><a href=\"https:\/\/aktionen-tarife.de\/1und1\/vdsl\/verfuegbarkeit\">VDSL<\/a><\/strong> (Zuhause Tarife).<\/li>\n<\/ul>\n<hr \/>\n<h2><span class=\"farbig\">Beratung und Bestellung 1&amp;1.de Tarife<\/span> &#8211; vom autorisierten Partner<\/h2>\n<ul class=\"desktop-tablet\">\n<li><strong><a href=\"https:\/\/aktionen-tarife.de\/1und1\/festnetz\/verfuegbarkeit\">1&amp;1.de Onlinebestellung<\/a><\/strong> &#8211; f\u00fcr alle die schon wissen, was sie bestellen m\u00f6chten.<\/li>\n<li><a href=\"https:\/\/aktionen-tarife.de\/1und1\/bestellformulare\"><strong>1&amp;1 Bestellformulare<\/strong><\/a> &#8211; Auftragsformulare als PDF oder <a href=\"https:\/\/aktionen-tarife.de\/1und1\/kontakt\/unterlagen-zusenden\">zusenden lassen<\/a>.<\/li>\n<li><a href=\"https:\/\/aktionen-tarife.de\/1und1\/kontakt\/telefonische-beratung\"><strong>1&amp;1 R\u00fcckruf-Service<\/strong><\/a> oder <strong>telefonische Beratung<\/strong> direkt unter <strong><a href=\"tel:+4939434099911\" onclick=\"ga('send', 'event', 'hotline', 'hotline-content', 'hotline-content-ohne-zeit');\">0 39 43 \/ 40 999 11<\/a><\/strong>.<\/li>\n<li><a href=\"https:\/\/aktionen-tarife.de\/1und1\/kontakt\/kundenservice\"><strong>1&amp;1 Kundenservice<\/strong><\/a> &#8211; bei Fragen zu einem bestehenden 1&amp;1 Tarif \/ Vertrag.<\/li>\n<li><a href=\"https:\/\/aktionen-tarife.de\/1und1\/festnetz\/verfuegbarkeit\/schriftliche-anfrage\"><strong>Schriftliche Anfrage<\/strong><\/a> stellen zu den 1&amp;1 Festnetz oder Mobilfunk Tarifen.<\/li>\n<\/ul>\n<ul class=\"smartphone\">\n<li><strong><a href=\"https:\/\/aktionen-tarife.de\/1und1\/festnetz\/verfuegbarkeit\">1&amp;1 Onlinebestellung<\/a><\/strong><\/li>\n<li><a href=\"https:\/\/aktionen-tarife.de\/1und1\/bestellformulare\"><strong>1&amp;1 Bestellformulare<\/strong><\/a><\/li>\n<li><strong>Hotline: <strong><a href=\"tel:+4939434099911\" onclick=\"ga('send', 'event', 'hotline', 'hotline-content', 'hotline-content-ohne-zeit');\">0 39 43 \/ 40 999 11<\/a><\/strong><\/strong><\/li>\n<li><a href=\"https:\/\/aktionen-tarife.de\/1und1\/kontakt\/telefonische-beratung\"><strong>1&amp;1 R\u00fcckruf-Service<\/strong><\/a><\/li>\n<li><strong><a href=\"https:\/\/aktionen-tarife.de\/1und1\/kontakt\/kundenservice\">1&amp;1 Kundenservice<\/a><\/strong><\/li>\n<li><a href=\"https:\/\/aktionen-tarife.de\/1und1\/festnetz\/verfuegbarkeit\/schriftliche-anfrage\"><strong>Schriftliche Anfrage<\/strong><\/a><\/li>\n<\/ul>\n<hr \/>\n<h2><span class=\"farbig\">1&amp;1 Festnetz Tarife:<\/span> DSL \/ VDSL und Telefonanschluss<\/h2>\n<ul>\n<li><a href=\"https:\/\/aktionen-tarife.de\/1und1\/festnetz\/verfuegbarkeit\"><strong>1&amp;1 Verf\u00fcgbarkeit pr\u00fcfen<\/strong><\/a>: ist 1&amp;1 DSL \/ VDSL bei Ihnen verf\u00fcgbar?<\/li>\n<li><a href=\"https:\/\/aktionen-tarife.de\/1und1\/dsl-vdsl\"><strong>1&amp;1 DSL und VDSL Tarife<\/strong><\/a>: telefonieren und surfen zum Festpreis.\n<ul>\n<li><a href=\"https:\/\/aktionen-tarife.de\/1und1\/dsl\">1&amp;1 DSL Tarife<\/a> &#8211; g\u00fcnstige Einstiegsangebote mit einfacher Geschwindigkeit.<\/li>\n<li><a href=\"https:\/\/aktionen-tarife.de\/1und1\/vdsl\">1&amp;1 VDSL Tarife<\/a> &#8211; Highspeed Surfen bei 1&amp;1 zum kleinen Preis.<\/li>\n<\/ul>\n<\/li>\n<li><a href=\"https:\/\/aktionen-tarife.de\/1und1\/zum-anbieter\/festnetz\/1und1-festnetz-business\" target=\"_blank\" rel=\"noopener\"><strong>1&amp;1 Business Tarife<\/strong><\/a>: DSL \/ VDSL und Telefonanschluss f\u00fcr Firmenkunden.<\/li>\n<li><a href=\"https:\/\/aktionen-tarife.de\/1und1\/fernsehen\/entertain-iptv\"><strong>1&amp;1 Digital-TV f\u00fcr VDSL<\/strong><\/a>: IPTV powered bei Telekom (Entertain).<\/li>\n<li><a href=\"https:\/\/aktionen-tarife.de\/1und1\/aktuelles\/dsl-vdsl-modems\"><strong>1&amp;1 Modems \/ WLAN Router<\/strong><\/a> &#8211; z.B. AVM FritzBox Modelle und mehr.<\/li>\n<\/ul>\n<hr \/>\n<h2><span class=\"farbig\">1&amp;1 Mobilfunk Tarife:<\/span> Smartphone-Tarife und Datentarife<\/h2>\n<ul>\n<li><a href=\"https:\/\/aktionen-tarife.de\/1und1\/all-net-flat\"><strong>1&amp;1 Allnet Flat Tarife<\/strong><\/a>: mobil in alle Netze anrufen und per Smartphone surfen.\n<ul>\n<li><a href=\"https:\/\/aktionen-tarife.de\/1und1\/infos\/smartphones\"><strong>Smartphone \u00dcbersicht<\/strong><\/a>: alle Handys, die es g\u00fcnstig mit 1&amp;1 Allnetflat gibt, z.B. von <a href=\"https:\/\/aktionen-tarife.de\/1und1\/aktuelles\/smartphones-apple-iphone\">Apple (iPhone)<\/a>, <a href=\"https:\/\/aktionen-tarife.de\/1und1\/aktuelles\/smartphones-samsung\">Samsung<\/a>, <a href=\"https:\/\/aktionen-tarife.de\/1und1\/aktuelles\/smartphones-sony\">Sony<\/a>, <a href=\"https:\/\/aktionen-tarife.de\/1und1\/aktuelles\/smartphones-huawei\">Huawei<\/a>, <a href=\"https:\/\/aktionen-tarife.de\/1und1\/aktuelles\/smartphones-htc\">HTC<\/a> und <a href=\"https:\/\/aktionen-tarife.de\/1und1\/aktuelles\/smartphones-lg\">LG<\/a>.<\/li>\n<li>Jetzt mit <a href=\"https:\/\/aktionen-tarife.de\/1und1\/all-net-flat\/1und1-prinzip-premium-service\">1&amp;1 Prinzip<\/a> (Premium Service): z.B. gratis Overnight Service.<\/li>\n<\/ul>\n<\/li>\n<li><strong><a href=\"https:\/\/aktionen-tarife.de\/1und1\/tablet-flat\">1&amp;1 Tablet Flat Tarife<\/a><\/strong>: mobil surfen wahlweise im o2 \/ E-Plus oder Vodafone Netz.\n<ul>\n<li><a href=\"https:\/\/aktionen-tarife.de\/1und1\/infos\/tablets\"><strong>Tablet \u00dcbersicht<\/strong><\/a>: alle Tablets, die es g\u00fcnstig mit der 1&amp;1 Tabletflat gibt.<\/li>\n<\/ul>\n<\/li>\n<li><a href=\"https:\/\/aktionen-tarife.de\/1und1\/notebook-flat\"><strong>1&amp;1 Notebook Flat Tarife<\/strong><\/a>: mit mobilem WLAN Router oder Surfstick f\u00fcr den Laptop.<\/li>\n<\/ul>\n<hr \/>\n<h2><span class=\"farbig\">1&amp;1 Hosting Tarife:<\/span> eigene Homepage oder Webshop<\/h2>\n<ul>\n<li><a href=\"https:\/\/aktionen-tarife.de\/1und1\/zum-anbieter\/hosting\/1und1-ionos-hosting-allgemein\" target=\"_blank\" rel=\"noopener\"><strong>Homepage<\/strong><\/a>: Mit 1&amp;1 MyWebsite Homepage f\u00fcr privat, Verein oder Firma erstellen.<\/li>\n<li><a href=\"https:\/\/aktionen-tarife.de\/1und1\/zum-anbieter\/hosting\/1und1-ionos-hosting-allgemein\" target=\"_blank\" rel=\"noopener\"><strong>Webhosting<\/strong><\/a>: G\u00fcnstige eigene Webprojekte hosten (inklusive WordPress Hosting).<\/li>\n<li><a href=\"https:\/\/aktionen-tarife.de\/1und1\/zum-anbieter\/hosting\/1und1-ionos-hosting-allgemein\" target=\"_blank\" rel=\"noopener\"><strong>Server<\/strong><\/a>: Dedicated Server (Einsteiger bis Hochleistung), Virtual Server und Cloud Server.<\/li>\n<li><a href=\"https:\/\/aktionen-tarife.de\/1und1\/zum-anbieter\/hosting\/1und1-ionos-hosting-allgemein\" target=\"_blank\" rel=\"noopener\"><strong>E-Mail<\/strong><\/a> und <a href=\"https:\/\/aktionen-tarife.de\/1und1\/zum-anbieter\/hosting\/1und1-ionos-hosting-allgemein\" target=\"_blank\" rel=\"noopener\"><strong>Domains<\/strong><\/a>: Internetadresse g\u00fcnstig sichern und Mailadressen anlegen.<\/li>\n<li><a href=\"https:\/\/aktionen-tarife.de\/1und1\/zum-anbieter\/hosting\/1und1-ionos-hosting-allgemein\" target=\"_blank\" rel=\"noopener\"><strong>Online-Shop<\/strong><\/a>: Verkaufen Sie Produkte im eigenen eShop \/ Onlineshop.<\/li>\n<\/ul>\n<hr \/>\n<h2>Kostenlose <span class=\"farbig\">Tarifberatung<\/span> durch uns als autorisierten 1&amp;1 Partner<\/h2>\n<p>Unser Unternehmen telekommunikation-online Gutsch &amp; Co. OHG ber\u00e4t Sie bereits seit dem Jahr 2001 kostenlos und unabh\u00e4ngig zu den Tarifen von <a href=\"https:\/\/aktionen-tarife.de\/1und1\/internet-www-1und1-de\">1&amp;1.de<\/a>, aber auch zu den Angeboten anderer Anbieter wie <a href=\"https:\/\/telekom.tarife-angebote.de\/\" target=\"_blank\" rel=\"noopener\">Telekom<\/a>, <a href=\"https:\/\/tarife-aktionen.de\/vodafone\/\" target=\"_blank\" rel=\"noopener\">Vodafone<\/a> oder <a href=\"https:\/\/o2.surfen-telefonieren.de\/\" target=\"_blank\" rel=\"noopener\">o2<\/a>. Lassen Sie sich kostenfrei von uns beraten, welcher Tarif am besten zu Ihnen passt: <strong><a href=\"https:\/\/aktionen-tarife.de\/1und1\/kontakt\/telefonische-beratung\">R\u00fcckruf<\/a> \/ <a href=\"https:\/\/aktionen-tarife.de\/1und1\/kontakt\/schriftliche-anfrage\">Anfrage<\/a> \/ <a href=\"https:\/\/aktionen-tarife.de\/1und1\/kontakt\/unterlagen-zusenden\">Unterlagen<\/a> <\/strong>oder <span class=\"farbig\">anrufen<\/span>:<\/p>\n<p><span class=\"desktop-tablet\">Tel.: <strong><a href=\"tel:+4939434099911\" onclick=\"ga('send', 'event', 'hotline', 'hotline-content', 'hotline-content-mit-zeit');\">0 39 43 \/ 40 999 11<\/a><\/strong> (Mo.-Fr. 7:30-22 \/ Sa. 8-22 \/ So. + Feiertag 10-22 Uhr) <\/span><span class=\"smartphone\">Tel.: <strong><a href=\"tel:+4939434099911\" onclick=\"ga('send', 'event', 'hotline', 'hotline-content', 'hotline-content-mit-zeit');\">0 39 43 \/ 40 999 11<\/a><\/strong> (Mo.-Fr. 7:30-22 \/ Sa. 8-22 \/ So. + Feiertag 10-22 Uhr)<\/span><\/p>\n","protected":false},"excerpt":{"rendered":"<p>Bei 1&amp;1 (1&amp;1.de) erhalten Sie g\u00fcnstige und leistungsstarke Festnetz (DSL \/ VDSL, Telefon, TV), Mobilfunk (Smartphone Allnet Flat, Tablet&#8211; und Notebook Flat) und Hosting (Webhosting) Tarife. 1&amp;1 \u00fcberzeugt mit g\u00fcnstigen Preisen bei dennoch bester Qualit\u00e4t, was unabh\u00e4ngige Tests und Befragungen zeigen. Wir als autorisierter 1&amp;1 Partner beraten Sie gern. Bei 1&amp;1 (1&amp;1.de) gibt es g\u00fcnstige &hellip; <a href=\"https:\/\/aktionen-tarife.de\/1und1\/\" class=\"more-link\"><span class=\"screen-reader-text\">1&#038;1 Tarife: DSL \/ VDSL, Allnet Flat, Notebook \/ Tablet Flat<\/span> weiterlesen <span class=\"meta-nav\">&rarr;<\/span><\/a><\/p>\n","protected":false},"author":30,"featured_media":0,"parent":0,"menu_order":0,"comment_status":"closed","ping_status":"closed","template":"","meta":{"footnotes":""},"class_list":["post-2","page","type-page","status-publish","hentry"],"_links":{"self":[{"href":"https:\/\/aktionen-tarife.de\/1und1\/wp-json\/wp\/v2\/pages\/2","targetHints":{"allow":["GET"]}}],"collection":[{"href":"https:\/\/aktionen-tarife.de\/1und1\/wp-json\/wp\/v2\/pages"}],"about":[{"href":"https:\/\/aktionen-tarife.de\/1und1\/wp-json\/wp\/v2\/types\/page"}],"author":[{"embeddable":true,"href":"https:\/\/aktionen-tarife.de\/1und1\/wp-json\/wp\/v2\/users\/30"}],"replies":[{"embeddable":true,"href":"https:\/\/aktionen-tarife.de\/1und1\/wp-json\/wp\/v2\/comments?post=2"}],"version-history":[{"count":1,"href":"https:\/\/aktionen-tarife.de\/1und1\/wp-json\/wp\/v2\/pages\/2\/revisions"}],"predecessor-version":[{"id":8988,"href":"https:\/\/aktionen-tarife.de\/1und1\/wp-json\/wp\/v2\/pages\/2\/revisions\/8988"}],"wp:attachment":[{"href":"https:\/\/aktionen-tarife.de\/1und1\/wp-json\/wp\/v2\/media?parent=2"}],"curies":[{"name":"wp","href":"https:\/\/api.w.org\/{rel}","templated":true}]}}