{"id":1974,"date":"2017-07-02T00:01:49","date_gmt":"2017-07-01T22:01:49","guid":{"rendered":"https:\/\/aktionen-tarife.de\/1und1\/?page_id=1974"},"modified":"2017-10-01T02:57:50","modified_gmt":"2017-10-01T00:57:50","slug":"fragen-antworten-faq","status":"publish","type":"page","link":"https:\/\/aktionen-tarife.de\/1und1\/dsl-vdsl\/optionen\/handy-flat-internet-smartphone\/fragen-antworten-faq","title":{"rendered":"1&#038;1 Handy Flatrate f\u00fcr DSL Kunden &#8211; Fragen &#038; Antworten (FAQ)"},"content":{"rendered":"<p><img decoding=\"async\" class=\"alignright size-medium wp-image-1978\" src=\"https:\/\/aktionen-tarife.de\/1und1\/inhalte\/2016\/01\/1und1-handy-flatrate-frage-antworten-150x100.jpg\" alt=\"1&amp;1 Handy Flatrate f\u00fcr DSL Kunden - Fragen &amp; Antworten (FAQ)\" width=\"150\" height=\"100\" srcset=\"https:\/\/aktionen-tarife.de\/1und1\/inhalte\/2016\/01\/1und1-handy-flatrate-frage-antworten.jpg 150w, https:\/\/aktionen-tarife.de\/1und1\/inhalte\/2016\/01\/1und1-handy-flatrate-frage-antworten-80x53.jpg 80w\" sizes=\"(max-width: 150px) 100vw, 150px\" \/>Die <span class=\"farbig\">1&amp;1 Handy Flatrate<\/span> gibt es f\u00fcr bei den meisten <strong><a href=\"https:\/\/aktionen-tarife.de\/1und1\/dsl\">DSL<\/a><\/strong> und <strong><a href=\"https:\/\/aktionen-tarife.de\/1und1\/vdsl\">VDSL<\/a><\/strong> Tarifen dazu (bis zu 4 SIM-Karten kostenfrei &#8211; <a href=\"https:\/\/aktionen-tarife.de\/1und1\/dsl-vdsl\/optionen\/handy-flat-internet-smartphone\">Details hier<\/a>). Neben der SIM Karte im Tarif <a href=\"https:\/\/aktionen-tarife.de\/1und1\/dsl-vdsl\/optionen\/handy-flat-internet-smartphone\">Handy-Flat &amp; Internet<\/a> bietet 1&amp;1 mit den <a href=\"https:\/\/aktionen-tarife.de\/1und1\/all-net-flat\">All-Net-Flat Tarifen<\/a> auch eigenst\u00e4ndige Smartphone Tarife an &#8211; f\u00fcr alle, die keinen <a href=\"https:\/\/aktionen-tarife.de\/1und1\/dsl-vdsl\">DSL Vertrag<\/a> bestellen m\u00f6chten. Hier finden Sie <strong>Fragen und Antworten<\/strong> zur 1&amp;1 Handy Flatrate.\u00a0<!--more--><\/p>\n<hr \/>\n<h2><span class=\"farbig\">Einmalkosten? Monatskosten? Vertragslaufzeit?<\/span><\/h2>\n<p>Bei den 1&amp;1 Breitband Internet Tarifen <a href=\"https:\/\/aktionen-tarife.de\/1und1\/dsl\/16-mbit\">DSL 16<\/a>, <a href=\"https:\/\/aktionen-tarife.de\/1und1\/vdsl\/50-mbit\">VDSL 50<\/a> und <a href=\"https:\/\/aktionen-tarife.de\/1und1\/vdsl\/100-mbit\">VDSL 100<\/a> sind jeweils bis zu <strong>4 SIM-Karten kostenfrei<\/strong> enthalten. Die 1&amp;1 Handy-Flatrate beinhaltet eine Telefonflat (in das Festnetz und untereinander \/ netzintern zu anderen 1&amp;1 Mobilfunk Kunden) und zus\u00e4tzlich eine mobile Internetflat (100 MB bis 7,2 MBit\/s, danach 64 kBit\/s). Alternativ gibt es auch den 1&amp;1 Handy-Flat &amp; Internet XL Tarif f\u00fcr monatlich 6,99 \u20ac. Die Einrichtungskosten (Aktivierung und Versand) betragen <strong>einmalig 9,90 \u20ac je SIM-Karte<\/strong>. Die 1&amp;1 Handy Flatrate hat <strong>keine Mindestvertragslaufzeit<\/strong> (K\u00fcndigungsfrist nur 2 Wochen zum Monatsende).<\/p>\n<hr \/>\n<h2><span class=\"farbig\">Welches Mobilfunk Netz nutzt die 1&amp;1 Handy-Flat &amp; Internet?<\/span><\/h2>\n<p>Der 1&amp;1 Handy-Flat &amp; Internet Tarif nutzt das <strong>Vodafone Mobilfunk-Netz<\/strong>. Mit 1&amp;1 profitieren Sie also von einer sehr guten <strong><a href=\"https:\/\/tarife-aktionen.de\/vodafone\/netzabdeckung\" target=\"_blank\" rel=\"noopener\">D2-Netzabdeckung<\/a><\/strong> (aber keine Nutzung von <a href=\"https:\/\/tarife-aktionen.de\/vodafone\/lte\" target=\"_blank\" rel=\"noopener\">Vodafone LTE<\/a>).<\/p>\n<hr \/>\n<h2><span class=\"farbig\">Kann ich eine Rufnummer eines anderen Anbieters mitbringen?<\/span><\/h2>\n<p>Im Rahmen der Bestellung f\u00fcr die 1&amp;1 SIM Karten k\u00f6nnen Sie w\u00e4hlen, ob Sie eine neue Handynummer \/ Rufnummer erhalten m\u00f6chten oder ob Sie eine <strong>bestehende Handynummer \u00fcbernehmen m\u00f6chten<\/strong>. Die Rufnummern-Portierung z.B. von der <a href=\"https:\/\/telekom.tarife-angebote.de\/\" target=\"_blank\" rel=\"noopener\">Telekom<\/a>, Vodafone oder <a href=\"https:\/\/o2.surfen-telefonieren.de\/\" target=\"_blank\" rel=\"noopener\">o2<\/a> k\u00f6nnen Sie w\u00e4hrend der Bestellung bzw. nachtr\u00e4glich im <a href=\"https:\/\/aktionen-tarife.de\/1und1\/login-control-center\">1&amp;1 Control-Center<\/a> beantragen. Ihr alter Anbieter kann daf\u00fcr bis zu ca. 30 \u20ac an Geb\u00fchr erheben. Je nach Aktion erhalten Sie aber einen einmaligen Bonus, wenn Sie von einem anderen Anbieter wechseln. Wenn es sich im\u00a0 alten Handyvertrag um einen Laufzeitvertrag mit Mindestlaufzeit handelt, ist die \u00dcbernahme der Handynummer zu 1&amp;1 erst m\u00f6glich ist, wenn der Vertrag ausgelaufen ist.<\/p>\n<hr \/>\n<h2><span class=\"farbig\">Was kostet Roaming im Ausland und was Gespr\u00e4che ins Ausland?<\/span><\/h2>\n<p>Die Handy-Flat f\u00fcr DSL Kunden ist im Ausland nicht nutzbar. Es ist nicht m\u00f6glich etwaige Auslandspakete als Zubuchoption zu bestellen. Insofern Sie die Nutzung dieser SIM-Karte im Ausland w\u00fcnschen, ist ein Tarifwechsel zwingend notwendig.<\/p>\n<hr \/>\n<h2><span class=\"farbig\">Kann ich 1&amp;1 Handy-Flat Partner Karten nachbestellen?<\/span><\/h2>\n<p>Sowohl die kostenlose 1&amp;1 Handy Flatrate SIM Haupt Karte, als auch die optionalen bis zu 3 Partner SIM-Karten\u00a0 k\u00f6nnen nachtr\u00e4glich bestellt werden. F\u00fcr jede Karte fallen einmalig 9,90 \u20ac Aktivierungsgeb\u00fchren und Versandskosten an. Als 1&amp;1 Bestandskunde k\u00f6nnen Sie nachtr\u00e4gliche 1&amp;1 SIM Karten \u00fcber das <a href=\"https:\/\/aktionen-tarife.de\/1und1\/login-control-center\">Online Kundencenter<\/a> von 1&amp;1 bestellen.<\/p>\n<hr \/>\n<h2><span class=\"farbig\">Gibt es verg\u00fcnstigte Handys \/ Smartphones zur 1&amp;1 Handy-Flat?<\/span><\/h2>\n<p>Auf Wunsch k\u00f6nnen Sie je bestellter 1&amp;1 SIM Karte zur Nutzung der 1&amp;1 Handy Flatrate auch ein verg\u00fcnstigtes <a href=\"https:\/\/aktionen-tarife.de\/1und1\/smartphones\">Handy<\/a> mitbestellen (<strong><a href=\"https:\/\/aktionen-tarife.de\/1und1\/zum-anbieter\/festnetz\/1und1-festnetz-allgemein\" target=\"_blank\">Auswahl im Onlineshop<\/a><\/strong>).<\/p>\n","protected":false},"excerpt":{"rendered":"<p>Die 1&amp;1 Handy Flatrate gibt es f\u00fcr bei den meisten DSL und VDSL Tarifen dazu (bis zu 4 SIM-Karten kostenfrei &#8211; Details hier). Neben der SIM Karte im Tarif Handy-Flat &amp; Internet bietet 1&amp;1 mit den All-Net-Flat Tarifen auch eigenst\u00e4ndige Smartphone Tarife an &#8211; f\u00fcr alle, die keinen DSL Vertrag bestellen m\u00f6chten. Hier finden Sie &hellip; <a href=\"https:\/\/aktionen-tarife.de\/1und1\/dsl-vdsl\/optionen\/handy-flat-internet-smartphone\/fragen-antworten-faq\" class=\"more-link\"><span class=\"screen-reader-text\">1&#038;1 Handy Flatrate f\u00fcr DSL Kunden &#8211; Fragen &#038; Antworten (FAQ)<\/span> weiterlesen <span class=\"meta-nav\">&rarr;<\/span><\/a><\/p>\n","protected":false},"author":30,"featured_media":1978,"parent":1933,"menu_order":0,"comment_status":"closed","ping_status":"closed","template":"","meta":{"footnotes":""},"class_list":["post-1974","page","type-page","status-publish","hentry","has-post-thumbnail"],"_links":{"self":[{"href":"https:\/\/aktionen-tarife.de\/1und1\/wp-json\/wp\/v2\/pages\/1974","targetHints":{"allow":["GET"]}}],"collection":[{"href":"https:\/\/aktionen-tarife.de\/1und1\/wp-json\/wp\/v2\/pages"}],"about":[{"href":"https:\/\/aktionen-tarife.de\/1und1\/wp-json\/wp\/v2\/types\/page"}],"author":[{"embeddable":true,"href":"https:\/\/aktionen-tarife.de\/1und1\/wp-json\/wp\/v2\/users\/30"}],"replies":[{"embeddable":true,"href":"https:\/\/aktionen-tarife.de\/1und1\/wp-json\/wp\/v2\/comments?post=1974"}],"version-history":[{"count":0,"href":"https:\/\/aktionen-tarife.de\/1und1\/wp-json\/wp\/v2\/pages\/1974\/revisions"}],"up":[{"embeddable":true,"href":"https:\/\/aktionen-tarife.de\/1und1\/wp-json\/wp\/v2\/pages\/1933"}],"wp:featuredmedia":[{"embeddable":true,"href":"https:\/\/aktionen-tarife.de\/1und1\/wp-json\/wp\/v2\/media\/1978"}],"wp:attachment":[{"href":"https:\/\/aktionen-tarife.de\/1und1\/wp-json\/wp\/v2\/media?parent=1974"}],"curies":[{"name":"wp","href":"https:\/\/api.w.org\/{rel}","templated":true}]}}