{"id":1686,"date":"2017-07-02T00:01:03","date_gmt":"2017-07-01T22:01:03","guid":{"rendered":"https:\/\/aktionen-tarife.de\/1und1\/?page_id=1686"},"modified":"2022-12-23T16:37:08","modified_gmt":"2022-12-23T15:37:08","slug":"telefonisch-pruefen","status":"publish","type":"page","link":"https:\/\/aktionen-tarife.de\/1und1\/festnetz\/verfuegbarkeit\/telefonisch-pruefen","title":{"rendered":"1&#038;1 Verf\u00fcgbarkeit DSL \/ VDSL telefonisch pr\u00fcfen lassen"},"content":{"rendered":"<p><span class=\"desktop-tablet\">Die <span class=\"farbig\">1&amp;1 Verf\u00fcgbarkeit<\/span> (DSL \/ VDSL Check) k\u00f6nnen Sie nicht nur <strong><a href=\"https:\/\/aktionen-tarife.de\/1und1\/zum-anbieter\/festnetz\/1und1-festnetz-check\" target=\"_blank\" rel=\"noopener\">online pr\u00fcfen<\/a><\/strong>, sondern auch <strong>telefonisch<\/strong>. Rufen Sie uns an unter <strong><a href=\"tel:+4939434099911\" onclick=\"ga('send', 'event', 'hotline', 'hotline-content', 'hotline-content-mit-zeit');\">0 39 43 \/ 40 999 11<\/a><\/strong> (Mo.-Fr. 7:30-22 \/ Sa. 8-22 \/ So. + Feiertag 10-22 Uhr) oder f\u00fcllen Sie f\u00fcr einen <strong>R\u00fcckruf dieses Formular aus<\/strong>: <\/span><span class=\"smartphone\">Die <span class=\"farbig\">1&amp;1 Verf\u00fcgbarkeit<\/span> (DSL \/ VDSL) k\u00f6nnen Sie <strong><a href=\"https:\/\/aktionen-tarife.de\/1und1\/zum-anbieter\/festnetz\/1und1-festnetz-check\" target=\"_blank\" rel=\"noopener\">online <\/a><\/strong>und <strong>telefonisch<\/strong> pr\u00fcfen. Rufen Sie an unter <strong><a href=\"tel:+4939434099911\" onclick=\"ga('send', 'event', 'hotline', 'hotline-content', 'hotline-content-mit-zeit');\">0 39 43 \/ 40 999 11<\/a><\/strong> (Mo.-Fr. 7:30-22 \/ Sa. 8-22 \/ So. + Feiertag 10-22 Uhr) oder <strong>R\u00fcckruf-Formular ausf\u00fcllen<\/strong>:<\/span><\/p>\n<hr \/>\n<div class=\"wpforms-container wpforms-container-full kontaktformular-offen\" id=\"wpforms-9092\"><form id=\"wpforms-form-9092\" class=\"wpforms-validate wpforms-form\" data-formid=\"9092\" method=\"post\" enctype=\"multipart\/form-data\" action=\"\/1und1\/wp-json\/wp\/v2\/pages\/1686\" data-token=\"40b303d7a06f4ab9269be3a7ae49bc17\" data-token-time=\"1776088769\"><noscript class=\"wpforms-error-noscript\">Bitte aktiviere JavaScript in deinem Browser, um dieses Formular fertigzustellen.<\/noscript><div class=\"wpforms-field-container\"><div id=\"wpforms-9092-field_37-container\" class=\"wpforms-field wpforms-field-radio wpforms-conditional-trigger\" data-field-id=\"37\"><label class=\"wpforms-field-label\">Neukunde oder Bestandskunde <span class=\"wpforms-required-label\">*<\/span><\/label><ul id=\"wpforms-9092-field_37\" class=\"wpforms-field-required\"><li class=\"choice-1 depth-1\"><input type=\"radio\" id=\"wpforms-9092-field_37_1\" name=\"wpforms[fields][37]\" value=\"Neukunde - ich habe noch NICHT bestellt\" required ><label class=\"wpforms-field-label-inline\" for=\"wpforms-9092-field_37_1\">Neukunde - ich habe noch NICHT bestellt<\/label><\/li><li class=\"choice-2 depth-1\"><input type=\"radio\" id=\"wpforms-9092-field_37_2\" name=\"wpforms[fields][37]\" value=\"Neukunde - Fragen zu Auftrag \/ Aktivierung\" required ><label class=\"wpforms-field-label-inline\" for=\"wpforms-9092-field_37_2\">Neukunde - Fragen zu Auftrag \/ Aktivierung<\/label><\/li><li class=\"choice-3 depth-1\"><input type=\"radio\" id=\"wpforms-9092-field_37_3\" name=\"wpforms[fields][37]\" value=\"Bestandskunde - 1&amp;1 Tarif vorhanden\" required ><label class=\"wpforms-field-label-inline\" for=\"wpforms-9092-field_37_3\">Bestandskunde - 1&amp;1 Tarif vorhanden<\/label><\/li><\/ul><\/div><div id=\"wpforms-9092-field_63-container\" class=\"wpforms-field wpforms-field-radio wpforms-conditional-field wpforms-conditional-show wpforms-conditional-trigger\" data-field-id=\"63\" style=\"display:none;\"><label class=\"wpforms-field-label\">Wo haben Sie bestellt?<\/label><ul id=\"wpforms-9092-field_63\"><li class=\"choice-1 depth-1\"><input type=\"radio\" id=\"wpforms-9092-field_63_1\" name=\"wpforms[fields][63]\" value=\"Online auf 1und1.de \/ ionos.de&lt;\/strong&gt;\"  ><label class=\"wpforms-field-label-inline\" for=\"wpforms-9092-field_63_1\">Online auf 1und1.de \/ ionos.de<\/strong><\/label><\/li><li class=\"choice-2 depth-1\"><input type=\"radio\" id=\"wpforms-9092-field_63_2\" name=\"wpforms[fields][63]\" value=\"Online bei Preisvergleichs-Portal o.\u00e4.\"  ><label class=\"wpforms-field-label-inline\" for=\"wpforms-9092-field_63_2\">Online bei Preisvergleichs-Portal o.\u00e4.<\/label><\/li><li class=\"choice-3 depth-1\"><input type=\"radio\" id=\"wpforms-9092-field_63_3\" name=\"wpforms[fields][63]\" value=\"In einem Shop \/ Filiale vor Ort\"  ><label class=\"wpforms-field-label-inline\" for=\"wpforms-9092-field_63_3\">In einem Shop \/ Filiale vor Ort<\/label><\/li><li class=\"choice-4 depth-1\"><input type=\"radio\" id=\"wpforms-9092-field_63_4\" name=\"wpforms[fields][63]\" value=\"Unabh\u00e4ngige Hotline 03943...\"  ><label class=\"wpforms-field-label-inline\" for=\"wpforms-9092-field_63_4\">Unabh\u00e4ngige Hotline 03943...<\/label><\/li><li class=\"choice-5 depth-1\"><input type=\"radio\" id=\"wpforms-9092-field_63_5\" name=\"wpforms[fields][63]\" value=\"1&amp;1 Hotline unter 0721... \/ 0800...\"  ><label class=\"wpforms-field-label-inline\" for=\"wpforms-9092-field_63_5\">1&amp;1 Hotline unter 0721... \/ 0800...<\/label><\/li><\/ul><\/div><div id=\"wpforms-9092-field_64-container\" class=\"wpforms-field wpforms-field-radio wpforms-conditional-field wpforms-conditional-show wpforms-conditional-trigger\" data-field-id=\"64\" style=\"display:none;\"><label class=\"wpforms-field-label\">Was ist Ihr Kunden-Anliegen?<\/label><ul id=\"wpforms-9092-field_64\"><li class=\"choice-1 depth-1\"><input type=\"radio\" id=\"wpforms-9092-field_64_1\" name=\"wpforms[fields][64]\" value=\"St\u00f6rung (Anschluss oder SIM)\"  ><label class=\"wpforms-field-label-inline\" for=\"wpforms-9092-field_64_1\">St\u00f6rung (Anschluss oder SIM)<\/label><\/li><li class=\"choice-2 depth-1\"><input type=\"radio\" id=\"wpforms-9092-field_64_2\" name=\"wpforms[fields][64]\" value=\"Fragen zu Aktivierung, Rechnung usw.\"  ><label class=\"wpforms-field-label-inline\" for=\"wpforms-9092-field_64_2\">Fragen zu Aktivierung, Rechnung usw.<\/label><\/li><li class=\"choice-3 depth-1\"><input type=\"radio\" id=\"wpforms-9092-field_64_3\" name=\"wpforms[fields][64]\" value=\"Tarif wechseln \/ Vertrag \u00e4ndern\"  ><label class=\"wpforms-field-label-inline\" for=\"wpforms-9092-field_64_3\">Tarif wechseln \/ Vertrag \u00e4ndern<\/label><\/li><li class=\"choice-4 depth-1\"><input type=\"radio\" id=\"wpforms-9092-field_64_4\" name=\"wpforms[fields][64]\" value=\"K\u00fcndigung\"  ><label class=\"wpforms-field-label-inline\" for=\"wpforms-9092-field_64_4\">K\u00fcndigung<\/label><\/li><li class=\"choice-5 depth-1\"><input type=\"radio\" id=\"wpforms-9092-field_64_5\" name=\"wpforms[fields][64]\" value=\"Umzug\"  ><label class=\"wpforms-field-label-inline\" for=\"wpforms-9092-field_64_5\">Umzug<\/label><\/li><li class=\"choice-6 depth-1\"><input type=\"radio\" id=\"wpforms-9092-field_64_6\" name=\"wpforms[fields][64]\" value=\"Zus\u00e4tzlichen neuen Tarif bestellen\"  ><label class=\"wpforms-field-label-inline\" for=\"wpforms-9092-field_64_6\">Zus\u00e4tzlichen neuen Tarif bestellen<\/label><\/li><\/ul><\/div><div id=\"wpforms-9092-field_65-container\" class=\"wpforms-field wpforms-field-radio wpforms-conditional-field wpforms-conditional-show wpforms-conditional-trigger\" data-field-id=\"65\" style=\"display:none;\"><label class=\"wpforms-field-label\">Was m\u00f6chten Sie bestellen<\/label><ul id=\"wpforms-9092-field_65\"><li class=\"choice-1 depth-1\"><input type=\"radio\" id=\"wpforms-9092-field_65_1\" name=\"wpforms[fields][65]\" value=\"Ich habe Mobilfunk und m\u00f6chte Festnetz dazu bestellen\"  ><label class=\"wpforms-field-label-inline\" for=\"wpforms-9092-field_65_1\">Ich habe Mobilfunk und m\u00f6chte Festnetz dazu bestellen<\/label><\/li><li class=\"choice-2 depth-1\"><input type=\"radio\" id=\"wpforms-9092-field_65_2\" name=\"wpforms[fields][65]\" value=\"Ich habe Festnetz und m\u00f6chte Mobilfunk dazu bestellen\"  ><label class=\"wpforms-field-label-inline\" for=\"wpforms-9092-field_65_2\">Ich habe Festnetz und m\u00f6chte Mobilfunk dazu bestellen<\/label><\/li><li class=\"choice-3 depth-1\"><input type=\"radio\" id=\"wpforms-9092-field_65_3\" name=\"wpforms[fields][65]\" value=\"Ich habe Festnetz und brauche einen weiteren Anschluss (z.B. Ferienhaus, HomeOffice)\"  ><label class=\"wpforms-field-label-inline\" for=\"wpforms-9092-field_65_3\">Ich habe Festnetz und brauche einen weiteren Anschluss (z.B. Ferienhaus, HomeOffice)<\/label><\/li><li class=\"choice-4 depth-1\"><input type=\"radio\" id=\"wpforms-9092-field_65_4\" name=\"wpforms[fields][65]\" value=\"Ich habe Mobilfunk und m\u00f6chte einen zus\u00e4tzlichen Tarif (z.B. Partnerkarte)\"  ><label class=\"wpforms-field-label-inline\" for=\"wpforms-9092-field_65_4\">Ich habe Mobilfunk und m\u00f6chte einen zus\u00e4tzlichen Tarif (z.B. Partnerkarte)<\/label><\/li><li class=\"choice-5 depth-1\"><input type=\"radio\" id=\"wpforms-9092-field_65_5\" name=\"wpforms[fields][65]\" value=\"MultiSIM \/ MultiCard (Zweitkarte ohne eigenen Tarif)\"  ><label class=\"wpforms-field-label-inline\" for=\"wpforms-9092-field_65_5\">MultiSIM \/ MultiCard (Zweitkarte ohne eigenen Tarif)<\/label><\/li><\/ul><\/div><div id=\"wpforms-9092-field_38-container\" class=\"wpforms-field wpforms-field-radio wpforms-conditional-field wpforms-conditional-show wpforms-conditional-trigger\" data-field-id=\"38\" style=\"display:none;\"><label class=\"wpforms-field-label\">Wie sollen wir Kontakt aufnehmen? <span class=\"wpforms-required-label\">*<\/span><\/label><ul id=\"wpforms-9092-field_38\" class=\"wpforms-field-required\"><li class=\"choice-1 depth-1\"><input type=\"radio\" id=\"wpforms-9092-field_38_1\" name=\"wpforms[fields][38]\" value=\"R\u00fcckruf - bitte rufen Sie mich an\" required ><label class=\"wpforms-field-label-inline\" for=\"wpforms-9092-field_38_1\">R\u00fcckruf - bitte rufen Sie mich an<\/label><\/li><li class=\"choice-2 depth-1\"><input type=\"radio\" id=\"wpforms-9092-field_38_2\" name=\"wpforms[fields][38]\" value=\"Bitte antworten Sie mir per E-Mail\" required ><label class=\"wpforms-field-label-inline\" for=\"wpforms-9092-field_38_2\">Bitte antworten Sie mir per E-Mail<\/label><\/li><\/ul><\/div><div id=\"wpforms-9092-field_1-container\" class=\"wpforms-field wpforms-field-text wpforms-conditional-field wpforms-conditional-show\" data-field-id=\"1\" style=\"display:none;\"><label class=\"wpforms-field-label wpforms-label-hide\" for=\"wpforms-9092-field_1\">Name <span class=\"wpforms-required-label\">*<\/span><\/label><input type=\"text\" id=\"wpforms-9092-field_1\" class=\"wpforms-field-medium wpforms-field-required\" name=\"wpforms[fields][1]\" placeholder=\"Vorname Nachname*\" required><\/div><div id=\"wpforms-9092-field_31-container\" class=\"wpforms-field wpforms-field-text wpforms-conditional-field wpforms-conditional-show\" data-field-id=\"31\" style=\"display:none;\"><label class=\"wpforms-field-label wpforms-label-hide\" for=\"wpforms-9092-field_31\">Rufnummer <span class=\"wpforms-required-label\">*<\/span><\/label><input type=\"text\" id=\"wpforms-9092-field_31\" class=\"wpforms-field-medium wpforms-field-required\" name=\"wpforms[fields][31]\" placeholder=\"R\u00fcckruf-Rufnummer*\" required><\/div><div id=\"wpforms-9092-field_2-container\" class=\"wpforms-field wpforms-field-email wpforms-conditional-field wpforms-conditional-show\" data-field-id=\"2\" style=\"display:none;\"><label class=\"wpforms-field-label wpforms-label-hide\" for=\"wpforms-9092-field_2\">E-Mail-Adresse <span class=\"wpforms-required-label\">*<\/span><\/label><input type=\"email\" id=\"wpforms-9092-field_2\" class=\"wpforms-field-medium wpforms-field-required\" name=\"wpforms[fields][2]\" placeholder=\"E-Mail-Adresse*\" spellcheck=\"false\" required><\/div><div id=\"wpforms-9092-field_30-container\" class=\"wpforms-field wpforms-field-text wpforms-conditional-field wpforms-conditional-show\" data-field-id=\"30\" style=\"display:none;\"><label class=\"wpforms-field-label wpforms-label-hide\" for=\"wpforms-9092-field_30\">Rufnummer (optional)<\/label><input type=\"text\" id=\"wpforms-9092-field_30\" class=\"wpforms-field-medium\" name=\"wpforms[fields][30]\" placeholder=\"R\u00fcckruf-Rufnummer (optional)\" ><\/div><div id=\"wpforms-9092-field_28-container\" class=\"wpforms-field wpforms-field-email wpforms-conditional-field wpforms-conditional-show\" data-field-id=\"28\" style=\"display:none;\"><label class=\"wpforms-field-label wpforms-label-hide\" for=\"wpforms-9092-field_28\">E-Mail-Adresse (optional)<\/label><input type=\"email\" id=\"wpforms-9092-field_28\" class=\"wpforms-field-medium\" name=\"wpforms[fields][28]\" placeholder=\"E-Mail-Adresse (optional)\" spellcheck=\"false\" ><\/div><div id=\"wpforms-9092-field_33-container\" class=\"wpforms-field wpforms-field-text wpforms-conditional-field wpforms-conditional-show\" data-field-id=\"33\" style=\"display:none;\"><label class=\"wpforms-field-label wpforms-label-hide\" for=\"wpforms-9092-field_33\">R\u00fcckruf-Rufnummer (weitere)<\/label><input type=\"text\" id=\"wpforms-9092-field_33\" class=\"wpforms-field-medium\" name=\"wpforms[fields][33]\" placeholder=\"Weitere Rufnummer(n) - optional\" ><\/div><div id=\"wpforms-9092-field_32-container\" class=\"wpforms-field wpforms-field-select wpforms-conditional-field wpforms-conditional-show wpforms-field-select-style-classic\" data-field-id=\"32\" style=\"display:none;\"><label class=\"wpforms-field-label wpforms-label-hide\" for=\"wpforms-9092-field_32\">Uhrzeit-Wunsch <span class=\"wpforms-required-label\">*<\/span><\/label><select id=\"wpforms-9092-field_32\" class=\"wpforms-field-medium wpforms-field-required\" name=\"wpforms[fields][32]\" required=\"required\"><option value=\"\" class=\"placeholder\" disabled  selected='selected'>Wann erreichen wir Sie am besten?*<\/option><option value=\"R\u00fcckruf Uhrzeit egal\"  class=\"choice-4 depth-1\"  >R\u00fcckruf Uhrzeit egal<\/option><option value=\"07:30 bis 09:00 Uhr\"  class=\"choice-5 depth-1\"  >07:30 bis 09:00 Uhr<\/option><option value=\"09:00 bis 11:00 Uhr\"  class=\"choice-6 depth-1\"  >09:00 bis 11:00 Uhr<\/option><option value=\"11:00 bis 13:00 Uhr\"  class=\"choice-7 depth-1\"  >11:00 bis 13:00 Uhr<\/option><option value=\"13:00 bis 15:00 Uhr\"  class=\"choice-8 depth-1\"  >13:00 bis 15:00 Uhr<\/option><option value=\"15:00 bis 17:00 Uhr\"  class=\"choice-9 depth-1\"  >15:00 bis 17:00 Uhr<\/option><option value=\"17:00 bis 19:00 Uhr\"  class=\"choice-10 depth-1\"  >17:00 bis 19:00 Uhr<\/option><option value=\"19:00 bis 21:00 Uhr\"  class=\"choice-11 depth-1\"  >19:00 bis 21:00 Uhr<\/option><option value=\"21:00 bis 22:00 Uhr\"  class=\"choice-12 depth-1\"  >21:00 bis 22:00 Uhr<\/option><option value=\"R\u00fcckruf am Wochenende\"  class=\"choice-13 depth-1\"  >R\u00fcckruf am Wochenende<\/option><\/select><\/div><div id=\"wpforms-9092-field_4-container\" class=\"wpforms-field wpforms-field-text wpforms-conditional-field wpforms-conditional-show\" data-field-id=\"4\" style=\"display:none;\"><label class=\"wpforms-field-label wpforms-label-hide\" for=\"wpforms-9092-field_4\">Verf\u00fcgbarkeit<\/label><input type=\"text\" id=\"wpforms-9092-field_4\" class=\"wpforms-field-large\" name=\"wpforms[fields][4]\" placeholder=\"Verf\u00fcgbarkeit pr\u00fcfen (optional)\" ><div class=\"wpforms-field-description\">Anschrift des Standortes, f\u00fcr den wir auf Wunsch <strong>unverbindlich<\/strong> die <strong><a href=\"https:\/\/aktionen-tarife.de\/1und1\/verfuegbarkeit\" target=\"_blank\">1&1 Verf\u00fcgbarkeit<\/a><\/strong> pr\u00fcfen sollen.<\/div><\/div><div id=\"wpforms-9092-field_62-container\" class=\"wpforms-field wpforms-field-checkbox wpforms-list-2-columns wpforms-conditional-field wpforms-conditional-show\" data-field-id=\"62\" style=\"display:none;\"><label class=\"wpforms-field-label\">F\u00fcr was interessieren Sie sich?<\/label><ul id=\"wpforms-9092-field_62\"><li class=\"choice-7 depth-1\"><input type=\"checkbox\" id=\"wpforms-9092-field_62_7\" name=\"wpforms[fields][62][]\" value=\"Festnetz (DSL \/ Glasfaser)\"  ><label class=\"wpforms-field-label-inline\" for=\"wpforms-9092-field_62_7\">Festnetz (DSL \/ Glasfaser)<\/label><\/li><li class=\"choice-1 depth-1\"><input type=\"checkbox\" id=\"wpforms-9092-field_62_1\" name=\"wpforms[fields][62][]\" value=\"Handyvertrag (nur SIM-Karte)\"  ><label class=\"wpforms-field-label-inline\" for=\"wpforms-9092-field_62_1\">Handyvertrag (nur SIM-Karte)<\/label><\/li><li class=\"choice-2 depth-1\"><input type=\"checkbox\" id=\"wpforms-9092-field_62_2\" name=\"wpforms[fields][62][]\" value=\"Handyvertrag mit Smartphone\"  ><label class=\"wpforms-field-label-inline\" for=\"wpforms-9092-field_62_2\">Handyvertrag mit Smartphone<\/label><\/li><li class=\"choice-4 depth-1\"><input type=\"checkbox\" id=\"wpforms-9092-field_62_4\" name=\"wpforms[fields][62][]\" value=\"Datentarife (auch mit Tablet)\"  ><label class=\"wpforms-field-label-inline\" for=\"wpforms-9092-field_62_4\">Datentarife (auch mit Tablet)<\/label><\/li><li class=\"choice-9 depth-1\"><input type=\"checkbox\" id=\"wpforms-9092-field_62_9\" name=\"wpforms[fields][62][]\" value=\"Webhosting \/ Server (Ionos)\"  ><label class=\"wpforms-field-label-inline\" for=\"wpforms-9092-field_62_9\">Webhosting \/ Server (Ionos)<\/label><\/li><\/ul><\/div><div id=\"wpforms-9092-field_48-container\" class=\"wpforms-field wpforms-field-radio wpforms-conditional-field wpforms-conditional-show\" data-field-id=\"48\" style=\"display:none;\"><label class=\"wpforms-field-label\">Was ist Ihr Anliegen f\u00fcr den R\u00fcckruf?<\/label><ul id=\"wpforms-9092-field_48\"><li class=\"choice-1 depth-1\"><input type=\"radio\" id=\"wpforms-9092-field_48_1\" name=\"wpforms[fields][48]\" value=\"Ich m\u00f6chte direkt telefonisch bestellen\"  ><label class=\"wpforms-field-label-inline\" for=\"wpforms-9092-field_48_1\">Ich m\u00f6chte direkt telefonisch bestellen<\/label><\/li><li class=\"choice-2 depth-1\"><input type=\"radio\" id=\"wpforms-9092-field_48_2\" name=\"wpforms[fields][48]\" value=\"Ich w\u00fcnsche eine unverbindliche Tarifberatung\"  ><label class=\"wpforms-field-label-inline\" for=\"wpforms-9092-field_48_2\">Ich w\u00fcnsche eine unverbindliche Tarifberatung<\/label><\/li><\/ul><\/div><div id=\"wpforms-9092-field_25-container\" class=\"wpforms-field wpforms-field-textarea wpforms-conditional-field wpforms-conditional-show\" data-field-id=\"25\" style=\"display:none;\"><label class=\"wpforms-field-label\" for=\"wpforms-9092-field_25\">Ihre Anfrage <span class=\"wpforms-required-label\">*<\/span><\/label><textarea id=\"wpforms-9092-field_25\" class=\"wpforms-field-medium wpforms-field-required\" name=\"wpforms[fields][25]\" placeholder=\"Wie genau k\u00f6nnen wir Ihnen weiterhelfen?\" required><\/textarea><\/div><div id=\"wpforms-9092-field_43-container\" class=\"wpforms-field wpforms-field-textarea wpforms-conditional-field wpforms-conditional-show\" data-field-id=\"43\" style=\"display:none;\"><label class=\"wpforms-field-label\" for=\"wpforms-9092-field_43\">Weitere Angaben<\/label><textarea id=\"wpforms-9092-field_43\" class=\"wpforms-field-medium\" name=\"wpforms[fields][43]\" placeholder=\"Auf Wunsch weitere Angaben, z.B. f\u00fcr welches Produkt genau Sie sich interessieren.\" ><\/textarea><\/div><div id=\"wpforms-9092-field_49-container\" class=\"wpforms-field wpforms-field-checkbox wpforms-conditional-field wpforms-conditional-show\" data-field-id=\"49\" style=\"display:none;\"><label class=\"wpforms-field-label\">Datenschutz <span class=\"wpforms-required-label\">*<\/span><\/label><ul id=\"wpforms-9092-field_49\" class=\"wpforms-field-required\"><li class=\"choice-1 depth-1\"><input type=\"checkbox\" id=\"wpforms-9092-field_49_1\" name=\"wpforms[fields][49][]\" value=\"Ich habe die Datenschutz-Hinweise zur Kenntnis genommen.\" required ><label class=\"wpforms-field-label-inline\" for=\"wpforms-9092-field_49_1\">Ich habe die Datenschutz-Hinweise zur Kenntnis genommen.<\/label><\/li><\/ul><div class=\"wpforms-field-description\">Mit dem Absenden des Kontaktformulares erkl\u00e4ren Sie sich damit einverstanden, dass wir Ihre Angaben f\u00fcr die Beantwortung der Anfrage verwenden und speichern. Es erfolgt keine Weitergabe der Daten an unberechtigte Dritte. Ihre Daten werden nach angemessener Zeit gel\u00f6scht, wenn der Zweck der Datenverarbeitung \/ -speicherung entfallen ist. Weitere Informationen finden Sie in unserer <a href=\"https:\/\/aktionen-tarife.de\/1und1\/datenschutz\" target=\"_blank\">Datenschutzerkl\u00e4rung<\/a>.<\/div><\/div><div id=\"wpforms-9092-field_67-container\" class=\"wpforms-field wpforms-field-captcha wpforms-conditional-field wpforms-conditional-show\" data-field-id=\"67\" style=\"display:none;\"><label class=\"wpforms-field-label\" for=\"wpforms-9092-field_67\">Kontrollaufgabe zum Absenden Ihrer Anfrage (Captcha) <span class=\"wpforms-required-label\">*<\/span><\/label>\t\t\t<div class=\"wpforms-captcha-math\">\n\t\t\t\t<span id=\"wpforms-9092-field_67-question\" class=\"wpforms-captcha-equation\">\n\t\t\t\t\t<span class=\"n1\">13<\/span>\n\t\t\t\t\t\t\t<span class=\"cal\">*<\/span>\n\t\t\t\t\t\t\t<span class=\"n2\">11<\/span>\t\t\t\t\t<span class=\"e\">=<\/span>\n\t\t\t\t<\/span>\n\t\t\t\t<input type=\"text\" id=\"wpforms-9092-field_67\" class=\"wpforms-field-medium wpforms-field-required a\" data-rule-wpf-captcha=\"math\" data-is-wrapped-field=\"1\" name=\"wpforms[fields][67][a]\" aria-describedby=\"wpforms-9092-field_67-question\" required>\t\t\t\t<input type=\"hidden\" name=\"wpforms[fields][67][cal]\" class=\"cal\">\n\t\t\t\t<input type=\"hidden\" name=\"wpforms[fields][67][n2]\" class=\"n2\">\n\t\t\t\t<input type=\"hidden\" name=\"wpforms[fields][67][n1]\" class=\"n1\">\n\t\t\t<\/div>\n\t\t\t<div class=\"wpforms-field-description\">Als Nachweis, dass Sie ein \"Mensch\" sind<\/div><\/div><\/div><!-- .wpforms-field-container --><div class=\"wpforms-submit-container\" ><input type=\"hidden\" name=\"wpforms[id]\" value=\"9092\"><input type=\"hidden\" name=\"page_title\" value=\"\"><input type=\"hidden\" name=\"page_url\" value=\"https:\/\/aktionen-tarife.de\/1und1\/wp-json\/wp\/v2\/pages\/1686\"><input type=\"hidden\" name=\"url_referer\" value=\"\"><button type=\"submit\" name=\"wpforms[submit]\" id=\"wpforms-submit-9092\" class=\"wpforms-submit kontaktformular-button-absenden\" data-alt-text=\"Wird gesendet - bitte etwas Geduld\" data-submit-text=\"Weiter \/ Absenden\" aria-live=\"assertive\" value=\"wpforms-submit\">Weiter \/ Absenden<\/button><\/div><\/form><\/div>  <!-- .wpforms-container -->\n<hr \/>\n<h2>1&amp;1 DSL \/ VDSL ist verf\u00fcgbar? <span class=\"farbig\">Tarif\u00fcbersicht<\/span> Festnetz Angebote:<\/h2>\n<p>Alle 1&amp;1 Breitband Tarife beinhalten einen Telefonanschluss mit Flat in das deutsche Festnetz.<\/p>\n<ul>\n<li><strong><a href=\"https:\/\/aktionen-tarife.de\/1und1\/dsl\/basic\">1&amp;1 DSL Basic<\/a><\/strong>: Internet bis 16 MBit\/s (Drosselung ab 100 GB).<\/li>\n<li><a href=\"https:\/\/aktionen-tarife.de\/1und1\/dsl\/16-mbit\"><strong>1&amp;1 DSL\u00a0 16<\/strong><\/a>: Internetflat ohne Drosselung bis 16 MBit\/s.<\/li>\n<li><strong><a href=\"https:\/\/aktionen-tarife.de\/1und1\/vdsl\/50-mbit\">1&amp;1 VDSL 50<\/a><\/strong>: Internetflat unbegrenzt (bis 50 MBit\/s).<\/li>\n<li><a href=\"https:\/\/aktionen-tarife.de\/1und1\/vdsl\/100-mbit\"><strong>1&amp;1 VDSL 100<\/strong><\/a>: Flat zum Highspeed-Surfen bis 100 MBit\/s.<\/li>\n<li><a href=\"https:\/\/aktionen-tarife.de\/1und1\/zum-anbieter\/festnetz\/1und1-festnetz-business\" target=\"_blank\" rel=\"noopener\"><strong>1&amp;1 Business Tarife<\/strong><\/a>: DSL und VDSL Tarife f\u00fcr Gesch\u00e4ftskunden.<\/li>\n<\/ul>\n","protected":false},"excerpt":{"rendered":"<p>Die 1&amp;1 Verf\u00fcgbarkeit (DSL \/ VDSL Check) k\u00f6nnen Sie nicht nur online pr\u00fcfen, sondern auch telefonisch. Rufen Sie uns an unter oder f\u00fcllen Sie f\u00fcr einen R\u00fcckruf dieses Formular aus: Die 1&amp;1 Verf\u00fcgbarkeit (DSL \/ VDSL) k\u00f6nnen Sie online und telefonisch pr\u00fcfen. Rufen Sie an unter oder R\u00fcckruf-Formular ausf\u00fcllen: 1&amp;1 DSL \/ VDSL ist verf\u00fcgbar? &hellip; <a href=\"https:\/\/aktionen-tarife.de\/1und1\/festnetz\/verfuegbarkeit\/telefonisch-pruefen\" class=\"more-link\"><span class=\"screen-reader-text\">1&#038;1 Verf\u00fcgbarkeit DSL \/ VDSL telefonisch pr\u00fcfen lassen<\/span> weiterlesen <span class=\"meta-nav\">&rarr;<\/span><\/a><\/p>\n","protected":false},"author":30,"featured_media":0,"parent":1648,"menu_order":0,"comment_status":"closed","ping_status":"closed","template":"","meta":{"footnotes":""},"class_list":["post-1686","page","type-page","status-publish","hentry"],"_links":{"self":[{"href":"https:\/\/aktionen-tarife.de\/1und1\/wp-json\/wp\/v2\/pages\/1686","targetHints":{"allow":["GET"]}}],"collection":[{"href":"https:\/\/aktionen-tarife.de\/1und1\/wp-json\/wp\/v2\/pages"}],"about":[{"href":"https:\/\/aktionen-tarife.de\/1und1\/wp-json\/wp\/v2\/types\/page"}],"author":[{"embeddable":true,"href":"https:\/\/aktionen-tarife.de\/1und1\/wp-json\/wp\/v2\/users\/30"}],"replies":[{"embeddable":true,"href":"https:\/\/aktionen-tarife.de\/1und1\/wp-json\/wp\/v2\/comments?post=1686"}],"version-history":[{"count":2,"href":"https:\/\/aktionen-tarife.de\/1und1\/wp-json\/wp\/v2\/pages\/1686\/revisions"}],"predecessor-version":[{"id":9713,"href":"https:\/\/aktionen-tarife.de\/1und1\/wp-json\/wp\/v2\/pages\/1686\/revisions\/9713"}],"up":[{"embeddable":true,"href":"https:\/\/aktionen-tarife.de\/1und1\/wp-json\/wp\/v2\/pages\/1648"}],"wp:attachment":[{"href":"https:\/\/aktionen-tarife.de\/1und1\/wp-json\/wp\/v2\/media?parent=1686"}],"curies":[{"name":"wp","href":"https:\/\/api.w.org\/{rel}","templated":true}]}}