{"id":1648,"date":"2017-07-02T00:01:59","date_gmt":"2017-07-01T22:01:59","guid":{"rendered":"https:\/\/aktionen-tarife.de\/1und1\/?page_id=1648"},"modified":"2017-07-03T15:00:35","modified_gmt":"2017-07-03T13:00:35","slug":"verfuegbarkeit","status":"publish","type":"page","link":"https:\/\/aktionen-tarife.de\/1und1\/festnetz\/verfuegbarkeit","title":{"rendered":"1&#038;1 Verf\u00fcgbarkeit pr\u00fcfen (Breitband Internet: DSL \/ VDSL)"},"content":{"rendered":"<p><a href=\"https:\/\/aktionen-tarife.de\/1und1\/zum-anbieter\/festnetz\/1und1-festnetz-check\" target=\"_blank\"><img decoding=\"async\" class=\"alignright size-full wp-image-1678\" src=\"https:\/\/aktionen-tarife.de\/1und1\/inhalte\/2015\/12\/1und1-verfuegbarkeit-pruefen.png\" alt=\"1&amp;1 Verf\u00fcgbarkeit pr\u00fcfen (DSL \/ VDSL)\" width=\"150\" height=\"204\" srcset=\"https:\/\/aktionen-tarife.de\/1und1\/inhalte\/2015\/12\/1und1-verfuegbarkeit-pruefen.png 150w, https:\/\/aktionen-tarife.de\/1und1\/inhalte\/2015\/12\/1und1-verfuegbarkeit-pruefen-80x109.png 80w\" sizes=\"(max-width: 150px) 100vw, 150px\" \/><\/a>Die <span class=\"farbig\">1&amp;1 Verf\u00fcgbarkeit<\/span> f\u00fcr Breitband Internet h\u00e4ngt von verschiedenen Faktoren wie Netzausbau, Leitungsl\u00e4nge und mehr ab. Ob <strong><a href=\"https:\/\/aktionen-tarife.de\/1und1\/dsl\">1&amp;1 DSL<\/a><\/strong> bzw. das noch schnellere <strong><a href=\"https:\/\/aktionen-tarife.de\/1und1\/vdsl\">1&amp;1 VDSL<\/a><\/strong> bei Ihnen verf\u00fcgbar ist, hier\u00a0 pr\u00fcfen:<\/p>\n<ul class=\"desktop-tablet\">\n<li><a href=\"https:\/\/aktionen-tarife.de\/1und1\/zum-anbieter\/festnetz\/1und1-festnetz-check\" target=\"_blank\"><strong>1&amp;1 Verf\u00fcgbarkeit hier online pr\u00fcfen<\/strong> (Online-Check)<\/a><\/li>\n<li>1&amp;1 Verf\u00fcgbarkeit <span class=\"farbig\">telefonisch<\/span> unter <strong><a href=\"tel:+4939434099911\" onclick=\"ga('send', 'event', 'hotline', 'hotline-content', 'hotline-content-ohne-zeit');\">0 39 43 \/ 40 999 11<\/a><\/strong> erfragen oder <a href=\"https:\/\/aktionen-tarife.de\/1und1\/festnetz\/verfuegbarkeit\/telefonisch-pruefen\">R\u00fcckruf-Service<\/a> (kostenlos &amp; unverbindlich) nutzen.<\/li>\n<li><a href=\"https:\/\/aktionen-tarife.de\/1und1\/festnetz\/verfuegbarkeit\/schriftliche-anfrage\"><strong>Schriftliche Anfrage zur 1&amp;1 Verf\u00fcgbarkeit stellen<\/strong><\/a><\/li>\n<\/ul>\n<ul class=\"smartphone\">\n<li><a href=\"https:\/\/aktionen-tarife.de\/1und1\/zum-anbieter\/festnetz\/1und1-festnetz-check\" target=\"_blank\"><strong>1&amp;1 Verf\u00fcgbarkeit online pr\u00fcfen<\/strong><\/a><\/li>\n<li>1&amp;1 Verf\u00fcgbarkeit <span class=\"farbig\">telefonisch<\/span> unter <strong><a href=\"tel:+4939434099911\" onclick=\"ga('send', 'event', 'hotline', 'hotline-content', 'hotline-content-ohne-zeit');\">0 39 43 \/ 40 999 11<\/a><\/strong> erfragen oder <a href=\"https:\/\/aktionen-tarife.de\/1und1\/festnetz\/verfuegbarkeit\/telefonisch-pruefen\">R\u00fcckruf-Service<\/a> nutzen.<\/li>\n<li><a href=\"https:\/\/aktionen-tarife.de\/1und1\/festnetz\/verfuegbarkeit\/schriftliche-anfrage\"><strong>Schriftliche Anfrage zur Verf\u00fcgbarkeit<\/strong><\/a><\/li>\n<\/ul>\n<p>Wenn die 1&amp;1 Verf\u00fcgbarkeit der Breitband Internet Tarife (Festnetz) gegeben ist, k\u00f6nnen Sie sich f\u00fcr einen der vielen g\u00fcnstigen 1&amp;1 <a href=\"https:\/\/aktionen-tarife.de\/1und1\/dsl\">DSL<\/a> und <a href=\"https:\/\/aktionen-tarife.de\/1und1\/vdsl\">VDSL<\/a> Tarife f\u00fcr Zuhause entscheiden.<\/p>\n<hr \/>\n<h2>1&amp;1 ist verf\u00fcgbar? <span class=\"farbig\">Tarif\u00fcbersicht<\/span> Breitband Internet Tarif<\/h2>\n<ul>\n<li><strong><a href=\"https:\/\/aktionen-tarife.de\/1und1\/dsl\/basic\">1&amp;1 DSL Basic<\/a><\/strong>: Internet bis 16 MBit\/s (bis 100 GB\u00a0 je\u00a0 Monat) und Telefonflat.<\/li>\n<li><a href=\"https:\/\/aktionen-tarife.de\/1und1\/dsl\/16-mbit\"><strong>1&amp;1 DSL\u00a0 16<\/strong><\/a>: Internetflat ohne Drosselung bis 16 MBit\/s, Telefonflat.<\/li>\n<li><strong><a href=\"https:\/\/aktionen-tarife.de\/1und1\/vdsl\/50-mbit\">1&amp;1 VDSL 50<\/a><\/strong>: Internetflat unbegrenzt (bis 50 MBit\/s), Telefonflat.<\/li>\n<li><a href=\"https:\/\/aktionen-tarife.de\/1und1\/vdsl\/100-mbit\"><strong>1&amp;1 VDSL 100<\/strong><\/a>: Highspeed\u00a0 Flat Surfen bis 100 MBit\/s, Telefonflat.<\/li>\n<li><a href=\"https:\/\/aktionen-tarife.de\/1und1\/zum-anbieter\/festnetz\/1und1-festnetz-business\" target=\"_blank\"><strong>1&amp;1 Business Tarife<\/strong><\/a>: DSL und VDSL Tarife f\u00fcr Gesch\u00e4ftskunden.<\/li>\n<\/ul>\n<p>Wenn Sie 1&amp;1 DSL \/ VDSL im April 2026 bestellen, warten besondere Angebote auf Sie.<\/p>\n<hr \/>\n<h2>1&amp;1 Verf\u00fcgbarkeit <span class=\"farbig\">online pr\u00fcfen<\/span> (Online-Verf\u00fcgbarkeitscheck)<\/h2>\n<p><a href=\"https:\/\/aktionen-tarife.de\/1und1\/zum-anbieter\/festnetz\/1und1-festnetz-check\" target=\"_blank\"><img decoding=\"async\" class=\"alignright size-full wp-image-1676\" src=\"https:\/\/aktionen-tarife.de\/1und1\/inhalte\/2015\/12\/1und1-breitband-internet-dsl-vdsl-verfuegbarkeit-pruefen.png\" alt=\"1&amp;1 Breitband Internet (DSL \/ VDSL) Verf\u00fcgbarkeit pr\u00fcfen\" width=\"150\" height=\"30\" srcset=\"https:\/\/aktionen-tarife.de\/1und1\/inhalte\/2015\/12\/1und1-breitband-internet-dsl-vdsl-verfuegbarkeit-pruefen.png 150w, https:\/\/aktionen-tarife.de\/1und1\/inhalte\/2015\/12\/1und1-breitband-internet-dsl-vdsl-verfuegbarkeit-pruefen-80x16.png 80w\" sizes=\"(max-width: 150px) 100vw, 150px\" \/><\/a>Die Onlinepr\u00fcfung der 1&amp;1 Verf\u00fcgbarkeit ist der schnellste Weg um zu erfahren, ob die 1&amp;1 Breitband Internet Tarife (<a href=\"https:\/\/aktionen-tarife.de\/1und1\/dsl\/verfuegbarkeit\">DSL<\/a> \/ <a href=\"https:\/\/aktionen-tarife.de\/1und1\/vdsl\/verfuegbarkeit\">VDSL<\/a>) an Ihrer Anschrift \/ Wohnort verf\u00fcgbar sind. F\u00fcr den Onlinecheck der 1&amp;1 Verf\u00fcgbarkeit ben\u00f6tigen Sie lediglich Ihre Anschrift und Vorwahl. Im <strong><a href=\"https:\/\/aktionen-tarife.de\/1und1\/zum-anbieter\/festnetz\/1und1-festnetz-check\" target=\"_blank\">Online-Verf\u00fcgbarkeitscheck<\/a><\/strong> wird Ihnen dann direkt online angezeigt, welche 1&amp;1 Produkte an Ihrer Adresse technisch m\u00f6glich bzw. ausgebaut sind.<\/p>\n<hr \/>\n<h2>1&amp;1 Verf\u00fcgbarkeit <span class=\"farbig\">telefonisch pr\u00fcfen<\/span> (auf Wunsch mit Beratung)<\/h2>\n<p>Gern pr\u00fcfen wir auch unverbindlich und kostenlos <strong>telefonisch<\/strong> die 1&amp;1 Verf\u00fcgbarkeit f\u00fcr Sie. Unsere Mitarbeiter ben\u00f6tigen lediglich Anschrift und Vorwahl, um einen Verf\u00fcgbarkeitscheck durchzuf\u00fchren. Sollten die 1&amp;1 <a href=\"https:\/\/aktionen-tarife.de\/1und1\/dsl-vdsl\">Breitband Tarife<\/a> bei Ihnen verf\u00fcgbar sein, beraten wir Sie gern auch am Telefon, welches der Angebote am besten zu Ihren Bed\u00fcrfnissen passt. Nutzen Sie einfach unseren <strong><a href=\"https:\/\/aktionen-tarife.de\/1und1\/festnetz\/verfuegbarkeit\/telefonisch-pruefen\">R\u00fcckrufservice<\/a><\/strong> oder rufen Sie uns direkt an:<\/p>\n<p><span class=\"desktop-tablet\"><strong>Tel.<\/strong>\u00a0<strong><a href=\"tel:+4939434099911\" onclick=\"ga('send', 'event', 'hotline', 'hotline-content', 'hotline-content-mit-zeit');\">0 39 43 \/ 40 999 11<\/a><\/strong> (Mo.-Fr. 7:30-22 \/ Sa. 8-22 \/ So. + Feiertag 10-22 Uhr) <\/span><span class=\"smartphone\"><strong>Tel.<\/strong>\u00a0<strong><a href=\"tel:+4939434099911\" onclick=\"ga('send', 'event', 'hotline', 'hotline-content', 'hotline-content-mit-zeit');\">0 39 43 \/ 40 999 11<\/a><\/strong> (Mo.-Fr. 7:30-22 \/ Sa. 8-22 \/ So. + Feiertag 10-22 Uhr)<\/span><\/p>\n<hr \/>\n<h2>1&amp;1 Verf\u00fcgbarkeit<span class=\"farbig\">\u00a0 schriftliche Anfrage stellen<\/span><\/h2>\n<p>Auf Wunsch k\u00f6nnen Sie uns auch eine <strong><a href=\"https:\/\/aktionen-tarife.de\/1und1\/festnetz\/verfuegbarkeit\/schriftliche-anfrage\">schriftliche Anfrage<\/a><\/strong> zur 1&amp;1 Verf\u00fcgbarkeit \u00fcbermitteln. Wir teilen Ihnen dann per E-Mail mit, welche <a href=\"https:\/\/aktionen-tarife.de\/1und1\/festnetz\">1&amp;1 Festnetz Tarife<\/a> bei Ihnen verf\u00fcgbar sind.<\/p>\n","protected":false},"excerpt":{"rendered":"<p>Die 1&amp;1 Verf\u00fcgbarkeit f\u00fcr Breitband Internet h\u00e4ngt von verschiedenen Faktoren wie Netzausbau, Leitungsl\u00e4nge und mehr ab. Ob 1&amp;1 DSL bzw. das noch schnellere 1&amp;1 VDSL bei Ihnen verf\u00fcgbar ist, hier\u00a0 pr\u00fcfen: 1&amp;1 Verf\u00fcgbarkeit hier online pr\u00fcfen (Online-Check) 1&amp;1 Verf\u00fcgbarkeit telefonisch unter erfragen oder R\u00fcckruf-Service (kostenlos &amp; unverbindlich) nutzen. Schriftliche Anfrage zur 1&amp;1 Verf\u00fcgbarkeit stellen 1&amp;1 &hellip; <a href=\"https:\/\/aktionen-tarife.de\/1und1\/festnetz\/verfuegbarkeit\" class=\"more-link\"><span class=\"screen-reader-text\">1&#038;1 Verf\u00fcgbarkeit pr\u00fcfen (Breitband Internet: DSL \/ VDSL)<\/span> weiterlesen <span class=\"meta-nav\">&rarr;<\/span><\/a><\/p>\n","protected":false},"author":30,"featured_media":0,"parent":212,"menu_order":100010,"comment_status":"closed","ping_status":"closed","template":"","meta":{"footnotes":""},"class_list":["post-1648","page","type-page","status-publish","hentry"],"_links":{"self":[{"href":"https:\/\/aktionen-tarife.de\/1und1\/wp-json\/wp\/v2\/pages\/1648","targetHints":{"allow":["GET"]}}],"collection":[{"href":"https:\/\/aktionen-tarife.de\/1und1\/wp-json\/wp\/v2\/pages"}],"about":[{"href":"https:\/\/aktionen-tarife.de\/1und1\/wp-json\/wp\/v2\/types\/page"}],"author":[{"embeddable":true,"href":"https:\/\/aktionen-tarife.de\/1und1\/wp-json\/wp\/v2\/users\/30"}],"replies":[{"embeddable":true,"href":"https:\/\/aktionen-tarife.de\/1und1\/wp-json\/wp\/v2\/comments?post=1648"}],"version-history":[{"count":0,"href":"https:\/\/aktionen-tarife.de\/1und1\/wp-json\/wp\/v2\/pages\/1648\/revisions"}],"up":[{"embeddable":true,"href":"https:\/\/aktionen-tarife.de\/1und1\/wp-json\/wp\/v2\/pages\/212"}],"wp:attachment":[{"href":"https:\/\/aktionen-tarife.de\/1und1\/wp-json\/wp\/v2\/media?parent=1648"}],"curies":[{"name":"wp","href":"https:\/\/api.w.org\/{rel}","templated":true}]}}