{"id":1643,"date":"2017-07-02T00:01:41","date_gmt":"2017-07-01T22:01:41","guid":{"rendered":"https:\/\/aktionen-tarife.de\/1und1\/?page_id=1643"},"modified":"2017-07-03T15:14:53","modified_gmt":"2017-07-03T13:14:53","slug":"verfuegbarkeit","status":"publish","type":"page","link":"https:\/\/aktionen-tarife.de\/1und1\/dsl\/verfuegbarkeit","title":{"rendered":"1&#038;1 DSL Verf\u00fcgbarkeit pr\u00fcfen (Breitband Netzausbau Check)"},"content":{"rendered":"<p><a href=\"https:\/\/aktionen-tarife.de\/1und1\/zum-anbieter\/festnetz\/1und1-festnetz-check\" target=\"_blank\"><img decoding=\"async\" class=\"alignright size-full wp-image-1705\" src=\"https:\/\/aktionen-tarife.de\/1und1\/inhalte\/2015\/12\/1und1-dsl-verfuegbarkeit-pruefen.png\" alt=\"1&amp;1 DSL Verf\u00fcgbarkeit pr\u00fcfen - 1&amp;1 DSL verf\u00fcgbar?\" width=\"150\" height=\"204\" srcset=\"https:\/\/aktionen-tarife.de\/1und1\/inhalte\/2015\/12\/1und1-dsl-verfuegbarkeit-pruefen.png 150w, https:\/\/aktionen-tarife.de\/1und1\/inhalte\/2015\/12\/1und1-dsl-verfuegbarkeit-pruefen-80x109.png 80w\" sizes=\"(max-width: 150px) 100vw, 150px\" \/><\/a>Die <span class=\"farbig\">1&amp;1 DSL Verf\u00fcgbarkeit<\/span> h\u00e4ngt von unterschiedlichen Faktoren wie Netzausbau, Leitungsl\u00e4nge usw. ab. Ob <strong><a href=\"https:\/\/aktionen-tarife.de\/1und1\/dsl\">1&amp;1 DSL<\/a><\/strong> oder auch das noch schnellere <strong><a href=\"https:\/\/aktionen-tarife.de\/1und1\/vdsl\">1&amp;1 VDSL<\/a><\/strong> bei Ihnen verf\u00fcgbar ist, k\u00f6nnen Sie hier pr\u00fcfen:<\/p>\n<ul class=\"desktop-tablet\">\n<li><a href=\"https:\/\/aktionen-tarife.de\/1und1\/zum-anbieter\/festnetz\/1und1-festnetz-check\" target=\"_blank\"><strong>1&amp;1 DSL Verf\u00fcgbarkeit hier online pr\u00fcfen<\/strong> (Online-Check)<\/a><\/li>\n<li>1&amp;1 DSL Verf\u00fcgbarkeit <span class=\"farbig\">telefonisch<\/span> unter <strong><a href=\"tel:+4939434099911\" onclick=\"ga('send', 'event', 'hotline', 'hotline-content', 'hotline-content-ohne-zeit');\">0 39 43 \/ 40 999 11<\/a><\/strong> anfragen oder <a href=\"https:\/\/aktionen-tarife.de\/1und1\/festnetz\/verfuegbarkeit\/telefonisch-pruefen\">R\u00fcckruf-Service<\/a> nutzen (kostenlos).<\/li>\n<li><a href=\"https:\/\/aktionen-tarife.de\/1und1\/festnetz\/verfuegbarkeit\/schriftliche-anfrage\"><strong>Schriftliche Anfrage zur 1&amp;1 DSL Verf\u00fcgbarkeit stellen<\/strong><\/a><\/li>\n<\/ul>\n<ul class=\"smartphone\">\n<li><a href=\"https:\/\/aktionen-tarife.de\/1und1\/zum-anbieter\/festnetz\/1und1-festnetz-check\" target=\"_blank\"><strong>1&amp;1 DSL Check ONLINE<\/strong><\/a><\/li>\n<li>1&amp;1 DSL Verf\u00fcgbarkeit <span class=\"farbig\">telefonisch<\/span> unter <strong><a href=\"tel:+4939434099911\" onclick=\"ga('send', 'event', 'hotline', 'hotline-content', 'hotline-content-ohne-zeit');\">0 39 43 \/ 40 999 11<\/a><\/strong> anfragen oder <a href=\"https:\/\/aktionen-tarife.de\/1und1\/festnetz\/verfuegbarkeit\/telefonisch-pruefen\">R\u00fcckruf-Service<\/a> nutzen.<\/li>\n<li><a href=\"https:\/\/aktionen-tarife.de\/1und1\/festnetz\/verfuegbarkeit\/schriftliche-anfrage\"><strong>Anfrage zur DSL Verf\u00fcgbarkeit<\/strong><\/a><\/li>\n<\/ul>\n<p>Wenn die 1&amp;1 DSL <a href=\"https:\/\/aktionen-tarife.de\/1und1\/festnetz\/verfuegbarkeit\">Verf\u00fcgbarkeit<\/a> gegeben ist, stehen Ihnen viele g\u00fcnstige Tarife zur Auswahl.<\/p>\n<hr \/>\n<h2>1&amp;1 DSL ist verf\u00fcgbar? <span class=\"farbig\">Tarif\u00fcbersicht<\/span> Internet und Telefon Flats<\/h2>\n<ul>\n<li><strong><a href=\"https:\/\/aktionen-tarife.de\/1und1\/dsl\/basic\">1&amp;1 DSL Basic<\/a><\/strong>: Internet bis 16 MBit\/s (bis 100 GB\u00a0 je\u00a0 Monat) und Telefonflat.<\/li>\n<li><a href=\"https:\/\/aktionen-tarife.de\/1und1\/dsl\/16-mbit\"><strong>1&amp;1 DSL\u00a0 16<\/strong><\/a>: Internetflat ohne Drosselung bis 16 MBit\/s, Telefonflat.<\/li>\n<li><a href=\"https:\/\/aktionen-tarife.de\/1und1\/vdsl\"><strong>1&amp;1 VDSL Tarife<\/strong><\/a>: Surfen mit bis zu 100 MBit\/s. In vielen Regionen verf\u00fcgbar.<\/li>\n<li><a href=\"https:\/\/aktionen-tarife.de\/1und1\/zum-anbieter\/festnetz\/1und1-festnetz-business\" target=\"_blank\"><strong>1&amp;1 Business Tarife<\/strong><\/a>: DSL Tarife f\u00fcr Firmenkunden \/ Gesch\u00e4ftskunden.<\/li>\n<\/ul>\n<hr \/>\n<h2>1&amp;1 DSL Verf\u00fcgbarkeit <span class=\"farbig\">online pr\u00fcfen<\/span> (Verf\u00fcgbarkeitscheck)<\/h2>\n<p><a href=\"https:\/\/aktionen-tarife.de\/1und1\/zum-anbieter\/festnetz\/1und1-festnetz-check\" target=\"_blank\"><img decoding=\"async\" class=\"alignright size-full wp-image-1676\" src=\"https:\/\/aktionen-tarife.de\/1und1\/inhalte\/2015\/12\/1und1-breitband-internet-dsl-vdsl-verfuegbarkeit-pruefen.png\" alt=\"1&amp;1 Breitband Internet (DSL \/ VDSL) Verf\u00fcgbarkeit pr\u00fcfen\" width=\"150\" height=\"30\" srcset=\"https:\/\/aktionen-tarife.de\/1und1\/inhalte\/2015\/12\/1und1-breitband-internet-dsl-vdsl-verfuegbarkeit-pruefen.png 150w, https:\/\/aktionen-tarife.de\/1und1\/inhalte\/2015\/12\/1und1-breitband-internet-dsl-vdsl-verfuegbarkeit-pruefen-80x16.png 80w\" sizes=\"(max-width: 150px) 100vw, 150px\" \/><\/a>Die Onlinepr\u00fcfung der 1&amp;1 DSL Verf\u00fcgbarkeit ist der einfachste Weg um zu erfahren, ob die 1&amp;1 <a href=\"https:\/\/aktionen-tarife.de\/1und1\/dsl\/verfuegbarkeit\">DSL<\/a> Internet Tarife\u00a0 an Ihrer Anschrift verf\u00fcgbar sind. F\u00fcr den Online-Check der 1&amp;1 DSL Verf\u00fcgbarkeit an Ihrem Wohnort ben\u00f6tigen Sie Ihre Anschrift und Vorwahl. Im <strong><a href=\"https:\/\/aktionen-tarife.de\/1und1\/zum-anbieter\/festnetz\/1und1-festnetz-check\" target=\"_blank\">Online-Verf\u00fcgbarkeitscheck<\/a><\/strong> wird Ihnen direkt online angezeigt, welche 1&amp;1 DSL Angebote\u00a0 an Ihrer Adresse technisch m\u00f6glich sind.<\/p>\n<hr \/>\n<h2>1&amp;1 DSL Verf\u00fcgbarkeit <span class=\"farbig\">telefonisch pr\u00fcfen<\/span> (auch mit Beratung)<\/h2>\n<p>Gern \u00fcberpr\u00fcfen wir auch unverbindlich <strong>telefonisch<\/strong> die 1&amp;1 DSL Verf\u00fcgbarkeit f\u00fcr Sie. Unsere Mitarbeiter ben\u00f6tigen Ihre Anschrift und Vorwahl, um einen DSL Verf\u00fcgbarkeitscheck durchzuf\u00fchren. Sollten die 1&amp;1 <strong><a href=\"https:\/\/aktionen-tarife.de\/1und1\/dsl\">DSL Tarife<\/a><\/strong> bei Ihnen verf\u00fcgbar sein, beraten wir Sie auf Wunsch auch am Telefon, welches der Angebote am besten zu Ihnen passt. Nutzen Sie einfach unseren kostenlosen <strong><a href=\"https:\/\/aktionen-tarife.de\/1und1\/festnetz\/verfuegbarkeit\/telefonisch-pruefen\">R\u00fcckrufservice<\/a><\/strong> oder rufen Sie uns selbst an:<\/p>\n<p><span class=\"desktop-tablet\"><strong>Tel.<\/strong>\u00a0<strong><a href=\"tel:+4939434099911\" onclick=\"ga('send', 'event', 'hotline', 'hotline-content', 'hotline-content-mit-zeit');\">0 39 43 \/ 40 999 11<\/a><\/strong> (Mo.-Fr. 7:30-22 \/ Sa. 8-22 \/ So. + Feiertag 10-22 Uhr) <\/span><span class=\"smartphone\"><strong>Tel.<\/strong>\u00a0<strong><a href=\"tel:+4939434099911\" onclick=\"ga('send', 'event', 'hotline', 'hotline-content', 'hotline-content-mit-zeit');\">0 39 43 \/ 40 999 11<\/a><\/strong> (Mo.-Fr. 7:30-22 \/ Sa. 8-22 \/ So. + Feiertag 10-22 Uhr)<\/span><\/p>\n<hr \/>\n<h2>1&amp;1 DSL Verf\u00fcgbarkeit <span class=\"farbig\">schriftliche Anfrage stellen<\/span><\/h2>\n<p>Gern k\u00f6nnen Sie uns auch eine <strong><a href=\"https:\/\/aktionen-tarife.de\/1und1\/festnetz\/verfuegbarkeit\/schriftliche-anfrage\">schriftliche Anfrage<\/a><\/strong> zur 1&amp;1 DSL Verf\u00fcgbarkeit senden. Wir teilen Ihnen dann per E-Mail mit, welche <a href=\"https:\/\/aktionen-tarife.de\/1und1\/festnetz\">1&amp;1 DSL\u00a0 Tarife<\/a> bei Ihnen verf\u00fcgbar sind.<\/p>\n","protected":false},"excerpt":{"rendered":"<p>Die 1&amp;1 DSL Verf\u00fcgbarkeit h\u00e4ngt von unterschiedlichen Faktoren wie Netzausbau, Leitungsl\u00e4nge usw. ab. Ob 1&amp;1 DSL oder auch das noch schnellere 1&amp;1 VDSL bei Ihnen verf\u00fcgbar ist, k\u00f6nnen Sie hier pr\u00fcfen: 1&amp;1 DSL Verf\u00fcgbarkeit hier online pr\u00fcfen (Online-Check) 1&amp;1 DSL Verf\u00fcgbarkeit telefonisch unter anfragen oder R\u00fcckruf-Service nutzen (kostenlos). Schriftliche Anfrage zur 1&amp;1 DSL Verf\u00fcgbarkeit stellen &hellip; <a href=\"https:\/\/aktionen-tarife.de\/1und1\/dsl\/verfuegbarkeit\" class=\"more-link\"><span class=\"screen-reader-text\">1&#038;1 DSL Verf\u00fcgbarkeit pr\u00fcfen (Breitband Netzausbau Check)<\/span> weiterlesen <span class=\"meta-nav\">&rarr;<\/span><\/a><\/p>\n","protected":false},"author":30,"featured_media":0,"parent":1282,"menu_order":111010,"comment_status":"closed","ping_status":"closed","template":"","meta":{"footnotes":""},"class_list":["post-1643","page","type-page","status-publish","hentry"],"_links":{"self":[{"href":"https:\/\/aktionen-tarife.de\/1und1\/wp-json\/wp\/v2\/pages\/1643","targetHints":{"allow":["GET"]}}],"collection":[{"href":"https:\/\/aktionen-tarife.de\/1und1\/wp-json\/wp\/v2\/pages"}],"about":[{"href":"https:\/\/aktionen-tarife.de\/1und1\/wp-json\/wp\/v2\/types\/page"}],"author":[{"embeddable":true,"href":"https:\/\/aktionen-tarife.de\/1und1\/wp-json\/wp\/v2\/users\/30"}],"replies":[{"embeddable":true,"href":"https:\/\/aktionen-tarife.de\/1und1\/wp-json\/wp\/v2\/comments?post=1643"}],"version-history":[{"count":0,"href":"https:\/\/aktionen-tarife.de\/1und1\/wp-json\/wp\/v2\/pages\/1643\/revisions"}],"up":[{"embeddable":true,"href":"https:\/\/aktionen-tarife.de\/1und1\/wp-json\/wp\/v2\/pages\/1282"}],"wp:attachment":[{"href":"https:\/\/aktionen-tarife.de\/1und1\/wp-json\/wp\/v2\/media?parent=1643"}],"curies":[{"name":"wp","href":"https:\/\/api.w.org\/{rel}","templated":true}]}}