{"id":1640,"date":"2017-07-02T00:01:03","date_gmt":"2017-07-01T22:01:03","guid":{"rendered":"https:\/\/aktionen-tarife.de\/1und1\/?page_id=1640"},"modified":"2017-07-03T15:18:35","modified_gmt":"2017-07-03T13:18:35","slug":"verfuegbarkeit","status":"publish","type":"page","link":"https:\/\/aktionen-tarife.de\/1und1\/vdsl\/verfuegbarkeit","title":{"rendered":"1&#038;1 VDSL Verf\u00fcgbarkeit pr\u00fcfen (Netzausbau Check)"},"content":{"rendered":"<p><a href=\"https:\/\/aktionen-tarife.de\/1und1\/zum-anbieter\/festnetz\/1und1-festnetz-check\" target=\"_blank\"><img decoding=\"async\" class=\"alignright size-full wp-image-1712\" src=\"https:\/\/aktionen-tarife.de\/1und1\/inhalte\/2015\/12\/1und1-vdsl-verfuegbarkeit-pruefen.png\" alt=\"1&amp;1 VDSL Verf\u00fcgbarkeit pr\u00fcfen\" width=\"150\" height=\"204\" srcset=\"https:\/\/aktionen-tarife.de\/1und1\/inhalte\/2015\/12\/1und1-vdsl-verfuegbarkeit-pruefen.png 150w, https:\/\/aktionen-tarife.de\/1und1\/inhalte\/2015\/12\/1und1-vdsl-verfuegbarkeit-pruefen-80x109.png 80w\" sizes=\"(max-width: 150px) 100vw, 150px\" \/><\/a>Die <span class=\"farbig\">1&amp;1 VDSL Verf\u00fcgbarkeit<\/span> h\u00e4ngt vom Netzausbau und weiteren Faktoren wie Leitungsl\u00e4nge und mehr ab. Ob <strong><a href=\"https:\/\/aktionen-tarife.de\/1und1\/vdsl\">1&amp;1 VDSL<\/a><\/strong> oder <a href=\"https:\/\/aktionen-tarife.de\/1und1\/dsl\">1&amp;1 DSL<\/a> bei Ihnen verf\u00fcgbar ist, k\u00f6nnen Sie hier checken:<\/p>\n<ul class=\"desktop-tablet\">\n<li><a href=\"https:\/\/aktionen-tarife.de\/1und1\/zum-anbieter\/festnetz\/1und1-festnetz-check\" target=\"_blank\"><strong>1&amp;1 VDSL Verf\u00fcgbarkeit hier online pr\u00fcfen<\/strong> (Online-Check)<\/a><\/li>\n<li>1&amp;1 VDSL Verf\u00fcgbarkeit <span class=\"farbig\">telefonisch<\/span> unter <strong><a href=\"tel:+4939434099911\" onclick=\"ga('send', 'event', 'hotline', 'hotline-content', 'hotline-content-ohne-zeit');\">0 39 43 \/ 40 999 11<\/a><\/strong> erfragen oder <a href=\"https:\/\/aktionen-tarife.de\/1und1\/festnetz\/verfuegbarkeit\/telefonisch-pruefen\">R\u00fcckruf-Service<\/a> nutzen (kostenfrei).<\/li>\n<li><a href=\"https:\/\/aktionen-tarife.de\/1und1\/festnetz\/verfuegbarkeit\/schriftliche-anfrage\"><strong>Schriftliche Anfrage zur 1&amp;1 VDSL Verf\u00fcgbarkeit stellen<\/strong><\/a><\/li>\n<\/ul>\n<ul class=\"smartphone\">\n<li><a href=\"https:\/\/aktionen-tarife.de\/1und1\/zum-anbieter\/festnetz\/1und1-festnetz-check\" target=\"_blank\"><strong>1&amp;1 VDSL Check ONLINE<\/strong><\/a><\/li>\n<li>1&amp;1 VDSL Verf\u00fcgbarkeit <span class=\"farbig\">telefonisch<\/span> unter <strong><a href=\"tel:+4939434099911\" onclick=\"ga('send', 'event', 'hotline', 'hotline-content', 'hotline-content-ohne-zeit');\">0 39 43 \/ 40 999 11<\/a><\/strong> erfragen oder <a href=\"https:\/\/aktionen-tarife.de\/1und1\/festnetz\/verfuegbarkeit\/telefonisch-pruefen\">R\u00fcckruf-Service<\/a> nutzen.<\/li>\n<li><a href=\"https:\/\/aktionen-tarife.de\/1und1\/festnetz\/verfuegbarkeit\/schriftliche-anfrage\"><strong>Anfrage zur VDSL Verf\u00fcgbarkeit<\/strong><\/a><\/li>\n<\/ul>\n<p>Wenn 1&amp;1 VDSL <a href=\"https:\/\/aktionen-tarife.de\/1und1\/festnetz\/verfuegbarkeit\">verf\u00fcgbar<\/a> ist, stehen Ihnen viele g\u00fcnstige Highspeed Tarife zum Breitband Surfen im Internet und Telefonieren zur Auswahl.<\/p>\n<hr \/>\n<h2>1&amp;1 VDSL ist verf\u00fcgbar? <span class=\"farbig\">Tarif\u00fcbersicht<\/span> Highspeed Internet und Telefon<\/h2>\n<ul>\n<li><strong><a href=\"https:\/\/aktionen-tarife.de\/1und1\/vdsl\/50-mbit\">1&amp;1 VDSL 50<\/a><\/strong>: Internetflat unbegrenzt (bis 50 MBit\/s), Telefonflat.<\/li>\n<li><a href=\"https:\/\/aktionen-tarife.de\/1und1\/vdsl\/100-mbit\"><strong>1&amp;1 VDSL 100<\/strong><\/a>: Highspeed Surf-Flat bis 100 MBit\/s, Telefonflat.<\/li>\n<li><a href=\"https:\/\/aktionen-tarife.de\/1und1\/dsl\"><strong>1&amp;1 DSL Tarife<\/strong><\/a>: \u00fcberall wo kein VDSL, aber DSL <a href=\"https:\/\/aktionen-tarife.de\/1und1\/dsl\/verfuegbarkeit\">verf\u00fcgbar<\/a> ist.<\/li>\n<li><a href=\"https:\/\/aktionen-tarife.de\/1und1\/zum-anbieter\/festnetz\/1und1-festnetz-business\" target=\"_blank\"><strong>1&amp;1 Business Tarife<\/strong><\/a>: VDSL Tarife f\u00fcr Gesch\u00e4ftskunden \/ Firmenkunden.<\/li>\n<\/ul>\n<hr \/>\n<h2>1&amp;1 VDSL Verf\u00fcgbarkeit <span class=\"farbig\">online pr\u00fcfen<\/span> (Verf\u00fcgbarkeitscheck)<\/h2>\n<p><a href=\"https:\/\/aktionen-tarife.de\/1und1\/zum-anbieter\/festnetz\/1und1-festnetz-check\" target=\"_blank\"><img decoding=\"async\" class=\"alignright size-full wp-image-1676\" src=\"https:\/\/aktionen-tarife.de\/1und1\/inhalte\/2015\/12\/1und1-breitband-internet-dsl-vdsl-verfuegbarkeit-pruefen.png\" alt=\"1&amp;1 Breitband Internet (DSL \/ VDSL) Verf\u00fcgbarkeit pr\u00fcfen\" width=\"150\" height=\"30\" srcset=\"https:\/\/aktionen-tarife.de\/1und1\/inhalte\/2015\/12\/1und1-breitband-internet-dsl-vdsl-verfuegbarkeit-pruefen.png 150w, https:\/\/aktionen-tarife.de\/1und1\/inhalte\/2015\/12\/1und1-breitband-internet-dsl-vdsl-verfuegbarkeit-pruefen-80x16.png 80w\" sizes=\"(max-width: 150px) 100vw, 150px\" \/><\/a>Die 1&amp;1 VDSL Verf\u00fcgbarkeit online zu pr\u00fcfen ist der einfachste Weg, um zu erfahren, ob die 1&amp;1 <a href=\"https:\/\/aktionen-tarife.de\/1und1\/vdsl\">VDSL<\/a> Internet Tarife an Ihrem Wohnort ausgebaut sind. Beim Online-Check, ob 1&amp;1 VDSL an Ihrer Anschrift verf\u00fcgbar ist, ben\u00f6tigen Sie Stra\u00dfe, Postleitzahl und Vorwahl. Im <strong><a href=\"https:\/\/aktionen-tarife.de\/1und1\/zum-anbieter\/festnetz\/1und1-festnetz-check\" target=\"_blank\">Online-Verf\u00fcgbarkeitscheck<\/a><\/strong> wird Ihnen online gezeigt, welche 1&amp;1 VDSL Angebote an Ihrer Adresse technisch schon ausgebaut sind.<\/p>\n<hr \/>\n<h2>1&amp;1 VDSL Verf\u00fcgbarkeit <span class=\"farbig\">telefonisch pr\u00fcfen<\/span> (mit Beratung)<\/h2>\n<p>Gern \u00fcberpr\u00fcfen wir auch kostenfrei <strong>telefonisch<\/strong> die 1&amp;1 VDSL Verf\u00fcgbarkeit f\u00fcr Sie. Unsere Mitarbeiter brauchen Ihre Anschrift und Vorwahl, um einen VDSL Verf\u00fcgbarkeitscheck im System zu erledigen. Sollten die 1&amp;1 <strong><a href=\"https:\/\/aktionen-tarife.de\/1und1\/vdsl\">VDSL Tarife<\/a><\/strong> bei Ihnen ausgebaut sein, beraten wir Sie auf Wunsch auch unverbindlich am\u00a0Telefon, welches der 1&amp;1 Angebote am besten zu Ihnen passt. Nutzen Sie unseren kostenlosen <strong><a href=\"https:\/\/aktionen-tarife.de\/1und1\/festnetz\/verfuegbarkeit\/telefonisch-pruefen\">R\u00fcckrufservice<\/a><\/strong> oder rufen Sie uns direkt an:<\/p>\n<p><span class=\"desktop-tablet\"><strong>Tel.<\/strong> <strong><a href=\"tel:+4939434099911\" onclick=\"ga('send', 'event', 'hotline', 'hotline-content', 'hotline-content-mit-zeit');\">0 39 43 \/ 40 999 11<\/a><\/strong> (Mo.-Fr. 7:30-22 \/ Sa. 8-22 \/ So. + Feiertag 10-22 Uhr) <\/span><span class=\"smartphone\"><strong>Tel.<\/strong> <strong><a href=\"tel:+4939434099911\" onclick=\"ga('send', 'event', 'hotline', 'hotline-content', 'hotline-content-mit-zeit');\">0 39 43 \/ 40 999 11<\/a><\/strong> (Mo.-Fr. 7:30-22 \/ Sa. 8-22 \/ So. + Feiertag 10-22 Uhr)<\/span><\/p>\n<hr \/>\n<h2>1&amp;1 VDSL Verf\u00fcgbarkeit <span class=\"farbig\">schriftliche Anfrage stellen<\/span><\/h2>\n<p>Auf Wunsch k\u00f6nnen Sie auch per <strong><a href=\"https:\/\/aktionen-tarife.de\/1und1\/festnetz\/verfuegbarkeit\/schriftliche-anfrage\">schriftlicher Anfrage<\/a><\/strong> die 1&amp;1 VDSL Verf\u00fcgbarkeit pr\u00fcfen lassen. Wir teilen Ihnen dann per E-Mail mit, welche <a href=\"https:\/\/aktionen-tarife.de\/1und1\/festnetz\">1&amp;1 VDSL\u00a0 Tarife<\/a> bei Ihnen verf\u00fcgbar sind.<\/p>\n","protected":false},"excerpt":{"rendered":"<p>Die 1&amp;1 VDSL Verf\u00fcgbarkeit h\u00e4ngt vom Netzausbau und weiteren Faktoren wie Leitungsl\u00e4nge und mehr ab. Ob 1&amp;1 VDSL oder 1&amp;1 DSL bei Ihnen verf\u00fcgbar ist, k\u00f6nnen Sie hier checken: 1&amp;1 VDSL Verf\u00fcgbarkeit hier online pr\u00fcfen (Online-Check) 1&amp;1 VDSL Verf\u00fcgbarkeit telefonisch unter erfragen oder R\u00fcckruf-Service nutzen (kostenfrei). Schriftliche Anfrage zur 1&amp;1 VDSL Verf\u00fcgbarkeit stellen 1&amp;1 VDSL &hellip; <a href=\"https:\/\/aktionen-tarife.de\/1und1\/vdsl\/verfuegbarkeit\" class=\"more-link\"><span class=\"screen-reader-text\">1&#038;1 VDSL Verf\u00fcgbarkeit pr\u00fcfen (Netzausbau Check)<\/span> weiterlesen <span class=\"meta-nav\">&rarr;<\/span><\/a><\/p>\n","protected":false},"author":30,"featured_media":0,"parent":1297,"menu_order":112010,"comment_status":"closed","ping_status":"closed","template":"","meta":{"footnotes":""},"class_list":["post-1640","page","type-page","status-publish","hentry"],"_links":{"self":[{"href":"https:\/\/aktionen-tarife.de\/1und1\/wp-json\/wp\/v2\/pages\/1640","targetHints":{"allow":["GET"]}}],"collection":[{"href":"https:\/\/aktionen-tarife.de\/1und1\/wp-json\/wp\/v2\/pages"}],"about":[{"href":"https:\/\/aktionen-tarife.de\/1und1\/wp-json\/wp\/v2\/types\/page"}],"author":[{"embeddable":true,"href":"https:\/\/aktionen-tarife.de\/1und1\/wp-json\/wp\/v2\/users\/30"}],"replies":[{"embeddable":true,"href":"https:\/\/aktionen-tarife.de\/1und1\/wp-json\/wp\/v2\/comments?post=1640"}],"version-history":[{"count":0,"href":"https:\/\/aktionen-tarife.de\/1und1\/wp-json\/wp\/v2\/pages\/1640\/revisions"}],"up":[{"embeddable":true,"href":"https:\/\/aktionen-tarife.de\/1und1\/wp-json\/wp\/v2\/pages\/1297"}],"wp:attachment":[{"href":"https:\/\/aktionen-tarife.de\/1und1\/wp-json\/wp\/v2\/media?parent=1640"}],"curies":[{"name":"wp","href":"https:\/\/api.w.org\/{rel}","templated":true}]}}