{"id":1391,"date":"2016-12-02T00:01:59","date_gmt":"2016-12-01T23:01:59","guid":{"rendered":"https:\/\/aktionen-tarife.de\/1und1\/?page_id=1391"},"modified":"2017-01-13T00:08:07","modified_gmt":"2017-01-12T23:08:07","slug":"videothek","status":"publish","type":"page","link":"https:\/\/aktionen-tarife.de\/1und1\/fernsehen\/videothek","title":{"rendered":"Online-Videothek \/ Video on Demand (VoD) mit 1&#038;1 DSL \/ VDSL"},"content":{"rendered":"<p>Mit Ihrem <a title=\"1&amp;1 DSL \/ 1&amp;1 VDSL Tarife und Angebote im \u00dcberblick\" href=\"https:\/\/aktionen-tarife.de\/1und1\/dsl-vdsl\">1&amp;1 DSL<\/a> bzw. VDSL Anschluss k\u00f6nnen Sie auch Video on Demand (VoD) Angebote nutzen, z.B. maxdome, Amazon Prime, Netflix und mehr. Diese Tarife stehen zur Wahl:<\/p>\n<ul>\r\n \t<li><a href=\"https:\/\/aktionen-tarife.de\/1und1\/dsl\/basic\"><strong>1&1 DSL Basic<\/strong><\/a>: Internet bis 16 MBit\/s (Drosselung ab 100 GB je Monat) und Telefonflat.<\/li>\r\n \t<li><a href=\"https:\/\/aktionen-tarife.de\/1und1\/dsl\/16-mbit\"><strong>1&1 DSL 16<\/strong><\/a>: Internetflat ohne Drosselung bis 16 MBit\/s, Telefonflat, optional Handy-Flat.<\/li>\r\n \t<li><a href=\"https:\/\/aktionen-tarife.de\/1und1\/vdsl\/50-mbit\"><strong>1&1 VDSL 50<\/strong><\/a>: Internetflat unbegrenzt (bis 50 MBit\/s), Telefonflat, optional TV & Handyflat.<\/li>\r\n \t<li><a href=\"https:\/\/aktionen-tarife.de\/1und1\/vdsl\/100-mbit\"><strong>1&1 VDSL 100<\/strong><\/a>: Highspeed Flat Surfen bis 100 MBit\/s, Telefonflat, optional TV & Handyflat.<\/li>\r\n \t<li><em>Die Tarife 16, 50 und 100 beinhalten viele Extras wie ISDN-Komfort. Wenn <a href=\"https:\/\/aktionen-tarife.de\/1und1\/bestellung\/1und1-festnetz\/breitband\/check.htm\" target=\"_blank\">verf\u00fcgbar<\/a>, empfehlen wir Ihnen den 1&1 VDSL 50 oder 100 Tarif f\u00fcr schnelles Surfen Zuhause ohne Limits.<\/em><\/li>\r\n<\/ul>\n<p>+++++++++++<\/p>\n<p>Diese Seite wird gerade \u00fcberarbeitet. Aktuelle Infos zu maxdome bei 1&amp;1 finden Sie <strong><a title=\"1&amp;1 Onlineshop\" href=\"https:\/\/aktionen-tarife.de\/1und1\/zum-anbieter\/festnetz\/1und1-festnetz-allgemein\" target=\"_blank\">hier<\/a><\/strong>.<\/p>\n<p>+++++++++++<\/p>\n<p>Maxdome Movie Flat \/ Video Flatrate bzw. Video Start<br \/>\nMit 1+1 DSL 16000 Paket Entertainment f\u00fcr Zuhause<\/p>\n<p>Mit der 1+1 DSL Movie Flat \/ Video Start Tarif erhalten Sie Zugriff auf ausgew\u00e4hlte Inhalte \/ Filme der Online Videothek von maxdome, einem Tochterunternehmen der United Internet Gruppe (wie auch 1+1). Auf Wunsch k\u00f6nnen Sie weitere Filme und Serien im g\u00fcnstigen Einzelabruf (ab 0,49 \u20ac) nutzen oder entscheiden sich f\u00fcr weitere g\u00fcnstige Video Flatrate Tarife von maxdome. W\u00e4hlen Sie dabei aus Movie-, Serien-, Comedy-, Kids-, Werder- \/ Schalke- &amp; Erotik Paket das f\u00fcr Sie optimale Paket. Schauen Sie die Filme wahlweise auf Ihrem PC oder direkt am Fernseher. Mit 1&amp;1 erhalten Sie zudem auch besonders g\u00fcnstige DSL Flatrate, Telefon Flatrate &amp; Handy Flat Tarife.<\/p>\n<p>1+1 Movie Flatrate im 1&amp;1 Surf &amp; Phone 16000 Paket 1+1 DSL Video Start Tarif im Doppel Flatrate Komplettpaket 16000<\/p>\n<p>1+1 DSL sowie 1&amp;1 Movie Flat \/ Video Flatrate online bestellen Zum 1+1.de DSL Online Shop (Onlinebestellung &amp; Informationen)<\/p>\n<p>Maxdome Online Videothek Maxdome Online Videothek (auch mit anderen DSL Anbietern nutzbar)<\/p>\n<p>Auswahl von tausenden von Filmen mit der maxdome Movie Flat \/ Video Flatrate<\/p>\n<p>Maxdome Video Start Tarif f\u00fcr Einsteiger &#8211; Zugriff auf ausgew\u00e4hlte Filme sowie Pay-per-View Filme<\/p>\n<p>Entscheiden Sie sich f\u00fcr einen der 1&amp;1 DSL 16000 Flatrate Tarife (ab 34,99 \u20ac\/Monat als Komplettanschluss) und erhalten Sie kostenfrei den maxdome Video Start Tarif dazu. Damit k\u00f6nnen Sie die Leistungen von maxdome ausgiebig testen. Sie erhalten Zugriff auf ausgew\u00e4hlte ca. 500 Filme, u.a. auch Pro7 und Sat1 Produktionen, und k\u00f6nnen auf Wunsch andere Filme ab 0,49 Cent abrufen. Die Abrechnung der nicht enthaltenen Filme erfolgt auf &#8220;Pay-per-View&#8221; Basis, Sie zahlen also nur das, was Sie auch tats\u00e4chlich sehen. Dieser Tarif eignet sich daher f\u00fcr preisbewusste Kunden. Der Weg in die herk\u00f6mmliche Videothek und verpasste R\u00fcckgabetermine geh\u00f6ren damit der Vergangenheit an! Surf&amp;Phone bestellen.<\/p>\n<p>Filme aus der 1+1 DSL Movie Flat wahlweise per PC \/ Laptop<br \/>\noder auch direkt auf dem normalen Fernseher ansehen<\/p>\n<p>Die Filme innerhalb der 1+1 DSL maxdome Movie Flat \/ Video Flatrate sowie das Video Start Tarifs, welche Sie unbegrenzt oft \u00fcber Ihren 1&amp;1 DSL Anschluss ansehen k\u00f6nnen, schauen Sie wahlweise direkt per Internetzugang \u00fcber Ihren PC \/ Laptop oder alternativ per optionaler Set Top Box von maxdome (1&amp;1 Entertainment Option) auch an Ihrem normalen Fernseher. Mit Ihrem Laptop k\u00f6nnen Sie so zum Beispiel auch per WLAN die Filme \u00fcberall im Haus, Garten oder Balkon schauen, wo Sie sonst vielleicht keinen Fernsehempfang \/ Kabel Fernsehen haben. Wenn Sie \u00fcber einen modernen Fernseher \/ Flat TV mit HDMI oder DVI Eingang verf\u00fcgen, k\u00f6nnen Sie diesen per entsprechenden Kabel auch an Ihren Laptop oder PC anschlie\u00dfen und so die Filme auf dem herk\u00f6mmlichen Wege schauen. Optional k\u00f6nnen Sie auch zusammen mit der 1+1 DSL Movie Flat die AVM Set Top Box zum Vorzugspreis erwerben, und maxdome so auch bei ausgeschaltetem PC \u00fcber Ihren Fernseher nutzen. Mehr Informationen zur Funktionsweise der 1&amp;1 Set-Top-Box zum Aktionspreis weiter unten. 1+1 Tarif mit Video Start hier bestellen.<\/p>\n<p>Movie Flat maxdome in Zusammarbeit mit 1+1<\/p>\n<p>1&amp;1 Entertainment f\u00fcr Zuhause mit Maxdome &#8211; die kosteng\u00fcnstige Alternative zu den T-Home Entertain Paketen<\/p>\n<p>Mit den 1&amp;1 Entertainment Angeboten Surf &amp; Phone 16000 erhalten Sie umfangreiche Leistungen zum besonders g\u00fcnstigen Preis. Sie erhalten ein Komplettpaket zum Festpreis, z.B. mit dem Video Start Tarif ab 34,99 \u20ac* je Monat inklusive Telefonanschluss, Telefon Flatrate ins dt. Festnetz, schnellster DSL 16000 Anschluss inklusive DSL Internet Flatrate sowie mit einer Handy Flatrate. Das vergleichbares g\u00fcnstigste T-Home Entertainment Paket mit Doppel Flatrate, das T-Home Entertain Comfort Paket bei der Telekom, kostet 49,95 \u20ac je Monat und beinhaltet keine Handy Flatrate (daf\u00fcr Zugriff auf Live TV). Bei 1&amp;1 erhalten Sie zudem in Zusammenarbeit mit maxdome auf Wunsch eine Video Flatrate \/ Filmpakete, welche unbegrenzten kostenfreien Zugriff auf \u00fcber 30.000 Filme, Serien, Cartoons, Comedy Sendungen und mehr bietet. Bei T-Home Entertain hingegen werden die Filme ausschlie\u00dflich &#8220;per View&#8221; abgerechnet, was auf Dauer schnell teuer werden kann. Entscheiden Sie sich daher jetzt f\u00fcr die g\u00fcnstigen 1&amp;1 Entertainment Pakete zum Sparpreis! Infos &amp; Bestellung der 1&amp;1 Entertainment Pakete oder hier Infos \u00fcber die optionalen Maxdome Video Flatrate Tarife.<\/p>\n<p>Set Top Box zur Nutzung der 1+1 DSL Movie Flat von maxdome<\/p>\n<p>Mit der Set Top Box k\u00f6nnen Sie die 1+1 DSL Movie Flat besonders komfortabel nutzen. Die Box erhalten Sie im Rahmen der Bestellung von 1+1 DSL Surf &amp; Phone 16000 mit Video Start Tarif zum g\u00fcnstigen Vorzugspreis (monatliche Geb\u00fchr Entertainment Option 4,99 \u20ac*). Bei der Set Top Box handelt es sich um die AVM Fritz! Media 8040 Box vom Markenhersteller AVM. Diese wird per Netzwerkkabel oder auch kabellos per WLAN an die 1&amp;1 Surf &amp; Phone Box angeschlossen. Dadurch kann die SetTopBox auch Filme empfangen, wenn Ihr PC oder Laptop ausgeschaltet ist. Das Ger\u00e4t l\u00e4sst sich spielend leicht am Fernseher anschlie\u00dfen, \u00e4hnlich wie ein Videorekorder oder DVD Player. Bedienen k\u00f6nnen Sie die Funktionen der 1+1 DSL Movie Flat \u00fcber die Set Top Box bequem vom Sofa aus per mitgelieferter Fernbedienung. Die Filme w\u00e4hlen Sie per Men\u00fc auf Ihrem Fernseher aus. Im Men\u00fc ist auch jeweils eine Kurzbeschreibung der entsprechende Filme enthalten, so dass Sie sich vorab informieren k\u00f6nnen. Die AVM Set Top Box f\u00fchrt automatisch Software Updates aus, so dass Sie immer auf dem neuesten Stand sind. Das Ger\u00e4t selbst ist sehr sparsam und hat eine Leistungsaufnahme von nur 5 Watt. Sparen Sie sich k\u00fcnftig dank der 1+1 DSL Movie Flat den Weg zur herk\u00f6mmlichen Videothek und verpassen keine R\u00fcckgabefristen mehr &#8211; so macht Fernsehen Spa\u00df!<\/p>\n<p>Anschluss der Set Top Box am Fernseher und der 1+1 DSL AVM Surf &amp; Phone Box<\/p>\n<p>Direkt zum 1&amp;1 Onlineshop mit Onlinebestellung der Movie Flat Surf &amp; Phone 16000 Tarif mit Movie \/ Video Flatrate bzw. Start hier direkt im 1+1 Onlineshop bestellen \/ weitere Infos<\/p>\n<p>1&amp;1 Surf &amp; Phone Bestellformular herunterladen (pdf) 1+1 DSL Surf &amp; Phone Bestellformular (PDF) mit Movie Flat unverbindlich herunterladen (Bestellung per Post \/ Fax)<\/p>\n<p>Alternativ: Bestellformular und 1+1 DSL Flyer kostenfrei per Post erhalten<\/p>\n<p>Kostenloser 1&amp;1 R\u00fcckrufservice Kostenloser R\u00fcckrufservice (telefonische Beratung f\u00fcr 1+1 DSL Neukunden)<\/p>\n<p>H\u00e4ufige Fragen (FAQ) zu maxdome \/ 1&amp;1 Entertainment H\u00e4ufige Fragen (FAQ) den maxdome Video Tarifen sowie 1&amp;1 Entertainment oder Sonstige 1&amp;1 FAQ<\/p>\n<p>*Alle Preise dieser Seite enthalten die dt. MwSt. Der maxdome Video Start Tarif ist im Gesamtpreis von 1+1 Surf &amp; Phone 16000 bereits enthalten (als Komplettanschluss ab 34,99 \u20ac\/Monat). Auf Wunsch erhalten Sie weitere Filme als Pay per View oder k\u00f6nnen sich f\u00fcr die verschiedenen Maxdome Premium Pakete entscheiden. Weitere Informationen zur 1+1 DSL Movie Flat \/ Video Flatrate \/ Video Start von maxdome (Mindestlaufzeit, Kosten und AGB) auf der Informationsseite Doppel Flat 16000 Komplett, Internet Flat 16000 Komplett bzw. Doppel Flat 16000 + Telekom. Die Angebote gelten f\u00fcr alle 1+1 DSL Neukunden.<\/p>\n","protected":false},"excerpt":{"rendered":"<p>Mit Ihrem 1&amp;1 DSL bzw. VDSL Anschluss k\u00f6nnen Sie auch Video on Demand (VoD) Angebote nutzen, z.B. maxdome, Amazon Prime, Netflix und mehr. Diese Tarife stehen zur Wahl: +++++++++++ Diese Seite wird gerade \u00fcberarbeitet. Aktuelle Infos zu maxdome bei 1&amp;1 finden Sie hier. +++++++++++ Maxdome Movie Flat \/ Video Flatrate bzw. Video Start Mit 1+1 &hellip; <a href=\"https:\/\/aktionen-tarife.de\/1und1\/fernsehen\/videothek\" class=\"more-link\"><span class=\"screen-reader-text\">Online-Videothek \/ Video on Demand (VoD) mit 1&#038;1 DSL \/ VDSL<\/span> weiterlesen <span class=\"meta-nav\">&rarr;<\/span><\/a><\/p>\n","protected":false},"author":31,"featured_media":0,"parent":1382,"menu_order":113200,"comment_status":"closed","ping_status":"closed","template":"","meta":{"footnotes":""},"class_list":["post-1391","page","type-page","status-publish","hentry"],"_links":{"self":[{"href":"https:\/\/aktionen-tarife.de\/1und1\/wp-json\/wp\/v2\/pages\/1391","targetHints":{"allow":["GET"]}}],"collection":[{"href":"https:\/\/aktionen-tarife.de\/1und1\/wp-json\/wp\/v2\/pages"}],"about":[{"href":"https:\/\/aktionen-tarife.de\/1und1\/wp-json\/wp\/v2\/types\/page"}],"author":[{"embeddable":true,"href":"https:\/\/aktionen-tarife.de\/1und1\/wp-json\/wp\/v2\/users\/31"}],"replies":[{"embeddable":true,"href":"https:\/\/aktionen-tarife.de\/1und1\/wp-json\/wp\/v2\/comments?post=1391"}],"version-history":[{"count":0,"href":"https:\/\/aktionen-tarife.de\/1und1\/wp-json\/wp\/v2\/pages\/1391\/revisions"}],"up":[{"embeddable":true,"href":"https:\/\/aktionen-tarife.de\/1und1\/wp-json\/wp\/v2\/pages\/1382"}],"wp:attachment":[{"href":"https:\/\/aktionen-tarife.de\/1und1\/wp-json\/wp\/v2\/media?parent=1391"}],"curies":[{"name":"wp","href":"https:\/\/api.w.org\/{rel}","templated":true}]}}