{"id":1382,"date":"2017-07-02T00:01:21","date_gmt":"2017-07-01T22:01:21","guid":{"rendered":"https:\/\/aktionen-tarife.de\/1und1\/?page_id=1382"},"modified":"2020-12-09T19:07:54","modified_gmt":"2020-12-09T18:07:54","slug":"fernsehen","status":"publish","type":"page","link":"https:\/\/aktionen-tarife.de\/1und1\/fernsehen","title":{"rendered":"Fernsehen mit 1&#038;1 DSL: TV (IPTV) und Video on Demand"},"content":{"rendered":"<p>Mit den 1&amp;1 Breitband Internet Tarifen (<strong><a href=\"https:\/\/aktionen-tarife.de\/1und1\/dsl\">1&amp;1 DSL<\/a><\/strong> bzw. <strong><a href=\"https:\/\/aktionen-tarife.de\/1und1\/vdsl\">1&amp;1 VDSL<\/a><\/strong>) k\u00f6nnen Sie auf Wunsch <span class=\"farbig\">Video on Demand<\/span> (VoD \/ Online-Videotheken) nutzen oder zusammen mit VDSL sogar <span class=\"farbig\">Live-Fernsehen<\/span> (IPTV\u00a0 bzw. Internet-Fernsehen\u00a0 powered bei <a href=\"https:\/\/telekom.tarife-angebote.de\/magenta-zuhause\/entertain\" target=\"_blank\" rel=\"noopener\">Telekom Entertain<\/a>).<\/p>\n<hr \/>\n<h2><span class=\"farbig\">IPTV<\/span>\u00a0&#8211;\u00a0Fernsehen via VDSL als Alternative zu Kabel oder Satellit<\/h2>\n<p><a href=\"https:\/\/aktionen-tarife.de\/1und1\/fernsehen\/entertain-iptv\"><img decoding=\"async\" class=\"alignright size-full wp-image-2352\" src=\"https:\/\/aktionen-tarife.de\/1und1\/inhalte\/2015\/11\/1und1-iptv-fernsehen-entertain.jpg\" alt=\"1&amp;1 IPTV - Fernsehen \/ Entertain f\u00fcr 1&amp;1 VDSL\" width=\"150\" height=\"100\" srcset=\"https:\/\/aktionen-tarife.de\/1und1\/inhalte\/2015\/11\/1und1-iptv-fernsehen-entertain.jpg 150w, https:\/\/aktionen-tarife.de\/1und1\/inhalte\/2015\/11\/1und1-iptv-fernsehen-entertain-80x53.jpg 80w\" sizes=\"(max-width: 150px) 100vw, 150px\" \/><\/a>Mit einem <a href=\"https:\/\/aktionen-tarife.de\/1und1\/vdsl\">1&amp;1 VDSL<\/a>\u00a0 Anschluss k\u00f6nnen Sie auf Wunsch <strong><a href=\"https:\/\/aktionen-tarife.de\/1und1\/fernsehen\/entertain-iptv\">IPTV<\/a><\/strong> (digitales Fernsehen) dazubuchen und direkt \u00fcber Ihren 1&amp;1 Anschluss inklusive\u00a0 1&amp;1 <a href=\"https:\/\/aktionen-tarife.de\/1und1\/fernsehen\/entertain-iptv\/media-center-receiver\">Media Center<\/a> empfangen. Dieser Dienst wird in Zusammenarbeit mit der Telekom Deutschland (<a href=\"https:\/\/telekom.tarife-angebote.de\/magenta-zuhause\/entertain\/tarife\" target=\"_blank\" rel=\"noopener\">Entertain<\/a>) realisiert. Mit 1&amp;1 IPTV wird Kabelfernsehen oder Satellitenfernsehen \u00fcberfl\u00fcssig. <strong><a href=\"https:\/\/aktionen-tarife.de\/1und1\/fernsehen\/entertain-iptv\">Mehr Infos hier<\/a>.<\/strong><\/p>\n<hr \/>\n<h2><span class=\"farbig\">Video on Demand (VoD)<\/span>\u00a0 &#8211;\u00a0\u00a0 Nutzung freier Online-Videotheken<\/h2>\n<p><a href=\"https:\/\/aktionen-tarife.de\/1und1\/fernsehen\/videothek\"><img decoding=\"async\" class=\"alignright size-full wp-image-2353\" src=\"https:\/\/aktionen-tarife.de\/1und1\/inhalte\/2015\/11\/1und1-video-on-demand-vod-online-videothek.jpg\" alt=\"Video on Demand (VoD \/ Online-Videothek) mit 1&amp;1 DSL \/ VDSL\" width=\"150\" height=\"100\" srcset=\"https:\/\/aktionen-tarife.de\/1und1\/inhalte\/2015\/11\/1und1-video-on-demand-vod-online-videothek.jpg 150w, https:\/\/aktionen-tarife.de\/1und1\/inhalte\/2015\/11\/1und1-video-on-demand-vod-online-videothek-80x53.jpg 80w\" sizes=\"(max-width: 150px) 100vw, 150px\" \/><\/a>\u00dcber jeden <a href=\"https:\/\/aktionen-tarife.de\/1und1\/dsl-vdsl\">1&amp;1 DSL<\/a> bzw. <a href=\"https:\/\/aktionen-tarife.de\/1und1\/vdsl\">VDSL <\/a>Anschluss k\u00f6nnen Sie\u00a0 <strong>Video on Demand<\/strong> (VoD) Angebote nutzen, z.B. von bekannten Dienstleistern wie Netflix, maxdome, Amazon Prime \/ Instant Video und mehr. Die Angebote von maxdome k\u00f6nnen Sie auf Wunsch direkt zusammen mit 1&amp;1 DSL bzw. VDSL zum Vorzugspreis mitbestellen. <strong><a href=\"https:\/\/aktionen-tarife.de\/1und1\/fernsehen\/videothek\">Mehr Infos hier<\/a><\/strong>.<\/p>\n<hr \/>\n<h2><span class=\"farbig\">Angebote und Aktionen<\/span> f\u00fcr Fernsehen mit 1&amp;1 DSL bzw. VDSL<\/h2>\n<p>Bestellen Sie im\u00a0 <span style=\"color: #ff0000;\"><strong>April 2026<\/strong><\/span> einen 1&amp;1 DSL oder VDSL Tarif mit IPTV oder VoD:<\/p>\n<ul>\n<li>1&amp;1 Breitband Tarife in den ersten <a href=\"https:\/\/aktionen-tarife.de\/1und1\/angebote\/1und1-dsl-vdsl-tarife-12-monate-je-15-euro-guenstiger-180-euro-sparen\"><strong>12 Monaten im Preis reduziert<\/strong><\/a> (bis zu <span class=\"farbig\">180 \u20ac sparen<\/span>).<\/li>\n<\/ul>\n<hr \/>\n<h2><span class=\"farbig\">1&amp;1 DSL und VDSL Tarife<\/span> f\u00fcr Fernsehen &amp; Entertainment Zuhause<\/h2>\n<p>Um beste Unterhaltung \/ Entertainment \u00fcber Ihren 1&amp;1 Anschluss nutzen zu k\u00f6nnen, ben\u00f6tigen Sie einen passenden Breitband Tarif. Die IPTV Angebote gibt es nur in Verbindung mit VDSL.<\/p>\n<ul>\r\n \t<li><a href=\"https:\/\/aktionen-tarife.de\/1und1\/dsl\/basic\"><strong>1&1 DSL Basic<\/strong><\/a>: Internet bis 16 MBit\/s (Drosselung ab 100 GB je Monat) und Telefonflat.<\/li>\r\n \t<li><a href=\"https:\/\/aktionen-tarife.de\/1und1\/dsl\/16-mbit\"><strong>1&1 DSL 16<\/strong><\/a>: Internetflat ohne Drosselung bis 16 MBit\/s, Telefonflat, optional Handy-Flat.<\/li>\r\n \t<li><a href=\"https:\/\/aktionen-tarife.de\/1und1\/vdsl\/50-mbit\"><strong>1&1 VDSL 50<\/strong><\/a>: Internetflat unbegrenzt (bis 50 MBit\/s), Telefonflat, optional TV & Handyflat.<\/li>\r\n \t<li><a href=\"https:\/\/aktionen-tarife.de\/1und1\/vdsl\/100-mbit\"><strong>1&1 VDSL 100<\/strong><\/a>: Highspeed Flat Surfen bis 100 MBit\/s, Telefonflat, optional TV & Handyflat.<\/li>\r\n \t<li><em>Die Tarife 16, 50 und 100 beinhalten viele Extras wie ISDN-Komfort. Wenn <a href=\"https:\/\/aktionen-tarife.de\/1und1\/bestellung\/1und1-festnetz\/breitband\/check.htm\" target=\"_blank\">verf\u00fcgbar<\/a>, empfehlen wir Ihnen den 1&1 VDSL 50 oder 100 Tarif f\u00fcr schnelles Surfen Zuhause ohne Limits.<\/em><\/li>\r\n<\/ul>\n<hr \/>\n<p style=\"text-align: center;\"><strong><a href=\"https:\/\/aktionen-tarife.de\/1und1\/zum-anbieter\/festnetz\/1und1-festnetz-allgemein\" target=\"_blank\" rel=\"noopener\">direkt online bestellen<\/a><\/strong> oder <strong><a href=\"https:\/\/aktionen-tarife.de\/1und1\/kontakt\/telefonische-beratung\">telefonisch beraten lassen<\/a><\/strong><\/p>\n<hr \/>\n<h2><span class=\"farbig\">Verf\u00fcgbarkeit<\/span>\u00a0 der 1&amp;1 VDSL und Fernsehen Tarife\u00a0 pr\u00fcfen<\/h2>\n<p>Ob\u00a0 die 1&amp;1 VDSL Tarife mit optional IPTV auch an Ihrem Anschluss \/ Standort <a href=\"https:\/\/aktionen-tarife.de\/1und1\/festnetz\/verfuegbarkeit\">verf\u00fcgbar<\/a> sind, k\u00f6nnen Sie kostenlos und unverbindlich im Internet oder telefonisch \u00fcberpr\u00fcfen:<\/p>\n<ul>\n<li style=\"list-style-type: none;\">\n<ul>\n<li><span class=\"desktop-tablet\"><strong><a href=\"https:\/\/aktionen-tarife.de\/1und1\/zum-anbieter\/festnetz\/1und1-festnetz-check\" target=\"_blank\" rel=\"noopener\">1&amp;1 VDSL Verf\u00fcgbarkeit direkt online testen\u00a0<\/a><\/strong> (unverbindlich und kostenlos).<\/span><span class=\"smartphone\"><strong><a href=\"https:\/\/aktionen-tarife.de\/1und1\/zum-anbieter\/festnetz\/1und1-festnetz-check\" target=\"_blank\" rel=\"noopener\">1&amp;1 VDSL Verf\u00fcgbarkeit online pr\u00fcfen<\/a><\/strong><\/span><\/li>\n<li><span class=\"desktop-tablet\">Verf\u00fcgbarkeit telefonisch pr\u00fcfen lassen unter Tel. <strong><a href=\"tel:+4939434099911\" onclick=\"ga('send', 'event', 'hotline', 'hotline-content', 'hotline-content-ohne-zeit');\">0 39 43 \/ 40 999 11<\/a><\/strong> (<a href=\"https:\/\/aktionen-tarife.de\/1und1\/kontakt\/telefonische-beratung\">R\u00fcckruf hier<\/a>).<\/span><span class=\"smartphone\">Pr\u00fcfung unter Tel. <strong><a href=\"tel:+4939434099911\" onclick=\"ga('send', 'event', 'hotline', 'hotline-content', 'hotline-content-ohne-zeit');\">0 39 43 \/ 40 999 11<\/a><\/strong> oder <a href=\"https:\/\/aktionen-tarife.de\/1und1\/kontakt\/telefonische-beratung\">R\u00fcckruf Service<\/a> nutzen.<\/span><\/li>\n<\/ul>\n<\/li>\n<\/ul>\n<hr \/>\n<h2>Hardware f\u00fcr\u00a0 1&amp;1 IPTV und VDSL: <span class=\"farbig\">Router und Media Center<\/span><\/h2>\n<p>Um IPTV (Fernsehen \/ Entertain) von 1&amp;1 nutzen zu k\u00f6nnen, ben\u00f6tigen Sie neben dem 1&amp;1 VDSL Anschluss auch ein <a href=\"https:\/\/aktionen-tarife.de\/1und1\/aktuelles\/dsl-vdsl-modems\">1&amp;1 VDSL Modem<\/a> sowie das <strong><a href=\"https:\/\/aktionen-tarife.de\/1und1\/fernsehen\/entertain-iptv\/media-center-receiver\">1&amp;1 Media Center\u00a0<\/a><\/strong> (entspricht <a target=\"_blank\" rel=\"noopener\">Telekom Media Receiver<\/a>). Beide Ger\u00e4te erhalten Sie gegen eine geringe monatliche Geb\u00fchr direkt von 1&amp;1. F\u00fcr die Nutzung von Video-on-Demand (VoD) ben\u00f6tigen Sie nur ein 1&amp;1 DSL \/ VDSL Modem sowie ein passendes Empfangsger\u00e4t f\u00fcr die Videotheken-Angebote (z.B. direkt am PC oder auch als App f\u00fcr <a href=\"https:\/\/aktionen-tarife.de\/1und1\/infos\/smartphones\">Smartphone<\/a>, Tablet oder viele moderne Fernseher).<\/p>\n","protected":false},"excerpt":{"rendered":"<p>Mit den 1&amp;1 Breitband Internet Tarifen (1&amp;1 DSL bzw. 1&amp;1 VDSL) k\u00f6nnen Sie auf Wunsch Video on Demand (VoD \/ Online-Videotheken) nutzen oder zusammen mit VDSL sogar Live-Fernsehen (IPTV\u00a0 bzw. Internet-Fernsehen\u00a0 powered bei Telekom Entertain). IPTV\u00a0&#8211;\u00a0Fernsehen via VDSL als Alternative zu Kabel oder Satellit Mit einem 1&amp;1 VDSL\u00a0 Anschluss k\u00f6nnen Sie auf Wunsch IPTV (digitales &hellip; <a href=\"https:\/\/aktionen-tarife.de\/1und1\/fernsehen\" class=\"more-link\"><span class=\"screen-reader-text\">Fernsehen mit 1&#038;1 DSL: TV (IPTV) und Video on Demand<\/span> weiterlesen <span class=\"meta-nav\">&rarr;<\/span><\/a><\/p>\n","protected":false},"author":30,"featured_media":0,"parent":0,"menu_order":113000,"comment_status":"closed","ping_status":"closed","template":"","meta":{"footnotes":""},"class_list":["post-1382","page","type-page","status-publish","hentry"],"_links":{"self":[{"href":"https:\/\/aktionen-tarife.de\/1und1\/wp-json\/wp\/v2\/pages\/1382","targetHints":{"allow":["GET"]}}],"collection":[{"href":"https:\/\/aktionen-tarife.de\/1und1\/wp-json\/wp\/v2\/pages"}],"about":[{"href":"https:\/\/aktionen-tarife.de\/1und1\/wp-json\/wp\/v2\/types\/page"}],"author":[{"embeddable":true,"href":"https:\/\/aktionen-tarife.de\/1und1\/wp-json\/wp\/v2\/users\/30"}],"replies":[{"embeddable":true,"href":"https:\/\/aktionen-tarife.de\/1und1\/wp-json\/wp\/v2\/comments?post=1382"}],"version-history":[{"count":2,"href":"https:\/\/aktionen-tarife.de\/1und1\/wp-json\/wp\/v2\/pages\/1382\/revisions"}],"predecessor-version":[{"id":9002,"href":"https:\/\/aktionen-tarife.de\/1und1\/wp-json\/wp\/v2\/pages\/1382\/revisions\/9002"}],"wp:attachment":[{"href":"https:\/\/aktionen-tarife.de\/1und1\/wp-json\/wp\/v2\/media?parent=1382"}],"curies":[{"name":"wp","href":"https:\/\/api.w.org\/{rel}","templated":true}]}}