{"id":1304,"date":"2017-07-02T00:01:27","date_gmt":"2017-07-01T22:01:27","guid":{"rendered":"https:\/\/aktionen-tarife.de\/1und1\/?page_id=1304"},"modified":"2022-12-22T19:34:15","modified_gmt":"2022-12-22T18:34:15","slug":"100-mbit","status":"publish","type":"page","link":"https:\/\/aktionen-tarife.de\/1und1\/vdsl\/100-mbit","title":{"rendered":"1&#038;1 DSL 100 \u2013 g\u00fcnstige VDSL Internetflat und Telefonflat"},"content":{"rendered":"<p><a href=\"https:\/\/aktionen-tarife.de\/1und1\/zum-anbieter\/festnetz\/1und1-festnetz-allgemein\" target=\"_blank\" rel=\"noopener\"><img decoding=\"async\" class=\"alignright size-full wp-image-552\" src=\"https:\/\/aktionen-tarife.de\/1und1\/inhalte\/2015\/09\/1und1-onlinebestellung.png\" alt=\"1&amp;1 Onlinebestellung\" width=\"150\" height=\"30\" srcset=\"https:\/\/aktionen-tarife.de\/1und1\/inhalte\/2015\/09\/1und1-onlinebestellung.png 150w, https:\/\/aktionen-tarife.de\/1und1\/inhalte\/2015\/09\/1und1-onlinebestellung-80x16.png 80w\" sizes=\"(max-width: 150px) 100vw, 150px\" \/><\/a>Der <span class=\"farbig\">1&amp;1 DSL 100<\/span> Tarif bietet f\u00fcr nur <span class=\"farbig\">34,99 \u20ac\/Monat*<\/span> (Preisvorteile f\u00fcr Neukunden siehe unten) einen extra schnellen <strong><a href=\"https:\/\/aktionen-tarife.de\/1und1\/vdsl\">VDSL<\/a><\/strong> Internetanschluss (<strong><a href=\"https:\/\/aktionen-tarife.de\/1und1\/vdsl\/verfuegbarkeit\">Verf\u00fcgbarkeit hier<\/a><\/strong>) mit Flat (ohne Drosselung) sowie einen Telefonanschluss mit Telefonflat in das deutsche Festnetz und ISDN-Komfort (bis zu 10 Rufnummern). Ein <a href=\"https:\/\/telekom.tarife-angebote.de\/festnetz\" target=\"_blank\" rel=\"noopener\">Telekom<\/a> Anschluss wird nicht mehr ben\u00f6tigt. Auf Wunsch ist zudem kostenlos eine <a href=\"https:\/\/aktionen-tarife.de\/1und1\/dsl-vdsl\/optionen\/handy-flat-internet-smartphone\">Handy- &amp; Internet Flat<\/a> f\u00fcr Ihr Smartphone mit dabei. <a href=\"https:\/\/aktionen-tarife.de\/1und1\/fernsehen\/entertain-iptv\">Digitales Fernsehen<\/a> (IPTV powered by <a href=\"https:\/\/telekom.tarife-angebote.de\/magenta-zuhause\/entertain\" target=\"_blank\" rel=\"noopener\">Telekom Entertain<\/a>) sowie der Zugriff auf eine Online-Videothek sind beim 1&amp;1 DSL 100 Tarif (VDSL) ebenfalls erh\u00e4ltlich.<\/p>\n<hr \/>\n<h2><span class=\"farbig\">Angebote<\/span> f\u00fcr den 1&amp;1 DSL 100 Tarif im <span style=\"color: #ff0000;\">April 2026<\/span><\/h2>\n<p>Wenn Sie den 1&amp;1 DSL 100 Tarif bis 30.04.2026 bestellen, k\u00f6nnen Sie sparen:<\/p>\n<ul>\n<li>In den <a href=\"https:\/\/aktionen-tarife.de\/1und1\/angebote\/1und1-dsl-vdsl-tarife-12-monate-je-15-euro-guenstiger-180-euro-sparen\"><strong>ersten 12 Monaten<\/strong><\/a> zahlen 1&amp;1 Breitband Neukunden <strong>nur 19,99 \u20ac*<\/strong> (<span class=\"farbig\">180 \u20ac sparen<\/span>).<\/li>\n<li>Von anderem Anbieter zu 1&amp;1 wechseln und <span class=\"farbig\">100 \u20ac Wechsel-Bonus<\/span> sichern &#8211; nur bei Abschluss eines 1&amp;1 DSL Vertrags mit Mindestvertragslaufzeit erh\u00e4ltlich!<\/li>\n<li>Hochwertige <strong><a href=\"https:\/\/aktionen-tarife.de\/1und1\/aktuelles\/fritzbox-avm\">AVM FritzBox<\/a><\/strong> (siehe unten) zum g\u00fcnstigen Preis mitbestellen.<\/li>\n<li><strong>Viele Extras<\/strong> ohne Aufpreis beim 1&amp;1 VDSL 100 Tarif enthalten, zum Beispiel <a href=\"https:\/\/aktionen-tarife.de\/1und1\/dsl-vdsl\/optionen\/handy-flat-internet-smartphone\">Handy &amp; Internet Flat<\/a> (SIM Karte f\u00fcr Ihr Smartphone) und ISDN-Komfort Merkmale.<\/li>\n<li><strong>Zufriedenheitsgarantie<\/strong> (1 Monat testen), Qualit\u00e4tsgarantie, EasyStart Garantie, Leistungs-Garantie, Entst\u00f6rungs-Garantie, Lieferzeit-Garantie und mehr.<\/li>\n<li>In Verbindung mit 1&amp;1 <a href=\"https:\/\/aktionen-tarife.de\/1und1\/aktuelles\/homeserver\">HomeServer<\/a> bei Neuanschluss auch mit <a href=\"https:\/\/aktionen-tarife.de\/1und1\/dsl-vdsl\/optionen\/sofort-start\">Sofort-Start<\/a> ohne Aufpreis.<\/li>\n<li>Auf Wunsch <strong>auch ohne Mindestvertragslaufzeit<\/strong> (aber dann Router mit Einmal-Zuzahlung und keine Extras wie Handy-Flat, Fernsehen usw. erh\u00e4ltlich).<\/li>\n<\/ul>\n<hr \/>\n<h2><span class=\"farbig\">Verf\u00fcgbarkeit<\/span> 1&amp;1 DSL 100 Anschluss (VDSL Netzausbau)<\/h2>\n<p><a href=\"https:\/\/aktionen-tarife.de\/1und1\/zum-anbieter\/festnetz\/1und1-festnetz-check\" target=\"_blank\" rel=\"noopener\"><img decoding=\"async\" class=\"alignright size-full wp-image-1676\" src=\"https:\/\/aktionen-tarife.de\/1und1\/inhalte\/2015\/12\/1und1-breitband-internet-dsl-vdsl-verfuegbarkeit-pruefen.png\" alt=\"1&amp;1 Breitband Internet (DSL \/ VDSL) Verf\u00fcgbarkeit pr\u00fcfen\" width=\"150\" height=\"30\" srcset=\"https:\/\/aktionen-tarife.de\/1und1\/inhalte\/2015\/12\/1und1-breitband-internet-dsl-vdsl-verfuegbarkeit-pruefen.png 150w, https:\/\/aktionen-tarife.de\/1und1\/inhalte\/2015\/12\/1und1-breitband-internet-dsl-vdsl-verfuegbarkeit-pruefen-80x16.png 80w\" sizes=\"(max-width: 150px) 100vw, 150px\" \/><\/a>1&amp;1 VDSL\u00a0100 (<strong>VDSL Vectoring<\/strong>) ist schon in einigen Regionen in Deutschland ausgebaut. Ob der schnelle 1&amp;1 DSL 100 Anschluss bei Ihnen <a href=\"https:\/\/aktionen-tarife.de\/1und1\/vdsl\/verfuegbarkeit\">verf\u00fcgbar<\/a> ist, k\u00f6nnen Sie <strong><a href=\"https:\/\/aktionen-tarife.de\/1und1\/zum-anbieter\/festnetz\/1und1-festnetz-check\" target=\"_blank\" rel=\"noopener\">online pr\u00fcfen<\/a><\/strong>.<\/p>\n<hr \/>\n<h2><span class=\"farbig\">Tarifdetails<\/span> 1&amp;1 VDSL 100 mit Internetflat &amp; Telefonflat<\/h2>\n<ul>\n<li>Schnellster <strong>1&amp;1 VDSL Internetanschluss<\/strong> (Download bis 100 MBit\/s und Upload bis 20 MBit\/s). Inklusive <strong>Internetflat ohne Drosselung<\/strong>. Mehr Upstream gegen Aufpreis \u00a0erh\u00e4ltlich.<\/li>\n<li>1&amp;1 <a href=\"https:\/\/aktionen-tarife.de\/1und1\/festnetz\">Festnetz<\/a> <strong>Telefonanschluss mit Telefonflat<\/strong> in das gesamte deutsche Festnetz. <strong>ISDN Komfort<\/strong> ohne Mehrpreis (z.B. 10 Rufnummern, gleichzeitig telefonieren und mehr). Gespr\u00e4che in Handynetze 19,9 Ct.\/Min. Optional zahlreiche <strong><a href=\"https:\/\/aktionen-tarife.de\/1und1\/vdsl\/100-mbit#telefonie\">Telefonie-Optionen<\/a><\/strong>.<\/li>\n<li>Auf Wunsch kostenlos 1 SIM-Karte mit <strong><a href=\"https:\/\/aktionen-tarife.de\/1und1\/dsl-vdsl\/optionen\/handy-flat-internet-smartphone\">Handy- &amp; Internetflat<\/a><\/strong>: per Smartphone gratis in das dt. Festnetz sowie zu anderen 1&amp;1 Mobilfunk Kunden anrufen. Mobile Internetflat (100 MB mit bis zu 7,2 MBit\/s, danach Drosselung auf 64 kBit\/s). Bis zu 3 weitere SIM Karten f\u00fcr je 2,99 \u20ac erh\u00e4ltlich f\u00fcr Ihre Familie. Alternativ f\u00fcr 6,99 \u20ac mtl. mit 1.000 MB und bis 14,4 MBit\/s.<\/li>\n<li><strong><a href=\"https:\/\/aktionen-tarife.de\/1und1\/vdsl\/100-mbit#fernsehen\">Digitales Fernsehen<\/a><\/strong> (<strong>IPTV<\/strong>) auf Wunsch gegen Aufpreis erh\u00e4ltlich (ab 5 \u20ac + 4,99 \u20ac Hardware).<\/li>\n<li>Entertainment: optional Online-Videothek maxdome zum Vorzugspreis.<\/li>\n<li>100 GB Online-Speicher f\u00fcr Ihre Daten. In Verbindung mit IPTV sogar 150 GB.<\/li>\n<\/ul>\n<hr \/>\n<h2><span class=\"farbig\">Bestellung <\/span>1&amp;1 DSL 100 Tarif mit VDSL Anschluss<\/h2>\n<p><a href=\"https:\/\/aktionen-tarife.de\/1und1\/zum-anbieter\/festnetz\/1und1-festnetz-allgemein\" target=\"_blank\" rel=\"noopener\"><img decoding=\"async\" class=\"alignright size-full wp-image-552\" src=\"https:\/\/aktionen-tarife.de\/1und1\/inhalte\/2015\/09\/1und1-onlinebestellung.png\" alt=\"1&amp;1 Onlinebestellung\" width=\"150\" height=\"30\" srcset=\"https:\/\/aktionen-tarife.de\/1und1\/inhalte\/2015\/09\/1und1-onlinebestellung.png 150w, https:\/\/aktionen-tarife.de\/1und1\/inhalte\/2015\/09\/1und1-onlinebestellung-80x16.png 80w\" sizes=\"(max-width: 150px) 100vw, 150px\" \/><\/a><span class=\"desktop-tablet\">1&amp;1 Breitband Neukunden k\u00f6nnen den 1&amp;1 DSL 100 Tarif (VDSL) am besten <a href=\"https:\/\/aktionen-tarife.de\/1und1\/zum-anbieter\/festnetz\/1und1-festnetz-allgemein\" target=\"_blank\" rel=\"noopener\"><strong>online bestellen<\/strong><\/a>. F\u00fcr die \u00c4nderung eines bestehenden 1&amp;1\u00a0 DSL \/ VDSL Anschlusses wenden Sie sich bitte an den <a href=\"https:\/\/aktionen-tarife.de\/1und1\/kontakt\/kundenservice\">Kundenservice<\/a>. <\/span><span class=\"smartphone\">1&amp;1 DSL 100 Tarif (VDSL) direkt im <strong><a href=\"https:\/\/aktionen-tarife.de\/1und1\/zum-anbieter\/festnetz\/1und1-festnetz-allgemein\" target=\"_blank\" rel=\"noopener\">1&amp;1 Onlineshop<\/a><\/strong> bestellen.<\/span><\/p>\n<p><a href=\"https:\/\/aktionen-tarife.de\/1und1\/kontakt\/telefonische-beratung\"><img decoding=\"async\" class=\"alignright size-full wp-image-553\" src=\"https:\/\/aktionen-tarife.de\/1und1\/inhalte\/2015\/09\/1und1-telefonisch-bestellen.png\" alt=\"1&amp;1 telefonisch bestellen\" width=\"150\" height=\"30\" srcset=\"https:\/\/aktionen-tarife.de\/1und1\/inhalte\/2015\/09\/1und1-telefonisch-bestellen.png 150w, https:\/\/aktionen-tarife.de\/1und1\/inhalte\/2015\/09\/1und1-telefonisch-bestellen-80x16.png 80w\" sizes=\"(max-width: 150px) 100vw, 150px\" \/><\/a><span class=\"desktop-tablet\">Gerne nehmen wir die\u00a0 1&amp;1 VDSL 100 \u00a0Bestellung von <strong>Neukunden<\/strong> auch telefonisch unter <strong><a href=\"tel:+4939434099911\" onclick=\"ga('send', 'event', 'hotline', 'hotline-content', 'hotline-content-ohne-zeit');\">0 39 43 \/ 40 999 11<\/a><\/strong> entgegen oder nutzen Sie unseren unverbindlichen <a href=\"https:\/\/aktionen-tarife.de\/1und1\/kontakt\/telefonische-beratung\">R\u00fcckruf-Service<\/a>. <\/span><span class=\"smartphone\">1&amp;1 Festnetz <strong>Neukunden<\/strong> k\u00f6nnen den VDSL 100 Tarif unter <strong><a href=\"tel:+4939434099911\" onclick=\"ga('send', 'event', 'hotline', 'hotline-content', 'hotline-content-ohne-zeit');\">0 39 43 \/ 40 999 11<\/a><\/strong> telefonisch bestellen (<a href=\"https:\/\/aktionen-tarife.de\/1und1\/kontakt\/telefonische-beratung\">R\u00fcckruf-Service hier<\/a>).<\/span><\/p>\n<p><img decoding=\"async\" class=\"alignright size-full wp-image-554\" src=\"https:\/\/aktionen-tarife.de\/1und1\/inhalte\/2015\/09\/1und1-bestellformular-pdf.png\" alt=\"1&amp;1 Bestellformular (PDF)\" width=\"150\" height=\"30\" srcset=\"https:\/\/aktionen-tarife.de\/1und1\/inhalte\/2015\/09\/1und1-bestellformular-pdf.png 150w, https:\/\/aktionen-tarife.de\/1und1\/inhalte\/2015\/09\/1und1-bestellformular-pdf-80x16.png 80w\" sizes=\"(max-width: 150px) 100vw, 150px\" \/><span class=\"desktop-tablet\">F\u00fcr 1&amp;1 Festnetz Neukunden: den 1&amp;1 DSL 100 Anschluss k\u00f6nnen Sie schriftlich mit unserem <strong>PDF Bestellformular<\/strong> bestellen. Gerne senden wir Ihnen auch Flyer und ein Auftragsformular <a href=\"https:\/\/aktionen-tarife.de\/1und1\/kontakt\/unterlagen-zusenden\">per Post zu<\/a>. <\/span><span class=\"smartphone\">F\u00fcr 1&amp;1 Festnetz Neukunden: 1&amp;1 DSL 100 Anschluss per <strong>PDF Bestellformular<\/strong> beauftragen oder Unterlagen <strong><a href=\"https:\/\/aktionen-tarife.de\/1und1\/kontakt\/unterlagen-zusenden\">zusenden lassen<\/a><\/strong>.<\/span><\/p>\n<hr \/>\n<h2><span class=\"farbig\">WLAN Router \/ 1&amp;1 HomeServer<\/span> f\u00fcr den 1&amp;1 DSL 100 Tarif<\/h2>\n<p><img decoding=\"async\" class=\"alignright size-medium wp-image-1332\" src=\"https:\/\/aktionen-tarife.de\/1und1\/inhalte\/2015\/11\/homeserver-plus-avm-7490-wlan-router-dsl-vdsl-150x100.jpg\" alt=\"1&amp;1 HomeServer+ - AVM 7490 (WLAN Router f\u00fcr DSL \/ VDSL)\" width=\"150\" height=\"100\" srcset=\"https:\/\/aktionen-tarife.de\/1und1\/inhalte\/2015\/11\/homeserver-plus-avm-7490-wlan-router-dsl-vdsl-150x100.jpg 150w, https:\/\/aktionen-tarife.de\/1und1\/inhalte\/2015\/11\/homeserver-plus-avm-7490-wlan-router-dsl-vdsl.jpg 300w, https:\/\/aktionen-tarife.de\/1und1\/inhalte\/2015\/11\/homeserver-plus-avm-7490-wlan-router-dsl-vdsl-80x53.jpg 80w, https:\/\/aktionen-tarife.de\/1und1\/inhalte\/2015\/11\/homeserver-plus-avm-7490-wlan-router-dsl-vdsl-210x140.jpg 210w\" sizes=\"(max-width: 150px) 100vw, 150px\" \/>Um Ihren 1&amp;1 <a href=\"https:\/\/aktionen-tarife.de\/1und1\/vdsl\/verfuegbarkeit\">VDSL Anschluss<\/a> im Tarif 1&amp;1 DSL 100 in vollem Umfang nutzen zu k\u00f6nnen, ben\u00f6tigen Sie auch den passenden WLAN Router (am besten den <a href=\"https:\/\/aktionen-tarife.de\/1und1\/aktuelles\/homeserver\">1&amp;1 HomeServer<\/a>). Alle Ger\u00e4te erhalten Sie zum g\u00fcnstigen Monatspreis (\u00e4hnlich wie bei Telekom). 1&amp;1 setzt auf die starken Ger\u00e4te des deutschen Markenherstellers AVM (<strong><a href=\"https:\/\/aktionen-tarife.de\/1und1\/aktuelles\/fritzbox-avm\">Fritz!Box<\/a><\/strong>).<\/p>\n<ul>\n<li><a href=\"https:\/\/aktionen-tarife.de\/1und1\/zuhause\/businessserver-avm-fritzbox-7580-wlan-router-dsl-vdsl\"><strong>1&amp;1 BusinessServer<\/strong> \/ AVM Fritz!Box 7580<\/a> (6,99 \u20ac je Monat \/ <span class=\"rot\">Empfehlung<\/span>): Nachfolger der beliebten <a href=\"https:\/\/aktionen-tarife.de\/1und1\/archiv-geraete\/homeserver-plus-avm-fritzbox-7490-wlan-router-dsl-vdsl\">AVM 7490<\/a>. Mehr Leistung =\u00a0 4 Gigabit LAN Schnittstellen und neueste WLAN Technologie mit MU-MIMO (mehr WLAN Speed und Reichweite). Telefonanlage f\u00fcr 2 analoge Endger\u00e4te +\u00a0 S0 f\u00fcr ISDN-Ger\u00e4te + integrierte DECT-Basis.<\/li>\n<li><a href=\"https:\/\/aktionen-tarife.de\/1und1\/zuhause\/homeserver-speed-avm-fritzbox-7560-wlan-router-dsl-vdsl\"><strong>1&amp;1 HomeServer Speed<\/strong> \/ AVM Fritz!Box 7560<\/a> (4,99 \u20ac je Monat): 4 Gigabit LAN und Gigabit WLAN. F\u00fcr 1 analoges Telefon. Integrierte DECT-Basisstation. F\u00fcr 1&amp;1 DSL 100.<\/li>\n<li><a href=\"https:\/\/aktionen-tarife.de\/1und1\/zuhause\/wlan-modem-avm-fritzbox-7412-dsl-vdsl\"><strong>1&amp;1 WLAN-Modem<\/strong> (AVM 7412)\u00a0<\/a> (2,99 \u20ac je Monat): 1 Gigabit LAN Anschluss. WLAN n-Standard bis 300 MBit\/s. Anschluss f\u00fcr ein analoges Telefon am 1&amp;1 DSL 100 Anschluss.<\/li>\n<li><a href=\"https:\/\/aktionen-tarife.de\/1und1\/zuhause\/kabel-modem\">1&amp;1 Kabel-Modem<\/a> (0 \u20ac\/Monat): 1 LAN Anschluss. KEIN WLAN. F\u00fcr 1 Analogtelefon. <a id=\"internet\"><\/a><\/li>\n<\/ul>\n<hr \/>\n<h2><span class=\"farbig\">Internet-Optionen<\/span> f\u00fcr den 1&amp;1 DSL 100 Tarif<\/h2>\n<ul>\n<li><strong>1&amp;1 Upload-Option (2,99 \u20ac je Monat):<\/strong> Upstream 40 statt 20 MBit\/s. Noch schnelleres Senden von Daten \/ Uploads. Vergleich VDSL 50 =\u00a0 10 MBit\/s Upstream +\u00a0 DSL 16 =\u00a0 1 MBit\/s.<\/li>\n<li><strong><a href=\"https:\/\/aktionen-tarife.de\/1und1\/dsl-vdsl\/optionen\/sicherheitspaket-symantec-norton-360-multi-device\">1&amp;1 Sicherheitspaket<\/a> (4,99 \u20ac je Monat):<\/strong> Norton 360 Multi-Device. Sch\u00fctzt bis zu 4 Ger\u00e4te (z.B. PC, Laptop, Tablet, Smartphone) vor Viren, Hackern und anderen Internetgefahren.<\/li>\n<li>F\u00fcr 1&amp;1 HomeServer auf Wunsch zahlreiches g\u00fcnstiges <strong>AVM Zubeh\u00f6r<\/strong>, z.B. WLAN Stick, WLAN-Repeater, Fritz Powerline, SmartEnergie-Steckdose und mehr. \u00a0<a id=\"fernsehen\"><\/a><\/li>\n<\/ul>\n<hr \/>\n<h2><span class=\"farbig\">Fernsehen und Entertainment<\/span>\u00a0 mit\u00a01&amp;1 VDSL 100 Anschluss<\/h2>\n<ul>\n<li><img decoding=\"async\" class=\"alignright size-medium wp-image-1734\" src=\"https:\/\/aktionen-tarife.de\/1und1\/inhalte\/2015\/12\/fernsehen-mit-1und1-150x100.jpg\" alt=\"Fernsehen mit 1&amp;1 DSL \/ VDSL\" width=\"150\" height=\"100\" srcset=\"https:\/\/aktionen-tarife.de\/1und1\/inhalte\/2015\/12\/fernsehen-mit-1und1.jpg 150w, https:\/\/aktionen-tarife.de\/1und1\/inhalte\/2015\/12\/fernsehen-mit-1und1-80x53.jpg 80w\" sizes=\"(max-width: 150px) 100vw, 150px\" \/>Exklusiv optional mit <strong><a href=\"https:\/\/aktionen-tarife.de\/1und1\/vdsl\">1&amp;1 VDSL<\/a><\/strong> (nicht mit DSL) Tarifen: digitales Fernsehen (IPTV). Kabelfernsehen wird damit nicht mehr ben\u00f6tigt.\n<ul>\n<li>IPTV Tarif (powered by Telekom Entertain) f\u00fcr <strong>monatlich 5 \u20ac<\/strong>. \u00dcber 100 private und \u00f6ffentliche TV Sender, viele in HD-Qualit\u00e4t.<\/li>\n<li>Ben\u00f6tigt wird der 1&amp;1 Media Receiver f\u00fcr <strong>4,99 \u20ac je Monat<\/strong>. Der Festplattenrekorder MR303 hat eine 500 GB gro\u00dfe Festplatte.<\/li>\n<li>Optional Sky, HD-Option, Genre-Pakete und vieles mehr.<\/li>\n<li><strong><a href=\"https:\/\/aktionen-tarife.de\/1und1\/fernsehen\/entertain-iptv\">Mehr Details Fernsehen mit 1&amp;1 VDSL hier<\/a><\/strong> \u00a0<a id=\"telefonie\"><\/a><\/li>\n<\/ul>\n<\/li>\n<\/ul>\n<hr \/>\n<h2><span class=\"farbig\">Telefonie-Optionen<\/span> f\u00fcr den 1&amp;1 DSL 100 Tarif<\/h2>\n<ul>\n<li><strong>ISDN-Komfort<\/strong> (ohne Mehrpreis beim 1&amp;1 DSL 100 Tarif): 10 Rufnummern (z.B. eigene Rufnummer f\u00fcr Ihre Kinder). Mehrere Telefonate gleichzeitig m\u00f6glich (\u00fcber den 1&amp;1 Router mit integrierter Telefonanlage). Anrufbeantworter im 1&amp;1 Netz, Rufnummernanzeige (CLIP), Rufumleitung, Parallel-Ruf, Konferenzschaltung, Anklopfen, Makeln, Halten uvm.<\/li>\n<li><strong>1&amp;1 Mobilfunk-Option (4,99 \u20ac je Monat):<\/strong> f\u00fcr nur 9,9 statt sonst 19,9 Cent je Minute vom 1&amp;1 Festnetz Anschluss in alle deutschen Handynetze anrufen (z.B. Telekom, o2, Vodafone).<\/li>\n<li><strong>1&amp;1 Auslands-Option\u00a0<\/strong> (Hinweis: Call by Call kann am 1&amp;1 Anschluss nicht genutzt werden):\n<ul>\n<li><strong>1&amp;1 Euro-Flat (4,99 \u20ac je Monat):<\/strong> zum Festpreis in das Festnetz von 25 europ\u00e4ischen L\u00e4ndern anrufen. Mobilfunkverbindungen kosten 25 Ct.\/Min. Alternativ:<\/li>\n<li><strong>1&amp;1 World-Flat (14,99 \u20ac je Monat):<\/strong> zum Festpreis in das Festnetz von 60 internationalen L\u00e4ndern anrufen (inkl. der L\u00e4nder der Euro-Flat). Mobilverbindungen kosten 25 Ct.\/Min.<\/li>\n<\/ul>\n<\/li>\n<li>Als Erg\u00e4nzung f\u00fcr Ihren 1&amp;1 IP-Telefonanschluss\u00a0 erhalten Sie\u00a0 auf Wunsch g\u00fcnstige AVM <strong>DECT Schnurlostelefone sowie DECT-Verst\u00e4rker<\/strong> (Repeater) f\u00fcr die\u00a0 <strong><a href=\"https:\/\/aktionen-tarife.de\/1und1\/aktuelles\/fritzbox-avm\">Fritz!Box<\/a><\/strong>.<\/li>\n<\/ul>\n<hr \/>\n<h2>1&amp;1 DSL 100 &#8211; g\u00fcnstigen VDSL Anschluss <span class=\"farbig\">bestellen<\/span><\/h2>\n<p><a href=\"https:\/\/aktionen-tarife.de\/1und1\/zum-anbieter\/festnetz\/1und1-festnetz-allgemein\" target=\"_blank\" rel=\"noopener\"><img decoding=\"async\" class=\"alignright size-full wp-image-552\" src=\"https:\/\/aktionen-tarife.de\/1und1\/inhalte\/2015\/09\/1und1-onlinebestellung.png\" alt=\"1&amp;1 Onlinebestellung\" width=\"150\" height=\"30\" srcset=\"https:\/\/aktionen-tarife.de\/1und1\/inhalte\/2015\/09\/1und1-onlinebestellung.png 150w, https:\/\/aktionen-tarife.de\/1und1\/inhalte\/2015\/09\/1und1-onlinebestellung-80x16.png 80w\" sizes=\"(max-width: 150px) 100vw, 150px\" \/><\/a>Der 1&amp;1 DSL 100 Anschluss hat Sie \u00fcberzeugt? Dann bestellen Sie jetzt <strong><a href=\"https:\/\/aktionen-tarife.de\/1und1\/zum-anbieter\/festnetz\/1und1-festnetz-allgemein\" target=\"_blank\" rel=\"noopener\">online<\/a><\/strong> oder lassen sich alternativ <strong><a href=\"https:\/\/aktionen-tarife.de\/1und1\/kontakt\/telefonische-beratung\">telefonisch beraten<\/a><\/strong>:<\/p>\n<p><span class=\"desktop-tablet\"><strong>Tel.:\u00a0<\/strong><strong><a href=\"tel:+4939434099911\" onclick=\"ga('send', 'event', 'hotline', 'hotline-content', 'hotline-content-mit-zeit');\">0 39 43 \/ 40 999 11<\/a><\/strong> (Mo.-Fr. 7:30-22 \/ Sa. 8-22 \/ So. + Feiertag 10-22 Uhr) <\/span><span class=\"smartphone\"><strong>Tel.\u00a0<\/strong><strong><a href=\"tel:+4939434099911\" onclick=\"ga('send', 'event', 'hotline', 'hotline-content', 'hotline-content-mit-zeit');\">0 39 43 \/ 40 999 11<\/a><\/strong> (Mo.-Fr. 7:30-22 \/ Sa. 8-22 \/ So. + Feiertag 10-22 Uhr)<\/span><\/p>\n<hr \/>\n<p><span style=\"color: #999999;\">*Alle Details und Vertragsbedingungen finden Sie im <a href=\"https:\/\/aktionen-tarife.de\/1und1\/zum-anbieter\/festnetz\/1und1-festnetz-allgemein\" target=\"_blank\" rel=\"noopener\">1&amp;1 Onlineshop<\/a>. 1&amp;1 DSL 100 Tarif mit VDSL Anschluss wahlweise mit 24 Monaten oder ohne Mindestvertragslaufzeit. Bei Neuanschluss einmalige Anschlussgeb\u00fchr (Technikergeb\u00fchr) 69,95 \u20ac.<\/span><\/p>\n","protected":false},"excerpt":{"rendered":"<p>Der 1&amp;1 DSL 100 Tarif bietet f\u00fcr nur 34,99 \u20ac\/Monat* (Preisvorteile f\u00fcr Neukunden siehe unten) einen extra schnellen VDSL Internetanschluss (Verf\u00fcgbarkeit hier) mit Flat (ohne Drosselung) sowie einen Telefonanschluss mit Telefonflat in das deutsche Festnetz und ISDN-Komfort (bis zu 10 Rufnummern). Ein Telekom Anschluss wird nicht mehr ben\u00f6tigt. Auf Wunsch ist zudem kostenlos eine Handy- &hellip; <a href=\"https:\/\/aktionen-tarife.de\/1und1\/vdsl\/100-mbit\" class=\"more-link\"><span class=\"screen-reader-text\">1&#038;1 DSL 100 \u2013 g\u00fcnstige VDSL Internetflat und Telefonflat<\/span> weiterlesen <span class=\"meta-nav\">&rarr;<\/span><\/a><\/p>\n","protected":false},"author":30,"featured_media":0,"parent":1297,"menu_order":112200,"comment_status":"closed","ping_status":"closed","template":"","meta":{"footnotes":""},"class_list":["post-1304","page","type-page","status-publish","hentry"],"_links":{"self":[{"href":"https:\/\/aktionen-tarife.de\/1und1\/wp-json\/wp\/v2\/pages\/1304","targetHints":{"allow":["GET"]}}],"collection":[{"href":"https:\/\/aktionen-tarife.de\/1und1\/wp-json\/wp\/v2\/pages"}],"about":[{"href":"https:\/\/aktionen-tarife.de\/1und1\/wp-json\/wp\/v2\/types\/page"}],"author":[{"embeddable":true,"href":"https:\/\/aktionen-tarife.de\/1und1\/wp-json\/wp\/v2\/users\/30"}],"replies":[{"embeddable":true,"href":"https:\/\/aktionen-tarife.de\/1und1\/wp-json\/wp\/v2\/comments?post=1304"}],"version-history":[{"count":3,"href":"https:\/\/aktionen-tarife.de\/1und1\/wp-json\/wp\/v2\/pages\/1304\/revisions"}],"predecessor-version":[{"id":9260,"href":"https:\/\/aktionen-tarife.de\/1und1\/wp-json\/wp\/v2\/pages\/1304\/revisions\/9260"}],"up":[{"embeddable":true,"href":"https:\/\/aktionen-tarife.de\/1und1\/wp-json\/wp\/v2\/pages\/1297"}],"wp:attachment":[{"href":"https:\/\/aktionen-tarife.de\/1und1\/wp-json\/wp\/v2\/media?parent=1304"}],"curies":[{"name":"wp","href":"https:\/\/api.w.org\/{rel}","templated":true}]}}