{"id":1297,"date":"2017-07-02T00:01:12","date_gmt":"2017-07-01T22:01:12","guid":{"rendered":"https:\/\/aktionen-tarife.de\/1und1\/?page_id=1297"},"modified":"2022-12-22T19:35:32","modified_gmt":"2022-12-22T18:35:32","slug":"vdsl","status":"publish","type":"page","link":"https:\/\/aktionen-tarife.de\/1und1\/vdsl","title":{"rendered":"1&#038;1 VDSL Tarife und Angebote mit Telefon- und Internet-Flat"},"content":{"rendered":"<p><a href=\"https:\/\/aktionen-tarife.de\/1und1\/zum-anbieter\/festnetz\/1und1-festnetz-allgemein\" target=\"_blank\" rel=\"noopener\"><img decoding=\"async\" class=\"alignright size-full wp-image-552\" src=\"https:\/\/aktionen-tarife.de\/1und1\/inhalte\/2015\/09\/1und1-onlinebestellung.png\" alt=\"1&amp;1 Onlinebestellung\" width=\"150\" height=\"30\" srcset=\"https:\/\/aktionen-tarife.de\/1und1\/inhalte\/2015\/09\/1und1-onlinebestellung.png 150w, https:\/\/aktionen-tarife.de\/1und1\/inhalte\/2015\/09\/1und1-onlinebestellung-80x16.png 80w\" sizes=\"(max-width: 150px) 100vw, 150px\" \/><\/a>Die <span class=\"farbig\">1&amp;1 VDSL<\/span> Tarife bieten schnelles <strong>Internet<\/strong> (je nach <a href=\"https:\/\/aktionen-tarife.de\/1und1\/vdsl\/verfuegbarkeit\">Verf\u00fcgbarkeit<\/a> 50 MBit\/s bzw. 100 MBit\/s) inklusive Internetflat zum unbegrenzten Surfen (keine Drosselung). Ein Telefonanschluss mit <strong>Telefonflat<\/strong> ins deutsche Festnetz ist bei den 1&amp;1 VDSL Tarifen ebenfalls enthalten. Auf Wunsch k\u00f6nnen die 1&amp;1 VDSL <a href=\"https:\/\/aktionen-tarife.de\/1und1\/festnetz\/doppel-flat-dsl-vdsl-internetflat-telefonflat\">Doppelflat<\/a> Tarife auch um digitales <strong><a href=\"https:\/\/aktionen-tarife.de\/1und1\/fernsehen\/entertain-iptv\">Fernsehen<\/a><\/strong> (powered by <a href=\"https:\/\/telekom.tarife-angebote.de\/magenta-zuhause\/entertain\" target=\"_blank\" rel=\"noopener\">Telekom Entertain<\/a>) erweitert werden. Neben den schnellen VDSL Tarifen bietet 1&amp;1 auch die noch g\u00fcnstigeren <strong><a href=\"https:\/\/aktionen-tarife.de\/1und1\/dsl\">DSL Tarife<\/a><\/strong> (bis 16 MBit\/s) an.<\/p>\n<hr \/>\n<h2>1&amp;1 VDSL <span class=\"farbig\">Tarif\u00fcbersicht<\/span>: Highspeed Internetflat und Telefonflat<\/h2>\n<ul>\n<li><strong><a href=\"https:\/\/aktionen-tarife.de\/1und1\/vdsl\/50-mbit\">1&amp;1 VDSL 50<\/a><\/strong>: Internetflat unbegrenzt (bis 50 MBit\/s), Telefonflat und Extras. Monatlich nur 31,99 \u20ac. <span style=\"color: #ff0000;\">Aktion bis 30.04.2026: erste 12 Monate je nur 16,99 \u20ac und dann nur 29,99 \u20ac.<\/span><\/li>\n<li><a href=\"https:\/\/aktionen-tarife.de\/1und1\/vdsl\/100-mbit\"><strong>1&amp;1 VDSL 100<\/strong><\/a>: Highspeed Flat Surfen (bis 100 MBit\/s), Telefonflat und Extras. Monatlich nur\u00a0 34,99 \u20ac. <span style=\"color: #ff0000;\">Aktion bis 30.04.2026: erste 12 Monate je nur 19,99 \u20ac.<\/span><\/li>\n<li><a href=\"https:\/\/aktionen-tarife.de\/1und1\/zum-anbieter\/festnetz\/1und1-festnetz-business\" target=\"_blank\" rel=\"noopener\"><strong>1&amp;1 Business VDSL Tarife<\/strong><\/a>: Angebote f\u00fcr\u00a0 Gesch\u00e4ftskunden \/ Firmenkunden.<\/li>\n<\/ul>\n<p>Die 1&amp;1 VDSL Tarife beinhalten viele Extras wie ISDN Komfort (bis zu 10 Rufnummern), optional <a href=\"https:\/\/aktionen-tarife.de\/1und1\/dsl-vdsl\/optionen\/handy-flat-internet-smartphone\">Handy-Flat<\/a> ohne Aufpreis sowie gegen geringen Aufpreis IPTV und Online-Videothek. Vergleichen Sie selbst, wie g\u00fcnstig die 1&amp;1 VDSL Tarife im Vergleich z.B. zur <a href=\"https:\/\/telekom.tarife-angebote.de\/magenta-zuhause\" target=\"_blank\" rel=\"noopener\">Telekom<\/a> sind.<\/p>\n<hr \/>\n<p style=\"text-align: center;\"><strong><a href=\"https:\/\/aktionen-tarife.de\/1und1\/zum-anbieter\/festnetz\/1und1-festnetz-allgemein\" target=\"_blank\" rel=\"noopener\">direkt online bestellen<\/a><\/strong> oder <strong><a href=\"https:\/\/aktionen-tarife.de\/1und1\/kontakt\/telefonische-beratung\">telefonisch beraten lassen<\/a><\/strong><\/p>\n<hr \/>\n<h2><span class=\"farbig\">Angebote und Aktionen<\/span> f\u00fcr 1&amp;1 VDSL\u00a0 Tarife\u00a0 <span style=\"color: #ff0000;\">April 2026<\/span><\/h2>\n<p>Bis zum <strong>30.04.2026<\/strong> f\u00fcr einen 1&amp;1 VDSL Tarif entscheiden und Angebote sichern:<\/p>\n<ul>\n<li>1&amp;1 VDSL Tarife in den ersten <a href=\"https:\/\/aktionen-tarife.de\/1und1\/angebote\/1und1-dsl-vdsl-tarife-12-monate-je-15-euro-guenstiger-180-euro-sparen\"><strong>12 Monaten im Preis reduziert<\/strong><\/a> (bis zu <span class=\"farbig\">180 \u20ac sparen<\/span>).<\/li>\n<li>Von anderem Anbieter zu 1&amp;1 wechseln und <span class=\"farbig\">100 \u20ac Wechsel-Bonus<\/span> sichern.<\/li>\n<li>Hochwertige Hardware vom deutschen Markenhersteller <strong><a href=\"https:\/\/aktionen-tarife.de\/1und1\/aktuelles\/fritzbox-avm\">AVM (FritzBox)<\/a><\/strong> zum kleinen Preis.<\/li>\n<li>Viele Extras ohne Aufpreis bei allen 1&amp;1 VDSL Tarifen enthalten.<\/li>\n<\/ul>\n<hr \/>\n<h2><span class=\"farbig\">Verf\u00fcgbarkeit<\/span> f\u00fcr 1&amp;1 VDSL Tarife pr\u00fcfen (Netzausbau)<\/h2>\n<p>Ob die 1&amp;1 VDSL Tarife auch an Ihrem Anschluss \/ Standort <a href=\"https:\/\/aktionen-tarife.de\/1und1\/festnetz\/verfuegbarkeit\">verf\u00fcgbar<\/a> sind, k\u00f6nnen Sie ganz einfach kostenlos und unverbindlich im Internet oder telefonisch \u00fcberpr\u00fcfen:<\/p>\n<ul>\n<li><span class=\"desktop-tablet\"><strong><a href=\"https:\/\/aktionen-tarife.de\/1und1\/zum-anbieter\/festnetz\/1und1-festnetz-check\" target=\"_blank\" rel=\"noopener\">1&amp;1 VDSL Verf\u00fcgbarkeit<\/a><\/strong> <strong>direkt online testen<\/strong> (unverbindlich und kostenlos). <\/span><span class=\"smartphone\"><strong><a href=\"https:\/\/aktionen-tarife.de\/1und1\/zum-anbieter\/festnetz\/1und1-festnetz-check\" target=\"_blank\" rel=\"noopener\">1&amp;1 VDSL Verf\u00fcgbarkeit online pr\u00fcfen<\/a><\/strong><\/span><\/li>\n<li><span class=\"desktop-tablet\">Verf\u00fcgbarkeit telefonisch pr\u00fcfen lassen unter Tel. <strong><a href=\"tel:+4939434099911\" onclick=\"ga('send', 'event', 'hotline', 'hotline-content', 'hotline-content-ohne-zeit');\">0 39 43 \/ 40 999 11<\/a><\/strong> (<a href=\"https:\/\/aktionen-tarife.de\/1und1\/kontakt\/telefonische-beratung\">R\u00fcckruf hier<\/a>). <\/span><span class=\"smartphone\">Pr\u00fcfung unter Tel. <strong><a href=\"tel:+4939434099911\" onclick=\"ga('send', 'event', 'hotline', 'hotline-content', 'hotline-content-ohne-zeit');\">0 39 43 \/ 40 999 11<\/a><\/strong> oder <a href=\"https:\/\/aktionen-tarife.de\/1und1\/kontakt\/telefonische-beratung\">R\u00fcckruf Service<\/a> nutzen.<\/span><\/li>\n<\/ul>\n<hr \/>\n<h2><span class=\"farbig\">Bestellung <\/span>1&amp;1 VDSL\u00a0 Tarife mit Internet- und Telefonflat<\/h2>\n<p><a href=\"https:\/\/aktionen-tarife.de\/1und1\/zum-anbieter\/festnetz\/1und1-festnetz-allgemein\" target=\"_blank\" rel=\"noopener\"><img decoding=\"async\" class=\"alignright size-full wp-image-552\" src=\"https:\/\/aktionen-tarife.de\/1und1\/inhalte\/2015\/09\/1und1-onlinebestellung.png\" alt=\"1&amp;1 Onlinebestellung\" width=\"150\" height=\"30\" srcset=\"https:\/\/aktionen-tarife.de\/1und1\/inhalte\/2015\/09\/1und1-onlinebestellung.png 150w, https:\/\/aktionen-tarife.de\/1und1\/inhalte\/2015\/09\/1und1-onlinebestellung-80x16.png 80w\" sizes=\"(max-width: 150px) 100vw, 150px\" \/><\/a><span class=\"desktop-tablet\">1&amp;1 Breitband Neukunden k\u00f6nnen die g\u00fcnstigen VDSL Tarife direkt <a href=\"https:\/\/aktionen-tarife.de\/1und1\/zum-anbieter\/festnetz\/1und1-festnetz-allgemein\" target=\"_blank\" rel=\"noopener\"><strong>online bestellen<\/strong><\/a>. F\u00fcr die \u00c4nderung eines bestehenden 1&amp;1 DSL \/ VDSL Vertrages wenden Sie sich bitte an den <a href=\"https:\/\/aktionen-tarife.de\/1und1\/kontakt\/kundenservice\">Kundenservice<\/a>. <\/span><span class=\"smartphone\">1&amp;1 VDSL Tarife direkt im <strong><a href=\"https:\/\/aktionen-tarife.de\/1und1\/zum-anbieter\/festnetz\/1und1-festnetz-allgemein\" target=\"_blank\" rel=\"noopener\">1&amp;1 Onlineshop<\/a><\/strong> bestellen.<\/span><\/p>\n<p><a href=\"https:\/\/aktionen-tarife.de\/1und1\/kontakt\/telefonische-beratung\"><img decoding=\"async\" class=\"alignright size-full wp-image-553\" src=\"https:\/\/aktionen-tarife.de\/1und1\/inhalte\/2015\/09\/1und1-telefonisch-bestellen.png\" alt=\"1&amp;1 telefonisch bestellen\" width=\"150\" height=\"30\" srcset=\"https:\/\/aktionen-tarife.de\/1und1\/inhalte\/2015\/09\/1und1-telefonisch-bestellen.png 150w, https:\/\/aktionen-tarife.de\/1und1\/inhalte\/2015\/09\/1und1-telefonisch-bestellen-80x16.png 80w\" sizes=\"(max-width: 150px) 100vw, 150px\" \/><\/a><span class=\"desktop-tablet\">Gerne nehmen wir die 1&amp;1 VDSL Bestellung von <strong>Neukunden<\/strong> auch telefonisch unter <strong><a href=\"tel:+4939434099911\" onclick=\"ga('send', 'event', 'hotline', 'hotline-content', 'hotline-content-ohne-zeit');\">0 39 43 \/ 40 999 11<\/a><\/strong> entgegen oder nutzen Sie unseren unverbindlichen <a href=\"https:\/\/aktionen-tarife.de\/1und1\/kontakt\/telefonische-beratung\">R\u00fcckruf-Service<\/a>. <\/span><span class=\"smartphone\">1&amp;1 Festnetz <strong>Neukunden<\/strong> k\u00f6nnen die VDSL Tarife unter <strong><a href=\"tel:+4939434099911\" onclick=\"ga('send', 'event', 'hotline', 'hotline-content', 'hotline-content-ohne-zeit');\">0 39 43 \/ 40 999 11<\/a><\/strong> telefonisch bestellen (<a href=\"https:\/\/aktionen-tarife.de\/1und1\/kontakt\/telefonische-beratung\">R\u00fcckruf-Service hier<\/a>).<\/span><\/p>\n<p><img decoding=\"async\" class=\"alignright size-full wp-image-554\" src=\"https:\/\/aktionen-tarife.de\/1und1\/inhalte\/2015\/09\/1und1-bestellformular-pdf.png\" alt=\"1&amp;1 Bestellformular (PDF)\" width=\"150\" height=\"30\" srcset=\"https:\/\/aktionen-tarife.de\/1und1\/inhalte\/2015\/09\/1und1-bestellformular-pdf.png 150w, https:\/\/aktionen-tarife.de\/1und1\/inhalte\/2015\/09\/1und1-bestellformular-pdf-80x16.png 80w\" sizes=\"(max-width: 150px) 100vw, 150px\" \/><span class=\"desktop-tablet\">F\u00fcr 1&amp;1 Festnetz Neukunden: die 1&amp;1 VDSL Tarife k\u00f6nnen Sie schriftlich mit unserem <strong>PDF Bestellformular<\/strong> bestellen. Gerne senden wir Ihnen auch Flyer und ein Auftragsformular <a href=\"https:\/\/aktionen-tarife.de\/1und1\/kontakt\/unterlagen-zusenden\">per Post zu<\/a>. <\/span><span class=\"smartphone\">F\u00fcr 1&amp;1 Festnetz Neukunden: 1&amp;1 VDSL\u00a0Tarife per <strong>PDF Bestellformular<\/strong> beauftragen oder Unterlagen <strong><a href=\"https:\/\/aktionen-tarife.de\/1und1\/kontakt\/unterlagen-zusenden\">zusenden lassen<\/a><\/strong>.<\/span><\/p>\n<hr \/>\n<h2>Kostenlose <span class=\"farbig\">Tarifberatung<\/span> zu den 1&amp;1 VDSL\u00a0 Tarifen<\/h2>\n<p>Wir als autorisierter 1&amp;1 Partner beraten Sie gern, welcher DSL oder VDSL Anschluss bei Ihnen verf\u00fcgbar ist und welcher Tarif am besten zu Ihren Bed\u00fcrfnissen passt. Lassen Sie sich kostenlos von uns beraten: <strong><a href=\"https:\/\/aktionen-tarife.de\/1und1\/kontakt\/telefonische-beratung\">Callback<\/a> \/ <a href=\"https:\/\/aktionen-tarife.de\/1und1\/kontakt\/schriftliche-anfrage\">Anfrage<\/a> \/ <a href=\"https:\/\/aktionen-tarife.de\/1und1\/kontakt\/unterlagen-zusenden\">Unterlagen<\/a> <\/strong>oder <span class=\"farbig\">anrufen<\/span>:<\/p>\n<p><span class=\"desktop-tablet\">Tel.: <strong><a href=\"tel:+4939434099911\" onclick=\"ga('send', 'event', 'hotline', 'hotline-content', 'hotline-content-mit-zeit');\">0 39 43 \/ 40 999 11<\/a><\/strong> (Mo.-Fr. 7:30-22 \/ Sa. 8-22 \/ So. + Feiertag 10-22 Uhr) <\/span><span class=\"smartphone\">Tel.: <strong><a href=\"tel:+4939434099911\" onclick=\"ga('send', 'event', 'hotline', 'hotline-content', 'hotline-content-mit-zeit');\">0 39 43 \/ 40 999 11<\/a><\/strong> (Mo.-Fr. 7:30-22 \/ Sa. 8-22 \/ So. + Feiertag 10-22 Uhr)<\/span><\/p>\n","protected":false},"excerpt":{"rendered":"<p>Die 1&amp;1 VDSL Tarife bieten schnelles Internet (je nach Verf\u00fcgbarkeit 50 MBit\/s bzw. 100 MBit\/s) inklusive Internetflat zum unbegrenzten Surfen (keine Drosselung). Ein Telefonanschluss mit Telefonflat ins deutsche Festnetz ist bei den 1&amp;1 VDSL Tarifen ebenfalls enthalten. Auf Wunsch k\u00f6nnen die 1&amp;1 VDSL Doppelflat Tarife auch um digitales Fernsehen (powered by Telekom Entertain) erweitert werden. &hellip; <a href=\"https:\/\/aktionen-tarife.de\/1und1\/vdsl\" class=\"more-link\"><span class=\"screen-reader-text\">1&#038;1 VDSL Tarife und Angebote mit Telefon- und Internet-Flat<\/span> weiterlesen <span class=\"meta-nav\">&rarr;<\/span><\/a><\/p>\n","protected":false},"author":30,"featured_media":0,"parent":0,"menu_order":112000,"comment_status":"closed","ping_status":"closed","template":"","meta":{"footnotes":""},"class_list":["post-1297","page","type-page","status-publish","hentry"],"_links":{"self":[{"href":"https:\/\/aktionen-tarife.de\/1und1\/wp-json\/wp\/v2\/pages\/1297","targetHints":{"allow":["GET"]}}],"collection":[{"href":"https:\/\/aktionen-tarife.de\/1und1\/wp-json\/wp\/v2\/pages"}],"about":[{"href":"https:\/\/aktionen-tarife.de\/1und1\/wp-json\/wp\/v2\/types\/page"}],"author":[{"embeddable":true,"href":"https:\/\/aktionen-tarife.de\/1und1\/wp-json\/wp\/v2\/users\/30"}],"replies":[{"embeddable":true,"href":"https:\/\/aktionen-tarife.de\/1und1\/wp-json\/wp\/v2\/comments?post=1297"}],"version-history":[{"count":5,"href":"https:\/\/aktionen-tarife.de\/1und1\/wp-json\/wp\/v2\/pages\/1297\/revisions"}],"predecessor-version":[{"id":9454,"href":"https:\/\/aktionen-tarife.de\/1und1\/wp-json\/wp\/v2\/pages\/1297\/revisions\/9454"}],"wp:attachment":[{"href":"https:\/\/aktionen-tarife.de\/1und1\/wp-json\/wp\/v2\/media?parent=1297"}],"curies":[{"name":"wp","href":"https:\/\/api.w.org\/{rel}","templated":true}]}}