{"id":1276,"date":"2017-07-02T00:01:38","date_gmt":"2017-07-01T22:01:38","guid":{"rendered":"https:\/\/aktionen-tarife.de\/1und1\/?page_id=1276"},"modified":"2022-12-22T19:35:31","modified_gmt":"2022-12-22T18:35:31","slug":"dsl-vdsl","status":"publish","type":"page","link":"https:\/\/aktionen-tarife.de\/1und1\/dsl-vdsl","title":{"rendered":"1&#038;1 DSL \/ 1&#038;1 VDSL Tarife und Angebote im \u00dcberblick"},"content":{"rendered":"<p><a href=\"https:\/\/aktionen-tarife.de\/1und1\/zum-anbieter\/festnetz\/1und1-festnetz-allgemein\" target=\"_blank\" rel=\"noopener\"><img decoding=\"async\" class=\"alignright size-full wp-image-552\" src=\"https:\/\/aktionen-tarife.de\/1und1\/inhalte\/2015\/09\/1und1-onlinebestellung.png\" alt=\"1&amp;1 Onlinebestellung\" width=\"150\" height=\"30\" srcset=\"https:\/\/aktionen-tarife.de\/1und1\/inhalte\/2015\/09\/1und1-onlinebestellung.png 150w, https:\/\/aktionen-tarife.de\/1und1\/inhalte\/2015\/09\/1und1-onlinebestellung-80x16.png 80w\" sizes=\"(max-width: 150px) 100vw, 150px\" \/><\/a>Die <span class=\"farbig\">1&amp;1 DSL<\/span> sowie <span class=\"farbig\">1&amp;1 VDSL<\/span> Tarife bieten schnelles Internet (je nach <a href=\"https:\/\/aktionen-tarife.de\/1und1\/festnetz\/verfuegbarkeit\">Verf\u00fcgbarkeit<\/a> bis 100 MBit\/s)\u00a0 inklusive <strong>Internetflat<\/strong> und <strong>Telefonflat<\/strong> in das deutsche Festnetz. Mit <strong><a href=\"https:\/\/aktionen-tarife.de\/1und1\/dsl\">1&amp;1 DSL<\/a><\/strong> und <strong><a href=\"https:\/\/aktionen-tarife.de\/1und1\/vdsl\">1&amp;1 VDSL<\/a><\/strong> sichern Sie sich ein g\u00fcnstiges Angebot in bester Netzqualit\u00e4t (connect Testsieger Juli 2017 knapp vor der <a href=\"https:\/\/telekom.tarife-angebote.de\/festnetz\" target=\"_blank\" rel=\"noopener\">Telekom<\/a>).<\/p>\n<hr \/>\n<h2><span class=\"farbig\">Verf\u00fcgbarkeit<\/span> f\u00fcr 1&amp;1 DSL \/ 1&amp;1 VDSL Tarife pr\u00fcfen (Check)<\/h2>\n<p>Ob\u00a0 die 1&amp;1 DSL bzw. die schnellen 1&amp;1 VDSL Tarife auch an Ihrer Anschrift\u00a0 <a href=\"https:\/\/aktionen-tarife.de\/1und1\/festnetz\/verfuegbarkeit\">verf\u00fcgbar<\/a> sind, k\u00f6nnen Sie kostenlos und unverbindlich online\u00a0 oder telefonisch checken:<\/p>\n<ul>\n<li><span class=\"desktop-tablet\"><strong><a href=\"https:\/\/aktionen-tarife.de\/1und1\/zum-anbieter\/festnetz\/1und1-festnetz-check\" target=\"_blank\" rel=\"noopener\">1&amp;1 DSL \/ VDSL Verf\u00fcgbarkeit<\/a><\/strong> <strong>online testen<\/strong> (unverbindlich und kostenlos). <\/span><span class=\"smartphone\"><strong><a href=\"https:\/\/aktionen-tarife.de\/1und1\/zum-anbieter\/festnetz\/1und1-festnetz-check\" target=\"_blank\" rel=\"noopener\">1&amp;1 DSL \/ VDSL Check\u00a0 online<\/a><\/strong><\/span><\/li>\n<li><span class=\"desktop-tablet\">Verf\u00fcgbarkeit telefonisch pr\u00fcfen unter Tel. <strong><a href=\"tel:+4939434099911\" onclick=\"ga('send', 'event', 'hotline', 'hotline-content', 'hotline-content-ohne-zeit');\">0 39 43 \/ 40 999 11<\/a><\/strong> (<a href=\"https:\/\/aktionen-tarife.de\/1und1\/kontakt\/telefonische-beratung\">R\u00fcckruf hier<\/a>). <\/span><span class=\"smartphone\">Telefonisch pr\u00fcfen unter Tel. <strong><a href=\"tel:+4939434099911\" onclick=\"ga('send', 'event', 'hotline', 'hotline-content', 'hotline-content-ohne-zeit');\">0 39 43 \/ 40 999 11<\/a><\/strong> oder <a href=\"https:\/\/aktionen-tarife.de\/1und1\/kontakt\/telefonische-beratung\">R\u00fcckruf Service<\/a> nutzen.<\/span><\/li>\n<\/ul>\n<hr \/>\n<h2><span class=\"farbig\">Tarif\u00fcbersicht<\/span> 1&amp;1 DSL \/ VDSL: Highspeed Internetflat und Telefonflat<\/h2>\n<ul>\n<li><strong><a href=\"https:\/\/aktionen-tarife.de\/1und1\/dsl\/basic\">1&amp;1 DSL Basic<\/a><\/strong>: Surfen\u00a0 bis 16 MBit\/s (bis 100 GB\u00a0 je\u00a0 Monat, danach Drosselung auf 1 MBit\/s) und Telefonflat. Nur 24,99 \u20ac mtl. <span style=\"color: #ff0000;\">Aktion bis 30.04.2026: 12 Monate je nur 9,99 \u20ac.<\/span><\/li>\n<li><a href=\"https:\/\/aktionen-tarife.de\/1und1\/dsl\/16-mbit\"><strong>1&amp;1 DSL\u00a0 16<\/strong><\/a>: Internetflat ohne Drosselung bis 16 MBit\/s inklusive Telefonflat. Nur\u00a0 29,99 \u20ac je Monat. <span style=\"color: #ff0000;\">Aktion bis\u00a0 30.04.2026: erste 12 Monate je nur 14,99 \u20ac.<\/span><\/li>\n<li><strong><a href=\"https:\/\/aktionen-tarife.de\/1und1\/vdsl\/50-mbit\">1&amp;1 VDSL 50<\/a><\/strong>: Internetflat ohne Limit (bis 50 MBit\/s), Telefonflat und Extras. Nur\u00a0 31,99 \u20ac je Monat. <span style=\"color: #ff0000;\">Aktion bis\u00a0 30.04.2026: erste 12 Monate je nur 16,99 \u20ac und dann 29,99 \u20ac.<br \/>\n<\/span><\/li>\n<li><a href=\"https:\/\/aktionen-tarife.de\/1und1\/vdsl\/100-mbit\"><strong>1&amp;1 VDSL 100<\/strong><\/a>: Flat ohne Drosselung\u00a0 (bis 100 MBit\/s), Telefonflat und Extras. Nur\u00a0 34,99 \u20ac je Monat. <span style=\"color: #ff0000;\">Aktion bis\u00a0 30.04.2026: erste 12 Monate je nur 19,99 \u20ac.<\/span><\/li>\n<li><a href=\"https:\/\/aktionen-tarife.de\/1und1\/zum-anbieter\/festnetz\/1und1-festnetz-business\" target=\"_blank\" rel=\"noopener\"><strong>1&amp;1 Business Tarife<\/strong><\/a>: DSL und VDSL Tarife f\u00fcr Gesch\u00e4ftskunden.<\/li>\n<\/ul>\n<p>Bei allen 1&amp;1 DSL \/ VDSL Tarifen (bis auf Basic Tarif) sind viele Extras wie ISDN Komfort oder <a href=\"https:\/\/aktionen-tarife.de\/1und1\/dsl-vdsl\/optionen\/handy-flat-internet-smartphone\">Handyflat<\/a> ohne Aufpreis enthalten. Die 1&amp;1 VDSL Tarife k\u00f6nnen optional um <a href=\"https:\/\/aktionen-tarife.de\/1und1\/fernsehen\/entertain-iptv\">IPTV<\/a> (digitales Fernsehen powered by <a href=\"https:\/\/telekom.tarife-angebote.de\/magenta-zuhause\/entertain\" target=\"_blank\" rel=\"noopener\">Telekom Entertain<\/a>) erweitert werden. Vergleichen Sie selbst, wie g\u00fcnstig die 1&amp;1 Breitband Internet\u00a0Tarife im Vergleich z.B. zur <a href=\"https:\/\/telekom.tarife-angebote.de\/magenta-zuhause\" target=\"_blank\" rel=\"noopener\">Telekom<\/a> sind.<\/p>\n<hr \/>\n<p style=\"text-align: center;\"><strong><a href=\"https:\/\/aktionen-tarife.de\/1und1\/zum-anbieter\/festnetz\/1und1-festnetz-allgemein\" target=\"_blank\" rel=\"noopener\">direkt online bestellen<\/a><\/strong> oder <strong><a href=\"https:\/\/aktionen-tarife.de\/1und1\/kontakt\/telefonische-beratung\">telefonisch beraten lassen<\/a><\/strong><\/p>\n<hr \/>\n<h2><span class=\"farbig\">Angebote und Aktionen<\/span> f\u00fcr 1&amp;1 DSL \/ VDSL Tarife im <span style=\"color: #ff0000;\">April 2026<\/span><\/h2>\n<p>Wenn Sie bis zum\u00a0 <strong>30.04.2026\u00a0<\/strong> einen 1&amp;1 DSL \/ VDSL Tarif bestellen, k\u00f6nnen Sie sparen:<\/p>\n<ul>\n<li>1&amp;1 DSL \/ VDSL Tarife in den ersten <a href=\"https:\/\/aktionen-tarife.de\/1und1\/angebote\/1und1-dsl-vdsl-tarife-12-monate-je-15-euro-guenstiger-180-euro-sparen\"><strong>12 Monaten preiswerter<\/strong><\/a>\u00a0 (bis zu <span class=\"farbig\">180 \u20ac sparen<\/span>).<\/li>\n<li>Von anderem Anbieter zu 1&amp;1 wechseln und <span class=\"farbig\">100 \u20ac Wechsel-Bonus<\/span> sichern.<\/li>\n<li>Hochwertige WLAN Router\u00a0 vom dt. Markenhersteller <strong><a href=\"https:\/\/aktionen-tarife.de\/1und1\/aktuelles\/fritzbox-avm\">AVM (FritzBox)<\/a><\/strong>\u00a0 zum kleinen Preis.<\/li>\n<li>Viele Extras ohne Aufpreis bei allen 1&amp;1 DSL (au\u00dfer Basic) und VDSL Tarifen enthalten.<\/li>\n<\/ul>\n<hr \/>\n<h2><span class=\"farbig\">WLAN Router und DSL Modems<\/span> f\u00fcr 1&amp;1 (V)DSL Anschluss<\/h2>\n<p>Zusammen mit einem 1&amp;1 (V)DSL Auftrag k\u00f6nnen Sie z.B. eine FritzBox mitbestellen:<\/p>\n<div class=\"rssfp-items-wrapper\"><ul><!--via SimplePie with rssfp_import--><li><a href=\"https:\/\/aktionen-tarife.de\/1und1\/zuhause\/homeserver-speed-avm-fritzbox-7560-wlan-router-dsl-vdsl\" title=\"1&amp;1 HomeServer Speed \/ AVM FritzBox 7560 \u2013 (V)DSL WLAN Router\">1&amp;1 HomeServer Speed \/ AVM FritzBox 7560 \u2013 (V)DSL WLAN Router<\/a><\/li><li><a href=\"https:\/\/aktionen-tarife.de\/1und1\/zuhause\/businessserver-avm-fritzbox-7580-wlan-router-dsl-vdsl\" title=\"1&amp;1 BusinessServer \/ AVM FritzBox 7580 \u2013 DSL \/ VDSL WLAN Router\">1&amp;1 BusinessServer \/ AVM FritzBox 7580 \u2013 DSL \/ VDSL WLAN Router<\/a><\/li><li><a href=\"https:\/\/aktionen-tarife.de\/1und1\/zuhause\/wlan-modem-avm-fritzbox-7412-dsl-vdsl\" title=\"1&amp;1 WLAN-Modem \u2013 AVM FritzBox 7412 \u2013 DSL \/ VDSL WLAN Router\">1&amp;1 WLAN-Modem \u2013 AVM FritzBox 7412 \u2013 DSL \/ VDSL WLAN Router<\/a><\/li><li><a href=\"https:\/\/aktionen-tarife.de\/1und1\/zuhause\/kabel-modem\" title=\"1&amp;1 Kabel-Modem f\u00fcr DSL \/ VDSL Anschluss (ohne WLAN Funktion)\">1&amp;1 Kabel-Modem f\u00fcr DSL \/ VDSL Anschluss (ohne WLAN Funktion)<\/a><\/li><\/ul>\n<hr \/>\n<h2><span class=\"farbig\">Bestellung <\/span>1&amp;1 DSL \/ VDSL\u00a0Tarife (Internetflat und Telefonflat)<\/h2>\n<p><a href=\"https:\/\/aktionen-tarife.de\/1und1\/zum-anbieter\/festnetz\/1und1-festnetz-allgemein\" target=\"_blank\" rel=\"noopener\"><img decoding=\"async\" class=\"alignright size-full wp-image-552\" src=\"https:\/\/aktionen-tarife.de\/1und1\/inhalte\/2015\/09\/1und1-onlinebestellung.png\" alt=\"1&amp;1 Onlinebestellung\" width=\"150\" height=\"30\" srcset=\"https:\/\/aktionen-tarife.de\/1und1\/inhalte\/2015\/09\/1und1-onlinebestellung.png 150w, https:\/\/aktionen-tarife.de\/1und1\/inhalte\/2015\/09\/1und1-onlinebestellung-80x16.png 80w\" sizes=\"(max-width: 150px) 100vw, 150px\" \/><\/a><span class=\"desktop-tablet\">1&amp;1 Breitband\u00a0 Neukunden k\u00f6nnen die g\u00fcnstigen DSL \/ VDSL Tarife <a href=\"https:\/\/aktionen-tarife.de\/1und1\/zum-anbieter\/festnetz\/1und1-festnetz-allgemein\" target=\"_blank\" rel=\"noopener\"><strong>online bestellen<\/strong><\/a>. F\u00fcr die \u00c4nderung eines bestehenden 1&amp;1\u00a0 DSL \/ VDSL Anschlusses\u00a0 wenden Sie sich bitte an den\u00a0 <a href=\"https:\/\/aktionen-tarife.de\/1und1\/kontakt\/kundenservice\">Kundenservice<\/a>. <\/span><span class=\"smartphone\">1&amp;1 DSL \/ VDSL\u00a0 Tarife im <strong><a href=\"https:\/\/aktionen-tarife.de\/1und1\/zum-anbieter\/festnetz\/1und1-festnetz-allgemein\" target=\"_blank\" rel=\"noopener\">1&amp;1 Onlineshop<\/a><\/strong> bestellen.<\/span><\/p>\n<p><a href=\"https:\/\/aktionen-tarife.de\/1und1\/kontakt\/telefonische-beratung\"><img decoding=\"async\" class=\"alignright size-full wp-image-553\" src=\"https:\/\/aktionen-tarife.de\/1und1\/inhalte\/2015\/09\/1und1-telefonisch-bestellen.png\" alt=\"1&amp;1 telefonisch bestellen\" width=\"150\" height=\"30\" srcset=\"https:\/\/aktionen-tarife.de\/1und1\/inhalte\/2015\/09\/1und1-telefonisch-bestellen.png 150w, https:\/\/aktionen-tarife.de\/1und1\/inhalte\/2015\/09\/1und1-telefonisch-bestellen-80x16.png 80w\" sizes=\"(max-width: 150px) 100vw, 150px\" \/><\/a><span class=\"desktop-tablet\">Gerne nehmen wir von Festnetz\u00a0 <strong>Neukunden<\/strong>\u00a0 den 1&amp;1 DSL \/ VDSL Auftrag auch telefonisch unter <strong><a href=\"tel:+4939434099911\" onclick=\"ga('send', 'event', 'hotline', 'hotline-content', 'hotline-content-ohne-zeit');\">0 39 43 \/ 40 999 11<\/a><\/strong> entgegen oder Sie nutzen unseren unverbindlichen <a href=\"https:\/\/aktionen-tarife.de\/1und1\/kontakt\/telefonische-beratung\">R\u00fcckruf-Service<\/a>. <\/span><span class=\"smartphone\">1&amp;1 Breitband\u00a0 <strong>Neukunden<\/strong> k\u00f6nnen die DSL \/ VDSL Tarife\u00a0 unter <strong><a href=\"tel:+4939434099911\" onclick=\"ga('send', 'event', 'hotline', 'hotline-content', 'hotline-content-ohne-zeit');\">0 39 43 \/ 40 999 11<\/a><\/strong> telefonisch bestellen (<a href=\"https:\/\/aktionen-tarife.de\/1und1\/kontakt\/telefonische-beratung\">R\u00fcckruf-Service hier<\/a>).<\/span><\/p>\n<p><img decoding=\"async\" class=\"alignright size-full wp-image-554\" src=\"https:\/\/aktionen-tarife.de\/1und1\/inhalte\/2015\/09\/1und1-bestellformular-pdf.png\" alt=\"1&amp;1 Bestellformular (PDF)\" width=\"150\" height=\"30\" srcset=\"https:\/\/aktionen-tarife.de\/1und1\/inhalte\/2015\/09\/1und1-bestellformular-pdf.png 150w, https:\/\/aktionen-tarife.de\/1und1\/inhalte\/2015\/09\/1und1-bestellformular-pdf-80x16.png 80w\" sizes=\"(max-width: 150px) 100vw, 150px\" \/><span class=\"desktop-tablet\">F\u00fcr 1&amp;1 Breitband\u00a0 Neukunden: die 1&amp;1 DSL \/ VDSL\u00a0 Tarife k\u00f6nnen Sie schriftlich mit unserem <strong>PDF Bestellformular<\/strong> bestellen. Gerne senden wir Ihnen auch Flyer und ein Auftragsformular <a href=\"https:\/\/aktionen-tarife.de\/1und1\/kontakt\/unterlagen-zusenden\">per Post zu<\/a>.\u00a0<\/span><span class=\"smartphone\">F\u00fcr 1&amp;1 Festnetz Neukunden: 1&amp;1 DSL \/ VDSL\u00a0 Tarife\u00a0 per <strong>PDF Bestellformular<\/strong> beauftragen oder Unterlagen <strong><a href=\"https:\/\/aktionen-tarife.de\/1und1\/kontakt\/unterlagen-zusenden\">zusenden lassen<\/a><\/strong>.<\/span><\/p>\n<hr \/>\n<h2>Kostenlose <span class=\"farbig\">Tarifberatung<\/span> zu den 1&amp;1 DSL \/ VDSL Tarifen<\/h2>\n<p>Wir als langj\u00e4hriger\u00a01&amp;1 Partner beraten Sie gern, welcher DSL oder VDSL Tarif\u00a0 bei Ihnen m\u00f6glich\u00a0 ist und welcher Tarif am besten zu Ihren Bed\u00fcrfnissen passt. Lassen Sie sich kostenfrei von uns beraten: <strong><a href=\"https:\/\/aktionen-tarife.de\/1und1\/kontakt\/telefonische-beratung\">Callback<\/a> \/ <a href=\"https:\/\/aktionen-tarife.de\/1und1\/kontakt\/schriftliche-anfrage\">Anfrage<\/a> \/ <a href=\"https:\/\/aktionen-tarife.de\/1und1\/kontakt\/unterlagen-zusenden\">Unterlagen<\/a> <\/strong>oder <span class=\"farbig\">anrufen<\/span>:<\/p>\n<p><span class=\"desktop-tablet\">Tel.: <strong><a href=\"tel:+4939434099911\" onclick=\"ga('send', 'event', 'hotline', 'hotline-content', 'hotline-content-mit-zeit');\">0 39 43 \/ 40 999 11<\/a><\/strong> (Mo.-Fr. 7:30-22 \/ Sa. 8-22 \/ So. + Feiertag 10-22 Uhr) <\/span><span class=\"smartphone\">Tel.: <strong><a href=\"tel:+4939434099911\" onclick=\"ga('send', 'event', 'hotline', 'hotline-content', 'hotline-content-mit-zeit');\">0 39 43 \/ 40 999 11<\/a><\/strong> (Mo.-Fr. 7:30-22 \/ Sa. 8-22 \/ So. + Feiertag 10-22 Uhr)<br \/>\n<\/span><\/p>\n","protected":false},"excerpt":{"rendered":"<p>Die 1&amp;1 DSL sowie 1&amp;1 VDSL Tarife bieten schnelles Internet (je nach Verf\u00fcgbarkeit bis 100 MBit\/s)\u00a0 inklusive Internetflat und Telefonflat in das deutsche Festnetz. Mit 1&amp;1 DSL und 1&amp;1 VDSL sichern Sie sich ein g\u00fcnstiges Angebot in bester Netzqualit\u00e4t (connect Testsieger Juli 2017 knapp vor der Telekom). Verf\u00fcgbarkeit f\u00fcr 1&amp;1 DSL \/ 1&amp;1 VDSL Tarife &hellip; <a href=\"https:\/\/aktionen-tarife.de\/1und1\/dsl-vdsl\" class=\"more-link\"><span class=\"screen-reader-text\">1&#038;1 DSL \/ 1&#038;1 VDSL Tarife und Angebote im \u00dcberblick<\/span> weiterlesen <span class=\"meta-nav\">&rarr;<\/span><\/a><\/p>\n","protected":false},"author":30,"featured_media":0,"parent":0,"menu_order":110000,"comment_status":"closed","ping_status":"closed","template":"","meta":{"footnotes":""},"class_list":["post-1276","page","type-page","status-publish","hentry"],"_links":{"self":[{"href":"https:\/\/aktionen-tarife.de\/1und1\/wp-json\/wp\/v2\/pages\/1276","targetHints":{"allow":["GET"]}}],"collection":[{"href":"https:\/\/aktionen-tarife.de\/1und1\/wp-json\/wp\/v2\/pages"}],"about":[{"href":"https:\/\/aktionen-tarife.de\/1und1\/wp-json\/wp\/v2\/types\/page"}],"author":[{"embeddable":true,"href":"https:\/\/aktionen-tarife.de\/1und1\/wp-json\/wp\/v2\/users\/30"}],"replies":[{"embeddable":true,"href":"https:\/\/aktionen-tarife.de\/1und1\/wp-json\/wp\/v2\/comments?post=1276"}],"version-history":[{"count":5,"href":"https:\/\/aktionen-tarife.de\/1und1\/wp-json\/wp\/v2\/pages\/1276\/revisions"}],"predecessor-version":[{"id":9449,"href":"https:\/\/aktionen-tarife.de\/1und1\/wp-json\/wp\/v2\/pages\/1276\/revisions\/9449"}],"wp:attachment":[{"href":"https:\/\/aktionen-tarife.de\/1und1\/wp-json\/wp\/v2\/media?parent=1276"}],"curies":[{"name":"wp","href":"https:\/\/api.w.org\/{rel}","templated":true}]}}